{"id":8081,"date":"2026-01-29T14:47:26","date_gmt":"2026-01-29T14:47:26","guid":{"rendered":"https:\/\/turkishtrade.co\/?post_type=product&#038;p=8081"},"modified":"2026-04-09T20:36:48","modified_gmt":"2026-04-09T20:36:48","slug":"mens-black-leather-derby-shoes-13","status":"publish","type":"product","link":"https:\/\/turkishtrade.co\/es\/shop\/mens-black-leather-derby-shoes-13\/","title":{"rendered":"Zapatos Derby Hombre Cuero Negro Ultimate | Microlight Derby Cuero Negro Cl\u00e1sico"},"content":{"rendered":"<p>Entre en la elegancia atemporal con nuestro exquisito <strong>Zapatos Derby de cuero negro para hombre<\/strong>. Meticulosamente elaborados para ofrecer un estilo sofisticado y una comodidad inigualable, estos zapatos Derby cl\u00e1sicos son un complemento esencial en el armario de cualquier caballero exigente. Dise\u00f1ado para la versatilidad, que sin esfuerzo la transici\u00f3n de las reuniones de negocios cruciales para reuniones sociales refinados, asegurando que siempre hacen una impresi\u00f3n duradera.<\/p>\n<h3>Dise\u00f1o incomparable y atractivo cl\u00e1sico<\/h3>\n<p>Nuestra <strong>Zapatos Derby de cuero negro para hombre<\/strong> encarnan una silueta cl\u00e1sica que ha superado la prueba del tiempo. Con una elegante puntera de delantal y un sistema tradicional de cordones abiertos, estos zapatos ofrecen una est\u00e9tica refinada pero accesible. El intenso tono negro de la piel de primera calidad garantiza que combinen a la perfecci\u00f3n con una amplia gama de atuendos, desde elegantes trajes a medida hasta elegantes pantalones informales. Tanto si acude a un evento formal como a un acto corporativo, o simplemente para elevar su estilo cotidiano, estos zapatos Derby son la base perfecta para un look refinado. La atenci\u00f3n al detalle en la costura y la construcci\u00f3n general dice mucho de la calidad y el cuidado que se pone en cada par.<\/p>\n<h3>Materiales de primera calidad y confort ultraligero<\/h3>\n<p>Experimente la calidad superior del cuero aut\u00e9ntico con nuestros zapatos Derby Microlight Classic de cuero negro. La parte superior est\u00e1 fabricada con piel de becerro Dana de primera calidad, famosa por su textura flexible, durabilidad y capacidad para envejecer con elegancia. En el interior, el suave forro Keci (piel de cabra) proporciona una transpirabilidad y comodidad excepcionales, acunando sus pies con lujo a cada paso. Lo que realmente distingue a estos zapatos es su innovadora construcci\u00f3n Microlight. Esta t\u00e9cnica avanzada reduce significativamente el peso total del zapato sin comprometer la integridad estructural o el soporte, ofreciendo una sensaci\u00f3n incre\u00edblemente ligera que hace que los largos d\u00edas de pie sean pan comido. La duradera suela de cuero realza a\u00fan m\u00e1s la sensaci\u00f3n de primera calidad y garantiza la longevidad.<\/p>\n<h3>Ajuste perfecto y oportunidad de venta al por mayor<\/h3>\n<p>Entendemos la importancia de un ajuste perfecto, por lo que nuestros zapatos Derby Microlight Classic de piel negra est\u00e1n disponibles en una amplia gama de tallas, entre las que se incluyen la 40, 41, 42, 43 y 44. Cada par est\u00e1 dise\u00f1ado para proporcionar un ajuste c\u00f3modo y seguro, permiti\u00e9ndole moverse con confianza y facilidad. Para los minoristas y las empresas que desean tener en stock calzado masculino de alta calidad, estos <strong>Zapatos Derby de cuero negro para hombre<\/strong> est\u00e1n disponibles para su compra al por mayor con un pedido m\u00ednimo de 16 pares. Esta es una excelente oportunidad para ofrecer a sus clientes un producto de primera calidad que combina estilo cl\u00e1sico, comodidad superior y artesan\u00eda excepcional. Eleve su inventario con un zapato que promete sofisticaci\u00f3n y comodidad.<\/p>","protected":false},"excerpt":{"rendered":"<ul>\n<li>Parte superior de piel de becerro negra de primera calidad para mayor durabilidad y estilo.<\/li>\n<li>Dise\u00f1o cl\u00e1sico Derby con cordones, perfecto para vestir formal e informal.<\/li>\n<li>Caracter\u00edsticas Construcci\u00f3n microligera para un confort excepcional y una sensaci\u00f3n de ligereza.<\/li>\n<li>Disponible en varias tallas: 40, 41, 42, 43, 44.<\/li>\n<li>Cantidad m\u00ednima de pedido: 16 pares (se aceptan consultas al por mayor).<\/li>\n<\/ul>","protected":false},"featured_media":6714,"template":"","meta":{"_acf_changed":false,"_uag_custom_page_level_css":"","site-sidebar-layout":"default","site-content-layout":"","ast-site-content-layout":"default","site-content-style":"default","site-sidebar-style":"default","ast-global-header-display":"","ast-banner-title-visibility":"","ast-main-header-display":"","ast-hfb-above-header-display":"","ast-hfb-below-header-display":"","ast-hfb-mobile-header-display":"","site-post-title":"","ast-breadcrumbs-content":"","ast-featured-img":"","footer-sml-layout":"","ast-disable-related-posts":"","theme-transparent-header-meta":"","adv-header-id-meta":"","stick-header-meta":"","header-above-stick-meta":"","header-main-stick-meta":"","header-below-stick-meta":"","astra-migrate-meta-layouts":"default","ast-page-background-enabled":"default","ast-page-background-meta":{"desktop":{"background-color":"var(--ast-global-color-4)","background-image":"","background-repeat":"repeat","background-position":"center center","background-size":"auto","background-attachment":"scroll","background-type":"","background-media":"","overlay-type":"","overlay-color":"","overlay-opacity":"","overlay-gradient":""},"tablet":{"background-color":"","background-image":"","background-repeat":"repeat","background-position":"center center","background-size":"auto","background-attachment":"scroll","background-type":"","background-media":"","overlay-type":"","overlay-color":"","overlay-opacity":"","overlay-gradient":""},"mobile":{"background-color":"","background-image":"","background-repeat":"repeat","background-position":"center center","background-size":"auto","background-attachment":"scroll","background-type":"","background-media":"","overlay-type":"","overlay-color":"","overlay-opacity":"","overlay-gradient":""}},"ast-content-background-meta":{"desktop":{"background-color":"var(--ast-global-color-5)","background-image":"","background-repeat":"repeat","background-position":"center center","background-size":"auto","background-attachment":"scroll","background-type":"","background-media":"","overlay-type":"","overlay-color":"","overlay-opacity":"","overlay-gradient":""},"tablet":{"background-color":"var(--ast-global-color-5)","background-image":"","background-repeat":"repeat","background-position":"center center","background-size":"auto","background-attachment":"scroll","background-type":"","background-media":"","overlay-type":"","overlay-color":"","overlay-opacity":"","overlay-gradient":""},"mobile":{"background-color":"var(--ast-global-color-5)","background-image":"","background-repeat":"repeat","background-position":"center center","background-size":"auto","background-attachment":"scroll","background-type":"","background-media":"","overlay-type":"","overlay-color":"","overlay-opacity":"","overlay-gradient":""}}},"product_brand":[],"product_cat":[47,430,1200],"product_tag":[295,566,754,251,981,888,1287,936,280],"class_list":{"0":"post-8081","1":"product","2":"type-product","3":"status-publish","4":"has-post-thumbnail","6":"product_cat-classic","7":"product_cat-men","8":"product_cat-mens-shoes-2","9":"product_tag-black-dress-shoes","10":"product_tag-calfskin-shoes","11":"product_tag-classic-mens-shoes","12":"product_tag-formal-shoes","13":"product_tag-leather-derby","14":"product_tag-mens-black-leather-derby-shoes","15":"product_tag-microlight-footwear","16":"product_tag-premium-mens-footwear","17":"product_tag-smart-casual-shoes","18":"desktop-align-center","19":"tablet-align-center","20":"mobile-align-center","22":"first","23":"instock","24":"shipping-taxable","25":"purchasable","26":"product-type-variable","27":"has-default-attributes"},"acf":[],"uagb_featured_image_src":{"full":["https:\/\/turkishtrade.co\/wp-content\/uploads\/2026\/01\/2600MSOMN00016-BLACK.png",453,250,false],"thumbnail":["https:\/\/turkishtrade.co\/wp-content\/uploads\/2026\/01\/2600MSOMN00016-BLACK-150x150.png",150,150,true],"medium":["https:\/\/turkishtrade.co\/wp-content\/uploads\/2026\/01\/2600MSOMN00016-BLACK-300x166.png",300,166,true],"medium_large":["https:\/\/turkishtrade.co\/wp-content\/uploads\/2026\/01\/2600MSOMN00016-BLACK.png",453,250,false],"large":["https:\/\/turkishtrade.co\/wp-content\/uploads\/2026\/01\/2600MSOMN00016-BLACK.png",453,250,false],"1536x1536":["https:\/\/turkishtrade.co\/wp-content\/uploads\/2026\/01\/2600MSOMN00016-BLACK.png",453,250,false],"2048x2048":["https:\/\/turkishtrade.co\/wp-content\/uploads\/2026\/01\/2600MSOMN00016-BLACK.png",453,250,false],"trp-custom-language-flag":["https:\/\/turkishtrade.co\/wp-content\/uploads\/2026\/01\/2600MSOMN00016-BLACK-18x10.png",18,10,true],"woocommerce_thumbnail":["https:\/\/turkishtrade.co\/wp-content\/uploads\/2026\/01\/2600MSOMN00016-BLACK-400x250.png",400,250,true],"woocommerce_single":["https:\/\/turkishtrade.co\/wp-content\/uploads\/2026\/01\/2600MSOMN00016-BLACK.png",453,250,false],"woocommerce_gallery_thumbnail":["https:\/\/turkishtrade.co\/wp-content\/uploads\/2026\/01\/2600MSOMN00016-BLACK-100x100.png",100,100,true]},"uagb_author_info":{"display_name":"python python","author_link":"https:\/\/turkishtrade.co\/es\/author\/"},"uagb_comment_info":0,"uagb_excerpt":"Premium black calfskin leather upper for durability and style. Classic Derby lace-up design, perfect for formal and smart-casual wear. Features Microlight construction for exceptional comfort and a lightweight feel. Available in a range of sizes: 40, 41, 42, 43, 44. Minimum order quantity: 16 pairs (Wholesale inquiries welcome).","_links":{"self":[{"href":"https:\/\/turkishtrade.co\/es\/wp-json\/wp\/v2\/product\/8081","targetHints":{"allow":["GET"]}}],"collection":[{"href":"https:\/\/turkishtrade.co\/es\/wp-json\/wp\/v2\/product"}],"about":[{"href":"https:\/\/turkishtrade.co\/es\/wp-json\/wp\/v2\/types\/product"}],"wp:featuredmedia":[{"embeddable":true,"href":"https:\/\/turkishtrade.co\/es\/wp-json\/wp\/v2\/media\/6714"}],"wp:attachment":[{"href":"https:\/\/turkishtrade.co\/es\/wp-json\/wp\/v2\/media?parent=8081"}],"wp:term":[{"taxonomy":"product_brand","embeddable":true,"href":"https:\/\/turkishtrade.co\/es\/wp-json\/wp\/v2\/product_brand?post=8081"},{"taxonomy":"product_cat","embeddable":true,"href":"https:\/\/turkishtrade.co\/es\/wp-json\/wp\/v2\/product_cat?post=8081"},{"taxonomy":"product_tag","embeddable":true,"href":"https:\/\/turkishtrade.co\/es\/wp-json\/wp\/v2\/product_tag?post=8081"}],"curies":[{"name":"wp","href":"https:\/\/api.w.org\/{rel}","templated":true}]}}