{"id":8029,"date":"2026-01-29T14:47:01","date_gmt":"2026-01-29T14:47:01","guid":{"rendered":"https:\/\/turkishtrade.co\/?post_type=product&#038;p=8029"},"modified":"2026-04-09T20:37:53","modified_gmt":"2026-04-09T20:37:53","slug":"mens-brown-leather-derby-shoes-13","status":"publish","type":"product","link":"https:\/\/turkishtrade.co\/es\/shop\/mens-brown-leather-derby-shoes-13\/","title":{"rendered":"Zapatos Derby de cuero marr\u00f3n para hombre Los m\u00e1s vendidos | Capuch\u00f3n de piel de becerro marr\u00f3n para hombre"},"content":{"rendered":"<p>Ad\u00e9ntrese en un estilo sofisticado con nuestro exquisito <strong>Zapatos Derby de piel marr\u00f3n para hombre<\/strong>, Estos zapatos derby cl\u00e1sicos son un complemento esencial para cualquier armario de caballero exigente. Estos zapatos derby cl\u00e1sicos son un complemento esencial en el armario de cualquier caballero exigente, perfectos tanto para los negocios como para las ocasiones informales elegantes. Nuestro <strong>Zapatos Derby de piel marr\u00f3n para hombre<\/strong> est\u00e1n dise\u00f1ados para quienes aprecian la artesan\u00eda fina y los materiales superiores.<\/p>\n<h3>Calidad y materiales inigualables<\/h3>\n<p>Cada par de estas impresionantes <strong>Zapatos Derby de piel marr\u00f3n para hombre<\/strong> presenta un empeine de piel de becerro de primera calidad, conocida por su textura flexible, su excepcional durabilidad y su intenso tono marr\u00f3n. El grano natural de la piel de becerro a\u00f1ade un toque de car\u00e1cter refinado, asegurando que sus zapatos envejecer\u00e1n maravillosamente con el tiempo. M\u00e1s all\u00e1 de su elegante exterior, el interior cuenta con un lujoso forro de piel de cabra, que proporciona un entorno excepcionalmente suave y transpirable para tus pies. Este compromiso con los materiales de alta calidad garantiza el m\u00e1ximo confort, incluso durante un uso prolongado. Las costuras detalladas y la robusta construcci\u00f3n hablan por s\u00ed solas de la meticulosa atenci\u00f3n al detalle invertida en cada par de estos zapatos derby marrones para hombre.<\/p>\n<h3>Dise\u00f1ado para la comodidad y el estilo<\/h3>\n<p>El dise\u00f1o de estos <strong>Zapatos Derby de piel marr\u00f3n para hombre<\/strong> combina la est\u00e9tica tradicional con la comodidad moderna. Con una puntera cl\u00e1sica, estos zapatos desprenden un encanto refinado que los hace vers\u00e1tiles para varios atuendos, desde trajes a medida hasta elegantes vaqueros. Destaca la innovadora suela microlight, que ofrece una ligereza y flexibilidad incre\u00edbles sin comprometer la sujeci\u00f3n ni el agarre. A diferencia de las suelas tradicionales m\u00e1s pesadas, la suela microlight proporciona una excelente amortiguaci\u00f3n y reduce la fatiga del pie, haciendo que estos zapatos de hombre de piel marr\u00f3n sean ideales para llevarlos durante todo el d\u00eda. El estampado sutil pero distintivo del contrafuerte del tal\u00f3n a\u00f1ade un toque \u00fanico, diferenciando estos zapatos derby en t\u00e9rminos de dise\u00f1o y atractivo.<\/p>\n<h3>Perfecto para asociaciones mayoristas<\/h3>\n<p>Para los minoristas y las empresas que desean ofrecer calzado de primera calidad a sus clientes, nuestros <strong>Zapatos Derby de piel marr\u00f3n para hombre<\/strong> est\u00e1n disponibles para su compra al por mayor. Requerimos un pedido m\u00ednimo de 16 pares, por lo que es conveniente para las empresas para abastecerse de este art\u00edculo popular y de alta demanda. Con tallas del 39 al 45, estos cl\u00e1sicos zapatos derby marrones se adaptan a una amplia gama de clientes, garantizando un gran atractivo. As\u00f3ciese con nosotros para proporcionar a su clientela calzado de alta calidad, elegante y c\u00f3modo que destaque en el mercado. Eleve su inventario con estos zapatos derby de cuero marr\u00f3n de primera calidad que prometen calidad y satisfacci\u00f3n al cliente.<\/p>\n<p>Invierta en calidad, comodidad y estilo atemporal con nuestros excepcionales <strong>Zapatos Derby de piel marr\u00f3n para hombre<\/strong>. No son s\u00f3lo zapatos; son una declaraci\u00f3n de clase y un testimonio de artesan\u00eda superior, que promete realzar cualquier colecci\u00f3n de calzado.<\/p>","protected":false},"excerpt":{"rendered":"<ul>\n<li>Parte superior de piel de becerro de primera calidad para una durabilidad duradera y un estilo sofisticado<\/li>\n<li>Lujoso forro de piel de cabra para un confort y una transpirabilidad excepcionales<\/li>\n<li>Suela Microlight ligera y flexible para una mayor comodidad y agarre durante todo el d\u00eda<\/li>\n<li>Puntera de dise\u00f1o cl\u00e1sico para una elegancia atemporal, adecuada para diversas ocasiones.<\/li>\n<li>Disponible en una amplia gama de tallas: 39, 40, 41, 42, 43, 44, 45<\/li>\n<li>Oportunidades para mayoristas: Pedido m\u00ednimo de 16 pares para minoristas y empresas.<\/li>\n<\/ul>","protected":false},"featured_media":7055,"template":"","meta":{"_acf_changed":false,"_uag_custom_page_level_css":"","site-sidebar-layout":"default","site-content-layout":"","ast-site-content-layout":"default","site-content-style":"default","site-sidebar-style":"default","ast-global-header-display":"","ast-banner-title-visibility":"","ast-main-header-display":"","ast-hfb-above-header-display":"","ast-hfb-below-header-display":"","ast-hfb-mobile-header-display":"","site-post-title":"","ast-breadcrumbs-content":"","ast-featured-img":"","footer-sml-layout":"","ast-disable-related-posts":"","theme-transparent-header-meta":"","adv-header-id-meta":"","stick-header-meta":"","header-above-stick-meta":"","header-main-stick-meta":"","header-below-stick-meta":"","astra-migrate-meta-layouts":"default","ast-page-background-enabled":"default","ast-page-background-meta":{"desktop":{"background-color":"var(--ast-global-color-4)","background-image":"","background-repeat":"repeat","background-position":"center center","background-size":"auto","background-attachment":"scroll","background-type":"","background-media":"","overlay-type":"","overlay-color":"","overlay-opacity":"","overlay-gradient":""},"tablet":{"background-color":"","background-image":"","background-repeat":"repeat","background-position":"center center","background-size":"auto","background-attachment":"scroll","background-type":"","background-media":"","overlay-type":"","overlay-color":"","overlay-opacity":"","overlay-gradient":""},"mobile":{"background-color":"","background-image":"","background-repeat":"repeat","background-position":"center center","background-size":"auto","background-attachment":"scroll","background-type":"","background-media":"","overlay-type":"","overlay-color":"","overlay-opacity":"","overlay-gradient":""}},"ast-content-background-meta":{"desktop":{"background-color":"var(--ast-global-color-5)","background-image":"","background-repeat":"repeat","background-position":"center center","background-size":"auto","background-attachment":"scroll","background-type":"","background-media":"","overlay-type":"","overlay-color":"","overlay-opacity":"","overlay-gradient":""},"tablet":{"background-color":"var(--ast-global-color-5)","background-image":"","background-repeat":"repeat","background-position":"center center","background-size":"auto","background-attachment":"scroll","background-type":"","background-media":"","overlay-type":"","overlay-color":"","overlay-opacity":"","overlay-gradient":""},"mobile":{"background-color":"var(--ast-global-color-5)","background-image":"","background-repeat":"repeat","background-position":"center center","background-size":"auto","background-attachment":"scroll","background-type":"","background-media":"","overlay-type":"","overlay-color":"","overlay-opacity":"","overlay-gradient":""}}},"product_brand":[],"product_cat":[47,430,1200],"product_tag":[292,1342,458,809,935,189,535,310,466,281],"class_list":{"0":"post-8029","1":"product","2":"type-product","3":"status-publish","4":"has-post-thumbnail","6":"product_cat-classic","7":"product_cat-men","8":"product_cat-mens-shoes-2","9":"product_tag-brown-leather-shoes","10":"product_tag-calfskin-derby","11":"product_tag-cap-toe-shoes","12":"product_tag-classic-mens-footwear","13":"product_tag-formal-shoes-men","14":"product_tag-goat-leather-lining","15":"product_tag-leather-dress-shoes","16":"product_tag-mens-derby-shoes","17":"product_tag-microlight-sole","18":"product_tag-wholesale-shoes","19":"desktop-align-center","20":"tablet-align-center","21":"mobile-align-center","23":"first","24":"instock","25":"shipping-taxable","26":"purchasable","27":"product-type-variable","28":"has-default-attributes"},"acf":[],"uagb_featured_image_src":{"full":["https:\/\/turkishtrade.co\/wp-content\/uploads\/2026\/01\/2600FKHMN00071-BROWN.png",453,250,false],"thumbnail":["https:\/\/turkishtrade.co\/wp-content\/uploads\/2026\/01\/2600FKHMN00071-BROWN-150x150.png",150,150,true],"medium":["https:\/\/turkishtrade.co\/wp-content\/uploads\/2026\/01\/2600FKHMN00071-BROWN-300x166.png",300,166,true],"medium_large":["https:\/\/turkishtrade.co\/wp-content\/uploads\/2026\/01\/2600FKHMN00071-BROWN.png",453,250,false],"large":["https:\/\/turkishtrade.co\/wp-content\/uploads\/2026\/01\/2600FKHMN00071-BROWN.png",453,250,false],"1536x1536":["https:\/\/turkishtrade.co\/wp-content\/uploads\/2026\/01\/2600FKHMN00071-BROWN.png",453,250,false],"2048x2048":["https:\/\/turkishtrade.co\/wp-content\/uploads\/2026\/01\/2600FKHMN00071-BROWN.png",453,250,false],"trp-custom-language-flag":["https:\/\/turkishtrade.co\/wp-content\/uploads\/2026\/01\/2600FKHMN00071-BROWN-18x10.png",18,10,true],"woocommerce_thumbnail":["https:\/\/turkishtrade.co\/wp-content\/uploads\/2026\/01\/2600FKHMN00071-BROWN-400x250.png",400,250,true],"woocommerce_single":["https:\/\/turkishtrade.co\/wp-content\/uploads\/2026\/01\/2600FKHMN00071-BROWN.png",453,250,false],"woocommerce_gallery_thumbnail":["https:\/\/turkishtrade.co\/wp-content\/uploads\/2026\/01\/2600FKHMN00071-BROWN-100x100.png",100,100,true]},"uagb_author_info":{"display_name":"python python","author_link":"https:\/\/turkishtrade.co\/es\/author\/"},"uagb_comment_info":0,"uagb_excerpt":"Premium Calf Leather Upper for lasting durability and sophisticated style Luxurious Goatskin Leather Lining for exceptional comfort and breathability Lightweight and flexible Microlight Sole for all-day ease and grip Classic Cap Toe design for timeless elegance, suitable for various occasions Available in a comprehensive size range: 39, 40, 41, 42, 43, 44, 45 Wholesale opportunities:&hellip;","_links":{"self":[{"href":"https:\/\/turkishtrade.co\/es\/wp-json\/wp\/v2\/product\/8029","targetHints":{"allow":["GET"]}}],"collection":[{"href":"https:\/\/turkishtrade.co\/es\/wp-json\/wp\/v2\/product"}],"about":[{"href":"https:\/\/turkishtrade.co\/es\/wp-json\/wp\/v2\/types\/product"}],"wp:featuredmedia":[{"embeddable":true,"href":"https:\/\/turkishtrade.co\/es\/wp-json\/wp\/v2\/media\/7055"}],"wp:attachment":[{"href":"https:\/\/turkishtrade.co\/es\/wp-json\/wp\/v2\/media?parent=8029"}],"wp:term":[{"taxonomy":"product_brand","embeddable":true,"href":"https:\/\/turkishtrade.co\/es\/wp-json\/wp\/v2\/product_brand?post=8029"},{"taxonomy":"product_cat","embeddable":true,"href":"https:\/\/turkishtrade.co\/es\/wp-json\/wp\/v2\/product_cat?post=8029"},{"taxonomy":"product_tag","embeddable":true,"href":"https:\/\/turkishtrade.co\/es\/wp-json\/wp\/v2\/product_tag?post=8029"}],"curies":[{"name":"wp","href":"https:\/\/api.w.org\/{rel}","templated":true}]}}