{"id":8027,"date":"2026-01-29T14:47:01","date_gmt":"2026-01-29T14:47:01","guid":{"rendered":"https:\/\/turkishtrade.co\/?post_type=product&#038;p=8027"},"modified":"2026-04-09T20:37:57","modified_gmt":"2026-04-09T20:37:57","slug":"mens-brown-leather-derby-shoes-11","status":"publish","type":"product","link":"https:\/\/turkishtrade.co\/es\/shop\/mens-brown-leather-derby-shoes-11\/","title":{"rendered":"Zapatos derby de hombre en piel marr\u00f3n genuina | Derby cl\u00e1sico en piel de becerro marr\u00f3n"},"content":{"rendered":"<p>Ad\u00e9ntrese en un estilo sofisticado con nuestro exquisito <strong>Zapatos Derby de piel marr\u00f3n para hombre<\/strong>. Dise\u00f1ados para el caballero moderno que valora tanto la elegancia como la comodidad, estos zapatos son un testimonio de artesan\u00eda superior. Cada par se fabrica meticulosamente con la mejor piel de ternero aut\u00e9ntica, que ofrece un acabado marr\u00f3n bru\u00f1ido que se intensifica con el paso del tiempo, creando una p\u00e1tina \u00fanica. La cl\u00e1sica silueta Derby, caracterizada por su sistema de cordones abiertos, garantiza un look vers\u00e1til que permite pasar sin esfuerzo de la sala de juntas a los eventos nocturnos, convirti\u00e9ndolos en un par esencial de su colecci\u00f3n. <strong>Zapatos Derby de piel marr\u00f3n para hombre<\/strong> para cualquier armario exigente.<\/p>\n<p>El compromiso con la calidad se extiende a cada detalle de estos extraordinarios <strong>Zapatos Derby de piel marr\u00f3n para hombre<\/strong>. M\u00e1s all\u00e1 de su llamativo exterior, descubrir\u00e1s un interior forrado con piel de cabra suntuosamente suave. Este forro natural proporciona una transpirabilidad excepcional y propiedades de evacuaci\u00f3n de la humedad, garantizando que tus pies permanezcan c\u00f3modos y frescos durante todo el d\u00eda, sin importar la ocasi\u00f3n. Di adi\u00f3s a la incomodidad y hola a una experiencia de caminar redefinida por el lujo y la calidad excepcional de nuestros <strong>Zapatos Derby de piel marr\u00f3n para hombre<\/strong>.<\/p>\n<h3>Comodidad y durabilidad inigualables<\/h3>\n<p>Lo que realmente diferencia a estos <strong>Zapatos Derby de piel marr\u00f3n para hombre<\/strong> aparte est\u00e1 la innovadora suela Microlight. Esta avanzada tecnolog\u00eda de suela ofrece un equilibrio perfecto entre ligereza, flexibilidad y robusta durabilidad. Proporciona una amortiguaci\u00f3n y una tracci\u00f3n superiores, lo que las hace ideales para un uso prolongado sin fatiga. Tanto si te mueves por las calles de la ciudad como si est\u00e1s de pie durante largas presentaciones, la suela Microlight garantiza una zancada amortiguada y estable, manteniendo el estado impecable de tus zapatos durante a\u00f1os. Invierta en un par de <strong>Zapatos Derby de piel marr\u00f3n para hombre<\/strong> que prometen estilo y longevidad.<\/p>\n<p>Nuestros zapatos Derby cl\u00e1sicos de piel de becerro marr\u00f3n est\u00e1n disponibles en una amplia gama de tallas europeas, de la 39 a la 45, lo que garantiza un ajuste perfecto para una gran variedad de clientes. Estos vers\u00e1tiles zapatos no son s\u00f3lo calzado; son una inversi\u00f3n en estilo atemporal y calidad duradera. Comb\u00ednalos con trajes de sastrer\u00eda para un look formal elegante, o con chinos y una americana para un conjunto elegante e informal. El intenso tono marr\u00f3n ofrece una incre\u00edble flexibilidad de combinaci\u00f3n, por lo que estos <strong>Zapatos Derby de piel marr\u00f3n para hombre<\/strong> un complemento indispensable para cualquier armario exigente.<\/p>\n<h3>Oportunidades al por mayor<\/h3>\n<p>Para las empresas que desean ofrecer calzado de primera calidad, nos enorgullece ofrecer oportunidades de venta al por mayor para nuestros excepcionales productos. <strong>Zapatos Derby de piel marr\u00f3n para hombre<\/strong>. Con un pedido m\u00ednimo de s\u00f3lo 16 pares, podr\u00e1 abastecerse f\u00e1cilmente de estos estilos cl\u00e1sicos de gran demanda que seguro impresionar\u00e1n a su clientela. As\u00f3ciese con nosotros para aportar a su colecci\u00f3n una calidad incomparable y un dise\u00f1o sofisticado. Eleve su inventario con estos cl\u00e1sicos <strong>Zapatos Derby de piel marr\u00f3n para hombre<\/strong> y satisfacer la demanda de calzado masculino de lujo.<\/p>","protected":false},"excerpt":{"rendered":"<ul>\n<li>Fabricado a mano en aut\u00e9ntica piel de ternero para un acabado lujoso y un intenso tono marr\u00f3n<\/li>\n<li>Forro de piel de cabra suave y transpirable para una mayor comodidad durante todo el d\u00eda.<\/li>\n<li>Equipado con una suela Microlight ligera para una durabilidad, flexibilidad y tracci\u00f3n excepcionales.<\/li>\n<li>Estilo Derby cl\u00e1sico con sistema de cordones abiertos, perfecto para ocasiones formales e informales elegantes.<\/li>\n<li>Disponible en las tallas europeas 39, 40, 41, 42, 43, 44 y 45.<\/li>\n<li>Oportunidades de venta al por mayor disponibles con un pedido m\u00ednimo de 16 pares<\/li>\n<\/ul>","protected":false},"featured_media":7053,"template":"","meta":{"_acf_changed":false,"_uag_custom_page_level_css":"","site-sidebar-layout":"default","site-content-layout":"","ast-site-content-layout":"default","site-content-style":"default","site-sidebar-style":"default","ast-global-header-display":"","ast-banner-title-visibility":"","ast-main-header-display":"","ast-hfb-above-header-display":"","ast-hfb-below-header-display":"","ast-hfb-mobile-header-display":"","site-post-title":"","ast-breadcrumbs-content":"","ast-featured-img":"","footer-sml-layout":"","ast-disable-related-posts":"","theme-transparent-header-meta":"","adv-header-id-meta":"","stick-header-meta":"","header-above-stick-meta":"","header-main-stick-meta":"","header-below-stick-meta":"","astra-migrate-meta-layouts":"default","ast-page-background-enabled":"default","ast-page-background-meta":{"desktop":{"background-color":"var(--ast-global-color-4)","background-image":"","background-repeat":"repeat","background-position":"center center","background-size":"auto","background-attachment":"scroll","background-type":"","background-media":"","overlay-type":"","overlay-color":"","overlay-opacity":"","overlay-gradient":""},"tablet":{"background-color":"","background-image":"","background-repeat":"repeat","background-position":"center center","background-size":"auto","background-attachment":"scroll","background-type":"","background-media":"","overlay-type":"","overlay-color":"","overlay-opacity":"","overlay-gradient":""},"mobile":{"background-color":"","background-image":"","background-repeat":"repeat","background-position":"center center","background-size":"auto","background-attachment":"scroll","background-type":"","background-media":"","overlay-type":"","overlay-color":"","overlay-opacity":"","overlay-gradient":""}},"ast-content-background-meta":{"desktop":{"background-color":"var(--ast-global-color-5)","background-image":"","background-repeat":"repeat","background-position":"center center","background-size":"auto","background-attachment":"scroll","background-type":"","background-media":"","overlay-type":"","overlay-color":"","overlay-opacity":"","overlay-gradient":""},"tablet":{"background-color":"var(--ast-global-color-5)","background-image":"","background-repeat":"repeat","background-position":"center center","background-size":"auto","background-attachment":"scroll","background-type":"","background-media":"","overlay-type":"","overlay-color":"","overlay-opacity":"","overlay-gradient":""},"mobile":{"background-color":"var(--ast-global-color-5)","background-image":"","background-repeat":"repeat","background-position":"center center","background-size":"auto","background-attachment":"scroll","background-type":"","background-media":"","overlay-type":"","overlay-color":"","overlay-opacity":"","overlay-gradient":""}}},"product_brand":[],"product_cat":[47,430,1200],"product_tag":[292,185,809,212,609,314,189,324,466,281],"class_list":{"0":"post-8027","1":"product","2":"type-product","3":"status-publish","4":"has-post-thumbnail","6":"product_cat-classic","7":"product_cat-men","8":"product_cat-mens-shoes-2","9":"product_tag-brown-leather-shoes","10":"product_tag-calf-leather-shoes","11":"product_tag-classic-mens-footwear","12":"product_tag-derby-shoes","13":"product_tag-elegant-mens-shoes","14":"product_tag-formal-mens-shoes","15":"product_tag-goat-leather-lining","16":"product_tag-mens-dress-shoes","17":"product_tag-microlight-sole","18":"product_tag-wholesale-shoes","19":"desktop-align-center","20":"tablet-align-center","21":"mobile-align-center","23":"first","24":"instock","25":"shipping-taxable","26":"purchasable","27":"product-type-variable","28":"has-default-attributes"},"acf":[],"uagb_featured_image_src":{"full":["https:\/\/turkishtrade.co\/wp-content\/uploads\/2026\/01\/2600FKHMN00069-BROWN.png",453,250,false],"thumbnail":["https:\/\/turkishtrade.co\/wp-content\/uploads\/2026\/01\/2600FKHMN00069-BROWN-150x150.png",150,150,true],"medium":["https:\/\/turkishtrade.co\/wp-content\/uploads\/2026\/01\/2600FKHMN00069-BROWN-300x166.png",300,166,true],"medium_large":["https:\/\/turkishtrade.co\/wp-content\/uploads\/2026\/01\/2600FKHMN00069-BROWN.png",453,250,false],"large":["https:\/\/turkishtrade.co\/wp-content\/uploads\/2026\/01\/2600FKHMN00069-BROWN.png",453,250,false],"1536x1536":["https:\/\/turkishtrade.co\/wp-content\/uploads\/2026\/01\/2600FKHMN00069-BROWN.png",453,250,false],"2048x2048":["https:\/\/turkishtrade.co\/wp-content\/uploads\/2026\/01\/2600FKHMN00069-BROWN.png",453,250,false],"trp-custom-language-flag":["https:\/\/turkishtrade.co\/wp-content\/uploads\/2026\/01\/2600FKHMN00069-BROWN-18x10.png",18,10,true],"woocommerce_thumbnail":["https:\/\/turkishtrade.co\/wp-content\/uploads\/2026\/01\/2600FKHMN00069-BROWN-400x250.png",400,250,true],"woocommerce_single":["https:\/\/turkishtrade.co\/wp-content\/uploads\/2026\/01\/2600FKHMN00069-BROWN.png",453,250,false],"woocommerce_gallery_thumbnail":["https:\/\/turkishtrade.co\/wp-content\/uploads\/2026\/01\/2600FKHMN00069-BROWN-100x100.png",100,100,true]},"uagb_author_info":{"display_name":"python python","author_link":"https:\/\/turkishtrade.co\/es\/author\/"},"uagb_comment_info":0,"uagb_excerpt":"Handcrafted from genuine calf leather for a luxurious finish and rich brown hue Features a soft and breathable goat leather lining for ultimate all-day comfort Equipped with a lightweight Microlight sole for exceptional durability, flexibility, and traction Classic Derby style with an open lacing system, perfect for formal and smart-casual occasions Available in European sizes&hellip;","_links":{"self":[{"href":"https:\/\/turkishtrade.co\/es\/wp-json\/wp\/v2\/product\/8027","targetHints":{"allow":["GET"]}}],"collection":[{"href":"https:\/\/turkishtrade.co\/es\/wp-json\/wp\/v2\/product"}],"about":[{"href":"https:\/\/turkishtrade.co\/es\/wp-json\/wp\/v2\/types\/product"}],"wp:featuredmedia":[{"embeddable":true,"href":"https:\/\/turkishtrade.co\/es\/wp-json\/wp\/v2\/media\/7053"}],"wp:attachment":[{"href":"https:\/\/turkishtrade.co\/es\/wp-json\/wp\/v2\/media?parent=8027"}],"wp:term":[{"taxonomy":"product_brand","embeddable":true,"href":"https:\/\/turkishtrade.co\/es\/wp-json\/wp\/v2\/product_brand?post=8027"},{"taxonomy":"product_cat","embeddable":true,"href":"https:\/\/turkishtrade.co\/es\/wp-json\/wp\/v2\/product_cat?post=8027"},{"taxonomy":"product_tag","embeddable":true,"href":"https:\/\/turkishtrade.co\/es\/wp-json\/wp\/v2\/product_tag?post=8027"}],"curies":[{"name":"wp","href":"https:\/\/api.w.org\/{rel}","templated":true}]}}