{"id":8021,"date":"2026-01-29T14:47:00","date_gmt":"2026-01-29T14:47:00","guid":{"rendered":"https:\/\/turkishtrade.co\/?post_type=product&#038;p=8021"},"modified":"2026-04-09T20:38:17","modified_gmt":"2026-04-09T20:38:17","slug":"mens-black-leather-brogues-2","status":"publish","type":"product","link":"https:\/\/turkishtrade.co\/es\/shop\/mens-black-leather-brogues-2\/","title":{"rendered":"Brogue de cuero negro para hombre Incre\u00edble | Brogue de cuero negro para hombre cl\u00e1sico"},"content":{"rendered":"<p><strong>Brogues de cuero negro para hombre<\/strong>. Calidad y dise\u00f1o incre\u00edbles.<\/p>\n<p>Ad\u00e9ntrese en la sofisticaci\u00f3n atemporal con nuestros exquisitos zapatos brogue cl\u00e1sicos de hombre en piel negra. Estos zapatos <strong>brogues de cuero negro para hombre<\/strong> est\u00e1n meticulosamente elaborados para ofrecer un estilo, una comodidad y una durabilidad inigualables. Dise\u00f1ados para el caballero exigente, combinan a la perfecci\u00f3n la artesan\u00eda tradicional con la comodidad moderna, lo que los convierte en un complemento esencial para cualquier armario.<\/p>\n<h3>Artesan\u00eda inigualable y materiales de primera calidad<\/h3>\n<p>Cada par de estas elegantes <strong>brogues de cuero negro para hombre<\/strong> es un testimonio de arte superior. La parte superior est\u00e1 confeccionada en piel de becerro de alta calidad, conocida por su textura flexible, su brillo natural y su notable resistencia. Esta piel de primera calidad no s\u00f3lo garantiza un aspecto refinado, sino que tambi\u00e9n promete envejecer maravillosamente, desarrollando una p\u00e1tina \u00fanica con el paso del tiempo. En el interior, sus pies experimentar\u00e1n el lujoso abrazo de un forro completo de piel de cabra. Este material natural es famoso por su suavidad, transpirabilidad y propiedades de evacuaci\u00f3n de la humedad, garantizando que sus pies permanezcan c\u00f3modos y secos durante todo el d\u00eda. Desde los detalles finamente perforados de las puntas de las alas hasta los resistentes cordones, cada elemento de estas <strong>brogues de cuero negro para hombre<\/strong> dice mucho de su calidad.<\/p>\n<h3>Dise\u00f1ados para ofrecer comodidad y durabilidad<\/h3>\n<p>La comodidad es primordial, y estos cl\u00e1sicos <strong>brogues de cuero negro para hombre<\/strong> entregan. Incorporan una innovadora suela microligera, que proporciona una amortiguaci\u00f3n y flexibilidad excepcionales sin a\u00f1adir volumen innecesario. Esta suela ligera permite un movimiento natural del pie y reduce la fatiga, lo que hace que estos zapatos sean perfectos para largas horas en la oficina, eventos formales o reuniones sociales prolongadas. La robusta construcci\u00f3n garantiza que estos zapatos est\u00e9n hechos para durar, manteniendo su estado impecable y su apoyo incluso con un uso frecuente. La atenci\u00f3n al detalle se extiende a las costuras, que son a la vez decorativas y robustas, reforzando la estructura y el atractivo est\u00e9tico del zapato.<\/p>\n<h3>Versatilidad para todas las ocasiones<\/h3>\n<p>El dise\u00f1o vers\u00e1til de estos <strong>brogues de cuero negro para hombre<\/strong> los hace adecuados para una gran variedad de ocasiones. Comb\u00ednalos con un elegante traje de negocios para un look profesional pulido, o con unos chinos y una americana para un conjunto casual elegante. Su cl\u00e1sico tono negro garantiza que complementar\u00e1n pr\u00e1cticamente cualquier atuendo, lo que las convierte en una opci\u00f3n incre\u00edblemente adaptable para tu colecci\u00f3n de calzado. Tanto si asiste a una boda como a una reuni\u00f3n de empresa o a una cena sofisticada, estos zapatos brogue realzar\u00e1n su presencia y transmitir\u00e1n un aire de discreta elegancia. Disponibles en una amplia gama de tallas de la UE, de la 39 a la 45, encontrar el ajuste perfecto no le supondr\u00e1 ning\u00fan esfuerzo.<\/p>\n<h3>Oportunidades de venta al por mayor<\/h3>\n<p>Para los minoristas y las empresas que buscan ofrecer calzado de primera calidad, estas excepcionales <strong>brogues de cuero negro para hombre<\/strong> est\u00e1n disponibles para su compra al por mayor. Requerimos un pedido m\u00ednimo de 16 pares, lo que le permitir\u00e1 disponer de una gama de tallas y satisfacer las demandas de su clientela. Nuestro compromiso con la calidad y la artesan\u00eda le garantiza que ofrecer\u00e1 un producto que destaca en el mercado. Eleve su inventario con estos zapatos de hombre atemporales y de alta calidad que prometen la satisfacci\u00f3n del cliente y la repetici\u00f3n del negocio.<\/p>","protected":false},"excerpt":{"rendered":"<ul>\n<li>Parte superior de piel de becerro de primera calidad para una mayor durabilidad y elegancia<\/li>\n<li>Lujoso forro de piel de cabra para un confort y una transpirabilidad excepcionales<\/li>\n<li>Suela Microlight ligera para llevarla todo el d\u00eda y ofrecer flexibilidad<\/li>\n<li>Brogue cl\u00e1sico atemporal (Wingtips) Dise\u00f1o adecuado para diversas ocasiones<\/li>\n<li>Disponible en tallas EU: 39, 40, 41, 42, 43, 44, 45<\/li>\n<li>Se aceptan pedidos al por mayor con una cantidad m\u00ednima de 16 pares<\/li>\n<\/ul>","protected":false},"featured_media":7046,"template":"","meta":{"_acf_changed":false,"_uag_custom_page_level_css":"","site-sidebar-layout":"default","site-content-layout":"","ast-site-content-layout":"default","site-content-style":"default","site-sidebar-style":"default","ast-global-header-display":"","ast-banner-title-visibility":"","ast-main-header-display":"","ast-hfb-above-header-display":"","ast-hfb-below-header-display":"","ast-hfb-mobile-header-display":"","site-post-title":"","ast-breadcrumbs-content":"","ast-featured-img":"","footer-sml-layout":"","ast-disable-related-posts":"","theme-transparent-header-meta":"","adv-header-id-meta":"","stick-header-meta":"","header-above-stick-meta":"","header-main-stick-meta":"","header-below-stick-meta":"","astra-migrate-meta-layouts":"default","ast-page-background-enabled":"default","ast-page-background-meta":{"desktop":{"background-color":"var(--ast-global-color-4)","background-image":"","background-repeat":"repeat","background-position":"center center","background-size":"auto","background-attachment":"scroll","background-type":"","background-media":"","overlay-type":"","overlay-color":"","overlay-opacity":"","overlay-gradient":""},"tablet":{"background-color":"","background-image":"","background-repeat":"repeat","background-position":"center center","background-size":"auto","background-attachment":"scroll","background-type":"","background-media":"","overlay-type":"","overlay-color":"","overlay-opacity":"","overlay-gradient":""},"mobile":{"background-color":"","background-image":"","background-repeat":"repeat","background-position":"center center","background-size":"auto","background-attachment":"scroll","background-type":"","background-media":"","overlay-type":"","overlay-color":"","overlay-opacity":"","overlay-gradient":""}},"ast-content-background-meta":{"desktop":{"background-color":"var(--ast-global-color-5)","background-image":"","background-repeat":"repeat","background-position":"center center","background-size":"auto","background-attachment":"scroll","background-type":"","background-media":"","overlay-type":"","overlay-color":"","overlay-opacity":"","overlay-gradient":""},"tablet":{"background-color":"var(--ast-global-color-5)","background-image":"","background-repeat":"repeat","background-position":"center center","background-size":"auto","background-attachment":"scroll","background-type":"","background-media":"","overlay-type":"","overlay-color":"","overlay-opacity":"","overlay-gradient":""},"mobile":{"background-color":"var(--ast-global-color-5)","background-image":"","background-repeat":"repeat","background-position":"center center","background-size":"auto","background-attachment":"scroll","background-type":"","background-media":"","overlay-type":"","overlay-color":"","overlay-opacity":"","overlay-gradient":""}}},"product_brand":[],"product_cat":[47,430,1200],"product_tag":[196,405,451,896,284,251,556,1338,466,702],"class_list":{"0":"post-8021","1":"product","2":"type-product","3":"status-publish","4":"has-post-thumbnail","6":"product_cat-classic","7":"product_cat-men","8":"product_cat-mens-shoes-2","9":"product_tag-black-leather-shoes","10":"product_tag-business-shoes","11":"product_tag-calfskin-leather","12":"product_tag-classic-brogues","13":"product_tag-dress-shoes","14":"product_tag-formal-shoes","15":"product_tag-goatskin-lining","16":"product_tag-mens-black-leather-brogues","17":"product_tag-microlight-sole","18":"product_tag-wingtip-shoes","19":"desktop-align-center","20":"tablet-align-center","21":"mobile-align-center","23":"first","24":"instock","25":"shipping-taxable","26":"purchasable","27":"product-type-variable","28":"has-default-attributes"},"acf":[],"uagb_featured_image_src":{"full":["https:\/\/turkishtrade.co\/wp-content\/uploads\/2026\/01\/2600FKHMN00063-BLACK.png",453,250,false],"thumbnail":["https:\/\/turkishtrade.co\/wp-content\/uploads\/2026\/01\/2600FKHMN00063-BLACK-150x150.png",150,150,true],"medium":["https:\/\/turkishtrade.co\/wp-content\/uploads\/2026\/01\/2600FKHMN00063-BLACK-300x166.png",300,166,true],"medium_large":["https:\/\/turkishtrade.co\/wp-content\/uploads\/2026\/01\/2600FKHMN00063-BLACK.png",453,250,false],"large":["https:\/\/turkishtrade.co\/wp-content\/uploads\/2026\/01\/2600FKHMN00063-BLACK.png",453,250,false],"1536x1536":["https:\/\/turkishtrade.co\/wp-content\/uploads\/2026\/01\/2600FKHMN00063-BLACK.png",453,250,false],"2048x2048":["https:\/\/turkishtrade.co\/wp-content\/uploads\/2026\/01\/2600FKHMN00063-BLACK.png",453,250,false],"trp-custom-language-flag":["https:\/\/turkishtrade.co\/wp-content\/uploads\/2026\/01\/2600FKHMN00063-BLACK-18x10.png",18,10,true],"woocommerce_thumbnail":["https:\/\/turkishtrade.co\/wp-content\/uploads\/2026\/01\/2600FKHMN00063-BLACK-400x250.png",400,250,true],"woocommerce_single":["https:\/\/turkishtrade.co\/wp-content\/uploads\/2026\/01\/2600FKHMN00063-BLACK.png",453,250,false],"woocommerce_gallery_thumbnail":["https:\/\/turkishtrade.co\/wp-content\/uploads\/2026\/01\/2600FKHMN00063-BLACK-100x100.png",100,100,true]},"uagb_author_info":{"display_name":"python python","author_link":"https:\/\/turkishtrade.co\/es\/author\/"},"uagb_comment_info":0,"uagb_excerpt":"Premium Calfskin Leather Upper for superior durability and elegance Luxurious Goatskin Leather Lining for exceptional comfort and breathability Lightweight Microlight Sole for all-day wear and flexibility Timeless Classic Brogue (Wingtips) Design suitable for various occasions Available in EU Sizes: 39, 40, 41, 42, 43, 44, 45 Wholesale orders are welcome with a minimum quantity of&hellip;","_links":{"self":[{"href":"https:\/\/turkishtrade.co\/es\/wp-json\/wp\/v2\/product\/8021","targetHints":{"allow":["GET"]}}],"collection":[{"href":"https:\/\/turkishtrade.co\/es\/wp-json\/wp\/v2\/product"}],"about":[{"href":"https:\/\/turkishtrade.co\/es\/wp-json\/wp\/v2\/types\/product"}],"wp:featuredmedia":[{"embeddable":true,"href":"https:\/\/turkishtrade.co\/es\/wp-json\/wp\/v2\/media\/7046"}],"wp:attachment":[{"href":"https:\/\/turkishtrade.co\/es\/wp-json\/wp\/v2\/media?parent=8021"}],"wp:term":[{"taxonomy":"product_brand","embeddable":true,"href":"https:\/\/turkishtrade.co\/es\/wp-json\/wp\/v2\/product_brand?post=8021"},{"taxonomy":"product_cat","embeddable":true,"href":"https:\/\/turkishtrade.co\/es\/wp-json\/wp\/v2\/product_cat?post=8021"},{"taxonomy":"product_tag","embeddable":true,"href":"https:\/\/turkishtrade.co\/es\/wp-json\/wp\/v2\/product_tag?post=8021"}],"curies":[{"name":"wp","href":"https:\/\/api.w.org\/{rel}","templated":true}]}}