{"id":8020,"date":"2026-01-29T14:47:00","date_gmt":"2026-01-29T14:47:00","guid":{"rendered":"https:\/\/turkishtrade.co\/?post_type=product&#038;p=8020"},"modified":"2026-04-09T20:38:19","modified_gmt":"2026-04-09T20:38:19","slug":"mens-calf-leather-dress-shoes-4","status":"publish","type":"product","link":"https:\/\/turkishtrade.co\/es\/shop\/mens-calf-leather-dress-shoes-4\/","title":{"rendered":"Zapatos de vestir de piel de becerro para hombre Authentic | Classic Hombre de becerro marr\u00f3n oscuro"},"content":{"rendered":"<p>Entre en la elegancia atemporal con nuestro <strong>Zapatos de vestir de piel de becerro para hombre<\/strong>. Meticulosamente elaborados para el caballero exigente, estos zapatos son el ep\u00edtome de la sofisticaci\u00f3n y el confort. Confeccionados en piel de ternero marr\u00f3n oscuro de alta calidad, presentan una puntera con textura distintiva y un refinado cuerpo granulado que rezuma lujo. Ya sea para una reuni\u00f3n de negocios crucial, un evento formal o una elegante salida nocturna, estos <strong>Zapatos de vestir de piel de becerro para hombre<\/strong> se asegurar\u00e1 de causar una impresi\u00f3n duradera.<\/p>\n<h3>Confort sin igual y materiales de calidad<\/h3>\n<p>Nuestro compromiso con la excelencia es evidente en cada detalle. La parte superior est\u00e1 confeccionada en piel de ternero de primera calidad, conocida por su durabilidad, su acabado suave y su capacidad para desarrollar una hermosa p\u00e1tina con el paso del tiempo. En el interior, sus pies estar\u00e1n acunados por un forro de piel de cabra suntuosamente suave, que proporciona una transpirabilidad y un confort excepcionales durante todo el d\u00eda. Esta combinaci\u00f3n garantiza no s\u00f3lo un tacto lujoso, sino tambi\u00e9n una salud superior de los pies y una experiencia de uso realmente agradable para estos extraordinarios zapatos. <strong>Zapatos de vestir de piel de becerro para hombre<\/strong>.<\/p>\n<h3>Dise\u00f1o innovador para un uso moderno<\/h3>\n<p>M\u00e1s all\u00e1 de su est\u00e9tica cl\u00e1sica, estos zapatos de vestir est\u00e1n dise\u00f1ados para ofrecer un confort contempor\u00e1neo. La suela microlight ofrece una ligereza y flexibilidad incre\u00edbles, reduciendo la fatiga durante largas horas de uso. Esta innovadora tecnolog\u00eda de suela proporciona un excelente agarre sin comprometer el elegante perfil del zapato. La robusta construcci\u00f3n y el cuidado dise\u00f1o garantizan que estos zapatos ser\u00e1n un b\u00e1sico en tu armario durante muchos a\u00f1os. Con tallas que van de la 39 a la 45, encontrar el ajuste perfecto no supone ning\u00fan esfuerzo.<\/p>\n<h3>La elecci\u00f3n perfecta para cada ocasi\u00f3n<\/h3>\n<p>El vers\u00e1til tono marr\u00f3n oscuro de estos zapatos los convierte en el complemento ideal para una amplia gama de conjuntos, desde elegantes trajes a medida hasta elegantes conjuntos informales. Encarnan un estilo cl\u00e1sico que trasciende las tendencias pasajeras, garantizando que siempre luzcas un aspecto pulido y refinado. Invierta en un par de zapatos que combinan la artesan\u00eda tradicional con la innovaci\u00f3n moderna, dise\u00f1ados para acompa\u00f1arle en su vida profesional y social con una elegancia inigualable. Experimente la diferencia que marcan los materiales de primera calidad y una fabricaci\u00f3n experta.<\/p>\n<h3>Oportunidades de venta al por mayor<\/h3>\n<p>Para minoristas y empresas que buscan ofrecer calzado de alta calidad, estos zapatos de vestir cl\u00e1sicos de piel de becerro para hombre est\u00e1n disponibles para su compra al por mayor. Requerimos un pedido m\u00ednimo de 16 pares, lo que le permite almacenar una gama de tama\u00f1os y satisfacer las demandas de sus clientes para el calzado de los hombres superiores. As\u00f3ciese con nosotros para ofrecer un valor y un estilo excepcionales a su clientela.<\/p>","protected":false},"excerpt":{"rendered":"<ul>\n<li>Parte superior de piel de becerro marr\u00f3n oscuro de primera calidad con detalles texturizados<\/li>\n<li>Lujoso y transpirable forro interior de piel de cabra para el m\u00e1ximo confort<\/li>\n<li>Suela Microlight avanzada para una flexibilidad y durabilidad ligeras<\/li>\n<li>Dise\u00f1o cl\u00e1sico con cordones, ideal para atuendos formales y de negocios<\/li>\n<li>Disponible en una amplia gama de tallas: 39, 40, 41, 42, 43, 44, 45<\/li>\n<li>Disponibilidad al por mayor: Pedido m\u00ednimo de 16 pares<\/li>\n<\/ul>","protected":false},"featured_media":7045,"template":"","meta":{"_acf_changed":false,"_uag_custom_page_level_css":"","site-sidebar-layout":"default","site-content-layout":"","ast-site-content-layout":"default","site-content-style":"default","site-sidebar-style":"default","ast-global-header-display":"","ast-banner-title-visibility":"","ast-main-header-display":"","ast-hfb-above-header-display":"","ast-hfb-below-header-display":"","ast-hfb-mobile-header-display":"","site-post-title":"","ast-breadcrumbs-content":"","ast-featured-img":"","footer-sml-layout":"","ast-disable-related-posts":"","theme-transparent-header-meta":"","adv-header-id-meta":"","stick-header-meta":"","header-above-stick-meta":"","header-main-stick-meta":"","header-below-stick-meta":"","astra-migrate-meta-layouts":"default","ast-page-background-enabled":"default","ast-page-background-meta":{"desktop":{"background-color":"var(--ast-global-color-4)","background-image":"","background-repeat":"repeat","background-position":"center center","background-size":"auto","background-attachment":"scroll","background-type":"","background-media":"","overlay-type":"","overlay-color":"","overlay-opacity":"","overlay-gradient":""},"tablet":{"background-color":"","background-image":"","background-repeat":"repeat","background-position":"center center","background-size":"auto","background-attachment":"scroll","background-type":"","background-media":"","overlay-type":"","overlay-color":"","overlay-opacity":"","overlay-gradient":""},"mobile":{"background-color":"","background-image":"","background-repeat":"repeat","background-position":"center center","background-size":"auto","background-attachment":"scroll","background-type":"","background-media":"","overlay-type":"","overlay-color":"","overlay-opacity":"","overlay-gradient":""}},"ast-content-background-meta":{"desktop":{"background-color":"var(--ast-global-color-5)","background-image":"","background-repeat":"repeat","background-position":"center center","background-size":"auto","background-attachment":"scroll","background-type":"","background-media":"","overlay-type":"","overlay-color":"","overlay-opacity":"","overlay-gradient":""},"tablet":{"background-color":"var(--ast-global-color-5)","background-image":"","background-repeat":"repeat","background-position":"center center","background-size":"auto","background-attachment":"scroll","background-type":"","background-media":"","overlay-type":"","overlay-color":"","overlay-opacity":"","overlay-gradient":""},"mobile":{"background-color":"var(--ast-global-color-5)","background-image":"","background-repeat":"repeat","background-position":"center center","background-size":"auto","background-attachment":"scroll","background-type":"","background-media":"","overlay-type":"","overlay-color":"","overlay-opacity":"","overlay-gradient":""}}},"product_brand":[],"product_cat":[47,430,1200],"product_tag":[405,185,145,251,189,421,324,466,632,281],"class_list":{"0":"post-8020","1":"product","2":"type-product","3":"status-publish","4":"has-post-thumbnail","6":"product_cat-classic","7":"product_cat-men","8":"product_cat-mens-shoes-2","9":"product_tag-business-shoes","10":"product_tag-calf-leather-shoes","11":"product_tag-classic-shoes","12":"product_tag-formal-shoes","13":"product_tag-goat-leather-lining","14":"product_tag-leather-oxford","15":"product_tag-mens-dress-shoes","16":"product_tag-microlight-sole","17":"product_tag-premium-leather-shoes","18":"product_tag-wholesale-shoes","19":"desktop-align-center","20":"tablet-align-center","21":"mobile-align-center","23":"first","24":"instock","25":"shipping-taxable","26":"purchasable","27":"product-type-variable","28":"has-default-attributes"},"acf":[],"uagb_featured_image_src":{"full":["https:\/\/turkishtrade.co\/wp-content\/uploads\/2026\/01\/2600FKHMN00062-DARK-BROWN.png",453,250,false],"thumbnail":["https:\/\/turkishtrade.co\/wp-content\/uploads\/2026\/01\/2600FKHMN00062-DARK-BROWN-150x150.png",150,150,true],"medium":["https:\/\/turkishtrade.co\/wp-content\/uploads\/2026\/01\/2600FKHMN00062-DARK-BROWN-300x166.png",300,166,true],"medium_large":["https:\/\/turkishtrade.co\/wp-content\/uploads\/2026\/01\/2600FKHMN00062-DARK-BROWN.png",453,250,false],"large":["https:\/\/turkishtrade.co\/wp-content\/uploads\/2026\/01\/2600FKHMN00062-DARK-BROWN.png",453,250,false],"1536x1536":["https:\/\/turkishtrade.co\/wp-content\/uploads\/2026\/01\/2600FKHMN00062-DARK-BROWN.png",453,250,false],"2048x2048":["https:\/\/turkishtrade.co\/wp-content\/uploads\/2026\/01\/2600FKHMN00062-DARK-BROWN.png",453,250,false],"trp-custom-language-flag":["https:\/\/turkishtrade.co\/wp-content\/uploads\/2026\/01\/2600FKHMN00062-DARK-BROWN-18x10.png",18,10,true],"woocommerce_thumbnail":["https:\/\/turkishtrade.co\/wp-content\/uploads\/2026\/01\/2600FKHMN00062-DARK-BROWN-400x250.png",400,250,true],"woocommerce_single":["https:\/\/turkishtrade.co\/wp-content\/uploads\/2026\/01\/2600FKHMN00062-DARK-BROWN.png",453,250,false],"woocommerce_gallery_thumbnail":["https:\/\/turkishtrade.co\/wp-content\/uploads\/2026\/01\/2600FKHMN00062-DARK-BROWN-100x100.png",100,100,true]},"uagb_author_info":{"display_name":"python python","author_link":"https:\/\/turkishtrade.co\/es\/author\/"},"uagb_comment_info":0,"uagb_excerpt":"Premium Dark Brown Calf Leather Upper with Textured Details Luxurious and Breathable Goat Leather Inner Lining for Ultimate Comfort Advanced Microlight Sole for Lightweight Flexibility and Durability Classic Lace-Up Design, Ideal for Formal and Business Attire Available in a Wide Range of Sizes: 39, 40, 41, 42, 43, 44, 45 Wholesale Availability: Minimum Order Quantity&hellip;","_links":{"self":[{"href":"https:\/\/turkishtrade.co\/es\/wp-json\/wp\/v2\/product\/8020","targetHints":{"allow":["GET"]}}],"collection":[{"href":"https:\/\/turkishtrade.co\/es\/wp-json\/wp\/v2\/product"}],"about":[{"href":"https:\/\/turkishtrade.co\/es\/wp-json\/wp\/v2\/types\/product"}],"wp:featuredmedia":[{"embeddable":true,"href":"https:\/\/turkishtrade.co\/es\/wp-json\/wp\/v2\/media\/7045"}],"wp:attachment":[{"href":"https:\/\/turkishtrade.co\/es\/wp-json\/wp\/v2\/media?parent=8020"}],"wp:term":[{"taxonomy":"product_brand","embeddable":true,"href":"https:\/\/turkishtrade.co\/es\/wp-json\/wp\/v2\/product_brand?post=8020"},{"taxonomy":"product_cat","embeddable":true,"href":"https:\/\/turkishtrade.co\/es\/wp-json\/wp\/v2\/product_cat?post=8020"},{"taxonomy":"product_tag","embeddable":true,"href":"https:\/\/turkishtrade.co\/es\/wp-json\/wp\/v2\/product_tag?post=8020"}],"curies":[{"name":"wp","href":"https:\/\/api.w.org\/{rel}","templated":true}]}}