{"id":8002,"date":"2026-01-29T14:46:45","date_gmt":"2026-01-29T14:46:45","guid":{"rendered":"https:\/\/turkishtrade.co\/?post_type=product&#038;p=8002"},"modified":"2026-04-09T20:38:26","modified_gmt":"2026-04-09T20:38:26","slug":"classic-black-leather-derby-shoes","status":"publish","type":"product","link":"https:\/\/turkishtrade.co\/es\/shop\/classic-black-leather-derby-shoes\/","title":{"rendered":"Zapatos Derby Cl\u00e1sicos de Piel Negra Inmejorables | con Suela Microlight"},"content":{"rendered":"<p>Entre en la elegancia atemporal con nuestro exquisito <strong>Zapatos Derby cl\u00e1sicos de piel negra<\/strong>. Meticulosamente elaborados para el caballero moderno, estos zapatos combinan el dise\u00f1o tradicional con el confort y la durabilidad contempor\u00e1neos. Confeccionados en piel de ternero de primera calidad, el empeine ofrece un acabado elegante y refinado que promete resistir el paso del tiempo, tanto en estilo como en resistencia. La rica tonalidad negra garantiza versatilidad, haciendo de estos <strong>Zapatos Derby cl\u00e1sicos de piel negra<\/strong> un complemento por excelencia para cualquier armario exigente, adecuado tanto para eventos formales como para sofisticados atuendos de negocios.<\/p>\n<p>Experimenta una comodidad inigualable a cada paso gracias al lujoso forro de piel de cabra. Este material interior de primera calidad proporciona una transpirabilidad excepcional y un tacto suave y flexible contra el pie, mejorando significativamente la experiencia general de uso. La atenci\u00f3n al detalle se extiende a la innovadora suela ultraligera, dise\u00f1ada para ofrecer un confort ligero superior y un agarre excelente. A diferencia de las suelas pesadas tradicionales, el dise\u00f1o microlight garantiza un movimiento sin esfuerzo durante todo el d\u00eda sin comprometer la sujeci\u00f3n ni la durabilidad. El sutil detalle rojo de la suela a\u00f1ade un toque de car\u00e1cter \u00fanico, visible en cada zancada.<\/p>\n<p>Nuestra <strong>Zapatos Derby cl\u00e1sicos de piel negra<\/strong> est\u00e1n dise\u00f1ados para impresionar, con una silueta distinguida que complementa a la perfecci\u00f3n trajes de sastrer\u00eda, pantalones elegantes o incluso ropa informal elevada. El cl\u00e1sico sistema de cordones derby ofrece un ajuste seguro y regulable, convirti\u00e9ndolos en una elecci\u00f3n pr\u00e1ctica y elegante. Disponibles en una amplia gama de tallas, de la 39 a la 45, garantizamos un ajuste perfecto para una gran variedad de clientes.<\/p>\n<h3>Oportunidad al por mayor de zapatos Derby cl\u00e1sicos de cuero negro<\/h3>\n<p>Para las empresas que desean ofrecer calzado de primera calidad, estas <strong>Zapatos Derby cl\u00e1sicos de piel negra<\/strong> representan una oportunidad excepcional para la venta al por mayor. Nos enorgullecemos de ofrecer productos de alta calidad que satisfacen las demandas de consumidores sofisticados. Con una cantidad m\u00ednima de pedido de 16 pares, puede abastecer su inventario con estos zapatos cl\u00e1sicos y superventas que prometen una excelente satisfacci\u00f3n del cliente y la repetici\u00f3n del negocio. Eleve su colecci\u00f3n y ofrezca a sus clientes la combinaci\u00f3n definitiva de estilo, comodidad y calidad duradera con nuestros elegantes zapatos de tac\u00f3n. <strong>Zapatos Derby cl\u00e1sicos de piel negra<\/strong>. Son algo m\u00e1s que zapatos: son una inversi\u00f3n en estilo impecable y comodidad duradera.<\/p>","protected":false},"excerpt":{"rendered":"<ul>\n<li>Parte superior de piel de becerro de primera calidad para mayor durabilidad y elegancia<\/li>\n<li>Lujoso forro de piel de cabra para mayor transpirabilidad y suavidad<\/li>\n<li>Suela ultraligera y duradera con un agarre superior<\/li>\n<li>Sistema cl\u00e1sico de cordones Derby para un ajuste seguro y regulable<\/li>\n<li>Disponible en las tallas 39-45 para una amplia gama de clientela<\/li>\n<li>Cantidad m\u00ednima de pedido: 16 Pares (S\u00f3lo al por mayor)<\/li>\n<\/ul>","protected":false},"featured_media":7042,"template":"","meta":{"_acf_changed":false,"_uag_custom_page_level_css":"","site-sidebar-layout":"default","site-content-layout":"","ast-site-content-layout":"default","site-content-style":"default","site-sidebar-style":"default","ast-global-header-display":"","ast-banner-title-visibility":"","ast-main-header-display":"","ast-hfb-above-header-display":"","ast-hfb-below-header-display":"","ast-hfb-mobile-header-display":"","site-post-title":"","ast-breadcrumbs-content":"","ast-featured-img":"","footer-sml-layout":"","ast-disable-related-posts":"","theme-transparent-header-meta":"","adv-header-id-meta":"","stick-header-meta":"","header-above-stick-meta":"","header-main-stick-meta":"","header-below-stick-meta":"","astra-migrate-meta-layouts":"default","ast-page-background-enabled":"default","ast-page-background-meta":{"desktop":{"background-color":"var(--ast-global-color-4)","background-image":"","background-repeat":"repeat","background-position":"center center","background-size":"auto","background-attachment":"scroll","background-type":"","background-media":"","overlay-type":"","overlay-color":"","overlay-opacity":"","overlay-gradient":""},"tablet":{"background-color":"","background-image":"","background-repeat":"repeat","background-position":"center center","background-size":"auto","background-attachment":"scroll","background-type":"","background-media":"","overlay-type":"","overlay-color":"","overlay-opacity":"","overlay-gradient":""},"mobile":{"background-color":"","background-image":"","background-repeat":"repeat","background-position":"center center","background-size":"auto","background-attachment":"scroll","background-type":"","background-media":"","overlay-type":"","overlay-color":"","overlay-opacity":"","overlay-gradient":""}},"ast-content-background-meta":{"desktop":{"background-color":"var(--ast-global-color-5)","background-image":"","background-repeat":"repeat","background-position":"center center","background-size":"auto","background-attachment":"scroll","background-type":"","background-media":"","overlay-type":"","overlay-color":"","overlay-opacity":"","overlay-gradient":""},"tablet":{"background-color":"var(--ast-global-color-5)","background-image":"","background-repeat":"repeat","background-position":"center center","background-size":"auto","background-attachment":"scroll","background-type":"","background-media":"","overlay-type":"","overlay-color":"","overlay-opacity":"","overlay-gradient":""},"mobile":{"background-color":"var(--ast-global-color-5)","background-image":"","background-repeat":"repeat","background-position":"center center","background-size":"auto","background-attachment":"scroll","background-type":"","background-media":"","overlay-type":"","overlay-color":"","overlay-opacity":"","overlay-gradient":""}}},"product_brand":[],"product_cat":[47,430,1200],"product_tag":[407,405,185,1285,609,201,1278,286,466,281],"class_list":{"0":"post-8002","1":"product","2":"type-product","3":"status-publish","4":"has-post-thumbnail","6":"product_cat-classic","7":"product_cat-men","8":"product_cat-mens-shoes-2","9":"product_tag-black-derby-shoes","10":"product_tag-business-shoes","11":"product_tag-calf-leather-shoes","12":"product_tag-classic-dress-shoes","13":"product_tag-elegant-mens-shoes","14":"product_tag-formal-footwear","15":"product_tag-goat-lining-shoes","16":"product_tag-mens-leather-shoes","17":"product_tag-microlight-sole","18":"product_tag-wholesale-shoes","19":"desktop-align-center","20":"tablet-align-center","21":"mobile-align-center","23":"first","24":"instock","25":"shipping-taxable","26":"purchasable","27":"product-type-variable","28":"has-default-attributes"},"acf":[],"uagb_featured_image_src":{"full":["https:\/\/turkishtrade.co\/wp-content\/uploads\/2026\/01\/2600FKHMN00059-BLACK.png",453,250,false],"thumbnail":["https:\/\/turkishtrade.co\/wp-content\/uploads\/2026\/01\/2600FKHMN00059-BLACK-150x150.png",150,150,true],"medium":["https:\/\/turkishtrade.co\/wp-content\/uploads\/2026\/01\/2600FKHMN00059-BLACK-300x166.png",300,166,true],"medium_large":["https:\/\/turkishtrade.co\/wp-content\/uploads\/2026\/01\/2600FKHMN00059-BLACK.png",453,250,false],"large":["https:\/\/turkishtrade.co\/wp-content\/uploads\/2026\/01\/2600FKHMN00059-BLACK.png",453,250,false],"1536x1536":["https:\/\/turkishtrade.co\/wp-content\/uploads\/2026\/01\/2600FKHMN00059-BLACK.png",453,250,false],"2048x2048":["https:\/\/turkishtrade.co\/wp-content\/uploads\/2026\/01\/2600FKHMN00059-BLACK.png",453,250,false],"trp-custom-language-flag":["https:\/\/turkishtrade.co\/wp-content\/uploads\/2026\/01\/2600FKHMN00059-BLACK-18x10.png",18,10,true],"woocommerce_thumbnail":["https:\/\/turkishtrade.co\/wp-content\/uploads\/2026\/01\/2600FKHMN00059-BLACK-400x250.png",400,250,true],"woocommerce_single":["https:\/\/turkishtrade.co\/wp-content\/uploads\/2026\/01\/2600FKHMN00059-BLACK.png",453,250,false],"woocommerce_gallery_thumbnail":["https:\/\/turkishtrade.co\/wp-content\/uploads\/2026\/01\/2600FKHMN00059-BLACK-100x100.png",100,100,true]},"uagb_author_info":{"display_name":"python python","author_link":"https:\/\/turkishtrade.co\/es\/author\/"},"uagb_comment_info":0,"uagb_excerpt":"Premium Calf Leather Upper for Durability and Elegance Luxurious Goat Leather Lining for Breathability and Softness Lightweight and Durable Microlight Sole with Superior Grip Classic Derby Lacing System for a Secure and Adjustable Fit Available in Sizes 39-45 for a Wide Range of Clientele Minimum Order Quantity: 16 Pairs (Wholesale Only)","_links":{"self":[{"href":"https:\/\/turkishtrade.co\/es\/wp-json\/wp\/v2\/product\/8002","targetHints":{"allow":["GET"]}}],"collection":[{"href":"https:\/\/turkishtrade.co\/es\/wp-json\/wp\/v2\/product"}],"about":[{"href":"https:\/\/turkishtrade.co\/es\/wp-json\/wp\/v2\/types\/product"}],"wp:featuredmedia":[{"embeddable":true,"href":"https:\/\/turkishtrade.co\/es\/wp-json\/wp\/v2\/media\/7042"}],"wp:attachment":[{"href":"https:\/\/turkishtrade.co\/es\/wp-json\/wp\/v2\/media?parent=8002"}],"wp:term":[{"taxonomy":"product_brand","embeddable":true,"href":"https:\/\/turkishtrade.co\/es\/wp-json\/wp\/v2\/product_brand?post=8002"},{"taxonomy":"product_cat","embeddable":true,"href":"https:\/\/turkishtrade.co\/es\/wp-json\/wp\/v2\/product_cat?post=8002"},{"taxonomy":"product_tag","embeddable":true,"href":"https:\/\/turkishtrade.co\/es\/wp-json\/wp\/v2\/product_tag?post=8002"}],"curies":[{"name":"wp","href":"https:\/\/api.w.org\/{rel}","templated":true}]}}