{"id":8001,"date":"2026-01-29T14:46:45","date_gmt":"2026-01-29T14:46:45","guid":{"rendered":"https:\/\/turkishtrade.co\/?post_type=product&#038;p=8001"},"modified":"2026-04-09T20:38:29","modified_gmt":"2026-04-09T20:38:29","slug":"classic-mens-black-oxford-shoes","status":"publish","type":"product","link":"https:\/\/turkishtrade.co\/es\/shop\/classic-mens-black-oxford-shoes\/","title":{"rendered":"Zapatos Oxford Cl\u00e1sico Hombre Negro Aut\u00e9ntico | Oxford Cl\u00e1sico Hombre Negro Cuero"},"content":{"rendered":"<p>Entre en la elegancia atemporal con nuestro exquisito <strong>Zapatos Oxford cl\u00e1sicos negros para hombre<\/strong>. Meticulosamente elaborados a la perfecci\u00f3n, estos zapatos son el ep\u00edtome del calzado formal sofisticado, dise\u00f1ados para el caballero exigente que valora tanto el estilo como la comodidad. Cada par est\u00e1 fabricado a mano para garantizar un look distinguido en cualquier reuni\u00f3n de negocios, evento formal u ocasi\u00f3n especial.<\/p>\n<p>Nuestros zapatos Oxford de primera calidad presentan un empeine fabricado meticulosamente con materiales de alta calidad. <em>dana derisi<\/em> (piel de becerro). Esta elecci\u00f3n de material no s\u00f3lo proporciona un aspecto y tacto lujosos, sino que tambi\u00e9n promete una durabilidad excepcional y una hermosa p\u00e1tina que se desarrolla con el tiempo, haciendo que cada par sea \u00fanicamente suyo. La rica tonalidad negra ofrece una versatilidad sin igual, combinando sin esfuerzo con una amplia gama de trajes y conjuntos elegantes informales.<\/p>\n<h3>Confort y calidad de construcci\u00f3n inigualables<\/h3>\n<p>M\u00e1s all\u00e1 de su aspecto llamativo, estos <strong>Zapatos Oxford cl\u00e1sicos negros para hombre<\/strong> est\u00e1n dise\u00f1ados para ofrecer la m\u00e1xima comodidad. El interior est\u00e1 forrado con <em>ke\u00e7i astar<\/em> (piel de cabra), conocida por su transpirabilidad y suave textura, que garantiza la comodidad de sus pies incluso tras largas horas de uso. La base de estos excepcionales zapatos es nuestro innovador <em>taban ultraligero<\/em> (suela ultraligera). Esta avanzada tecnolog\u00eda de suela proporciona una sensaci\u00f3n de ligereza, una flexibilidad superior y una excelente absorci\u00f3n de impactos, lo que te permite moverte con facilidad y confianza durante todo el d\u00eda.<\/p>\n<p>La atemporal silueta Oxford se acent\u00faa con elegantes detalles de brogue en la puntera, que a\u00f1aden un toque de encanto tradicional sin comprometer su atractivo elegante y moderno. Disponibles en una amplia gama de tallas, de la 39 a la 45, garantizamos un ajuste perfecto para una clientela amplia. Estos <strong>Zapatos Oxford cl\u00e1sicos negros para hombre<\/strong> no son s\u00f3lo calzado; son una inversi\u00f3n en estilo perdurable y calidad inigualable.<\/p>\n<h3>Oportunidades de venta al por mayor para socios minoristas<\/h3>\n<p>Para los minoristas y las empresas que buscan ofrecer calzado masculino de primera calidad, estas <strong>Zapatos Oxford cl\u00e1sicos negros para hombre<\/strong> est\u00e1n disponibles para su compra al por mayor. Requerimos un pedido m\u00ednimo de 16 pares, por lo que es una opci\u00f3n ideal para boutiques, grandes almacenes y minoristas en l\u00ednea que buscan zapatos formales de alta calidad y de gran demanda. As\u00f3ciese con nosotros para ofrecer a sus clientes un producto que ejemplifica el lujo, la comodidad y el dise\u00f1o cl\u00e1sico. Eleve su inventario con una pieza b\u00e1sica que siempre impresionar\u00e1.<\/p>","protected":false},"excerpt":{"rendered":"<ul>\n<li>Parte superior de piel de becerro de primera calidad para un acabado sofisticado<\/li>\n<li>El lujoso forro de piel de cabra garantiza un confort excepcional<\/li>\n<li>Suela microlight ligera y flexible para llevarla todo el d\u00eda<\/li>\n<li>Dise\u00f1o Oxford atemporal con elegantes detalles brogue en la puntera<\/li>\n<li>Disponible en una amplia gama de tallas: 39, 40, 41, 42, 43, 44, 45<\/li>\n<li>Oportunidades de venta al por mayor disponibles con un pedido m\u00ednimo de 16 pares<\/li>\n<\/ul>","protected":false},"featured_media":7041,"template":"","meta":{"_acf_changed":false,"_uag_custom_page_level_css":"","site-sidebar-layout":"default","site-content-layout":"","ast-site-content-layout":"default","site-content-style":"default","site-sidebar-style":"default","ast-global-header-display":"","ast-banner-title-visibility":"","ast-main-header-display":"","ast-hfb-above-header-display":"","ast-hfb-below-header-display":"","ast-hfb-mobile-header-display":"","site-post-title":"","ast-breadcrumbs-content":"","ast-featured-img":"","footer-sml-layout":"","ast-disable-related-posts":"","theme-transparent-header-meta":"","adv-header-id-meta":"","stick-header-meta":"","header-above-stick-meta":"","header-main-stick-meta":"","header-below-stick-meta":"","astra-migrate-meta-layouts":"default","ast-page-background-enabled":"default","ast-page-background-meta":{"desktop":{"background-color":"var(--ast-global-color-4)","background-image":"","background-repeat":"repeat","background-position":"center center","background-size":"auto","background-attachment":"scroll","background-type":"","background-media":"","overlay-type":"","overlay-color":"","overlay-opacity":"","overlay-gradient":""},"tablet":{"background-color":"","background-image":"","background-repeat":"repeat","background-position":"center center","background-size":"auto","background-attachment":"scroll","background-type":"","background-media":"","overlay-type":"","overlay-color":"","overlay-opacity":"","overlay-gradient":""},"mobile":{"background-color":"","background-image":"","background-repeat":"repeat","background-position":"center center","background-size":"auto","background-attachment":"scroll","background-type":"","background-media":"","overlay-type":"","overlay-color":"","overlay-opacity":"","overlay-gradient":""}},"ast-content-background-meta":{"desktop":{"background-color":"var(--ast-global-color-5)","background-image":"","background-repeat":"repeat","background-position":"center center","background-size":"auto","background-attachment":"scroll","background-type":"","background-media":"","overlay-type":"","overlay-color":"","overlay-opacity":"","overlay-gradient":""},"tablet":{"background-color":"var(--ast-global-color-5)","background-image":"","background-repeat":"repeat","background-position":"center center","background-size":"auto","background-attachment":"scroll","background-type":"","background-media":"","overlay-type":"","overlay-color":"","overlay-opacity":"","overlay-gradient":""},"mobile":{"background-color":"var(--ast-global-color-5)","background-image":"","background-repeat":"repeat","background-position":"center center","background-size":"auto","background-attachment":"scroll","background-type":"","background-media":"","overlay-type":"","overlay-color":"","overlay-opacity":"","overlay-gradient":""}}},"product_brand":[],"product_cat":[47,430,1200],"product_tag":[1299,654,185,1335,201,1258,324,466,281],"class_list":{"0":"post-8001","1":"product","2":"type-product","3":"status-publish","4":"has-post-thumbnail","6":"product_cat-classic","7":"product_cat-men","8":"product_cat-mens-shoes-2","9":"product_tag-black-leather-oxfords","10":"product_tag-brogue-shoes","11":"product_tag-calf-leather-shoes","12":"product_tag-classic-mens-black-oxford-shoes","13":"product_tag-formal-footwear","14":"product_tag-goat-lined-shoes","15":"product_tag-mens-dress-shoes","16":"product_tag-microlight-sole","17":"product_tag-wholesale-shoes","18":"desktop-align-center","19":"tablet-align-center","20":"mobile-align-center","22":"first","23":"instock","24":"shipping-taxable","25":"purchasable","26":"product-type-variable","27":"has-default-attributes"},"acf":[],"uagb_featured_image_src":{"full":["https:\/\/turkishtrade.co\/wp-content\/uploads\/2026\/01\/2600FKHMN00058-BLACK.png",453,250,false],"thumbnail":["https:\/\/turkishtrade.co\/wp-content\/uploads\/2026\/01\/2600FKHMN00058-BLACK-150x150.png",150,150,true],"medium":["https:\/\/turkishtrade.co\/wp-content\/uploads\/2026\/01\/2600FKHMN00058-BLACK-300x166.png",300,166,true],"medium_large":["https:\/\/turkishtrade.co\/wp-content\/uploads\/2026\/01\/2600FKHMN00058-BLACK.png",453,250,false],"large":["https:\/\/turkishtrade.co\/wp-content\/uploads\/2026\/01\/2600FKHMN00058-BLACK.png",453,250,false],"1536x1536":["https:\/\/turkishtrade.co\/wp-content\/uploads\/2026\/01\/2600FKHMN00058-BLACK.png",453,250,false],"2048x2048":["https:\/\/turkishtrade.co\/wp-content\/uploads\/2026\/01\/2600FKHMN00058-BLACK.png",453,250,false],"trp-custom-language-flag":["https:\/\/turkishtrade.co\/wp-content\/uploads\/2026\/01\/2600FKHMN00058-BLACK-18x10.png",18,10,true],"woocommerce_thumbnail":["https:\/\/turkishtrade.co\/wp-content\/uploads\/2026\/01\/2600FKHMN00058-BLACK-400x250.png",400,250,true],"woocommerce_single":["https:\/\/turkishtrade.co\/wp-content\/uploads\/2026\/01\/2600FKHMN00058-BLACK.png",453,250,false],"woocommerce_gallery_thumbnail":["https:\/\/turkishtrade.co\/wp-content\/uploads\/2026\/01\/2600FKHMN00058-BLACK-100x100.png",100,100,true]},"uagb_author_info":{"display_name":"python python","author_link":"https:\/\/turkishtrade.co\/es\/author\/"},"uagb_comment_info":0,"uagb_excerpt":"Premium calf leather upper for a sophisticated finish Luxurious goat leather lining ensures exceptional comfort Lightweight and flexible microlight sole for all-day wear Timeless Oxford design with elegant cap-toe brogue detailing Available in a wide range of sizes: 39, 40, 41, 42, 43, 44, 45 Wholesale opportunities available with a minimum order of 16 pairs","_links":{"self":[{"href":"https:\/\/turkishtrade.co\/es\/wp-json\/wp\/v2\/product\/8001","targetHints":{"allow":["GET"]}}],"collection":[{"href":"https:\/\/turkishtrade.co\/es\/wp-json\/wp\/v2\/product"}],"about":[{"href":"https:\/\/turkishtrade.co\/es\/wp-json\/wp\/v2\/types\/product"}],"wp:featuredmedia":[{"embeddable":true,"href":"https:\/\/turkishtrade.co\/es\/wp-json\/wp\/v2\/media\/7041"}],"wp:attachment":[{"href":"https:\/\/turkishtrade.co\/es\/wp-json\/wp\/v2\/media?parent=8001"}],"wp:term":[{"taxonomy":"product_brand","embeddable":true,"href":"https:\/\/turkishtrade.co\/es\/wp-json\/wp\/v2\/product_brand?post=8001"},{"taxonomy":"product_cat","embeddable":true,"href":"https:\/\/turkishtrade.co\/es\/wp-json\/wp\/v2\/product_cat?post=8001"},{"taxonomy":"product_tag","embeddable":true,"href":"https:\/\/turkishtrade.co\/es\/wp-json\/wp\/v2\/product_tag?post=8001"}],"curies":[{"name":"wp","href":"https:\/\/api.w.org\/{rel}","templated":true}]}}