{"id":7998,"date":"2026-01-29T14:46:45","date_gmt":"2026-01-29T14:46:45","guid":{"rendered":"https:\/\/turkishtrade.co\/?post_type=product&#038;p=7998"},"modified":"2026-04-09T20:38:37","modified_gmt":"2026-04-09T20:38:37","slug":"classic-brown-leather-dress-shoes","status":"publish","type":"product","link":"https:\/\/turkishtrade.co\/es\/shop\/classic-brown-leather-dress-shoes\/","title":{"rendered":"Zapatos de vestir cl\u00e1sicos de piel marr\u00f3n exclusivos | con detalle en relieve"},"content":{"rendered":"<p><strong>Zapatos de vestir cl\u00e1sicos de piel marr\u00f3n<\/strong>. Calidad y dise\u00f1o exclusivos.<\/p>\n<p>Descubra el ep\u00edtome del estilo atemporal y la artesan\u00eda superior con nuestro <b>Zapatos de vestir cl\u00e1sicos de piel marr\u00f3n<\/b>. Dise\u00f1ados para el caballero exigente, estos zapatos combinan a la perfecci\u00f3n la elegancia tradicional con la comodidad moderna. Cada par est\u00e1 meticulosamente confeccionado en piel de becerro de alta calidad, con un tono marr\u00f3n intenso que complementa una amplia gama de atuendos formales y semiformales. El sutil, aunque llamativo, detalle en relieve de la pala a\u00f1ade una textura \u00fanica, diferenciando estos zapatos del calzado ordinario y garantizando un aspecto distinguido.<\/p>\n<p>Experimenta una comodidad inigualable a cada paso, gracias a su cuidada construcci\u00f3n. El interior cuenta con un forro de piel de cabra suave y transpirable, que garantiza que tus pies se mantengan c\u00f3modos durante todo el d\u00eda, tanto si te enfrentas a una exigente reuni\u00f3n de negocios como si asistes a un evento especial. La innovadora suela ultraligera no s\u00f3lo es incre\u00edblemente ligera, reduciendo significativamente la fatiga del pie, sino que tambi\u00e9n proporciona una excelente durabilidad y un agarre fiable, como demuestran su elegante base roja y las almohadillas de tracci\u00f3n negras. Esta notable combinaci\u00f3n de materiales de primera calidad y dise\u00f1o experto hace que estos <b>zapatos de vestir cl\u00e1sicos de piel marr\u00f3n<\/b> una verdadera inversi\u00f3n en su estilo personal y comodidad duradera.<\/p>\n<h3>La artesan\u00eda se une a una versatilidad inigualable<\/h3>\n<p>Nuestra <b>Zapatos de vestir cl\u00e1sicos de piel marr\u00f3n<\/b> son algo m\u00e1s que calzado: son una declaraci\u00f3n de gusto sofisticado y elegancia refinada. El cl\u00e1sico dise\u00f1o de cordones garantiza un ajuste seguro y regulable, mientras que la refinada silueta ofrece un aspecto elegante y pulido adecuado para cualquier ocasi\u00f3n formal. Estos zapatos son incre\u00edblemente vers\u00e1tiles y resultan perfectos para combinarlos con trajes de sastrer\u00eda, pantalones business elegantes o incluso conjuntos informales elegantes. Son imprescindibles para profesionales, invitados de boda o cualquiera que aprecie el atractivo duradero de un calzado masculino impecable. Disponibles en una amplia gama de tallas de la UE, de la 39 a la 45, nos dedicamos a atender a una clientela amplia que busca calidad superior y un ajuste perfecto.<\/p>\n<p>Para minoristas y empresas, nos complace ofrecer estos exquisitos **Cl\u00e1sicos zapatos de vestir de cuero marr\u00f3n** para la venta al por mayor. Con una conveniente cantidad m\u00ednima de pedido de s\u00f3lo 16 pares, puede abastecer su inventario sin esfuerzo con alta demanda, calzado formal de alta calidad que constantemente atrae a los clientes que buscan tanto estilo como sustancia sin igual. Eleve su colecci\u00f3n de calzado y proporcione a sus clientes zapatos que combinan un lujoso confort, un dise\u00f1o atemporal y una est\u00e9tica verdaderamente cl\u00e1sica. No pierda la oportunidad de a\u00f1adir estos zapatos de vestir de dise\u00f1o impecable a su oferta de productos y vea c\u00f3mo se disparan sus ventas.<\/p>","protected":false},"excerpt":{"rendered":"<ul>\n<li>Parte superior de piel de becerro de primera calidad en un intenso tono marr\u00f3n<\/li>\n<li>Lujoso forro interior de piel de cabra para el m\u00e1ximo confort<\/li>\n<li>Suela ultraligera, ligera y duradera, con un elegante acento rojo<\/li>\n<li>Sofisticado dise\u00f1o de cordones con sutiles detalles en relieve<\/li>\n<li>Disponible en una amplia gama de tallas de la UE, de la 39 a la 45.<\/li>\n<li>Se aceptan pedidos al por mayor (m\u00ednimo 16 pares)<\/li>\n<\/ul>","protected":false},"featured_media":7038,"template":"","meta":{"_acf_changed":false,"_uag_custom_page_level_css":"","site-sidebar-layout":"default","site-content-layout":"","ast-site-content-layout":"default","site-content-style":"default","site-sidebar-style":"default","ast-global-header-display":"","ast-banner-title-visibility":"","ast-main-header-display":"","ast-hfb-above-header-display":"","ast-hfb-below-header-display":"","ast-hfb-mobile-header-display":"","site-post-title":"","ast-breadcrumbs-content":"","ast-featured-img":"","footer-sml-layout":"","ast-disable-related-posts":"","theme-transparent-header-meta":"","adv-header-id-meta":"","stick-header-meta":"","header-above-stick-meta":"","header-main-stick-meta":"","header-below-stick-meta":"","astra-migrate-meta-layouts":"default","ast-page-background-enabled":"default","ast-page-background-meta":{"desktop":{"background-color":"var(--ast-global-color-4)","background-image":"","background-repeat":"repeat","background-position":"center center","background-size":"auto","background-attachment":"scroll","background-type":"","background-media":"","overlay-type":"","overlay-color":"","overlay-opacity":"","overlay-gradient":""},"tablet":{"background-color":"","background-image":"","background-repeat":"repeat","background-position":"center center","background-size":"auto","background-attachment":"scroll","background-type":"","background-media":"","overlay-type":"","overlay-color":"","overlay-opacity":"","overlay-gradient":""},"mobile":{"background-color":"","background-image":"","background-repeat":"repeat","background-position":"center center","background-size":"auto","background-attachment":"scroll","background-type":"","background-media":"","overlay-type":"","overlay-color":"","overlay-opacity":"","overlay-gradient":""}},"ast-content-background-meta":{"desktop":{"background-color":"var(--ast-global-color-5)","background-image":"","background-repeat":"repeat","background-position":"center center","background-size":"auto","background-attachment":"scroll","background-type":"","background-media":"","overlay-type":"","overlay-color":"","overlay-opacity":"","overlay-gradient":""},"tablet":{"background-color":"var(--ast-global-color-5)","background-image":"","background-repeat":"repeat","background-position":"center center","background-size":"auto","background-attachment":"scroll","background-type":"","background-media":"","overlay-type":"","overlay-color":"","overlay-opacity":"","overlay-gradient":""},"mobile":{"background-color":"var(--ast-global-color-5)","background-image":"","background-repeat":"repeat","background-position":"center center","background-size":"auto","background-attachment":"scroll","background-type":"","background-media":"","overlay-type":"","overlay-color":"","overlay-opacity":"","overlay-gradient":""}}},"product_brand":[],"product_cat":[47,430,1200],"product_tag":[199,566,145,750,189,535,565,466,633],"class_list":{"0":"post-7998","1":"product","2":"type-product","3":"status-publish","4":"has-post-thumbnail","6":"product_cat-classic","7":"product_cat-men","8":"product_cat-mens-shoes-2","9":"product_tag-brown-dress-shoes","10":"product_tag-calfskin-shoes","11":"product_tag-classic-shoes","12":"product_tag-embossed-leather-shoes","13":"product_tag-goat-leather-lining","14":"product_tag-leather-dress-shoes","15":"product_tag-mens-formal-shoes","16":"product_tag-microlight-sole","17":"product_tag-wholesale-dress-shoes","18":"desktop-align-center","19":"tablet-align-center","20":"mobile-align-center","22":"first","23":"instock","24":"shipping-taxable","25":"purchasable","26":"product-type-variable","27":"has-default-attributes"},"acf":[],"uagb_featured_image_src":{"full":["https:\/\/turkishtrade.co\/wp-content\/uploads\/2026\/01\/2600FKHMN00055-DARK-BROWN.png",453,250,false],"thumbnail":["https:\/\/turkishtrade.co\/wp-content\/uploads\/2026\/01\/2600FKHMN00055-DARK-BROWN-150x150.png",150,150,true],"medium":["https:\/\/turkishtrade.co\/wp-content\/uploads\/2026\/01\/2600FKHMN00055-DARK-BROWN-300x166.png",300,166,true],"medium_large":["https:\/\/turkishtrade.co\/wp-content\/uploads\/2026\/01\/2600FKHMN00055-DARK-BROWN.png",453,250,false],"large":["https:\/\/turkishtrade.co\/wp-content\/uploads\/2026\/01\/2600FKHMN00055-DARK-BROWN.png",453,250,false],"1536x1536":["https:\/\/turkishtrade.co\/wp-content\/uploads\/2026\/01\/2600FKHMN00055-DARK-BROWN.png",453,250,false],"2048x2048":["https:\/\/turkishtrade.co\/wp-content\/uploads\/2026\/01\/2600FKHMN00055-DARK-BROWN.png",453,250,false],"trp-custom-language-flag":["https:\/\/turkishtrade.co\/wp-content\/uploads\/2026\/01\/2600FKHMN00055-DARK-BROWN-18x10.png",18,10,true],"woocommerce_thumbnail":["https:\/\/turkishtrade.co\/wp-content\/uploads\/2026\/01\/2600FKHMN00055-DARK-BROWN-400x250.png",400,250,true],"woocommerce_single":["https:\/\/turkishtrade.co\/wp-content\/uploads\/2026\/01\/2600FKHMN00055-DARK-BROWN.png",453,250,false],"woocommerce_gallery_thumbnail":["https:\/\/turkishtrade.co\/wp-content\/uploads\/2026\/01\/2600FKHMN00055-DARK-BROWN-100x100.png",100,100,true]},"uagb_author_info":{"display_name":"python python","author_link":"https:\/\/turkishtrade.co\/es\/author\/"},"uagb_comment_info":0,"uagb_excerpt":"Premium calfskin leather upper in a rich brown hue Luxurious goat leather interior lining for ultimate comfort Lightweight and durable microlight sole with elegant red accent Sophisticated lace-up design featuring subtle embossed detailing Available in a comprehensive range of EU sizes from 39 to 45 Wholesale orders are warmly welcomed (minimum 16 pairs required)","_links":{"self":[{"href":"https:\/\/turkishtrade.co\/es\/wp-json\/wp\/v2\/product\/7998","targetHints":{"allow":["GET"]}}],"collection":[{"href":"https:\/\/turkishtrade.co\/es\/wp-json\/wp\/v2\/product"}],"about":[{"href":"https:\/\/turkishtrade.co\/es\/wp-json\/wp\/v2\/types\/product"}],"wp:featuredmedia":[{"embeddable":true,"href":"https:\/\/turkishtrade.co\/es\/wp-json\/wp\/v2\/media\/7038"}],"wp:attachment":[{"href":"https:\/\/turkishtrade.co\/es\/wp-json\/wp\/v2\/media?parent=7998"}],"wp:term":[{"taxonomy":"product_brand","embeddable":true,"href":"https:\/\/turkishtrade.co\/es\/wp-json\/wp\/v2\/product_brand?post=7998"},{"taxonomy":"product_cat","embeddable":true,"href":"https:\/\/turkishtrade.co\/es\/wp-json\/wp\/v2\/product_cat?post=7998"},{"taxonomy":"product_tag","embeddable":true,"href":"https:\/\/turkishtrade.co\/es\/wp-json\/wp\/v2\/product_tag?post=7998"}],"curies":[{"name":"wp","href":"https:\/\/api.w.org\/{rel}","templated":true}]}}