{"id":7996,"date":"2026-01-29T14:46:44","date_gmt":"2026-01-29T14:46:44","guid":{"rendered":"https:\/\/turkishtrade.co\/?post_type=product&#038;p=7996"},"modified":"2026-04-09T20:38:41","modified_gmt":"2026-04-09T20:38:41","slug":"mens-brown-leather-monk-strap-shoes-3","status":"publish","type":"product","link":"https:\/\/turkishtrade.co\/es\/shop\/mens-brown-leather-monk-strap-shoes-3\/","title":{"rendered":"Zapatos Monk Strap de hombre en piel marr\u00f3n Los m\u00e1s vendidos | Zapatos Monk Strap de hombre en piel marr\u00f3n cl\u00e1sico con relieve de cocodrilo"},"content":{"rendered":"<p><strong>Zapatos Monk Strap de piel marr\u00f3n para hombre<\/strong>. La mejor calidad y dise\u00f1o.<\/p>\n<p>Ad\u00e9ntrese en una sofisticaci\u00f3n sin igual con nuestro distinguido <strong>Zapatos Monk Strap de piel marr\u00f3n para hombre<\/strong>. Estos exquisitos zapatos son algo m\u00e1s que calzado; son una declaraci\u00f3n de elegancia atemporal y confort moderno, meticulosamente elaborados para el caballero exigente. Nuestro <strong>Zapatos Monk Strap de piel marr\u00f3n para hombre<\/strong> combinan a la perfecci\u00f3n el dise\u00f1o tradicional con caracter\u00edsticas contempor\u00e1neas, garantizando un aspecto elegante y una sensaci\u00f3n de bienestar tanto en una reuni\u00f3n de negocios como en un evento especial.<\/p>\n<h3>Experimente una artesan\u00eda inigualable<\/h3>\n<p>Cada par de estos cl\u00e1sicos zapatos monk strap es un testimonio de artesan\u00eda superior. Fabricados en piel de ternero de primera calidad, la parte superior promete durabilidad y un tacto lujoso que solo mejora con el paso del tiempo. El interior est\u00e1 forrado con piel de cabra suave y transpirable, ofreciendo una experiencia incre\u00edblemente c\u00f3moda desde el momento en que te los pones. Esta atenci\u00f3n al detalle en la selecci\u00f3n de materiales garantiza que nuestros <strong>Zapatos Monk Strap de piel marr\u00f3n para hombre<\/strong> proporcionan un desgaste duradero y un confort excepcional.<\/p>\n<h3>El encanto del dise\u00f1o con relieve de cocodrilo<\/h3>\n<p>Lo que realmente distingue a estos zapatos es su est\u00e9tica \u00fanica. La puntera y la pala presentan una distintiva textura de cocodrilo en relieve, que a\u00f1ade un toque de exotismo y sofisticaci\u00f3n a la rica piel marr\u00f3n. Este sutil pero llamativo detalle contrasta con la suave piel granulada de la correa y el tal\u00f3n, creando un atractivo visual din\u00e1mico. La cl\u00e1sica correa monje, sujeta con una elegante hebilla, no s\u00f3lo contribuye al distinguido aspecto del zapato, sino que tambi\u00e9n garantiza un ajuste seguro y regulable. Estos <strong>Zapatos Monk Strap de piel marr\u00f3n para hombre<\/strong> est\u00e1n dise\u00f1ados para captar la atenci\u00f3n y complementar cualquier conjunto formal o elegante-casual.<\/p>\n<h3>Comodidad y durabilidad a cada paso<\/h3>\n<p>M\u00e1s all\u00e1 de su impresionante aspecto, estos <strong>Zapatos Monk Strap de piel marr\u00f3n para hombre<\/strong> est\u00e1n dise\u00f1adas para ofrecer el m\u00e1ximo confort y resistencia. La suela microlight proporciona una ligereza y flexibilidad excepcionales, reduciendo la fatiga del pie incluso tras largas horas de uso. Esta innovadora tecnolog\u00eda de suela ofrece un excelente agarre y absorci\u00f3n de impactos, haciendo que cada paso se sienta sin esfuerzo. La combinaci\u00f3n de piel de becerro de primera calidad, forro de piel de cabra y una duradera suela microlight garantiza que estos zapatos no s\u00f3lo sean elegantes, sino tambi\u00e9n un complemento pr\u00e1ctico y duradero para su vestuario.<\/p>\n<h3>Oportunidad para los mayoristas de calzado de calidad<\/h3>\n<p>Para los minoristas y las empresas que desean ofrecer calzado masculino de alta calidad y con estilo, nuestro <strong>Zapatos Monk Strap de piel marr\u00f3n para hombre<\/strong> est\u00e1n disponibles para la venta al por mayor. Con un pedido m\u00ednimo de 16 pares, puede almacenar una gama de tallas (39-45) para satisfacer las demandas de sus clientes. Estos zapatos monk strap cl\u00e1sicos y contempor\u00e1neos son una opci\u00f3n ideal para clientes preocupados por la moda que aprecian los materiales lujosos y la artesan\u00eda experta. As\u00f3ciese con nosotros para ofrecer a sus clientes un producto que destaque por su calidad y estilo.<\/p>","protected":false},"excerpt":{"rendered":"<ul>\n<li>Fabricado a mano en piel de becerro de primera calidad<\/li>\n<li>Presenta un distintivo dise\u00f1o de la puntera y la pala con grabado de cocodrilo.<\/li>\n<li>Lujoso forro de piel de cabra para un confort superior<\/li>\n<li>Suela ultraligera y duradera para llevarla todo el d\u00eda<\/li>\n<li>Correa monje cl\u00e1sica con un elegante cierre de hebilla<\/li>\n<li>Disponible en las tallas 39, 40, 41, 42, 43, 44, 45<\/li>\n<li>Se aceptan pedidos al por mayor (pedido m\u00ednimo: 16 pares)<\/li>\n<\/ul>","protected":false},"featured_media":7036,"template":"","meta":{"_acf_changed":false,"_uag_custom_page_level_css":"","site-sidebar-layout":"default","site-content-layout":"","ast-site-content-layout":"default","site-content-style":"default","site-sidebar-style":"default","ast-global-header-display":"","ast-banner-title-visibility":"","ast-main-header-display":"","ast-hfb-above-header-display":"","ast-hfb-below-header-display":"","ast-hfb-mobile-header-display":"","site-post-title":"","ast-breadcrumbs-content":"","ast-featured-img":"","footer-sml-layout":"","ast-disable-related-posts":"","theme-transparent-header-meta":"","adv-header-id-meta":"","stick-header-meta":"","header-above-stick-meta":"","header-main-stick-meta":"","header-below-stick-meta":"","astra-migrate-meta-layouts":"default","ast-page-background-enabled":"default","ast-page-background-meta":{"desktop":{"background-color":"var(--ast-global-color-4)","background-image":"","background-repeat":"repeat","background-position":"center center","background-size":"auto","background-attachment":"scroll","background-type":"","background-media":"","overlay-type":"","overlay-color":"","overlay-opacity":"","overlay-gradient":""},"tablet":{"background-color":"","background-image":"","background-repeat":"repeat","background-position":"center center","background-size":"auto","background-attachment":"scroll","background-type":"","background-media":"","overlay-type":"","overlay-color":"","overlay-opacity":"","overlay-gradient":""},"mobile":{"background-color":"","background-image":"","background-repeat":"repeat","background-position":"center center","background-size":"auto","background-attachment":"scroll","background-type":"","background-media":"","overlay-type":"","overlay-color":"","overlay-opacity":"","overlay-gradient":""}},"ast-content-background-meta":{"desktop":{"background-color":"var(--ast-global-color-5)","background-image":"","background-repeat":"repeat","background-position":"center center","background-size":"auto","background-attachment":"scroll","background-type":"","background-media":"","overlay-type":"","overlay-color":"","overlay-opacity":"","overlay-gradient":""},"tablet":{"background-color":"var(--ast-global-color-5)","background-image":"","background-repeat":"repeat","background-position":"center center","background-size":"auto","background-attachment":"scroll","background-type":"","background-media":"","overlay-type":"","overlay-color":"","overlay-opacity":"","overlay-gradient":""},"mobile":{"background-color":"var(--ast-global-color-5)","background-image":"","background-repeat":"repeat","background-position":"center center","background-size":"auto","background-attachment":"scroll","background-type":"","background-media":"","overlay-type":"","overlay-color":"","overlay-opacity":"","overlay-gradient":""}}},"product_brand":[],"product_cat":[47,430,1200],"product_tag":[292,405,566,1333,251,189,324,466,508,262],"class_list":{"0":"post-7996","1":"product","2":"type-product","3":"status-publish","4":"has-post-thumbnail","6":"product_cat-classic","7":"product_cat-men","8":"product_cat-mens-shoes-2","9":"product_tag-brown-leather-shoes","10":"product_tag-business-shoes","11":"product_tag-calfskin-shoes","12":"product_tag-classic-monk-shoes","13":"product_tag-formal-shoes","14":"product_tag-goat-leather-lining","15":"product_tag-mens-dress-shoes","16":"product_tag-microlight-sole","17":"product_tag-single-monk-strap","18":"product_tag-wholesale-mens-shoes","19":"desktop-align-center","20":"tablet-align-center","21":"mobile-align-center","23":"first","24":"instock","25":"shipping-taxable","26":"purchasable","27":"product-type-variable","28":"has-default-attributes"},"acf":[],"uagb_featured_image_src":{"full":["https:\/\/turkishtrade.co\/wp-content\/uploads\/2026\/01\/2600FKHMN00053-BROWN.png",453,250,false],"thumbnail":["https:\/\/turkishtrade.co\/wp-content\/uploads\/2026\/01\/2600FKHMN00053-BROWN-150x150.png",150,150,true],"medium":["https:\/\/turkishtrade.co\/wp-content\/uploads\/2026\/01\/2600FKHMN00053-BROWN-300x166.png",300,166,true],"medium_large":["https:\/\/turkishtrade.co\/wp-content\/uploads\/2026\/01\/2600FKHMN00053-BROWN.png",453,250,false],"large":["https:\/\/turkishtrade.co\/wp-content\/uploads\/2026\/01\/2600FKHMN00053-BROWN.png",453,250,false],"1536x1536":["https:\/\/turkishtrade.co\/wp-content\/uploads\/2026\/01\/2600FKHMN00053-BROWN.png",453,250,false],"2048x2048":["https:\/\/turkishtrade.co\/wp-content\/uploads\/2026\/01\/2600FKHMN00053-BROWN.png",453,250,false],"trp-custom-language-flag":["https:\/\/turkishtrade.co\/wp-content\/uploads\/2026\/01\/2600FKHMN00053-BROWN-18x10.png",18,10,true],"woocommerce_thumbnail":["https:\/\/turkishtrade.co\/wp-content\/uploads\/2026\/01\/2600FKHMN00053-BROWN-400x250.png",400,250,true],"woocommerce_single":["https:\/\/turkishtrade.co\/wp-content\/uploads\/2026\/01\/2600FKHMN00053-BROWN.png",453,250,false],"woocommerce_gallery_thumbnail":["https:\/\/turkishtrade.co\/wp-content\/uploads\/2026\/01\/2600FKHMN00053-BROWN-100x100.png",100,100,true]},"uagb_author_info":{"display_name":"python python","author_link":"https:\/\/turkishtrade.co\/es\/author\/"},"uagb_comment_info":0,"uagb_excerpt":"Handcrafted from premium calfskin leather Features a distinctive croc-embossed toe and vamp design Luxurious goat leather lining for superior comfort Lightweight and durable microlight sole for all-day wear Classic single monk strap with a sleek buckle closure Available in sizes 39, 40, 41, 42, 43, 44, 45 Wholesale orders are welcome (minimum order: 16 pairs)","_links":{"self":[{"href":"https:\/\/turkishtrade.co\/es\/wp-json\/wp\/v2\/product\/7996","targetHints":{"allow":["GET"]}}],"collection":[{"href":"https:\/\/turkishtrade.co\/es\/wp-json\/wp\/v2\/product"}],"about":[{"href":"https:\/\/turkishtrade.co\/es\/wp-json\/wp\/v2\/types\/product"}],"wp:featuredmedia":[{"embeddable":true,"href":"https:\/\/turkishtrade.co\/es\/wp-json\/wp\/v2\/media\/7036"}],"wp:attachment":[{"href":"https:\/\/turkishtrade.co\/es\/wp-json\/wp\/v2\/media?parent=7996"}],"wp:term":[{"taxonomy":"product_brand","embeddable":true,"href":"https:\/\/turkishtrade.co\/es\/wp-json\/wp\/v2\/product_brand?post=7996"},{"taxonomy":"product_cat","embeddable":true,"href":"https:\/\/turkishtrade.co\/es\/wp-json\/wp\/v2\/product_cat?post=7996"},{"taxonomy":"product_tag","embeddable":true,"href":"https:\/\/turkishtrade.co\/es\/wp-json\/wp\/v2\/product_tag?post=7996"}],"curies":[{"name":"wp","href":"https:\/\/api.w.org\/{rel}","templated":true}]}}