{"id":7993,"date":"2026-01-29T14:46:44","date_gmt":"2026-01-29T14:46:44","guid":{"rendered":"https:\/\/turkishtrade.co\/?post_type=product&#038;p=7993"},"modified":"2026-04-09T20:38:49","modified_gmt":"2026-04-09T20:38:49","slug":"mens-classic-brown-leather-shoes","status":"publish","type":"product","link":"https:\/\/turkishtrade.co\/es\/shop\/mens-classic-brown-leather-shoes\/","title":{"rendered":"Cl\u00e1sico de los hombres de cuero marr\u00f3n Zapatos Premium | Cl\u00e1sico de los hombres de cuero marr\u00f3n Derby"},"content":{"rendered":"<p><strong>Zapatos cl\u00e1sicos de hombre de piel marr\u00f3n<\/strong>. Calidad y dise\u00f1o de primera.<\/p>\n<p>Eleve su colecci\u00f3n de calzado con nuestros exquisitos <strong>Zapatos cl\u00e1sicos de hombre de piel marr\u00f3n<\/strong>. Elaborados por expertos para el caballero exigente, estos zapatos estilo derby encarnan la elegancia atemporal y la comodidad moderna. Cada par es un testimonio de fabricaci\u00f3n de calzado superior, dise\u00f1ado para ofrecer tanto un estilo impecable y durabilidad duradera en los a\u00f1os venideros.<\/p>\n<h3>Artesan\u00eda sin igual y materiales de primera calidad<\/h3>\n<p>Nuestro compromiso con la calidad comienza con la selecci\u00f3n de los materiales. El exterior de estos impresionantes <strong>Zapatos cl\u00e1sicos de hombre de piel marr\u00f3n<\/strong> est\u00e1 confeccionado en aut\u00e9ntica piel de ternero de primera calidad, conocida por su textura flexible, la riqueza de su color y su notable resistencia. La rica tonalidad marr\u00f3n, que pasa sutilmente a un tono m\u00e1s oscuro en la puntera, a\u00f1ade un toque sofisticado que complementa una amplia gama de atuendos, desde elegantes trajes de negocios hasta conjuntos informales.<\/p>\n<p>Al entrar, descubrir\u00e1 el lujoso tacto del forro de piel de cabra aut\u00e9ntica. Este material natural es famoso por su excepcional suavidad, transpirabilidad y propiedades de evacuaci\u00f3n de la humedad, lo que garantiza que tus pies permanezcan c\u00f3modos y secos durante todo el d\u00eda. Esta meticulosa atenci\u00f3n al detalle interior distingue a nuestro calzado, proporcionando una experiencia de primera calidad a cada paso.<\/p>\n<h3>Confort avanzado con tecnolog\u00eda de suela ultraligera<\/h3>\n<p>M\u00e1s all\u00e1 de las exquisitas pieles, estos <strong>Zapatos cl\u00e1sicos de hombre de piel marr\u00f3n<\/strong> est\u00e1n dise\u00f1adas para el rendimiento. Incorporan una innovadora suela ultraligera, dise\u00f1ada espec\u00edficamente para proporcionar una base incre\u00edblemente ligera y flexible. Esta avanzada tecnolog\u00eda de suela reduce significativamente el peso total de la zapatilla sin comprometer la sujeci\u00f3n ni el agarre. La distintiva suela rojiza, detallada con un pr\u00e1ctico dibujo de agarre negro y n\u00edtidas costuras blancas, no s\u00f3lo a\u00f1ade un elemento visual \u00fanico, sino que tambi\u00e9n ofrece una tracci\u00f3n y amortiguaci\u00f3n fiables. Experimenta la sensaci\u00f3n de caminar sobre el aire, incluso durante largas jornadas de pie.<\/p>\n<h3>Versatilidad para cada ocasi\u00f3n y oportunidades al por mayor<\/h3>\n<p>Tanto si te diriges a una importante reuni\u00f3n de negocios como si asistes a un evento formal o simplemente disfrutas de una sofisticada salida nocturna, estos zapatos cl\u00e1sicos de piel marr\u00f3n para hombre son tu compa\u00f1ero ideal. Su vers\u00e1til dise\u00f1o Derby permite combinarlos con facilidad, convirti\u00e9ndolos en un b\u00e1sico de cualquier armario moderno. Disponibles en una amplia gama de tallas europeas de la 39 a la 45, encontrar el zapato perfecto no le supondr\u00e1 ning\u00fan esfuerzo.<\/p>\n<p>Para los minoristas y las empresas que buscan ofrecer calzado de primera calidad a su clientela, estamos orgullosos de ofrecer oportunidades de venta al por mayor para nuestros zapatos cl\u00e1sicos de hombre de cuero marr\u00f3n. Con una cantidad m\u00ednima de pedido de tan solo 16 pares, puede almacenar f\u00e1cilmente estos zapatos artesanales de gran demanda. Invierta en calidad, comodidad y un estilo cl\u00e1sico que resonar\u00e1 entre sus clientes.<\/p>","protected":false},"excerpt":{"rendered":"<ul>\n<li>Fabricados a mano en aut\u00e9ntica piel de ternero para un acabado sofisticado.<\/li>\n<li>El lujoso forro de piel de cabra garantiza un confort y una transpirabilidad excepcionales.<\/li>\n<li>Incorpora una avanzada suela ultraligera para una flexibilidad ligera y una amortiguaci\u00f3n superior.<\/li>\n<li>Estilo Derby cl\u00e1sico con un refinado dise\u00f1o en dos tonos de marr\u00f3n, perfecto para cualquier ocasi\u00f3n.<\/li>\n<li>Disponible en las tallas europeas 39-45.<\/li>\n<li>Se aceptan pedidos al por mayor con una cantidad m\u00ednima de 16 pares.<\/li>\n<\/ul>","protected":false},"featured_media":7033,"template":"","meta":{"_acf_changed":false,"_uag_custom_page_level_css":"","site-sidebar-layout":"default","site-content-layout":"","ast-site-content-layout":"default","site-content-style":"default","site-sidebar-style":"default","ast-global-header-display":"","ast-banner-title-visibility":"","ast-main-header-display":"","ast-hfb-above-header-display":"","ast-hfb-below-header-display":"","ast-hfb-mobile-header-display":"","site-post-title":"","ast-breadcrumbs-content":"","ast-featured-img":"","footer-sml-layout":"","ast-disable-related-posts":"","theme-transparent-header-meta":"","adv-header-id-meta":"","stick-header-meta":"","header-above-stick-meta":"","header-main-stick-meta":"","header-below-stick-meta":"","astra-migrate-meta-layouts":"default","ast-page-background-enabled":"default","ast-page-background-meta":{"desktop":{"background-color":"var(--ast-global-color-4)","background-image":"","background-repeat":"repeat","background-position":"center center","background-size":"auto","background-attachment":"scroll","background-type":"","background-media":"","overlay-type":"","overlay-color":"","overlay-opacity":"","overlay-gradient":""},"tablet":{"background-color":"","background-image":"","background-repeat":"repeat","background-position":"center center","background-size":"auto","background-attachment":"scroll","background-type":"","background-media":"","overlay-type":"","overlay-color":"","overlay-opacity":"","overlay-gradient":""},"mobile":{"background-color":"","background-image":"","background-repeat":"repeat","background-position":"center center","background-size":"auto","background-attachment":"scroll","background-type":"","background-media":"","overlay-type":"","overlay-color":"","overlay-opacity":"","overlay-gradient":""}},"ast-content-background-meta":{"desktop":{"background-color":"var(--ast-global-color-5)","background-image":"","background-repeat":"repeat","background-position":"center center","background-size":"auto","background-attachment":"scroll","background-type":"","background-media":"","overlay-type":"","overlay-color":"","overlay-opacity":"","overlay-gradient":""},"tablet":{"background-color":"var(--ast-global-color-5)","background-image":"","background-repeat":"repeat","background-position":"center center","background-size":"auto","background-attachment":"scroll","background-type":"","background-media":"","overlay-type":"","overlay-color":"","overlay-opacity":"","overlay-gradient":""},"mobile":{"background-color":"var(--ast-global-color-5)","background-image":"","background-repeat":"repeat","background-position":"center center","background-size":"auto","background-attachment":"scroll","background-type":"","background-media":"","overlay-type":"","overlay-color":"","overlay-opacity":"","overlay-gradient":""}}},"product_brand":[],"product_cat":[47,430,1200],"product_tag":[199,566,754,181,212,189,286,466,281],"class_list":{"0":"post-7993","1":"product","2":"type-product","3":"status-publish","4":"has-post-thumbnail","6":"product_cat-classic","7":"product_cat-men","8":"product_cat-mens-shoes-2","9":"product_tag-brown-dress-shoes","10":"product_tag-calfskin-shoes","11":"product_tag-classic-mens-shoes","12":"product_tag-comfortable-dress-shoes","13":"product_tag-derby-shoes","14":"product_tag-goat-leather-lining","15":"product_tag-mens-leather-shoes","16":"product_tag-microlight-sole","17":"product_tag-wholesale-shoes","18":"desktop-align-center","19":"tablet-align-center","20":"mobile-align-center","22":"first","23":"instock","24":"shipping-taxable","25":"purchasable","26":"product-type-variable","27":"has-default-attributes"},"acf":[],"uagb_featured_image_src":{"full":["https:\/\/turkishtrade.co\/wp-content\/uploads\/2026\/01\/2600FKHMN00050-DARK-BROWN.png",453,250,false],"thumbnail":["https:\/\/turkishtrade.co\/wp-content\/uploads\/2026\/01\/2600FKHMN00050-DARK-BROWN-150x150.png",150,150,true],"medium":["https:\/\/turkishtrade.co\/wp-content\/uploads\/2026\/01\/2600FKHMN00050-DARK-BROWN-300x166.png",300,166,true],"medium_large":["https:\/\/turkishtrade.co\/wp-content\/uploads\/2026\/01\/2600FKHMN00050-DARK-BROWN.png",453,250,false],"large":["https:\/\/turkishtrade.co\/wp-content\/uploads\/2026\/01\/2600FKHMN00050-DARK-BROWN.png",453,250,false],"1536x1536":["https:\/\/turkishtrade.co\/wp-content\/uploads\/2026\/01\/2600FKHMN00050-DARK-BROWN.png",453,250,false],"2048x2048":["https:\/\/turkishtrade.co\/wp-content\/uploads\/2026\/01\/2600FKHMN00050-DARK-BROWN.png",453,250,false],"trp-custom-language-flag":["https:\/\/turkishtrade.co\/wp-content\/uploads\/2026\/01\/2600FKHMN00050-DARK-BROWN-18x10.png",18,10,true],"woocommerce_thumbnail":["https:\/\/turkishtrade.co\/wp-content\/uploads\/2026\/01\/2600FKHMN00050-DARK-BROWN-400x250.png",400,250,true],"woocommerce_single":["https:\/\/turkishtrade.co\/wp-content\/uploads\/2026\/01\/2600FKHMN00050-DARK-BROWN.png",453,250,false],"woocommerce_gallery_thumbnail":["https:\/\/turkishtrade.co\/wp-content\/uploads\/2026\/01\/2600FKHMN00050-DARK-BROWN-100x100.png",100,100,true]},"uagb_author_info":{"display_name":"python python","author_link":"https:\/\/turkishtrade.co\/es\/author\/"},"uagb_comment_info":0,"uagb_excerpt":"Handcrafted from genuine calf leather for a sophisticated finish. Luxurious goat leather lining ensures exceptional comfort and breathability. Features an advanced microlight sole for lightweight flexibility and superior cushioning. Classic Derby style with a refined two-tone brown design, perfect for any occasion. Available in European sizes 39-45. Wholesale orders are welcome with a minimum order&hellip;","_links":{"self":[{"href":"https:\/\/turkishtrade.co\/es\/wp-json\/wp\/v2\/product\/7993","targetHints":{"allow":["GET"]}}],"collection":[{"href":"https:\/\/turkishtrade.co\/es\/wp-json\/wp\/v2\/product"}],"about":[{"href":"https:\/\/turkishtrade.co\/es\/wp-json\/wp\/v2\/types\/product"}],"wp:featuredmedia":[{"embeddable":true,"href":"https:\/\/turkishtrade.co\/es\/wp-json\/wp\/v2\/media\/7033"}],"wp:attachment":[{"href":"https:\/\/turkishtrade.co\/es\/wp-json\/wp\/v2\/media?parent=7993"}],"wp:term":[{"taxonomy":"product_brand","embeddable":true,"href":"https:\/\/turkishtrade.co\/es\/wp-json\/wp\/v2\/product_brand?post=7993"},{"taxonomy":"product_cat","embeddable":true,"href":"https:\/\/turkishtrade.co\/es\/wp-json\/wp\/v2\/product_cat?post=7993"},{"taxonomy":"product_tag","embeddable":true,"href":"https:\/\/turkishtrade.co\/es\/wp-json\/wp\/v2\/product_tag?post=7993"}],"curies":[{"name":"wp","href":"https:\/\/api.w.org\/{rel}","templated":true}]}}