{"id":7991,"date":"2026-01-29T14:46:44","date_gmt":"2026-01-29T14:46:44","guid":{"rendered":"https:\/\/turkishtrade.co\/?post_type=product&#038;p=7991"},"modified":"2026-04-09T20:38:53","modified_gmt":"2026-04-09T20:38:53","slug":"mens-classic-black-dress-shoes","status":"publish","type":"product","link":"https:\/\/turkishtrade.co\/es\/shop\/mens-classic-black-dress-shoes\/","title":{"rendered":"Calzado de vestir cl\u00e1sico negro Proven | Calzado de vestir cl\u00e1sico negro de piel de becerro"},"content":{"rendered":"<p><strong>Zapatos de vestir cl\u00e1sicos negros para hombre<\/strong>. Calidad y dise\u00f1o probados.<\/p>\n<p>Aumente su colecci\u00f3n de calzado formal con nuestros exquisitos <strong>Zapatos de vestir cl\u00e1sicos negros para hombre<\/strong>. Dise\u00f1ados para el caballero exigente, estos zapatos combinan a la perfecci\u00f3n el estilo atemporal con el confort moderno y la durabilidad. Elaborados con la mejor piel de ternero, estos zapatos formales presentan un distintivo panel frontal texturizado que a\u00f1ade un toque \u00fanico de sofisticaci\u00f3n a su silueta cl\u00e1sica. Tanto si asiste a una importante reuni\u00f3n de negocios como a una elegante boda o a un sofisticado evento nocturno, estos <strong>Zapatos de vestir cl\u00e1sicos negros para hombre<\/strong> le garantizan una impresi\u00f3n duradera. Descubra lo \u00faltimo en <strong>Zapatos de vestir cl\u00e1sicos negros para hombre<\/strong> que combinan tradici\u00f3n y modernidad.<\/p>\n<h3>Artesan\u00eda inigualable y materiales de primera calidad<\/h3>\n<p>La calidad superior de estos <strong>Zapatos de vestir cl\u00e1sicos negros para hombre<\/strong> comienza con su meticulosa construcci\u00f3n. La parte superior est\u00e1 hecha de aut\u00e9ntica piel de becerro, conocida por su tacto flexible, durabilidad y brillo natural. Este material de primera calidad garantiza que su calzado no s\u00f3lo tenga un aspecto excepcional, sino que tambi\u00e9n resista el paso del tiempo y adquiera una rica p\u00e1tina con el uso. En el interior, sus pies experimentar\u00e1n un lujo sin igual con un forro completo de piel de cabra. Este forro suave y transpirable absorbe la humedad, manteniendo los pies c\u00f3modos y frescos durante todo el d\u00eda. <strong>Zapatos de vestir cl\u00e1sicos negros para hombre<\/strong> para un uso prolongado. Experimenta la verdadera esencia del calzado de primera calidad con estos elegantes zapatos de vestir negros.<\/p>\n<h3>Estilo sofisticado con confort moderno<\/h3>\n<p>M\u00e1s all\u00e1 de su impresionante est\u00e9tica, estos <strong>Zapatos de vestir cl\u00e1sicos negros para hombre<\/strong> est\u00e1n dise\u00f1ados para ofrecer un confort supremo. La innovadora suela ultraligera proporciona una ligereza y flexibilidad excepcionales, reduciendo significativamente la fatiga del pie asociada a menudo con los zapatos de vestir tradicionales. Su dise\u00f1o duradero pero acolchado ofrece un agarre excelente, como se aprecia en la llamativa base estampada en rojo y negro, garantizando confianza a cada paso. El cierre de cordones proporciona un ajuste seguro y regulable, adapt\u00e1ndose a la forma \u00fanica de su pie. La elegante puntera ligeramente afilada y el refinado detalle texturizado de la pala hacen que estas <strong>Zapatos de vestir cl\u00e1sicos negros para hombre<\/strong> un complemento vers\u00e1til para cualquier armario formal o semiformal, que realmente define el estilo sofisticado del hombre moderno. No encontrar\u00e1 nada mejor <strong>Zapatos de vestir cl\u00e1sicos negros para hombre<\/strong> tanto por su aspecto como por su tacto.<\/p>\n<h3>Ideal para mayoristas y minoristas<\/h3>\n<p>Para los minoristas que buscan ofrecer calzado de alta calidad y con estilo, estas <strong>Zapatos de vestir cl\u00e1sicos negros para hombre<\/strong> est\u00e1n disponibles para su compra al por mayor. Con una cantidad m\u00ednima de pedido de s\u00f3lo 16 pares, las empresas pueden almacenar f\u00e1cilmente estos tama\u00f1os populares (UE 39-45) y atender a una amplia base de clientes. Estos zapatos de vestir de piel de becerro negra son una inversi\u00f3n inteligente para cualquier boutique de moda masculina o zapater\u00eda, ya que ofrecen una mezcla de dise\u00f1o cl\u00e1sico, materiales de calidad superior y una comodidad excepcional. Proporcione a sus clientes la elegancia y la calidad que se merecen con estos zapatos de primera calidad. <strong>Zapatos de vestir cl\u00e1sicos negros para hombre<\/strong>.<\/p>\n<p>Invierte en un calzado que diga mucho de tu estilo. Nuestra <strong>Zapatos de vestir cl\u00e1sicos negros para hombre<\/strong> son m\u00e1s que un par de zapatos: son una declaraci\u00f3n de sofisticaci\u00f3n y calidad. Experimente la fusi\u00f3n perfecta de tradici\u00f3n e innovaci\u00f3n, dise\u00f1ada para complementar su mejor atuendo. Cuando se trata de estilo y comodidad duraderos, \u00e9stos son los zapatos definitivos. <strong>Zapatos de vestir cl\u00e1sicos negros para hombre<\/strong>.<\/p>","protected":false},"excerpt":{"rendered":"<ul>\n<li>Parte superior de piel de becerro de primera calidad para una elegancia duradera<\/li>\n<li>El lujoso forro de piel de cabra garantiza transpirabilidad y comodidad<\/li>\n<li>Suela ligera Microlight para llevarla todo el d\u00eda sin fatiga<\/li>\n<li>El distintivo detalle texturizado a\u00f1ade un toque sofisticado a estos zapatos de vestir cl\u00e1sicos negros para hombre<\/li>\n<li>Disponible en tallas EU: 39, 40, 41, 42, 43, 44, 45<\/li>\n<li>Oportunidades de venta al por mayor disponibles con un pedido m\u00ednimo de 16 pares.<\/li>\n<\/ul>","protected":false},"featured_media":7031,"template":"","meta":{"_acf_changed":false,"_uag_custom_page_level_css":"","site-sidebar-layout":"default","site-content-layout":"","ast-site-content-layout":"default","site-content-style":"default","site-sidebar-style":"default","ast-global-header-display":"","ast-banner-title-visibility":"","ast-main-header-display":"","ast-hfb-above-header-display":"","ast-hfb-below-header-display":"","ast-hfb-mobile-header-display":"","site-post-title":"","ast-breadcrumbs-content":"","ast-featured-img":"","footer-sml-layout":"","ast-disable-related-posts":"","theme-transparent-header-meta":"","adv-header-id-meta":"","stick-header-meta":"","header-above-stick-meta":"","header-main-stick-meta":"","header-below-stick-meta":"","astra-migrate-meta-layouts":"default","ast-page-background-enabled":"default","ast-page-background-meta":{"desktop":{"background-color":"var(--ast-global-color-4)","background-image":"","background-repeat":"repeat","background-position":"center center","background-size":"auto","background-attachment":"scroll","background-type":"","background-media":"","overlay-type":"","overlay-color":"","overlay-opacity":"","overlay-gradient":""},"tablet":{"background-color":"","background-image":"","background-repeat":"repeat","background-position":"center center","background-size":"auto","background-attachment":"scroll","background-type":"","background-media":"","overlay-type":"","overlay-color":"","overlay-opacity":"","overlay-gradient":""},"mobile":{"background-color":"","background-image":"","background-repeat":"repeat","background-position":"center center","background-size":"auto","background-attachment":"scroll","background-type":"","background-media":"","overlay-type":"","overlay-color":"","overlay-opacity":"","overlay-gradient":""}},"ast-content-background-meta":{"desktop":{"background-color":"var(--ast-global-color-5)","background-image":"","background-repeat":"repeat","background-position":"center center","background-size":"auto","background-attachment":"scroll","background-type":"","background-media":"","overlay-type":"","overlay-color":"","overlay-opacity":"","overlay-gradient":""},"tablet":{"background-color":"var(--ast-global-color-5)","background-image":"","background-repeat":"repeat","background-position":"center center","background-size":"auto","background-attachment":"scroll","background-type":"","background-media":"","overlay-type":"","overlay-color":"","overlay-opacity":"","overlay-gradient":""},"mobile":{"background-color":"var(--ast-global-color-5)","background-image":"","background-repeat":"repeat","background-position":"center center","background-size":"auto","background-attachment":"scroll","background-type":"","background-media":"","overlay-type":"","overlay-color":"","overlay-opacity":"","overlay-gradient":""}}},"product_brand":[],"product_cat":[47,430,1200],"product_tag":[196,405,566,1331,189,324,466,1332,262],"class_list":{"0":"post-7991","1":"product","2":"type-product","3":"status-publish","4":"has-post-thumbnail","6":"product_cat-classic","7":"product_cat-men","8":"product_cat-mens-shoes-2","9":"product_tag-black-leather-shoes","10":"product_tag-business-shoes","11":"product_tag-calfskin-shoes","12":"product_tag-classic-formal-shoes","13":"product_tag-goat-leather-lining","14":"product_tag-mens-dress-shoes","15":"product_tag-microlight-sole","16":"product_tag-textured-dress-shoes","17":"product_tag-wholesale-mens-shoes","18":"desktop-align-center","19":"tablet-align-center","20":"mobile-align-center","22":"first","23":"instock","24":"shipping-taxable","25":"purchasable","26":"product-type-variable","27":"has-default-attributes"},"acf":[],"uagb_featured_image_src":{"full":["https:\/\/turkishtrade.co\/wp-content\/uploads\/2026\/01\/2600FKHMN00048-BLACK.png",453,250,false],"thumbnail":["https:\/\/turkishtrade.co\/wp-content\/uploads\/2026\/01\/2600FKHMN00048-BLACK-150x150.png",150,150,true],"medium":["https:\/\/turkishtrade.co\/wp-content\/uploads\/2026\/01\/2600FKHMN00048-BLACK-300x166.png",300,166,true],"medium_large":["https:\/\/turkishtrade.co\/wp-content\/uploads\/2026\/01\/2600FKHMN00048-BLACK.png",453,250,false],"large":["https:\/\/turkishtrade.co\/wp-content\/uploads\/2026\/01\/2600FKHMN00048-BLACK.png",453,250,false],"1536x1536":["https:\/\/turkishtrade.co\/wp-content\/uploads\/2026\/01\/2600FKHMN00048-BLACK.png",453,250,false],"2048x2048":["https:\/\/turkishtrade.co\/wp-content\/uploads\/2026\/01\/2600FKHMN00048-BLACK.png",453,250,false],"trp-custom-language-flag":["https:\/\/turkishtrade.co\/wp-content\/uploads\/2026\/01\/2600FKHMN00048-BLACK-18x10.png",18,10,true],"woocommerce_thumbnail":["https:\/\/turkishtrade.co\/wp-content\/uploads\/2026\/01\/2600FKHMN00048-BLACK-400x250.png",400,250,true],"woocommerce_single":["https:\/\/turkishtrade.co\/wp-content\/uploads\/2026\/01\/2600FKHMN00048-BLACK.png",453,250,false],"woocommerce_gallery_thumbnail":["https:\/\/turkishtrade.co\/wp-content\/uploads\/2026\/01\/2600FKHMN00048-BLACK-100x100.png",100,100,true]},"uagb_author_info":{"display_name":"python python","author_link":"https:\/\/turkishtrade.co\/es\/author\/"},"uagb_comment_info":0,"uagb_excerpt":"Premium Calfskin Leather Upper for lasting elegance Luxurious Goat Leather Lining ensures breathability and comfort Lightweight Microlight Sole for all-day wear without fatigue Distinctive Textured Detail adds sophisticated flair to these Men's Classic Black Dress Shoes Available in EU Sizes: 39, 40, 41, 42, 43, 44, 45 Wholesale opportunities available with a minimum order of&hellip;","_links":{"self":[{"href":"https:\/\/turkishtrade.co\/es\/wp-json\/wp\/v2\/product\/7991","targetHints":{"allow":["GET"]}}],"collection":[{"href":"https:\/\/turkishtrade.co\/es\/wp-json\/wp\/v2\/product"}],"about":[{"href":"https:\/\/turkishtrade.co\/es\/wp-json\/wp\/v2\/types\/product"}],"wp:featuredmedia":[{"embeddable":true,"href":"https:\/\/turkishtrade.co\/es\/wp-json\/wp\/v2\/media\/7031"}],"wp:attachment":[{"href":"https:\/\/turkishtrade.co\/es\/wp-json\/wp\/v2\/media?parent=7991"}],"wp:term":[{"taxonomy":"product_brand","embeddable":true,"href":"https:\/\/turkishtrade.co\/es\/wp-json\/wp\/v2\/product_brand?post=7991"},{"taxonomy":"product_cat","embeddable":true,"href":"https:\/\/turkishtrade.co\/es\/wp-json\/wp\/v2\/product_cat?post=7991"},{"taxonomy":"product_tag","embeddable":true,"href":"https:\/\/turkishtrade.co\/es\/wp-json\/wp\/v2\/product_tag?post=7991"}],"curies":[{"name":"wp","href":"https:\/\/api.w.org\/{rel}","templated":true}]}}