{"id":7990,"date":"2026-01-29T14:46:44","date_gmt":"2026-01-29T14:46:44","guid":{"rendered":"https:\/\/turkishtrade.co\/?post_type=product&#038;p=7990"},"modified":"2026-04-09T20:38:56","modified_gmt":"2026-04-09T20:38:56","slug":"mens-classic-calf-leather-shoes","status":"publish","type":"product","link":"https:\/\/turkishtrade.co\/es\/shop\/mens-classic-calf-leather-shoes\/","title":{"rendered":"Zapatos cl\u00e1sicos de piel de becerro para hombre Luxury | Zapatos cl\u00e1sicos de piel de becerro para hombre"},"content":{"rendered":"<p><strong>Zapatos cl\u00e1sicos de hombre de piel de becerro<\/strong>. Calidad y dise\u00f1o de lujo.<\/p>\n<p>Ad\u00e9ntrese en la sofisticaci\u00f3n atemporal con nuestro exquisito <strong>Zapatos cl\u00e1sicos de hombre de piel de becerro<\/strong>. Dise\u00f1ados para el caballero exigente, estos zapatos sin cordones combinan a la perfecci\u00f3n la elegancia tradicional con la comodidad contempor\u00e1nea. Elaborados a partir de materiales de primera calidad y con un cuidado dise\u00f1o, estos zapatos no son s\u00f3lo un calzado; son una declaraci\u00f3n de estilo y calidad. Nuestra colecci\u00f3n de <strong>Zapatos cl\u00e1sicos de hombre de piel de becerro<\/strong> ofrece la soluci\u00f3n perfecta para minoristas y empresas que buscan ofrecer a sus clientes opciones de gama alta, duraderas y con estilo.<\/p>\n<h3>Artesan\u00eda inigualable y materiales de primera calidad<\/h3>\n<p>Cada par de estos <strong>Zapatos cl\u00e1sicos de hombre de piel de becerro<\/strong> es un testimonio de artesan\u00eda superior. La parte superior es de aut\u00e9ntica piel de becerro, famosa por su textura suave, durabilidad y aspecto lujoso. La piel de becerro se adapta perfectamente al pie, garantizando un ajuste c\u00f3modo que mejora con el paso del tiempo. En el interior, los zapatos est\u00e1n forrados con flexible piel de cabra, que proporciona un tacto incre\u00edblemente suave y una excelente transpirabilidad, manteniendo los pies c\u00f3modos durante todo el d\u00eda. La innovadora suela microlight a\u00f1ade un toque moderno, ofreciendo una ligereza y flexibilidad excepcionales sin comprometer la sujeci\u00f3n ni el agarre. Esta avanzada tecnolog\u00eda de suela hace que estos <strong>Zapatos cl\u00e1sicos de hombre de piel de becerro<\/strong> una elecci\u00f3n ideal para un uso prolongado, ya sea en la oficina o en eventos sociales.<\/p>\n<h3>Estilo atemporal para el caballero moderno<\/h3>\n<p>El dise\u00f1o de estos <strong>Zapatos cl\u00e1sicos de hombre de piel de becerro<\/strong> encarna una est\u00e9tica cl\u00e1sica con detalles refinados. Con una sofisticada puntera y sutiles detalles perforados en la pala, desprenden un encanto formal pero vers\u00e1til. El estilo slip-on garantiza la facilidad de uso, lo que los convierte en una opci\u00f3n pr\u00e1ctica para profesionales ocupados. Su tono marr\u00f3n intenso los hace incre\u00edblemente vers\u00e1tiles, adecuados para combinar con una gran variedad de atuendos, desde trajes de negocios hasta elegantes atuendos informales. Eleve su colecci\u00f3n de calzado u ofrezca a su clientela lo \u00faltimo en estilo refinado con estos zapatos esenciales. <strong>Zapatos cl\u00e1sicos de hombre de piel de becerro<\/strong>.<\/p>\n<h3>Oportunidad de venta al por mayor para las empresas<\/h3>\n<p>Entendemos las necesidades de los minoristas y estamos orgullosos de ofrecer estos excepcionales <strong>Zapatos cl\u00e1sicos de hombre de piel de becerro<\/strong> al por mayor. Con una cantidad m\u00ednima de pedido de s\u00f3lo 16 pares, las empresas pueden abastecerse f\u00e1cilmente de calzado de alta calidad que garantiza impresionar. Disponibles en una amplia gama de tallas europeas, de la 39 a la 45, podr\u00e1 atender a una amplia clientela. Invierta en nuestros <strong>Zapatos cl\u00e1sicos de hombre de piel de becerro<\/strong> significa invertir en calidad superior, artesan\u00eda fiable y un dise\u00f1o cl\u00e1sico que atraer\u00e1 constantemente a los clientes que buscan opciones duraderas y con estilo. P\u00f3ngase en contacto con nosotros hoy mismo para analizar sus requisitos de venta al por mayor y mejorar su oferta de productos con estos distinguidos zapatos.<\/p>","protected":false},"excerpt":{"rendered":"<ul>\n<li>Fabricados a mano en aut\u00e9ntica piel de ternero para un aspecto elegante y pulido.<\/li>\n<li>El lujoso forro interior de piel de cabra garantiza un confort y una transpirabilidad superiores.<\/li>\n<li>Equipadas con una suela ultraligera, ligera y flexible, para una mayor comodidad durante todo el d\u00eda.<\/li>\n<li>Disponible en una amplia gama de tallas europeas: 39, 40, 41, 42, 43, 44, 45.<\/li>\n<li>Ideal para la venta al por mayor; pedido m\u00ednimo de 16 pares.<\/li>\n<\/ul>","protected":false},"featured_media":7030,"template":"","meta":{"_acf_changed":false,"_uag_custom_page_level_css":"","site-sidebar-layout":"default","site-content-layout":"","ast-site-content-layout":"default","site-content-style":"default","site-sidebar-style":"default","ast-global-header-display":"","ast-banner-title-visibility":"","ast-main-header-display":"","ast-hfb-above-header-display":"","ast-hfb-below-header-display":"","ast-hfb-mobile-header-display":"","site-post-title":"","ast-breadcrumbs-content":"","ast-featured-img":"","footer-sml-layout":"","ast-disable-related-posts":"","theme-transparent-header-meta":"","adv-header-id-meta":"","stick-header-meta":"","header-above-stick-meta":"","header-main-stick-meta":"","header-below-stick-meta":"","astra-migrate-meta-layouts":"default","ast-page-background-enabled":"default","ast-page-background-meta":{"desktop":{"background-color":"var(--ast-global-color-4)","background-image":"","background-repeat":"repeat","background-position":"center center","background-size":"auto","background-attachment":"scroll","background-type":"","background-media":"","overlay-type":"","overlay-color":"","overlay-opacity":"","overlay-gradient":""},"tablet":{"background-color":"","background-image":"","background-repeat":"repeat","background-position":"center center","background-size":"auto","background-attachment":"scroll","background-type":"","background-media":"","overlay-type":"","overlay-color":"","overlay-opacity":"","overlay-gradient":""},"mobile":{"background-color":"","background-image":"","background-repeat":"repeat","background-position":"center center","background-size":"auto","background-attachment":"scroll","background-type":"","background-media":"","overlay-type":"","overlay-color":"","overlay-opacity":"","overlay-gradient":""}},"ast-content-background-meta":{"desktop":{"background-color":"var(--ast-global-color-5)","background-image":"","background-repeat":"repeat","background-position":"center center","background-size":"auto","background-attachment":"scroll","background-type":"","background-media":"","overlay-type":"","overlay-color":"","overlay-opacity":"","overlay-gradient":""},"tablet":{"background-color":"var(--ast-global-color-5)","background-image":"","background-repeat":"repeat","background-position":"center center","background-size":"auto","background-attachment":"scroll","background-type":"","background-media":"","overlay-type":"","overlay-color":"","overlay-opacity":"","overlay-gradient":""},"mobile":{"background-color":"var(--ast-global-color-5)","background-image":"","background-repeat":"repeat","background-position":"center center","background-size":"auto","background-attachment":"scroll","background-type":"","background-media":"","overlay-type":"","overlay-color":"","overlay-opacity":"","overlay-gradient":""}}},"product_brand":[],"product_cat":[47,430,1200],"product_tag":[292,185,251,351,1330,324,198,466,184,281],"class_list":{"0":"post-7990","1":"product","2":"type-product","3":"status-publish","4":"has-post-thumbnail","6":"product_cat-classic","7":"product_cat-men","8":"product_cat-mens-shoes-2","9":"product_tag-brown-leather-shoes","10":"product_tag-calf-leather-shoes","11":"product_tag-formal-shoes","12":"product_tag-leather-footwear","13":"product_tag-mens-classic-calf-leather-shoes","14":"product_tag-mens-dress-shoes","15":"product_tag-mens-fashion","16":"product_tag-microlight-sole","17":"product_tag-slip-on-shoes","18":"product_tag-wholesale-shoes","19":"desktop-align-center","20":"tablet-align-center","21":"mobile-align-center","23":"first","24":"instock","25":"shipping-taxable","26":"purchasable","27":"product-type-variable","28":"has-default-attributes"},"acf":[],"uagb_featured_image_src":{"full":["https:\/\/turkishtrade.co\/wp-content\/uploads\/2026\/01\/2600FKHMN00047-BROWN.png",453,250,false],"thumbnail":["https:\/\/turkishtrade.co\/wp-content\/uploads\/2026\/01\/2600FKHMN00047-BROWN-150x150.png",150,150,true],"medium":["https:\/\/turkishtrade.co\/wp-content\/uploads\/2026\/01\/2600FKHMN00047-BROWN-300x166.png",300,166,true],"medium_large":["https:\/\/turkishtrade.co\/wp-content\/uploads\/2026\/01\/2600FKHMN00047-BROWN.png",453,250,false],"large":["https:\/\/turkishtrade.co\/wp-content\/uploads\/2026\/01\/2600FKHMN00047-BROWN.png",453,250,false],"1536x1536":["https:\/\/turkishtrade.co\/wp-content\/uploads\/2026\/01\/2600FKHMN00047-BROWN.png",453,250,false],"2048x2048":["https:\/\/turkishtrade.co\/wp-content\/uploads\/2026\/01\/2600FKHMN00047-BROWN.png",453,250,false],"trp-custom-language-flag":["https:\/\/turkishtrade.co\/wp-content\/uploads\/2026\/01\/2600FKHMN00047-BROWN-18x10.png",18,10,true],"woocommerce_thumbnail":["https:\/\/turkishtrade.co\/wp-content\/uploads\/2026\/01\/2600FKHMN00047-BROWN-400x250.png",400,250,true],"woocommerce_single":["https:\/\/turkishtrade.co\/wp-content\/uploads\/2026\/01\/2600FKHMN00047-BROWN.png",453,250,false],"woocommerce_gallery_thumbnail":["https:\/\/turkishtrade.co\/wp-content\/uploads\/2026\/01\/2600FKHMN00047-BROWN-100x100.png",100,100,true]},"uagb_author_info":{"display_name":"python python","author_link":"https:\/\/turkishtrade.co\/es\/author\/"},"uagb_comment_info":0,"uagb_excerpt":"Handcrafted from genuine calf leather for a sleek, polished look. Luxurious goat leather interior lining ensures superior comfort and breathability. Equipped with a lightweight and flexible microlight sole for all-day ease. Available in a comprehensive range of European sizes: 39, 40, 41, 42, 43, 44, 45. Ideal for wholesale; minimum order quantity of 16 pairs.","_links":{"self":[{"href":"https:\/\/turkishtrade.co\/es\/wp-json\/wp\/v2\/product\/7990","targetHints":{"allow":["GET"]}}],"collection":[{"href":"https:\/\/turkishtrade.co\/es\/wp-json\/wp\/v2\/product"}],"about":[{"href":"https:\/\/turkishtrade.co\/es\/wp-json\/wp\/v2\/types\/product"}],"wp:featuredmedia":[{"embeddable":true,"href":"https:\/\/turkishtrade.co\/es\/wp-json\/wp\/v2\/media\/7030"}],"wp:attachment":[{"href":"https:\/\/turkishtrade.co\/es\/wp-json\/wp\/v2\/media?parent=7990"}],"wp:term":[{"taxonomy":"product_brand","embeddable":true,"href":"https:\/\/turkishtrade.co\/es\/wp-json\/wp\/v2\/product_brand?post=7990"},{"taxonomy":"product_cat","embeddable":true,"href":"https:\/\/turkishtrade.co\/es\/wp-json\/wp\/v2\/product_cat?post=7990"},{"taxonomy":"product_tag","embeddable":true,"href":"https:\/\/turkishtrade.co\/es\/wp-json\/wp\/v2\/product_tag?post=7990"}],"curies":[{"name":"wp","href":"https:\/\/api.w.org\/{rel}","templated":true}]}}