{"id":7988,"date":"2026-01-29T14:46:43","date_gmt":"2026-01-29T14:46:43","guid":{"rendered":"https:\/\/turkishtrade.co\/?post_type=product&#038;p=7988"},"modified":"2026-04-09T20:39:00","modified_gmt":"2026-04-09T20:39:00","slug":"classic-black-calf-leather-shoes","status":"publish","type":"product","link":"https:\/\/turkishtrade.co\/es\/shop\/classic-black-calf-leather-shoes\/","title":{"rendered":"Classic Black Calf Leather Shoes Proven | Classic Black Calf Leather Men's"},"content":{"rendered":"<p><strong>Zapatos cl\u00e1sicos de piel de becerro negra<\/strong>. Calidad y dise\u00f1o probados.<\/p>\n<p>Eleve su colecci\u00f3n de calzado con nuestros exquisitos <strong>Zapatos cl\u00e1sicos de piel de becerro negra<\/strong>, dise\u00f1ados para el caballero moderno que valora tanto el estilo como la comodidad. Estos zapatos derby para hombre de impecable confecci\u00f3n combinan la elegancia tradicional con el rendimiento contempor\u00e1neo, convirti\u00e9ndolos en un complemento esencial para tu armario. Desde importantes reuniones de negocios a sofisticados eventos nocturnos, estos zapatos est\u00e1n dise\u00f1ados para causar una impresi\u00f3n duradera, asegurando que siempre salgas con confianza. Si est\u00e1 buscando <strong>zapatos negros de piel de becerro<\/strong> que combinen lujo y practicidad, no busque m\u00e1s.<\/p>\n<h3>Artesan\u00eda sin igual y materiales de primera calidad<\/h3>\n<p>Cada par de estas impresionantes <strong>Zapatos cl\u00e1sicos de piel de becerro negra<\/strong> es un testimonio de artesan\u00eda superior. Seleccionamos meticulosamente piel de ternero de primera calidad para el empeine, famosa por su textura suave, tacto lujoso y durabilidad duradera. Esta piel de alta calidad no s\u00f3lo proporciona una est\u00e9tica elegante y refinada, sino que tambi\u00e9n se amolda al pie con el paso del tiempo, ofreciendo un ajuste personalizado. Estos sofisticados <strong>zapatos de hombre de cuero negro<\/strong> est\u00e1n dise\u00f1ados para durar y resistir el desgaste diario. El exterior robusto se complementa con un interior forrado de piel de cabra suntuosamente suave, que garantiza la transpirabilidad y un confort excepcional desde el primer uso. Las propiedades naturales de la piel de cabra reducen la fricci\u00f3n, manteniendo sus pies c\u00f3modos durante los d\u00edas m\u00e1s largos. Esta atenci\u00f3n al detalle define nuestra gama de <strong>zapatos cl\u00e1sicos de piel de becerro negra<\/strong>, para garantizar un producto que resista el paso del tiempo.<\/p>\n<h3>Innovadora suela ultraligera para mayor comodidad durante todo el d\u00eda<\/h3>\n<p>Experimente la fusi\u00f3n perfecta de estilo cl\u00e1sico e innovaci\u00f3n moderna con nuestra avanzada suela ultraligera. Dise\u00f1ada para ser incre\u00edblemente ligera, esta suela reduce significativamente la fatiga del pie, permiti\u00e9ndote moverte con facilidad y agilidad. A pesar de su construcci\u00f3n ligera como una pluma, la suela microlight ofrece una excelente absorci\u00f3n de impactos y una tracci\u00f3n fiable, lo que hace que estas zapatillas de primera calidad sean perfectas para cualquier situaci\u00f3n. <strong>zapatos negros de piel de becerro<\/strong> adecuado para diversos entornos urbanos. El estilizado perfil de la suela mantiene la elegante silueta del zapato, demostrando que la comodidad no tiene por qu\u00e9 comprometer el estilo. Disponibles en una amplia gama de tallas de la UE, de la 39 a la 45, encontrar el par perfecto de estos lujosos <strong>zapatos de hombre de cuero negro<\/strong> es sencillo y c\u00f3modo, y garantiza un ajuste perfecto.<\/p>\n<h3>Estilo vers\u00e1til para cualquier ocasi\u00f3n<\/h3>\n<p>El atemporal color negro y el cl\u00e1sico dise\u00f1o derby garantizan que estos zapatos para hombre sean incre\u00edblemente vers\u00e1tiles. Comb\u00ednalos con <strong>Zapatos cl\u00e1sicos de piel de becerro negra<\/strong> con un elegante traje de negocios para un look profesional, o con unos pantalones de sastrer\u00eda y una americana para una sofisticaci\u00f3n elegante e informal. Su discreta elegancia los hace adecuados para reuniones formales, ropa de oficina o incluso salidas informales de alto nivel. Invierta en un par de zapatos que no s\u00f3lo tengan un aspecto excepcional, sino que tambi\u00e9n sean c\u00f3modos y duraderos, reflejando su exigente gusto por la alta calidad. <strong>zapatos negros de piel de becerro<\/strong>.<\/p>\n<h3>Oportunidades de venta al por mayor<\/h3>\n<p>Para los minoristas y las empresas que buscan ofrecer calzado masculino de primera calidad, estas <strong>Zapatos cl\u00e1sicos de piel de becerro negra<\/strong> est\u00e1n disponibles para su compra al por mayor. Requerimos un pedido m\u00ednimo de 16 pares, lo que supone una excelente oportunidad para almacenar productos de alta calidad y gran demanda que atraen a una amplia base de clientes. P\u00f3ngase en contacto con nosotros hoy mismo para hablar de sus necesidades de venta al por mayor y aumentar su inventario con estos excepcionales productos. <strong>zapatos negros de piel de becerro<\/strong>, Garantizar la satisfacci\u00f3n de los clientes y su fidelidad.<\/p>","protected":false},"excerpt":{"rendered":"<ul>\n<li>Parte superior de piel de becerro de primera calidad para mayor durabilidad y estilo<\/li>\n<li>Lujoso forro de piel de cabra para mayor transpirabilidad y comodidad<\/li>\n<li>Innovadora suela microligera para una flexibilidad y sujeci\u00f3n ligeras<\/li>\n<li>Dise\u00f1o Derby cl\u00e1sico e intemporal, perfecto para ropa formal y de negocios<\/li>\n<li>Disponible en tallas EU: 39, 40, 41, 42, 43, 44, 45<\/li>\n<li>Se aceptan pedidos al por mayor (pedido m\u00ednimo: 16 pares)<\/li>\n<\/ul>","protected":false},"featured_media":7028,"template":"","meta":{"_acf_changed":false,"_uag_custom_page_level_css":"","site-sidebar-layout":"default","site-content-layout":"","ast-site-content-layout":"default","site-content-style":"default","site-sidebar-style":"default","ast-global-header-display":"","ast-banner-title-visibility":"","ast-main-header-display":"","ast-hfb-above-header-display":"","ast-hfb-below-header-display":"","ast-hfb-mobile-header-display":"","site-post-title":"","ast-breadcrumbs-content":"","ast-featured-img":"","footer-sml-layout":"","ast-disable-related-posts":"","theme-transparent-header-meta":"","adv-header-id-meta":"","stick-header-meta":"","header-above-stick-meta":"","header-main-stick-meta":"","header-below-stick-meta":"","astra-migrate-meta-layouts":"default","ast-page-background-enabled":"default","ast-page-background-meta":{"desktop":{"background-color":"var(--ast-global-color-4)","background-image":"","background-repeat":"repeat","background-position":"center center","background-size":"auto","background-attachment":"scroll","background-type":"","background-media":"","overlay-type":"","overlay-color":"","overlay-opacity":"","overlay-gradient":""},"tablet":{"background-color":"","background-image":"","background-repeat":"repeat","background-position":"center center","background-size":"auto","background-attachment":"scroll","background-type":"","background-media":"","overlay-type":"","overlay-color":"","overlay-opacity":"","overlay-gradient":""},"mobile":{"background-color":"","background-image":"","background-repeat":"repeat","background-position":"center center","background-size":"auto","background-attachment":"scroll","background-type":"","background-media":"","overlay-type":"","overlay-color":"","overlay-opacity":"","overlay-gradient":""}},"ast-content-background-meta":{"desktop":{"background-color":"var(--ast-global-color-5)","background-image":"","background-repeat":"repeat","background-position":"center center","background-size":"auto","background-attachment":"scroll","background-type":"","background-media":"","overlay-type":"","overlay-color":"","overlay-opacity":"","overlay-gradient":""},"tablet":{"background-color":"var(--ast-global-color-5)","background-image":"","background-repeat":"repeat","background-position":"center center","background-size":"auto","background-attachment":"scroll","background-type":"","background-media":"","overlay-type":"","overlay-color":"","overlay-opacity":"","overlay-gradient":""},"mobile":{"background-color":"var(--ast-global-color-5)","background-image":"","background-repeat":"repeat","background-position":"center center","background-size":"auto","background-attachment":"scroll","background-type":"","background-media":"","overlay-type":"","overlay-color":"","overlay-opacity":"","overlay-gradient":""}}},"product_brand":[],"product_cat":[47,430,1200],"product_tag":[196,513,299,1328,314,189,310,1283,1329,262],"class_list":{"0":"post-7988","1":"product","2":"type-product","3":"status-publish","4":"has-post-thumbnail","6":"product_cat-classic","7":"product_cat-men","8":"product_cat-mens-shoes-2","9":"product_tag-black-leather-shoes","10":"product_tag-business-casual-shoes","11":"product_tag-calf-leather-footwear","12":"product_tag-classic-black-calf-leather-shoes","13":"product_tag-formal-mens-shoes","14":"product_tag-goat-leather-lining","15":"product_tag-mens-derby-shoes","16":"product_tag-microlight-sole-shoes","17":"product_tag-timeless-black-shoes","18":"product_tag-wholesale-mens-shoes","19":"desktop-align-center","20":"tablet-align-center","21":"mobile-align-center","23":"first","24":"instock","25":"shipping-taxable","26":"purchasable","27":"product-type-variable","28":"has-default-attributes"},"acf":[],"uagb_featured_image_src":{"full":["https:\/\/turkishtrade.co\/wp-content\/uploads\/2026\/01\/2600FKHMN00045-BLACK.png",453,250,false],"thumbnail":["https:\/\/turkishtrade.co\/wp-content\/uploads\/2026\/01\/2600FKHMN00045-BLACK-150x150.png",150,150,true],"medium":["https:\/\/turkishtrade.co\/wp-content\/uploads\/2026\/01\/2600FKHMN00045-BLACK-300x166.png",300,166,true],"medium_large":["https:\/\/turkishtrade.co\/wp-content\/uploads\/2026\/01\/2600FKHMN00045-BLACK.png",453,250,false],"large":["https:\/\/turkishtrade.co\/wp-content\/uploads\/2026\/01\/2600FKHMN00045-BLACK.png",453,250,false],"1536x1536":["https:\/\/turkishtrade.co\/wp-content\/uploads\/2026\/01\/2600FKHMN00045-BLACK.png",453,250,false],"2048x2048":["https:\/\/turkishtrade.co\/wp-content\/uploads\/2026\/01\/2600FKHMN00045-BLACK.png",453,250,false],"trp-custom-language-flag":["https:\/\/turkishtrade.co\/wp-content\/uploads\/2026\/01\/2600FKHMN00045-BLACK-18x10.png",18,10,true],"woocommerce_thumbnail":["https:\/\/turkishtrade.co\/wp-content\/uploads\/2026\/01\/2600FKHMN00045-BLACK-400x250.png",400,250,true],"woocommerce_single":["https:\/\/turkishtrade.co\/wp-content\/uploads\/2026\/01\/2600FKHMN00045-BLACK.png",453,250,false],"woocommerce_gallery_thumbnail":["https:\/\/turkishtrade.co\/wp-content\/uploads\/2026\/01\/2600FKHMN00045-BLACK-100x100.png",100,100,true]},"uagb_author_info":{"display_name":"python python","author_link":"https:\/\/turkishtrade.co\/es\/author\/"},"uagb_comment_info":0,"uagb_excerpt":"Premium Calf Leather Upper for Durability and Style Luxurious Goat Leather Lining for Breathability and Comfort Innovative Microlight Sole for Lightweight Flexibility and Support Timeless Classic Derby Design, Perfect for Formal and Business Wear Available in EU Sizes: 39, 40, 41, 42, 43, 44, 45 Wholesale Orders Welcome (Minimum Order: 16 Pairs)","_links":{"self":[{"href":"https:\/\/turkishtrade.co\/es\/wp-json\/wp\/v2\/product\/7988","targetHints":{"allow":["GET"]}}],"collection":[{"href":"https:\/\/turkishtrade.co\/es\/wp-json\/wp\/v2\/product"}],"about":[{"href":"https:\/\/turkishtrade.co\/es\/wp-json\/wp\/v2\/types\/product"}],"wp:featuredmedia":[{"embeddable":true,"href":"https:\/\/turkishtrade.co\/es\/wp-json\/wp\/v2\/media\/7028"}],"wp:attachment":[{"href":"https:\/\/turkishtrade.co\/es\/wp-json\/wp\/v2\/media?parent=7988"}],"wp:term":[{"taxonomy":"product_brand","embeddable":true,"href":"https:\/\/turkishtrade.co\/es\/wp-json\/wp\/v2\/product_brand?post=7988"},{"taxonomy":"product_cat","embeddable":true,"href":"https:\/\/turkishtrade.co\/es\/wp-json\/wp\/v2\/product_cat?post=7988"},{"taxonomy":"product_tag","embeddable":true,"href":"https:\/\/turkishtrade.co\/es\/wp-json\/wp\/v2\/product_tag?post=7988"}],"curies":[{"name":"wp","href":"https:\/\/api.w.org\/{rel}","templated":true}]}}