{"id":7972,"date":"2026-01-29T14:46:27","date_gmt":"2026-01-29T14:46:27","guid":{"rendered":"https:\/\/turkishtrade.co\/?post_type=product&#038;p=7972"},"modified":"2026-04-09T20:39:03","modified_gmt":"2026-04-09T20:39:03","slug":"black-leather-double-monk-strap-shoes","status":"publish","type":"product","link":"https:\/\/turkishtrade.co\/es\/shop\/black-leather-double-monk-strap-shoes\/","title":{"rendered":"Cuero Negro Doble Monk Strap Zapatos Elite | Hombre Cl\u00e1sico"},"content":{"rendered":"<p><strong>Zapatos de piel negros con doble monk strap<\/strong>. Calidad y dise\u00f1o de \u00e9lite.<\/p>\n<p>Ad\u00e9ntrese en la sofisticaci\u00f3n atemporal con nuestros zapatos cl\u00e1sicos para hombre de piel negra con doble correa monk. Dise\u00f1ados para el caballero moderno, estos exquisitos zapatos combinan la artesan\u00eda tradicional con la comodidad contempor\u00e1nea. Cada par de estos <strong>zapatos monk strap de cuero negro<\/strong> es un testimonio de calidad superior, lo que las convierte en un complemento indispensable para cualquier armario exigente.<\/p>\n<p>Elaborados con la mejor piel de ternero aut\u00e9ntica, el exterior de estos zapatos monk strap luce un acabado pulido que irradia lujo. La atenci\u00f3n al detalle es evidente en la elegante puntera y las sutiles perforaciones de buen gusto, que a\u00f1aden una capa de refinamiento sartorial. Tanto si asiste a una reuni\u00f3n de negocios de alto nivel, a un evento formal o a una elegante reuni\u00f3n social, estos <strong>zapatos monk strap de cuero negro<\/strong> se asegurar\u00e1 de causar una impresi\u00f3n duradera.<\/p>\n<h3>Comodidad y durabilidad incomparables<\/h3>\n<p>M\u00e1s all\u00e1 de su aspecto llamativo, estos zapatos de hombre de primera calidad ofrecen una comodidad excepcional. El interior est\u00e1 totalmente forrado con suave piel de cabra, que proporciona un entorno transpirable y afelpado para tus pies. Este forro natural se adapta a la forma del pie con el paso del tiempo, garantizando un ajuste a medida que mejora el confort a cada paso. La base de estos excepcionales <strong>zapatos monk strap de cuero negro<\/strong> es una suela ultramoderna para ultraligeros. Dise\u00f1ada para ser duradera y muy ligera, esta suela ofrece una excelente tracci\u00f3n y flexibilidad, reduciendo la fatiga durante largos periodos de uso.<\/p>\n<h3>Versatilidad para todas las ocasiones<\/h3>\n<p>La versatilidad de estos cl\u00e1sicos <strong>zapatos monk strap de cuero negro<\/strong> es inigualable. Combinan a la perfecci\u00f3n con un elegante traje de negocios, a\u00f1aden un toque de elegancia a un atuendo informal o completan un conjunto formal de esmoquin. El emblem\u00e1tico cierre de doble hebilla no s\u00f3lo proporciona un ajuste seguro, sino que tambi\u00e9n es una declaraci\u00f3n de estilo distintiva que le diferencia de los zapatos de cordones tradicionales. Disponibles en una amplia gama de tallas, de la 39 a la 45, encontrar el ajuste perfecto es muy sencillo.<\/p>\n<p>Para los minoristas y las empresas, nos complace ofrecer estos productos de gran demanda <strong>zapatos monk strap de cuero negro<\/strong> al por mayor. Con un pedido m\u00ednimo de 16 pares, puede abastecer su inventario con un producto que promete estilo y calidad duradera, atrayendo a los clientes que aprecian el buen calzado. Invierta en un par de estos zapatos cl\u00e1sicos para hombre y experimente la fusi\u00f3n perfecta de dise\u00f1o tradicional y comodidad moderna.<\/p>","protected":false},"excerpt":{"rendered":"<ul>\n<li><strong>Materiales de primera calidad:<\/strong> Confeccionados en aut\u00e9ntica piel de ternero con un lujoso forro de piel de cabra.<\/li>\n<li><strong>Dise\u00f1o cl\u00e1sico:<\/strong> Presenta una elegante doble correa monje con una sofisticada puntera de ca\u00f1a y sutiles detalles de brogue.<\/li>\n<li><strong>Confort ligero:<\/strong> Equipadas con una suela ultraligera duradera y flexible para llevarlas todo el d\u00eda.<\/li>\n<li><strong>Tallas disponibles:<\/strong> Se ofrece en una amplia gama de tallas, de la 39 a la 45.<\/li>\n<li><strong>Oportunidad de venta al por mayor:<\/strong> Disponible para la compra al por mayor con un pedido m\u00ednimo de 16 pares.<\/li>\n<\/ul>","protected":false},"featured_media":7027,"template":"","meta":{"_acf_changed":false,"_uag_custom_page_level_css":"","site-sidebar-layout":"default","site-content-layout":"","ast-site-content-layout":"default","site-content-style":"default","site-sidebar-style":"default","ast-global-header-display":"","ast-banner-title-visibility":"","ast-main-header-display":"","ast-hfb-above-header-display":"","ast-hfb-below-header-display":"","ast-hfb-mobile-header-display":"","site-post-title":"","ast-breadcrumbs-content":"","ast-featured-img":"","footer-sml-layout":"","ast-disable-related-posts":"","theme-transparent-header-meta":"","adv-header-id-meta":"","stick-header-meta":"","header-above-stick-meta":"","header-main-stick-meta":"","header-below-stick-meta":"","astra-migrate-meta-layouts":"default","ast-page-background-enabled":"default","ast-page-background-meta":{"desktop":{"background-color":"var(--ast-global-color-4)","background-image":"","background-repeat":"repeat","background-position":"center center","background-size":"auto","background-attachment":"scroll","background-type":"","background-media":"","overlay-type":"","overlay-color":"","overlay-opacity":"","overlay-gradient":""},"tablet":{"background-color":"","background-image":"","background-repeat":"repeat","background-position":"center center","background-size":"auto","background-attachment":"scroll","background-type":"","background-media":"","overlay-type":"","overlay-color":"","overlay-opacity":"","overlay-gradient":""},"mobile":{"background-color":"","background-image":"","background-repeat":"repeat","background-position":"center center","background-size":"auto","background-attachment":"scroll","background-type":"","background-media":"","overlay-type":"","overlay-color":"","overlay-opacity":"","overlay-gradient":""}},"ast-content-background-meta":{"desktop":{"background-color":"var(--ast-global-color-5)","background-image":"","background-repeat":"repeat","background-position":"center center","background-size":"auto","background-attachment":"scroll","background-type":"","background-media":"","overlay-type":"","overlay-color":"","overlay-opacity":"","overlay-gradient":""},"tablet":{"background-color":"var(--ast-global-color-5)","background-image":"","background-repeat":"repeat","background-position":"center center","background-size":"auto","background-attachment":"scroll","background-type":"","background-media":"","overlay-type":"","overlay-color":"","overlay-opacity":"","overlay-gradient":""},"mobile":{"background-color":"var(--ast-global-color-5)","background-image":"","background-repeat":"repeat","background-position":"center center","background-size":"auto","background-attachment":"scroll","background-type":"","background-media":"","overlay-type":"","overlay-color":"","overlay-opacity":"","overlay-gradient":""}}},"product_brand":[],"product_cat":[47,430,1200],"product_tag":[196,202,145,1327,251,189,324,466,281],"class_list":{"0":"post-7972","1":"product","2":"type-product","3":"status-publish","4":"has-post-thumbnail","6":"product_cat-classic","7":"product_cat-men","8":"product_cat-mens-shoes-2","9":"product_tag-black-leather-shoes","10":"product_tag-calf-leather","11":"product_tag-classic-shoes","12":"product_tag-double-monk-strap","13":"product_tag-formal-shoes","14":"product_tag-goat-leather-lining","15":"product_tag-mens-dress-shoes","16":"product_tag-microlight-sole","17":"product_tag-wholesale-shoes","18":"desktop-align-center","19":"tablet-align-center","20":"mobile-align-center","22":"first","23":"instock","24":"shipping-taxable","25":"purchasable","26":"product-type-variable","27":"has-default-attributes"},"acf":[],"uagb_featured_image_src":{"full":["https:\/\/turkishtrade.co\/wp-content\/uploads\/2026\/01\/2600FKHMN00044-BLACK.png",453,250,false],"thumbnail":["https:\/\/turkishtrade.co\/wp-content\/uploads\/2026\/01\/2600FKHMN00044-BLACK-150x150.png",150,150,true],"medium":["https:\/\/turkishtrade.co\/wp-content\/uploads\/2026\/01\/2600FKHMN00044-BLACK-300x166.png",300,166,true],"medium_large":["https:\/\/turkishtrade.co\/wp-content\/uploads\/2026\/01\/2600FKHMN00044-BLACK.png",453,250,false],"large":["https:\/\/turkishtrade.co\/wp-content\/uploads\/2026\/01\/2600FKHMN00044-BLACK.png",453,250,false],"1536x1536":["https:\/\/turkishtrade.co\/wp-content\/uploads\/2026\/01\/2600FKHMN00044-BLACK.png",453,250,false],"2048x2048":["https:\/\/turkishtrade.co\/wp-content\/uploads\/2026\/01\/2600FKHMN00044-BLACK.png",453,250,false],"trp-custom-language-flag":["https:\/\/turkishtrade.co\/wp-content\/uploads\/2026\/01\/2600FKHMN00044-BLACK-18x10.png",18,10,true],"woocommerce_thumbnail":["https:\/\/turkishtrade.co\/wp-content\/uploads\/2026\/01\/2600FKHMN00044-BLACK-400x250.png",400,250,true],"woocommerce_single":["https:\/\/turkishtrade.co\/wp-content\/uploads\/2026\/01\/2600FKHMN00044-BLACK.png",453,250,false],"woocommerce_gallery_thumbnail":["https:\/\/turkishtrade.co\/wp-content\/uploads\/2026\/01\/2600FKHMN00044-BLACK-100x100.png",100,100,true]},"uagb_author_info":{"display_name":"python python","author_link":"https:\/\/turkishtrade.co\/es\/author\/"},"uagb_comment_info":0,"uagb_excerpt":"Premium Materials: Crafted from genuine calf leather with a luxurious goat leather lining. Classic Design: Features an elegant double monk strap with a sophisticated cap toe and subtle brogue detailing. Lightweight Comfort: Equipped with a durable and flexible microlight sole for all-day wear. Available Sizes: Offered in a comprehensive range of sizes from 39 to&hellip;","_links":{"self":[{"href":"https:\/\/turkishtrade.co\/es\/wp-json\/wp\/v2\/product\/7972","targetHints":{"allow":["GET"]}}],"collection":[{"href":"https:\/\/turkishtrade.co\/es\/wp-json\/wp\/v2\/product"}],"about":[{"href":"https:\/\/turkishtrade.co\/es\/wp-json\/wp\/v2\/types\/product"}],"wp:featuredmedia":[{"embeddable":true,"href":"https:\/\/turkishtrade.co\/es\/wp-json\/wp\/v2\/media\/7027"}],"wp:attachment":[{"href":"https:\/\/turkishtrade.co\/es\/wp-json\/wp\/v2\/media?parent=7972"}],"wp:term":[{"taxonomy":"product_brand","embeddable":true,"href":"https:\/\/turkishtrade.co\/es\/wp-json\/wp\/v2\/product_brand?post=7972"},{"taxonomy":"product_cat","embeddable":true,"href":"https:\/\/turkishtrade.co\/es\/wp-json\/wp\/v2\/product_cat?post=7972"},{"taxonomy":"product_tag","embeddable":true,"href":"https:\/\/turkishtrade.co\/es\/wp-json\/wp\/v2\/product_tag?post=7972"}],"curies":[{"name":"wp","href":"https:\/\/api.w.org\/{rel}","templated":true}]}}