{"id":7964,"date":"2026-01-29T14:46:25","date_gmt":"2026-01-29T14:46:25","guid":{"rendered":"https:\/\/turkishtrade.co\/?post_type=product&#038;p=7964"},"modified":"2026-04-09T20:39:26","modified_gmt":"2026-04-09T20:39:26","slug":"mens-brown-calf-leather-oxfords","status":"publish","type":"product","link":"https:\/\/turkishtrade.co\/es\/shop\/mens-brown-calf-leather-oxfords\/","title":{"rendered":"Oxfords de piel de becerro marr\u00f3n para hombre Lujo | Cl\u00e1sico de piel de becerro marr\u00f3n para hombre"},"content":{"rendered":"<p><strong>Oxfords de hombre en piel de becerro marr\u00f3n<\/strong>. Calidad y dise\u00f1o de lujo.<\/p>\n<p>Eleve su colecci\u00f3n de calzado con nuestros exquisitos <strong>Oxfords de hombre en piel de becerro marr\u00f3n<\/strong>. Dise\u00f1ados para el caballero exigente, estos cl\u00e1sicos zapatos Oxford con puntera en punta combinan la elegancia atemporal con el confort y la durabilidad modernos. Elaborados a partir de la mejor piel de ternero marr\u00f3n, estos zapatos presentan una sofisticada interacci\u00f3n de paneles de piel lisa y texturizada, que a\u00f1aden profundidad y car\u00e1cter a su rica y c\u00e1lida tonalidad. La meticulosa atenci\u00f3n al detalle y la artesan\u00eda superior garantizan un par de zapatos que no s\u00f3lo son visualmente impresionantes, sino que tambi\u00e9n est\u00e1n hechos para durar.<\/p>\n<h3>Confort inigualable y materiales de primera calidad<\/h3>\n<p>Experimenta una comodidad inigualable a cada paso, gracias al lujoso forro de piel de cabra. Este material natural y transpirable garantiza que tus pies se mantengan c\u00f3modos y frescos durante todo el d\u00eda, haciendo que nuestros <strong>Oxfords de hombre en piel de becerro marr\u00f3n<\/strong> ideal para largas reuniones de negocios o eventos formales prolongados. Bajo sus pies, la innovadora suela microlight ofrece una flexibilidad ligera excepcional y un agarre extraordinario. A diferencia de las suelas pesadas tradicionales, la tecnolog\u00eda microlight proporciona una sensaci\u00f3n de amortiguaci\u00f3n sin comprometer la durabilidad ni la tracci\u00f3n, garantizando una zancada estable y c\u00f3moda en diversas superficies. Desde el flexible empeine hasta la innovadora suela, todos los componentes se eligen por su calidad y rendimiento.<\/p>\n<h3>El estilo cl\u00e1sico se combina con el rendimiento contempor\u00e1neo<\/h3>\n<p>El dise\u00f1o cl\u00e1sico de puntera redondeada convierte a estos zapatos oxford marrones en un complemento vers\u00e1til para cualquier armario. Combinan a la perfecci\u00f3n con una amplia gama de trajes, esm\u00f3quines y atuendos elegantes e informales. El tono marr\u00f3n intenso es perfecto para a\u00f1adir calidez y sofisticaci\u00f3n a su look profesional o para destacar en reuniones sociales. Estos <strong>Oxfords de hombre en piel de becerro marr\u00f3n<\/strong> son algo m\u00e1s que zapatos: son una inversi\u00f3n en estilo, comodidad y calidad duradera.<\/p>\n<h3>Oportunidad de venta al por mayor para minoristas<\/h3>\n<p>Para las empresas que buscan ofrecer a sus clientes una calidad superior y un estilo excepcional, estos Oxfords de piel de becerro marr\u00f3n para hombre est\u00e1n disponibles para su compra al por mayor. Requerimos un pedido m\u00ednimo de 16 pares, proporcionando una excelente oportunidad para boutiques y minoristas para almacenar una alta demanda, producto de alta calidad. Nuestro compromiso con los materiales superiores y la artesan\u00eda experta garantiza que usted ofrezca a sus clientes s\u00f3lo lo mejor. As\u00f3ciese con nosotros para ofrecer un calzado que combina la elegancia cl\u00e1sica con la comodidad y fiabilidad actuales.<\/p>","protected":false},"excerpt":{"rendered":"<ul>\n<li>Parte superior de piel de ternero marr\u00f3n de primera calidad con paneles lisos y texturizados distintivos<\/li>\n<li>Lujosamente forrado con piel de cabra transpirable para un m\u00e1ximo confort<\/li>\n<li>Incorpora una suela ultraligera ligera y duradera para un agarre y una comodidad superiores.<\/li>\n<li>Dise\u00f1o oxford con puntera atemporal adecuado para ocasiones formales y de negocios<\/li>\n<li>Disponible en tallas europeas 39, 40, 41, 42, 43, 44, 45<\/li>\n<li>Se aceptan pedidos al por mayor con una cantidad m\u00ednima de 16 pares<\/li>\n<\/ul>","protected":false},"featured_media":7019,"template":"","meta":{"_acf_changed":false,"_uag_custom_page_level_css":"","site-sidebar-layout":"default","site-content-layout":"","ast-site-content-layout":"default","site-content-style":"default","site-sidebar-style":"default","ast-global-header-display":"","ast-banner-title-visibility":"","ast-main-header-display":"","ast-hfb-above-header-display":"","ast-hfb-below-header-display":"","ast-hfb-mobile-header-display":"","site-post-title":"","ast-breadcrumbs-content":"","ast-featured-img":"","footer-sml-layout":"","ast-disable-related-posts":"","theme-transparent-header-meta":"","adv-header-id-meta":"","stick-header-meta":"","header-above-stick-meta":"","header-main-stick-meta":"","header-below-stick-meta":"","astra-migrate-meta-layouts":"default","ast-page-background-enabled":"default","ast-page-background-meta":{"desktop":{"background-color":"var(--ast-global-color-4)","background-image":"","background-repeat":"repeat","background-position":"center center","background-size":"auto","background-attachment":"scroll","background-type":"","background-media":"","overlay-type":"","overlay-color":"","overlay-opacity":"","overlay-gradient":""},"tablet":{"background-color":"","background-image":"","background-repeat":"repeat","background-position":"center center","background-size":"auto","background-attachment":"scroll","background-type":"","background-media":"","overlay-type":"","overlay-color":"","overlay-opacity":"","overlay-gradient":""},"mobile":{"background-color":"","background-image":"","background-repeat":"repeat","background-position":"center center","background-size":"auto","background-attachment":"scroll","background-type":"","background-media":"","overlay-type":"","overlay-color":"","overlay-opacity":"","overlay-gradient":""}},"ast-content-background-meta":{"desktop":{"background-color":"var(--ast-global-color-5)","background-image":"","background-repeat":"repeat","background-position":"center center","background-size":"auto","background-attachment":"scroll","background-type":"","background-media":"","overlay-type":"","overlay-color":"","overlay-opacity":"","overlay-gradient":""},"tablet":{"background-color":"var(--ast-global-color-5)","background-image":"","background-repeat":"repeat","background-position":"center center","background-size":"auto","background-attachment":"scroll","background-type":"","background-media":"","overlay-type":"","overlay-color":"","overlay-opacity":"","overlay-gradient":""},"mobile":{"background-color":"var(--ast-global-color-5)","background-image":"","background-repeat":"repeat","background-position":"center center","background-size":"auto","background-attachment":"scroll","background-type":"","background-media":"","overlay-type":"","overlay-color":"","overlay-opacity":"","overlay-gradient":""}}},"product_brand":[],"product_cat":[47,430,1200],"product_tag":[292,566,541,754,251,189,1324,324,466,262],"class_list":{"0":"post-7964","1":"product","2":"type-product","3":"status-publish","4":"has-post-thumbnail","6":"product_cat-classic","7":"product_cat-men","8":"product_cat-mens-shoes-2","9":"product_tag-brown-leather-shoes","10":"product_tag-calfskin-shoes","11":"product_tag-cap-toe-oxfords","12":"product_tag-classic-mens-shoes","13":"product_tag-formal-shoes","14":"product_tag-goat-leather-lining","15":"product_tag-mens-brown-calf-leather-oxfords","16":"product_tag-mens-dress-shoes","17":"product_tag-microlight-sole","18":"product_tag-wholesale-mens-shoes","19":"desktop-align-center","20":"tablet-align-center","21":"mobile-align-center","23":"first","24":"instock","25":"shipping-taxable","26":"purchasable","27":"product-type-variable","28":"has-default-attributes"},"acf":[],"uagb_featured_image_src":{"full":["https:\/\/turkishtrade.co\/wp-content\/uploads\/2026\/01\/2600FKHMN00036-BROWN.png",453,250,false],"thumbnail":["https:\/\/turkishtrade.co\/wp-content\/uploads\/2026\/01\/2600FKHMN00036-BROWN-150x150.png",150,150,true],"medium":["https:\/\/turkishtrade.co\/wp-content\/uploads\/2026\/01\/2600FKHMN00036-BROWN-300x166.png",300,166,true],"medium_large":["https:\/\/turkishtrade.co\/wp-content\/uploads\/2026\/01\/2600FKHMN00036-BROWN.png",453,250,false],"large":["https:\/\/turkishtrade.co\/wp-content\/uploads\/2026\/01\/2600FKHMN00036-BROWN.png",453,250,false],"1536x1536":["https:\/\/turkishtrade.co\/wp-content\/uploads\/2026\/01\/2600FKHMN00036-BROWN.png",453,250,false],"2048x2048":["https:\/\/turkishtrade.co\/wp-content\/uploads\/2026\/01\/2600FKHMN00036-BROWN.png",453,250,false],"trp-custom-language-flag":["https:\/\/turkishtrade.co\/wp-content\/uploads\/2026\/01\/2600FKHMN00036-BROWN-18x10.png",18,10,true],"woocommerce_thumbnail":["https:\/\/turkishtrade.co\/wp-content\/uploads\/2026\/01\/2600FKHMN00036-BROWN-400x250.png",400,250,true],"woocommerce_single":["https:\/\/turkishtrade.co\/wp-content\/uploads\/2026\/01\/2600FKHMN00036-BROWN.png",453,250,false],"woocommerce_gallery_thumbnail":["https:\/\/turkishtrade.co\/wp-content\/uploads\/2026\/01\/2600FKHMN00036-BROWN-100x100.png",100,100,true]},"uagb_author_info":{"display_name":"python python","author_link":"https:\/\/turkishtrade.co\/es\/author\/"},"uagb_comment_info":0,"uagb_excerpt":"Crafted from premium brown calf leather upper with distinctive textured and smooth panels Luxuriously lined with breathable goat leather for ultimate comfort Features a lightweight and durable microlight sole for superior grip and wearability Timeless cap-toe oxford design suitable for formal and business occasions Available in European sizes 39, 40, 41, 42, 43, 44, 45&hellip;","_links":{"self":[{"href":"https:\/\/turkishtrade.co\/es\/wp-json\/wp\/v2\/product\/7964","targetHints":{"allow":["GET"]}}],"collection":[{"href":"https:\/\/turkishtrade.co\/es\/wp-json\/wp\/v2\/product"}],"about":[{"href":"https:\/\/turkishtrade.co\/es\/wp-json\/wp\/v2\/types\/product"}],"wp:featuredmedia":[{"embeddable":true,"href":"https:\/\/turkishtrade.co\/es\/wp-json\/wp\/v2\/media\/7019"}],"wp:attachment":[{"href":"https:\/\/turkishtrade.co\/es\/wp-json\/wp\/v2\/media?parent=7964"}],"wp:term":[{"taxonomy":"product_brand","embeddable":true,"href":"https:\/\/turkishtrade.co\/es\/wp-json\/wp\/v2\/product_brand?post=7964"},{"taxonomy":"product_cat","embeddable":true,"href":"https:\/\/turkishtrade.co\/es\/wp-json\/wp\/v2\/product_cat?post=7964"},{"taxonomy":"product_tag","embeddable":true,"href":"https:\/\/turkishtrade.co\/es\/wp-json\/wp\/v2\/product_tag?post=7964"}],"curies":[{"name":"wp","href":"https:\/\/api.w.org\/{rel}","templated":true}]}}