{"id":7941,"date":"2026-01-29T14:46:08","date_gmt":"2026-01-29T14:46:08","guid":{"rendered":"https:\/\/turkishtrade.co\/?post_type=product&#038;p=7941"},"modified":"2026-04-09T20:39:48","modified_gmt":"2026-04-09T20:39:48","slug":"mens-black-calfskin-derby-shoes","status":"publish","type":"product","link":"https:\/\/turkishtrade.co\/es\/shop\/mens-black-calfskin-derby-shoes\/","title":{"rendered":"Zapatos Derby Hombre Piel Becerro Negro Incre\u00edble | Premium | Estilo Cl\u00e1sico"},"content":{"rendered":"<p><strong>Zapatos Derby de hombre en piel de becerro negra<\/strong>. Calidad y dise\u00f1o incre\u00edbles.<\/p>\n<p>Disfrute de un estilo y una comodidad incomparables con nuestros productos de alta calidad. <strong>Zapatos Derby de hombre en piel de becerro negra<\/strong>. Dise\u00f1ados para el caballero exigente, estos zapatos combinan sin esfuerzo la elegancia cl\u00e1sica con la comodidad moderna. Elaborado a partir de piel de becerro de alta calidad, la parte superior ofrece una textura refinada y una durabilidad excepcional, prometiendo ser un elemento b\u00e1sico en su guardarropa en los pr\u00f3ximos a\u00f1os.<\/p>\n<p>El tono negro intenso garantiza su versatilidad, convirti\u00e9ndolos en la elecci\u00f3n ideal para una gran variedad de ocasiones, desde importantes reuniones de negocios hasta sofisticados eventos sociales o incluso ropa informal de alto nivel.<\/p>\n<h3>Artesan\u00eda inigualable y materiales de primera calidad<\/h3>\n<p>Cada par de nuestros <strong>Zapatos Derby de hombre en piel de becerro negra<\/strong> es un testimonio de artesan\u00eda superior. El exterior es de aut\u00e9ntica piel de becerro, conocida por su acabado suave y su naturaleza robusta, que adquiere una hermosa p\u00e1tina con el paso del tiempo. En el interior, sus pies estar\u00e1n acunados por un forro de piel de cabra suntuosamente suave, que proporciona transpirabilidad y un tacto agradable sobre la piel.<\/p>\n<p>Esta combinaci\u00f3n de materiales de primera calidad no s\u00f3lo eleva la est\u00e9tica, sino que tambi\u00e9n garantiza una comodidad duradera y un ajuste perfecto.<\/p>\n<h3>Comodidad y durabilidad superiores<\/h3>\n<p>Camine sobre las nubes con la innovadora suela de EVA. A diferencia de las suelas pesadas tradicionales, la suela de EVA es incre\u00edblemente ligera y ofrece una absorci\u00f3n de impactos y una flexibilidad superiores. Esto significa menos fatiga, incluso despu\u00e9s de largas horas de pie, sin comprometer el agarre ni la durabilidad.<\/p>\n<p>La suela cuidadosamente dise\u00f1ada proporciona estabilidad y apoyo, haciendo que estas <strong>Zapatos Derby de hombre en piel de becerro negra<\/strong> tan pr\u00e1cticos como elegantes. Tanto en las ajetreadas calles de la ciudad como en entornos formales de oficina, apreciar\u00e1s su comodidad fiable y su construcci\u00f3n robusta.<\/p>\n<h3>Estilo atemporal para cualquier ocasi\u00f3n<\/h3>\n<p>El dise\u00f1o del zapato Derby es una piedra angular del calzado cl\u00e1sico masculino, caracterizado por su sistema de cordones abiertos que permite un ajuste m\u00e1s c\u00f3modo. Nuestro <strong>Zapatos Derby de hombre en piel de becerro negra<\/strong> encarnan este atractivo atemporal, lo que las hace incre\u00edblemente vers\u00e1tiles.<\/p>\n<p>Comb\u00ednalos con un traje elegante para un look formal, p\u00f3ntelos con unos chinos y un blazer para eventos informales o incluso ll\u00e9valos con unos vaqueros oscuros para un elegante conjunto de fin de semana.<\/p>\n<p>Su adaptabilidad garantiza que sean un valioso complemento para la colecci\u00f3n de cualquier persona preocupada por la moda, proporcionando un acabado elegante y sofisticado a cualquier atuendo.<\/p>\n<h3>Oportunidad de venta al por mayor para las empresas<\/h3>\n<p>Para los minoristas y las empresas que buscan calzado de alta calidad, nuestro <strong>Zapatos Derby de hombre en piel de becerro negra<\/strong> est\u00e1n disponibles para su compra al por mayor. Ofrecemos precios competitivos para pedidos al por mayor, con una cantidad m\u00ednima de s\u00f3lo 16 pares. Esta es una excelente oportunidad para abastecer su inventario con zapatos artesanales de primera calidad que seguramente impresionar\u00e1n a su clientela.<\/p>\n<p>Ofrezca a sus clientes la combinaci\u00f3n perfecta de lujo, comodidad y estilo perdurable.<\/p>","protected":false},"excerpt":{"rendered":"<ul>\n<li>Parte superior de exquisita piel de becerro para un tacto lujoso y un aspecto sofisticado.<\/li>\n<li>El forro de piel de cabra suave y transpirable garantiza la comodidad durante todo el d\u00eda.<\/li>\n<li>Suela de EVA duradera y ligera que proporciona un excelente agarre y absorci\u00f3n de impactos.<\/li>\n<li>Estilo Derby atemporal, perfecto tanto para conjuntos informales como cl\u00e1sicos.<\/li>\n<li>Disponible en las tallas 39-45.<\/li>\n<li>Precios al por mayor disponibles con un pedido m\u00ednimo de 16 pares.<\/li>\n<\/ul>","protected":false},"featured_media":7093,"template":"","meta":{"_acf_changed":false,"_uag_custom_page_level_css":"","site-sidebar-layout":"default","site-content-layout":"","ast-site-content-layout":"default","site-content-style":"default","site-sidebar-style":"default","ast-global-header-display":"","ast-banner-title-visibility":"","ast-main-header-display":"","ast-hfb-above-header-display":"","ast-hfb-below-header-display":"","ast-hfb-mobile-header-display":"","site-post-title":"","ast-breadcrumbs-content":"","ast-featured-img":"","footer-sml-layout":"","ast-disable-related-posts":"","theme-transparent-header-meta":"","adv-header-id-meta":"","stick-header-meta":"","header-above-stick-meta":"","header-main-stick-meta":"","header-below-stick-meta":"","astra-migrate-meta-layouts":"default","ast-page-background-enabled":"default","ast-page-background-meta":{"desktop":{"background-color":"var(--ast-global-color-4)","background-image":"","background-repeat":"repeat","background-position":"center center","background-size":"auto","background-attachment":"scroll","background-type":"","background-media":"","overlay-type":"","overlay-color":"","overlay-opacity":"","overlay-gradient":""},"tablet":{"background-color":"","background-image":"","background-repeat":"repeat","background-position":"center center","background-size":"auto","background-attachment":"scroll","background-type":"","background-media":"","overlay-type":"","overlay-color":"","overlay-opacity":"","overlay-gradient":""},"mobile":{"background-color":"","background-image":"","background-repeat":"repeat","background-position":"center center","background-size":"auto","background-attachment":"scroll","background-type":"","background-media":"","overlay-type":"","overlay-color":"","overlay-opacity":"","overlay-gradient":""}},"ast-content-background-meta":{"desktop":{"background-color":"var(--ast-global-color-5)","background-image":"","background-repeat":"repeat","background-position":"center center","background-size":"auto","background-attachment":"scroll","background-type":"","background-media":"","overlay-type":"","overlay-color":"","overlay-opacity":"","overlay-gradient":""},"tablet":{"background-color":"var(--ast-global-color-5)","background-image":"","background-repeat":"repeat","background-position":"center center","background-size":"auto","background-attachment":"scroll","background-type":"","background-media":"","overlay-type":"","overlay-color":"","overlay-opacity":"","overlay-gradient":""},"mobile":{"background-color":"var(--ast-global-color-5)","background-image":"","background-repeat":"repeat","background-position":"center center","background-size":"auto","background-attachment":"scroll","background-type":"","background-media":"","overlay-type":"","overlay-color":"","overlay-opacity":"","overlay-gradient":""}}},"product_brand":[],"product_cat":[48,47,430,1200],"product_tag":[407,405,566,644,287,1261,1255,324,632,262],"class_list":{"0":"post-7941","1":"product","2":"type-product","3":"status-publish","4":"has-post-thumbnail","6":"product_cat-casual","7":"product_cat-classic","8":"product_cat-men","9":"product_cat-mens-shoes-2","10":"product_tag-black-derby-shoes","11":"product_tag-business-shoes","12":"product_tag-calfskin-shoes","13":"product_tag-classic-footwear","14":"product_tag-eva-sole-shoes","15":"product_tag-formal-oxfords","16":"product_tag-goat-leather-lined","17":"product_tag-mens-dress-shoes","18":"product_tag-premium-leather-shoes","19":"product_tag-wholesale-mens-shoes","20":"desktop-align-center","21":"tablet-align-center","22":"mobile-align-center","24":"first","25":"instock","26":"shipping-taxable","27":"purchasable","28":"product-type-variable","29":"has-default-attributes"},"acf":[],"uagb_featured_image_src":{"full":["https:\/\/turkishtrade.co\/wp-content\/uploads\/2026\/01\/2600FKHMN00028-BLACK.png",453,250,false],"thumbnail":["https:\/\/turkishtrade.co\/wp-content\/uploads\/2026\/01\/2600FKHMN00028-BLACK-150x150.png",150,150,true],"medium":["https:\/\/turkishtrade.co\/wp-content\/uploads\/2026\/01\/2600FKHMN00028-BLACK-300x166.png",300,166,true],"medium_large":["https:\/\/turkishtrade.co\/wp-content\/uploads\/2026\/01\/2600FKHMN00028-BLACK.png",453,250,false],"large":["https:\/\/turkishtrade.co\/wp-content\/uploads\/2026\/01\/2600FKHMN00028-BLACK.png",453,250,false],"1536x1536":["https:\/\/turkishtrade.co\/wp-content\/uploads\/2026\/01\/2600FKHMN00028-BLACK.png",453,250,false],"2048x2048":["https:\/\/turkishtrade.co\/wp-content\/uploads\/2026\/01\/2600FKHMN00028-BLACK.png",453,250,false],"trp-custom-language-flag":["https:\/\/turkishtrade.co\/wp-content\/uploads\/2026\/01\/2600FKHMN00028-BLACK-18x10.png",18,10,true],"woocommerce_thumbnail":["https:\/\/turkishtrade.co\/wp-content\/uploads\/2026\/01\/2600FKHMN00028-BLACK-400x250.png",400,250,true],"woocommerce_single":["https:\/\/turkishtrade.co\/wp-content\/uploads\/2026\/01\/2600FKHMN00028-BLACK.png",453,250,false],"woocommerce_gallery_thumbnail":["https:\/\/turkishtrade.co\/wp-content\/uploads\/2026\/01\/2600FKHMN00028-BLACK-100x100.png",100,100,true]},"uagb_author_info":{"display_name":"python python","author_link":"https:\/\/turkishtrade.co\/es\/author\/"},"uagb_comment_info":0,"uagb_excerpt":"Exquisite calfskin leather upper for a luxurious feel and sophisticated look. Soft and breathable goat leather lining ensures all-day comfort. Durable yet lightweight EVA sole provides excellent grip and shock absorption. Timeless Derby style, perfect for both casual and classic ensembles. Available in sizes 39-45. Wholesale pricing available with a minimum order of 16 pairs.","_links":{"self":[{"href":"https:\/\/turkishtrade.co\/es\/wp-json\/wp\/v2\/product\/7941","targetHints":{"allow":["GET"]}}],"collection":[{"href":"https:\/\/turkishtrade.co\/es\/wp-json\/wp\/v2\/product"}],"about":[{"href":"https:\/\/turkishtrade.co\/es\/wp-json\/wp\/v2\/types\/product"}],"wp:featuredmedia":[{"embeddable":true,"href":"https:\/\/turkishtrade.co\/es\/wp-json\/wp\/v2\/media\/7093"}],"wp:attachment":[{"href":"https:\/\/turkishtrade.co\/es\/wp-json\/wp\/v2\/media?parent=7941"}],"wp:term":[{"taxonomy":"product_brand","embeddable":true,"href":"https:\/\/turkishtrade.co\/es\/wp-json\/wp\/v2\/product_brand?post=7941"},{"taxonomy":"product_cat","embeddable":true,"href":"https:\/\/turkishtrade.co\/es\/wp-json\/wp\/v2\/product_cat?post=7941"},{"taxonomy":"product_tag","embeddable":true,"href":"https:\/\/turkishtrade.co\/es\/wp-json\/wp\/v2\/product_tag?post=7941"}],"curies":[{"name":"wp","href":"https:\/\/api.w.org\/{rel}","templated":true}]}}