{"id":7940,"date":"2026-01-29T14:46:08","date_gmt":"2026-01-29T14:46:08","guid":{"rendered":"https:\/\/turkishtrade.co\/?post_type=product&#038;p=7940"},"modified":"2026-04-09T20:39:51","modified_gmt":"2026-04-09T20:39:51","slug":"mens-calf-leather-derby-shoes-7","status":"publish","type":"product","link":"https:\/\/turkishtrade.co\/es\/shop\/mens-calf-leather-derby-shoes-7\/","title":{"rendered":"Zapatos Derby de piel de becerro para hombre Incre\u00edble | Premium | Estilo cl\u00e1sico &amp;"},"content":{"rendered":"<h2>Zapatos Derby de piel de becerro para hombre<\/h2>\n<p>Mejore su estilo con nuestros <strong>Zapatos Derby de piel de becerro para hombre<\/strong>. Creado para la excelencia.<\/p>\n<p>Entre en una elegancia atemporal y un confort inigualable con nuestro <strong>Zapatos Derby Cl\u00e1sicos de Hombre en Piel de Vacuno<\/strong>. Dise\u00f1ados para el caballero exigente, estos zapatos de primera calidad combinan la artesan\u00eda tradicional con la innovaci\u00f3n moderna para ofrecer una experiencia de calzado que es a la vez lujosa y pr\u00e1ctica.<\/p>\n<p>Cada par est\u00e1 fabricado meticulosamente, garantizando durabilidad, estilo y un ajuste perfecto para cualquier ocasi\u00f3n. Eleve su colecci\u00f3n de calzado con estos excepcionales <strong>Zapatos Derby de piel de becerro para hombre<\/strong>, una aut\u00e9ntica inversi\u00f3n en calidad y dise\u00f1o.<\/p>\n<h3>Artesan\u00eda sin igual y materiales de primera calidad<\/h3>\n<p>Nuestra <strong>Zapatos Derby de piel de becerro para hombre<\/strong> son un testimonio de fabricaci\u00f3n de calzado superior. El empeine est\u00e1 fabricado en piel de ternero de alta calidad, famosa por su textura suave, su resistencia y su capacidad para desarrollar una hermosa p\u00e1tina con el paso del tiempo. Este material de primera calidad no s\u00f3lo proporciona una est\u00e9tica sofisticada, sino que tambi\u00e9n garantiza un uso duradero.<\/p>\n<p>En el interior, tus pies estar\u00e1n envueltos en un suntuoso forro de piel de cabra, famosa por su excepcional suavidad y transpirabilidad. Este forro natural evacua la humedad, manteniendo los pies secos y c\u00f3modos durante todo el d\u00eda. <strong>Zapatos Derby de piel de becerro para hombre<\/strong> ideal para un uso prolongado.<\/p>\n<h3>Dise\u00f1ado para ofrecer comodidad y durabilidad<\/h3>\n<p>La comodidad es primordial, y estas <strong>Zapatos Derby de piel de becerro para hombre<\/strong> no decepcionan. Incorporan una avanzada suela de EVA (etilvinilacetato), un material ampliamente reconocido por sus propiedades de ligereza, flexibilidad y amortiguaci\u00f3n. A diferencia de las suelas tradicionales m\u00e1s pesadas, la suela de EVA reduce significativamente la fatiga, permiti\u00e9ndole moverse con facilidad y confianza.<\/p>\n<p>La robusta construcci\u00f3n combinada con la innovadora suela garantiza que estos <strong>Zapatos Derby de piel de becerro para hombre<\/strong> ser\u00e1 un complemento fiable para tu armario durante muchos a\u00f1os. Tanto si te mueves por las calles de la ciudad como si asistes a un evento formal, disfruta de un apoyo y una amortiguaci\u00f3n superiores a cada paso.<\/p>\n<h3>Estilo vers\u00e1til para cualquier ocasi\u00f3n<\/h3>\n<p>La cl\u00e1sica silueta Derby de estos <strong>Zapatos Derby de piel de becerro para hombre<\/strong> los hace incre\u00edblemente vers\u00e1tiles. Su elegante dise\u00f1o se adapta a la perfecci\u00f3n tanto a entornos profesionales como a salidas elegantes e informales. Comb\u00ednalos con un traje de sastrer\u00eda para una importante reuni\u00f3n de negocios, con unos chinos y una americana para un look refinado de fin de semana o con unos vaqueros oscuros para un conjunto informal.<\/p>\n<p>Con su sofisticado tono oscuro y su impecable acabado, estos <strong>Zapatos Derby de piel de becerro para hombre<\/strong> est\u00e1n dise\u00f1ados para complementar una amplia gama de atuendos, lo que los convierte en un b\u00e1sico indispensable en el armario de cualquier hombre moderno. Experimente la mezcla perfecta de atractivo tradicional y funcionalidad contempor\u00e1nea.<\/p>\n<h3>Oportunidades de venta al por mayor<\/h3>\n<p>Para los minoristas y las empresas que desean ofrecer calzado de alta calidad, nuestros <strong>Zapatos Derby de piel de becerro para hombre<\/strong> est\u00e1n disponibles para su compra al por mayor. Requerimos un pedido m\u00ednimo de 16 pares, lo que supone una excelente oportunidad para almacenar calzado de primera calidad que atraer\u00e1 a su clientela.<\/p>\n<p>P\u00f3ngase en contacto con nosotros hoy mismo para obtener m\u00e1s informaci\u00f3n sobre nuestro programa de venta al por mayor y llevar estos exquisitos <strong>Zapatos Derby de piel de becerro para hombre<\/strong> a sus clientes.<\/p>","protected":false},"excerpt":{"rendered":"<ul>\n<li>Exquisito empeine de piel de becerro: Duradera y elegante, ofrece un acabado sofisticado.<\/li>\n<li>Lujoso forro de piel de cabra: Garantiza el m\u00e1ximo confort y transpirabilidad para llevarlo todo el d\u00eda.<\/li>\n<li>Suela ligera de EVA: Proporciona una excelente amortiguaci\u00f3n, flexibilidad y tracci\u00f3n.<\/li>\n<li>Tallas disponibles: 39, 40, 41, 42, 43, 44, 45 (tallas europeas).<\/li>\n<li>Estilo Derby cl\u00e1sico: Dise\u00f1o vers\u00e1til adecuado tanto para conjuntos formales como informales.<\/li>\n<li>Disponibilidad para mayoristas: Cantidad m\u00ednima de pedido de 16 pares para nuestros socios comerciales.<\/li>\n<\/ul>","protected":false},"featured_media":7091,"template":"","meta":{"_acf_changed":false,"_uag_custom_page_level_css":"","site-sidebar-layout":"default","site-content-layout":"","ast-site-content-layout":"default","site-content-style":"default","site-sidebar-style":"default","ast-global-header-display":"","ast-banner-title-visibility":"","ast-main-header-display":"","ast-hfb-above-header-display":"","ast-hfb-below-header-display":"","ast-hfb-mobile-header-display":"","site-post-title":"","ast-breadcrumbs-content":"","ast-featured-img":"","footer-sml-layout":"","ast-disable-related-posts":"","theme-transparent-header-meta":"","adv-header-id-meta":"","stick-header-meta":"","header-above-stick-meta":"","header-main-stick-meta":"","header-below-stick-meta":"","astra-migrate-meta-layouts":"default","ast-page-background-enabled":"default","ast-page-background-meta":{"desktop":{"background-color":"var(--ast-global-color-4)","background-image":"","background-repeat":"repeat","background-position":"center center","background-size":"auto","background-attachment":"scroll","background-type":"","background-media":"","overlay-type":"","overlay-color":"","overlay-opacity":"","overlay-gradient":""},"tablet":{"background-color":"","background-image":"","background-repeat":"repeat","background-position":"center center","background-size":"auto","background-attachment":"scroll","background-type":"","background-media":"","overlay-type":"","overlay-color":"","overlay-opacity":"","overlay-gradient":""},"mobile":{"background-color":"","background-image":"","background-repeat":"repeat","background-position":"center center","background-size":"auto","background-attachment":"scroll","background-type":"","background-media":"","overlay-type":"","overlay-color":"","overlay-opacity":"","overlay-gradient":""}},"ast-content-background-meta":{"desktop":{"background-color":"var(--ast-global-color-5)","background-image":"","background-repeat":"repeat","background-position":"center center","background-size":"auto","background-attachment":"scroll","background-type":"","background-media":"","overlay-type":"","overlay-color":"","overlay-opacity":"","overlay-gradient":""},"tablet":{"background-color":"var(--ast-global-color-5)","background-image":"","background-repeat":"repeat","background-position":"center center","background-size":"auto","background-attachment":"scroll","background-type":"","background-media":"","overlay-type":"","overlay-color":"","overlay-opacity":"","overlay-gradient":""},"mobile":{"background-color":"var(--ast-global-color-5)","background-image":"","background-repeat":"repeat","background-position":"center center","background-size":"auto","background-attachment":"scroll","background-type":"","background-media":"","overlay-type":"","overlay-color":"","overlay-opacity":"","overlay-gradient":""}}},"product_brand":[],"product_cat":[48,47,430,1200],"product_tag":[1253,1259,754,1077,287,251,189,1260,286,281],"class_list":{"0":"post-7940","1":"product","2":"type-product","3":"status-publish","4":"has-post-thumbnail","6":"product_cat-casual","7":"product_cat-classic","8":"product_cat-men","9":"product_cat-mens-shoes-2","10":"product_tag-calf-leather-derby","11":"product_tag-casual-smart-shoes","12":"product_tag-classic-mens-shoes","13":"product_tag-durable-mens-shoes","14":"product_tag-eva-sole-shoes","15":"product_tag-formal-shoes","16":"product_tag-goat-leather-lining","17":"product_tag-handmade-footwear","18":"product_tag-mens-leather-shoes","19":"product_tag-wholesale-shoes","20":"desktop-align-center","21":"tablet-align-center","22":"mobile-align-center","24":"first","25":"instock","26":"shipping-taxable","27":"purchasable","28":"product-type-variable","29":"has-default-attributes"},"acf":[],"uagb_featured_image_src":{"full":["https:\/\/turkishtrade.co\/wp-content\/uploads\/2026\/01\/2600FKHMN00027-DARK-BLUE.png",453,250,false],"thumbnail":["https:\/\/turkishtrade.co\/wp-content\/uploads\/2026\/01\/2600FKHMN00027-DARK-BLUE-150x150.png",150,150,true],"medium":["https:\/\/turkishtrade.co\/wp-content\/uploads\/2026\/01\/2600FKHMN00027-DARK-BLUE-300x166.png",300,166,true],"medium_large":["https:\/\/turkishtrade.co\/wp-content\/uploads\/2026\/01\/2600FKHMN00027-DARK-BLUE.png",453,250,false],"large":["https:\/\/turkishtrade.co\/wp-content\/uploads\/2026\/01\/2600FKHMN00027-DARK-BLUE.png",453,250,false],"1536x1536":["https:\/\/turkishtrade.co\/wp-content\/uploads\/2026\/01\/2600FKHMN00027-DARK-BLUE.png",453,250,false],"2048x2048":["https:\/\/turkishtrade.co\/wp-content\/uploads\/2026\/01\/2600FKHMN00027-DARK-BLUE.png",453,250,false],"trp-custom-language-flag":["https:\/\/turkishtrade.co\/wp-content\/uploads\/2026\/01\/2600FKHMN00027-DARK-BLUE-18x10.png",18,10,true],"woocommerce_thumbnail":["https:\/\/turkishtrade.co\/wp-content\/uploads\/2026\/01\/2600FKHMN00027-DARK-BLUE-400x250.png",400,250,true],"woocommerce_single":["https:\/\/turkishtrade.co\/wp-content\/uploads\/2026\/01\/2600FKHMN00027-DARK-BLUE.png",453,250,false],"woocommerce_gallery_thumbnail":["https:\/\/turkishtrade.co\/wp-content\/uploads\/2026\/01\/2600FKHMN00027-DARK-BLUE-100x100.png",100,100,true]},"uagb_author_info":{"display_name":"python python","author_link":"https:\/\/turkishtrade.co\/es\/author\/"},"uagb_comment_info":0,"uagb_excerpt":"Exquisite Calf Leather Upper: Durable and stylish, offering a sophisticated finish. Luxurious Goat Leather Lining: Ensures maximum comfort and breathability for all-day wear. Lightweight EVA Sole: Provides excellent cushioning, flexibility, and traction. Available Sizes: 39, 40, 41, 42, 43, 44, 45 (European sizes). Classic Derby Style: Versatile design suitable for both formal and casual ensembles.&hellip;","_links":{"self":[{"href":"https:\/\/turkishtrade.co\/es\/wp-json\/wp\/v2\/product\/7940","targetHints":{"allow":["GET"]}}],"collection":[{"href":"https:\/\/turkishtrade.co\/es\/wp-json\/wp\/v2\/product"}],"about":[{"href":"https:\/\/turkishtrade.co\/es\/wp-json\/wp\/v2\/types\/product"}],"wp:featuredmedia":[{"embeddable":true,"href":"https:\/\/turkishtrade.co\/es\/wp-json\/wp\/v2\/media\/7091"}],"wp:attachment":[{"href":"https:\/\/turkishtrade.co\/es\/wp-json\/wp\/v2\/media?parent=7940"}],"wp:term":[{"taxonomy":"product_brand","embeddable":true,"href":"https:\/\/turkishtrade.co\/es\/wp-json\/wp\/v2\/product_brand?post=7940"},{"taxonomy":"product_cat","embeddable":true,"href":"https:\/\/turkishtrade.co\/es\/wp-json\/wp\/v2\/product_cat?post=7940"},{"taxonomy":"product_tag","embeddable":true,"href":"https:\/\/turkishtrade.co\/es\/wp-json\/wp\/v2\/product_tag?post=7940"}],"curies":[{"name":"wp","href":"https:\/\/api.w.org\/{rel}","templated":true}]}}