{"id":7936,"date":"2026-01-29T14:46:07","date_gmt":"2026-01-29T14:46:07","guid":{"rendered":"https:\/\/turkishtrade.co\/?post_type=product&#038;p=7936"},"modified":"2026-04-09T20:40:00","modified_gmt":"2026-04-09T20:40:00","slug":"mens-brown-suede-derby-shoes-3","status":"publish","type":"product","link":"https:\/\/turkishtrade.co\/es\/shop\/mens-brown-suede-derby-shoes-3\/","title":{"rendered":"Zapatos Derby Hombre Ante Marr\u00f3n Aut\u00e9ntico | Premium | Piel de becerro &amp;"},"content":{"rendered":"<p><strong>Zapatos Derby de ante marr\u00f3n para hombre<\/strong>. Calidad y dise\u00f1o aut\u00e9nticos.<\/p>\n<p>Sum\u00e9rjase en un confort sofisticado y un estilo atemporal con nuestro excepcional <strong>Zapatos Derby de ante marr\u00f3n para hombre<\/strong>. Dise\u00f1ados para el caballero exigente, estos zapatos combinan a la perfecci\u00f3n la est\u00e9tica cl\u00e1sica con la comodidad moderna. Confeccionados en piel de ternero de primera calidad con un lujoso acabado de ante, estos zapatos Derby son un complemento indispensable para cualquier armario, ya que ofrecen una versatilidad inigualable tanto para ocasiones informales como semiformales.<\/p>\n<p>Experimenta la calidad superior y la meticulosa artesan\u00eda que se encuentra en cada par de estos elegantes <strong style=\"font-weight: bold\">Zapatos Derby de ante marr\u00f3n para hombre<\/strong>.<\/p>\n<h3>Artesan\u00eda sin igual y materiales de primera calidad<\/h3>\n<p>Cada par de nuestros <strong>Zapatos Derby de ante marr\u00f3n para hombre<\/strong> es un testimonio de la calidad de construcci\u00f3n y la excelencia de los materiales. La parte superior est\u00e1 meticulosamente confeccionada en aut\u00e9ntica piel de ternero, famosa por su textura flexible y notable durabilidad. La rica apariencia de ante marr\u00f3n irradia una refinada elegancia que es a la vez moderna y cl\u00e1sica.<\/p>\n<p>En el interior, sus pies estar\u00e1n envueltos por un forro de piel de cabra suave y transpirable, que garantiza la m\u00e1xima comodidad durante todo el d\u00eda, incluso durante un uso prolongado. Esta cuidada combinaci\u00f3n de materiales de alta calidad no solo realza el atractivo est\u00e9tico, sino que tambi\u00e9n proporciona un uso duradero y una experiencia excepcionalmente c\u00f3moda.<\/p>\n<p>La atenci\u00f3n al detalle es evidente en cada puntada, prometiendo un producto que realmente resiste la prueba del tiempo.<\/p>\n<h3>Dise\u00f1ado para ofrecer la m\u00e1xima comodidad y durabilidad<\/h3>\n<p>La comodidad es primordial, y estas <strong>Zapatos Derby de ante marr\u00f3n para hombre<\/strong> est\u00e1n dise\u00f1adas para cumplir. Cuentan con una suela de EVA ligera y flexible que ofrece una amortiguaci\u00f3n excelente, una absorci\u00f3n de impactos superior y una flexibilidad mejorada, lo que las hace ideales para llevarlas durante todo el d\u00eda. La suela texturizada tambi\u00e9n proporciona una tracci\u00f3n fiable, lo que garantiza la estabilidad en diversas superficies y se suma a la durabilidad general del zapato.<\/p>\n<p>Tanto si te mueves por las bulliciosas calles de la ciudad como si pasas el d\u00eda en la oficina o disfrutas de una salida de fin de semana, estos zapatos Derby te mantendr\u00e1n c\u00f3modo sin renunciar nunca al estilo. Gracias a su robusta construcci\u00f3n, puedes confiar en estos <strong style=\"font-weight: bold\">Zapatos Derby de ante marr\u00f3n para hombre<\/strong> durante muchas temporadas, lo que los convierte en una sabia inversi\u00f3n en tu colecci\u00f3n de calzado.<\/p>\n<h3>Estilo vers\u00e1til para cualquier ocasi\u00f3n<\/h3>\n<p>La cl\u00e1sica silueta Derby, combinada con el atractivo atemporal del ante marr\u00f3n, hace que estos zapatos sean incre\u00edblemente vers\u00e1tiles. Son la elecci\u00f3n perfecta para elevar una amplia gama de conjuntos. Comb\u00ednalos con pantalones de sastrer\u00eda para un look informal elegante, con chinos para un conjunto refinado pero relajado, o incluso con vaqueros oscuros para un atuendo informal m\u00e1s pulido.<\/p>\n<p>Estos <strong style=\"font-weight: bold\">Zapatos Derby de ante marr\u00f3n para hombre<\/strong> pasan sin esfuerzo de los entornos informales de negocios a las reuniones de fin de semana, lo que los convierte en una elecci\u00f3n acertada para casi cualquier ocasi\u00f3n. Su discreta elegancia hace que combinen con una amplia gama de estilos y colores, ofreciendo infinitas posibilidades de estilo al hombre moderno que busca sofisticaci\u00f3n y comodidad.<\/p>\n<h3>Oportunidad de venta al por mayor para las empresas<\/h3>\n<p>Para los minoristas y las empresas que desean almacenar calzado de alta calidad, nuestros <strong>Zapatos Derby de ante marr\u00f3n para hombre<\/strong> est\u00e1n disponibles para su compra al por mayor. Con una c\u00f3moda cantidad m\u00ednima de pedido de tan solo 16 pares, podr\u00e1 ofrecer f\u00e1cilmente a sus clientes zapatos Derby de piel de ternero de primera calidad que combinan una artesan\u00eda excepcional con un precio competitivo.<\/p>\n<p>Estos codiciados zapatos est\u00e1n disponibles en una amplia gama de tallas europeas, de la 39 a la 45. Mejore su oferta de productos y atienda a clientes exigentes con estos zapatos elegantes y bien elaborados. <strong style=\"font-weight: bold\">Zapatos Derby de ante marr\u00f3n para hombre<\/strong>, conocidos por su atractivo universal y su calidad.<\/p>","protected":false},"excerpt":{"rendered":"<ul>\n<li>Parte superior de piel de ternero de primera calidad para un tacto lujoso y un elegante acabado de ante<\/li>\n<li>Forro de piel de cabra suave y transpirable para una mayor comodidad durante todo el d\u00eda<\/li>\n<li>Suela de EVA ligera y flexible para una mayor amortiguaci\u00f3n, tracci\u00f3n y durabilidad<\/li>\n<li>Estilo Derby atemporal adecuado tanto para conjuntos informales como cl\u00e1sicos<\/li>\n<li>Disponible en las tallas europeas 39-45<\/li>\n<li><strong>Se aceptan pedidos al por mayor (m\u00ednimo 16 pares)<\/strong><\/li>\n<\/ul>","protected":false},"featured_media":7083,"template":"","meta":{"_acf_changed":false,"_uag_custom_page_level_css":"","site-sidebar-layout":"default","site-content-layout":"","ast-site-content-layout":"default","site-content-style":"default","site-sidebar-style":"default","ast-global-header-display":"","ast-banner-title-visibility":"","ast-main-header-display":"","ast-hfb-above-header-display":"","ast-hfb-below-header-display":"","ast-hfb-mobile-header-display":"","site-post-title":"","ast-breadcrumbs-content":"","ast-featured-img":"","footer-sml-layout":"","ast-disable-related-posts":"","theme-transparent-header-meta":"","adv-header-id-meta":"","stick-header-meta":"","header-above-stick-meta":"","header-main-stick-meta":"","header-below-stick-meta":"","astra-migrate-meta-layouts":"default","ast-page-background-enabled":"default","ast-page-background-meta":{"desktop":{"background-color":"var(--ast-global-color-4)","background-image":"","background-repeat":"repeat","background-position":"center center","background-size":"auto","background-attachment":"scroll","background-type":"","background-media":"","overlay-type":"","overlay-color":"","overlay-opacity":"","overlay-gradient":""},"tablet":{"background-color":"","background-image":"","background-repeat":"repeat","background-position":"center center","background-size":"auto","background-attachment":"scroll","background-type":"","background-media":"","overlay-type":"","overlay-color":"","overlay-opacity":"","overlay-gradient":""},"mobile":{"background-color":"","background-image":"","background-repeat":"repeat","background-position":"center center","background-size":"auto","background-attachment":"scroll","background-type":"","background-media":"","overlay-type":"","overlay-color":"","overlay-opacity":"","overlay-gradient":""}},"ast-content-background-meta":{"desktop":{"background-color":"var(--ast-global-color-5)","background-image":"","background-repeat":"repeat","background-position":"center center","background-size":"auto","background-attachment":"scroll","background-type":"","background-media":"","overlay-type":"","overlay-color":"","overlay-opacity":"","overlay-gradient":""},"tablet":{"background-color":"var(--ast-global-color-5)","background-image":"","background-repeat":"repeat","background-position":"center center","background-size":"auto","background-attachment":"scroll","background-type":"","background-media":"","overlay-type":"","overlay-color":"","overlay-opacity":"","overlay-gradient":""},"mobile":{"background-color":"var(--ast-global-color-5)","background-image":"","background-repeat":"repeat","background-position":"center center","background-size":"auto","background-attachment":"scroll","background-type":"","background-media":"","overlay-type":"","overlay-color":"","overlay-opacity":"","overlay-gradient":""}}},"product_brand":[],"product_cat":[48,47,430,1200],"product_tag":[561,185,449,754,438,1249,1257,283,281],"class_list":{"0":"post-7936","1":"product","2":"type-product","3":"status-publish","4":"has-post-thumbnail","6":"product_cat-casual","7":"product_cat-classic","8":"product_cat-men","9":"product_cat-mens-shoes-2","10":"product_tag-brown-derby","11":"product_tag-calf-leather-shoes","12":"product_tag-casual-shoes","13":"product_tag-classic-mens-shoes","14":"product_tag-eva-sole","15":"product_tag-goat-lining","16":"product_tag-mens-brown-suede-derby-shoes","17":"product_tag-suede-shoes","18":"product_tag-wholesale-shoes","19":"desktop-align-center","20":"tablet-align-center","21":"mobile-align-center","23":"first","24":"instock","25":"shipping-taxable","26":"purchasable","27":"product-type-variable","28":"has-default-attributes"},"acf":[],"uagb_featured_image_src":{"full":["https:\/\/turkishtrade.co\/wp-content\/uploads\/2026\/01\/2600FKHMN00023-DARK-BROWN.png",453,250,false],"thumbnail":["https:\/\/turkishtrade.co\/wp-content\/uploads\/2026\/01\/2600FKHMN00023-DARK-BROWN-150x150.png",150,150,true],"medium":["https:\/\/turkishtrade.co\/wp-content\/uploads\/2026\/01\/2600FKHMN00023-DARK-BROWN-300x166.png",300,166,true],"medium_large":["https:\/\/turkishtrade.co\/wp-content\/uploads\/2026\/01\/2600FKHMN00023-DARK-BROWN.png",453,250,false],"large":["https:\/\/turkishtrade.co\/wp-content\/uploads\/2026\/01\/2600FKHMN00023-DARK-BROWN.png",453,250,false],"1536x1536":["https:\/\/turkishtrade.co\/wp-content\/uploads\/2026\/01\/2600FKHMN00023-DARK-BROWN.png",453,250,false],"2048x2048":["https:\/\/turkishtrade.co\/wp-content\/uploads\/2026\/01\/2600FKHMN00023-DARK-BROWN.png",453,250,false],"trp-custom-language-flag":["https:\/\/turkishtrade.co\/wp-content\/uploads\/2026\/01\/2600FKHMN00023-DARK-BROWN-18x10.png",18,10,true],"woocommerce_thumbnail":["https:\/\/turkishtrade.co\/wp-content\/uploads\/2026\/01\/2600FKHMN00023-DARK-BROWN-400x250.png",400,250,true],"woocommerce_single":["https:\/\/turkishtrade.co\/wp-content\/uploads\/2026\/01\/2600FKHMN00023-DARK-BROWN.png",453,250,false],"woocommerce_gallery_thumbnail":["https:\/\/turkishtrade.co\/wp-content\/uploads\/2026\/01\/2600FKHMN00023-DARK-BROWN-100x100.png",100,100,true]},"uagb_author_info":{"display_name":"python python","author_link":"https:\/\/turkishtrade.co\/es\/author\/"},"uagb_comment_info":0,"uagb_excerpt":"Premium calf leather upper for a luxurious feel and elegant suede finish Soft and breathable goat leather lining for all-day comfort Lightweight and flexible EVA sole for superior cushioning, traction, and durability Timeless Derby style suitable for both casual and classic ensembles Available in European sizes 39-45 Wholesale orders welcome (minimum 16 pairs)","_links":{"self":[{"href":"https:\/\/turkishtrade.co\/es\/wp-json\/wp\/v2\/product\/7936","targetHints":{"allow":["GET"]}}],"collection":[{"href":"https:\/\/turkishtrade.co\/es\/wp-json\/wp\/v2\/product"}],"about":[{"href":"https:\/\/turkishtrade.co\/es\/wp-json\/wp\/v2\/types\/product"}],"wp:featuredmedia":[{"embeddable":true,"href":"https:\/\/turkishtrade.co\/es\/wp-json\/wp\/v2\/media\/7083"}],"wp:attachment":[{"href":"https:\/\/turkishtrade.co\/es\/wp-json\/wp\/v2\/media?parent=7936"}],"wp:term":[{"taxonomy":"product_brand","embeddable":true,"href":"https:\/\/turkishtrade.co\/es\/wp-json\/wp\/v2\/product_brand?post=7936"},{"taxonomy":"product_cat","embeddable":true,"href":"https:\/\/turkishtrade.co\/es\/wp-json\/wp\/v2\/product_cat?post=7936"},{"taxonomy":"product_tag","embeddable":true,"href":"https:\/\/turkishtrade.co\/es\/wp-json\/wp\/v2\/product_tag?post=7936"}],"curies":[{"name":"wp","href":"https:\/\/api.w.org\/{rel}","templated":true}]}}