{"id":7935,"date":"2026-01-29T14:46:07","date_gmt":"2026-01-29T14:46:07","guid":{"rendered":"https:\/\/turkishtrade.co\/?post_type=product&#038;p=7935"},"modified":"2026-04-09T20:40:04","modified_gmt":"2026-04-09T20:40:04","slug":"mens-brown-croc-embossed-derby-shoes","status":"publish","type":"product","link":"https:\/\/turkishtrade.co\/es\/shop\/mens-brown-croc-embossed-derby-shoes\/","title":{"rendered":"Zapatos Derby Marrones con Grabado de Cocodrilo para Hombre Premium | Lujoso | Calzado Premium"},"content":{"rendered":"<p><strong>Zapatos Derby con relieve de cocodrilo marrones para hombre<\/strong>. Calidad y dise\u00f1o de primera.<\/p>\n<p>Ad\u00e9ntrese en un estilo sofisticado y un confort inigualable con nuestro exquisito <strong>Zapatos Derby con relieve de cocodrilo marrones para hombre<\/strong>. Meticulosamente confeccionados para el caballero exigente, estos zapatos combinan un dise\u00f1o atemporal con caracter\u00edsticas modernas, lo que los convierte en imprescindibles para cualquier armario refinado.<\/p>\n<p>El tono marr\u00f3n intenso, con transici\u00f3n a tonos m\u00e1s claros en la puntera, complementa una amplia gama de atuendos, desde elegantes informales a profesionales de negocios, garantizando versatilidad a sus clientes que buscan calzado de primera calidad.<\/p>\n<p>En el centro de estos notables <strong>Zapatos Derby con relieve de cocodrilo marrones para hombre<\/strong> es la parte superior de piel de becerro de primera calidad. Esta lujosa piel luce un distintivo estampado de cocodrilo en relieve que a\u00f1ade un toque de elegancia ex\u00f3tica sin renunciar al atractivo cl\u00e1sico.<\/p>\n<p>La meticulosa artesan\u00eda es evidente en cada puntada y acabado, prometiendo un producto que no s\u00f3lo tiene un aspecto excepcional, sino que est\u00e1 hecho para soportar el uso diario.<\/p>\n<p>La textura \u00fanica y la rica profundidad de color distinguen a estos zapatos, que ofrecen una est\u00e9tica de alta gama que atrae constantemente a los gustos sofisticados de la moda masculina.<\/p>\n<h3>Comodidad sin igual y materiales de calidad en nuestros zapatos Derby<\/h3>\n<p>La comodidad es primordial en el calzado de calidad, y nuestro <strong>Zapatos Derby con relieve de cocodrilo marrones para hombre<\/strong> cumplen en todos los frentes. Cada par cuenta con un forro de piel de cabra suntuosamente suave, que garantiza una transpirabilidad superior y un tacto afelpado, como un guante, contra el pie. Este forro de primera calidad trabaja en perfecta armon\u00eda con la suela de EVA, duradera pero incre\u00edblemente ligera, proporcionando una amortiguaci\u00f3n y un apoyo excepcionales en cada zancada.<\/p>\n<p>La avanzada suela de EVA ofrece una excelente amortiguaci\u00f3n, reduciendo significativamente la fatiga del pie y haciendo de estos zapatos una opci\u00f3n ideal para un uso prolongado, ya sea en la oficina o durante un ajetreado d\u00eda fuera. Disponibles en una amplia gama de tallas para hombre, desde la UE 39 a la 45, estos sofisticados zapatos se adaptan a una amplia base de clientes, garantizando un ajuste perfecto para aquellos que buscan los mejores zapatos cl\u00e1sicos informales para hombre.<\/p>\n<h3>La elecci\u00f3n ideal para minoristas y usuarios exigentes de zapatos Derby de caballero<\/h3>\n<p>Estos <strong>Zapatos Derby con relieve de cocodrilo marrones para hombre<\/strong> est\u00e1n dise\u00f1ados para el hombre moderno que valora tanto el estilo impecable como la sustancia duradera. Su atractivo \u201cCasual Classic\u201d los hace adecuados para una gran variedad de ocasiones, desde elegantes entornos de oficina hasta sofisticadas reuniones sociales y eventos de fin de semana.<\/p>\n<p>Su robusta construcci\u00f3n garantiza una impresionante longevidad, ofreciendo un excelente retorno de la inversi\u00f3n tanto para el usuario final como para su negocio. Estos zapatos Derby representan una excelente oportunidad para los minoristas y las empresas que buscan un calzado de alta calidad y a la moda.<\/p>\n<p>Nos enorgullece ofrecer precios competitivos al por mayor con una cantidad m\u00ednima de pedido de s\u00f3lo 16 pares, por lo que es sencillo para las empresas a\u00f1adir estos codiciados y elegantes <strong>Zapatos Derby con relieve de cocodrilo marrones para hombre<\/strong> a su inventario.<\/p>\n<p>Eleve su colecci\u00f3n de calzado y proporcione a sus clientes zapatos que destaquen realmente en t\u00e9rminos de dise\u00f1o, comodidad y artesan\u00eda.<\/p>","protected":false},"excerpt":{"rendered":"<ul>\n<li>Parte superior de piel de ternero de primera calidad con detalle distintivo de cocodrilo en relieve<\/li>\n<li>Forro de piel de cabra suave y transpirable para mayor comodidad<\/li>\n<li>Suela de EVA ligera y duradera para llevarla todo el d\u00eda<\/li>\n<li>Estilo Derby cl\u00e1sico con cordones, perfecto para looks vers\u00e1tiles<\/li>\n<li>Disponible en tallas UE 39-45<\/li>\n<li>Pedidos al por mayor disponibles (m\u00ednimo 16 pares) - \u00a1P\u00f3ngase en contacto con nosotros para precios al por mayor!<\/li>\n<\/ul>","protected":false},"featured_media":7081,"template":"","meta":{"_acf_changed":false,"_uag_custom_page_level_css":"","site-sidebar-layout":"default","site-content-layout":"","ast-site-content-layout":"default","site-content-style":"default","site-sidebar-style":"default","ast-global-header-display":"","ast-banner-title-visibility":"","ast-main-header-display":"","ast-hfb-above-header-display":"","ast-hfb-below-header-display":"","ast-hfb-mobile-header-display":"","site-post-title":"","ast-breadcrumbs-content":"","ast-featured-img":"","footer-sml-layout":"","ast-disable-related-posts":"","theme-transparent-header-meta":"","adv-header-id-meta":"","stick-header-meta":"","header-above-stick-meta":"","header-main-stick-meta":"","header-below-stick-meta":"","astra-migrate-meta-layouts":"default","ast-page-background-enabled":"default","ast-page-background-meta":{"desktop":{"background-color":"var(--ast-global-color-4)","background-image":"","background-repeat":"repeat","background-position":"center center","background-size":"auto","background-attachment":"scroll","background-type":"","background-media":"","overlay-type":"","overlay-color":"","overlay-opacity":"","overlay-gradient":""},"tablet":{"background-color":"","background-image":"","background-repeat":"repeat","background-position":"center center","background-size":"auto","background-attachment":"scroll","background-type":"","background-media":"","overlay-type":"","overlay-color":"","overlay-opacity":"","overlay-gradient":""},"mobile":{"background-color":"","background-image":"","background-repeat":"repeat","background-position":"center center","background-size":"auto","background-attachment":"scroll","background-type":"","background-media":"","overlay-type":"","overlay-color":"","overlay-opacity":"","overlay-gradient":""}},"ast-content-background-meta":{"desktop":{"background-color":"var(--ast-global-color-5)","background-image":"","background-repeat":"repeat","background-position":"center center","background-size":"auto","background-attachment":"scroll","background-type":"","background-media":"","overlay-type":"","overlay-color":"","overlay-opacity":"","overlay-gradient":""},"tablet":{"background-color":"var(--ast-global-color-5)","background-image":"","background-repeat":"repeat","background-position":"center center","background-size":"auto","background-attachment":"scroll","background-type":"","background-media":"","overlay-type":"","overlay-color":"","overlay-opacity":"","overlay-gradient":""},"mobile":{"background-color":"var(--ast-global-color-5)","background-image":"","background-repeat":"repeat","background-position":"center center","background-size":"auto","background-attachment":"scroll","background-type":"","background-media":"","overlay-type":"","overlay-color":"","overlay-opacity":"","overlay-gradient":""}}},"product_brand":[],"product_cat":[48,47,430,1200],"product_tag":[292,1253,1254,1252,1256,287,1255,1251,567,320],"class_list":{"0":"post-7935","1":"product","2":"type-product","3":"status-publish","4":"has-post-thumbnail","6":"product_cat-casual","7":"product_cat-classic","8":"product_cat-men","9":"product_cat-mens-shoes-2","10":"product_tag-brown-leather-shoes","11":"product_tag-calf-leather-derby","12":"product_tag-casual-classic-mens-shoes","13":"product_tag-croc-embossed-footwear","14":"product_tag-european-sizes-shoes","15":"product_tag-eva-sole-shoes","16":"product_tag-goat-leather-lined","17":"product_tag-mens-brown-croc-embossed-derby-shoes","18":"product_tag-mens-luxury-shoes","19":"product_tag-wholesale-mens-footwear","20":"desktop-align-center","21":"tablet-align-center","22":"mobile-align-center","24":"first","25":"instock","26":"shipping-taxable","27":"purchasable","28":"product-type-variable","29":"has-default-attributes"},"acf":[],"uagb_featured_image_src":{"full":["https:\/\/turkishtrade.co\/wp-content\/uploads\/2026\/01\/2600FKHMN00022-BROWN.png",453,250,false],"thumbnail":["https:\/\/turkishtrade.co\/wp-content\/uploads\/2026\/01\/2600FKHMN00022-BROWN-150x150.png",150,150,true],"medium":["https:\/\/turkishtrade.co\/wp-content\/uploads\/2026\/01\/2600FKHMN00022-BROWN-300x166.png",300,166,true],"medium_large":["https:\/\/turkishtrade.co\/wp-content\/uploads\/2026\/01\/2600FKHMN00022-BROWN.png",453,250,false],"large":["https:\/\/turkishtrade.co\/wp-content\/uploads\/2026\/01\/2600FKHMN00022-BROWN.png",453,250,false],"1536x1536":["https:\/\/turkishtrade.co\/wp-content\/uploads\/2026\/01\/2600FKHMN00022-BROWN.png",453,250,false],"2048x2048":["https:\/\/turkishtrade.co\/wp-content\/uploads\/2026\/01\/2600FKHMN00022-BROWN.png",453,250,false],"trp-custom-language-flag":["https:\/\/turkishtrade.co\/wp-content\/uploads\/2026\/01\/2600FKHMN00022-BROWN-18x10.png",18,10,true],"woocommerce_thumbnail":["https:\/\/turkishtrade.co\/wp-content\/uploads\/2026\/01\/2600FKHMN00022-BROWN-400x250.png",400,250,true],"woocommerce_single":["https:\/\/turkishtrade.co\/wp-content\/uploads\/2026\/01\/2600FKHMN00022-BROWN.png",453,250,false],"woocommerce_gallery_thumbnail":["https:\/\/turkishtrade.co\/wp-content\/uploads\/2026\/01\/2600FKHMN00022-BROWN-100x100.png",100,100,true]},"uagb_author_info":{"display_name":"python python","author_link":"https:\/\/turkishtrade.co\/es\/author\/"},"uagb_comment_info":0,"uagb_excerpt":"Premium calf leather upper with distinctive croc-embossed detail Soft and breathable goat leather lining for ultimate comfort Lightweight and durable EVA sole for all-day wear Classic lace-up Derby style, perfect for versatile looks Available in EU sizes 39-45 Wholesale orders available (minimum 16 pairs) \u2013 Contact us for bulk pricing!","_links":{"self":[{"href":"https:\/\/turkishtrade.co\/es\/wp-json\/wp\/v2\/product\/7935","targetHints":{"allow":["GET"]}}],"collection":[{"href":"https:\/\/turkishtrade.co\/es\/wp-json\/wp\/v2\/product"}],"about":[{"href":"https:\/\/turkishtrade.co\/es\/wp-json\/wp\/v2\/types\/product"}],"wp:featuredmedia":[{"embeddable":true,"href":"https:\/\/turkishtrade.co\/es\/wp-json\/wp\/v2\/media\/7081"}],"wp:attachment":[{"href":"https:\/\/turkishtrade.co\/es\/wp-json\/wp\/v2\/media?parent=7935"}],"wp:term":[{"taxonomy":"product_brand","embeddable":true,"href":"https:\/\/turkishtrade.co\/es\/wp-json\/wp\/v2\/product_brand?post=7935"},{"taxonomy":"product_cat","embeddable":true,"href":"https:\/\/turkishtrade.co\/es\/wp-json\/wp\/v2\/product_cat?post=7935"},{"taxonomy":"product_tag","embeddable":true,"href":"https:\/\/turkishtrade.co\/es\/wp-json\/wp\/v2\/product_tag?post=7935"}],"curies":[{"name":"wp","href":"https:\/\/api.w.org\/{rel}","templated":true}]}}