{"id":7933,"date":"2026-01-29T14:46:07","date_gmt":"2026-01-29T14:46:07","guid":{"rendered":"https:\/\/turkishtrade.co\/?post_type=product&#038;p=7933"},"modified":"2026-04-09T20:40:08","modified_gmt":"2026-04-09T20:40:08","slug":"mens-calf-leather-loafers-10","status":"publish","type":"product","link":"https:\/\/turkishtrade.co\/es\/shop\/mens-calf-leather-loafers-10\/","title":{"rendered":"Mocasines de hombre en piel de becerro Asombroso | Premium | Comodidad inigualable &amp;"},"content":{"rendered":"<p><strong>Mocasines de hombre de piel de becerro<\/strong>. Calidad y dise\u00f1o incre\u00edbles.<\/p>\n<p>Eleva tu calzado diario con nuestro Classic Blue <strong>Mocasines de hombre de piel de becerro<\/strong>, dise\u00f1ados para el caballero exigente que valora tanto el estilo como la comodidad. Estos exquisitos mocasines est\u00e1n meticulosamente confeccionados en piel de ternero de primera calidad, conocida por su textura suave, su rica apariencia y su notable durabilidad.<\/p>\n<p>El sofisticado tono azul a\u00f1ade un toque de elegancia moderna a un dise\u00f1o atemporal, haciendo que estos <strong>Mocasines de hombre de piel de becerro<\/strong> un complemento vers\u00e1til para cualquier armario.<\/p>\n<p>Experimenta una comodidad inigualable a cada paso, gracias a la cuidada construcci\u00f3n de estos excepcionales zapatos. El interior cuenta con un lujoso forro de piel de cabra, que es naturalmente suave, transpirable y absorbe la humedad, lo que garantiza que tus pies se mantengan c\u00f3modos y frescos durante todo el d\u00eda.<\/p>\n<p>Ya sea en un ajetreado d\u00eda de trabajo o disfrutando de una relajada salida de fin de semana, estas zapatillas slip-on proporcionan lo \u00faltimo en el cuidado de los pies. La ligera pero robusta suela de EVA aumenta a\u00fan m\u00e1s la comodidad, ofreciendo una excelente amortiguaci\u00f3n y flexibilidad, lo que hace que nuestras <strong>Mocasines de hombre de piel de becerro<\/strong> perfecto para un uso prolongado.<\/p>\n<h3>Calidad y dise\u00f1o inigualables<\/h3>\n<p>Cada par de estos <strong>Mocasines de hombre de piel de becerro<\/strong> hace gala de una artesan\u00eda superior. Las elegantes costuras y la estilizada silueta reflejan el compromiso con la calidad y la atenci\u00f3n al detalle. Estos mocasines tienden sin esfuerzo un puente entre la ropa informal y la formal, por lo que son adecuados para una amplia gama de ocasiones, desde reuniones informales de negocios hasta reuniones sociales.<\/p>\n<p>Disponibles en una amplia gama de tallas, de la 39 a la 45, garantizamos un ajuste perfecto para cada cliente.<\/p>\n<h3>Oportunidad para los mayoristas de calzado de calidad<\/h3>\n<p>Para los minoristas y las empresas que buscan ofrecer calzado de alta calidad, nuestro Classic Blue <strong>Mocasines de hombre de piel de becerro<\/strong> presentan una excelente oportunidad. Facilitamos pedidos al por mayor con una cantidad m\u00ednima de s\u00f3lo 16 pares, lo que le permite almacenar un producto deseable que combina lujo, comodidad y atractivo cl\u00e1sico.<\/p>\n<p>As\u00f3ciese con nosotros para proporcionar a su clientela zapatos de caballero elegantes y duraderos que resistan el paso del tiempo y las tendencias. Estos mocasines de piel de primera calidad son un testimonio de estilo duradero y excelencia artesanal, elaborados para satisfacer los est\u00e1ndares m\u00e1s exigentes.<\/p>\n<p>Invierta en un calzado que hable de calidad y sofisticaci\u00f3n. Nuestro <strong>Mocasines de hombre de piel de becerro<\/strong> no son s\u00f3lo zapatos; son una experiencia de confort y estilo refinado. Descubra la mezcla perfecta de artesan\u00eda tradicional y dise\u00f1o moderno, todo encapsulado en un par de zapatos hechos para durar e impresionar.<\/p>","protected":false},"excerpt":{"rendered":"<ul>\n<li>Fabricados en aut\u00e9ntica piel de ternero para ofrecer un aspecto lujoso y una durabilidad excepcional.<\/li>\n<li>Incorpora un forro de piel de cabra suave y transpirable para una mayor comodidad durante todo el d\u00eda.<\/li>\n<li>Equipadas con una suela de EVA ligera y flexible, que proporciona una amortiguaci\u00f3n y tracci\u00f3n superiores.<\/li>\n<li>Disponible en una vers\u00e1til gama de tallas para hombre: 39, 40, 41, 42, 43, 44, 45.<\/li>\n<li>Dise\u00f1ado con una est\u00e9tica cl\u00e1sica casual atemporal, perfecto para diversas ocasiones.<\/li>\n<li>Se aceptan pedidos al por mayor con una cantidad m\u00ednima de 16 pares.<\/li>\n<\/ul>","protected":false},"featured_media":7077,"template":"","meta":{"_acf_changed":false,"_uag_custom_page_level_css":"","site-sidebar-layout":"default","site-content-layout":"","ast-site-content-layout":"default","site-content-style":"default","site-sidebar-style":"default","ast-global-header-display":"","ast-banner-title-visibility":"","ast-main-header-display":"","ast-hfb-above-header-display":"","ast-hfb-below-header-display":"","ast-hfb-mobile-header-display":"","site-post-title":"","ast-breadcrumbs-content":"","ast-featured-img":"","footer-sml-layout":"","ast-disable-related-posts":"","theme-transparent-header-meta":"","adv-header-id-meta":"","stick-header-meta":"","header-above-stick-meta":"","header-main-stick-meta":"","header-below-stick-meta":"","astra-migrate-meta-layouts":"default","ast-page-background-enabled":"default","ast-page-background-meta":{"desktop":{"background-color":"var(--ast-global-color-4)","background-image":"","background-repeat":"repeat","background-position":"center center","background-size":"auto","background-attachment":"scroll","background-type":"","background-media":"","overlay-type":"","overlay-color":"","overlay-opacity":"","overlay-gradient":""},"tablet":{"background-color":"","background-image":"","background-repeat":"repeat","background-position":"center center","background-size":"auto","background-attachment":"scroll","background-type":"","background-media":"","overlay-type":"","overlay-color":"","overlay-opacity":"","overlay-gradient":""},"mobile":{"background-color":"","background-image":"","background-repeat":"repeat","background-position":"center center","background-size":"auto","background-attachment":"scroll","background-type":"","background-media":"","overlay-type":"","overlay-color":"","overlay-opacity":"","overlay-gradient":""}},"ast-content-background-meta":{"desktop":{"background-color":"var(--ast-global-color-5)","background-image":"","background-repeat":"repeat","background-position":"center center","background-size":"auto","background-attachment":"scroll","background-type":"","background-media":"","overlay-type":"","overlay-color":"","overlay-opacity":"","overlay-gradient":""},"tablet":{"background-color":"var(--ast-global-color-5)","background-image":"","background-repeat":"repeat","background-position":"center center","background-size":"auto","background-attachment":"scroll","background-type":"","background-media":"","overlay-type":"","overlay-color":"","overlay-opacity":"","overlay-gradient":""},"mobile":{"background-color":"var(--ast-global-color-5)","background-image":"","background-repeat":"repeat","background-position":"center center","background-size":"auto","background-attachment":"scroll","background-type":"","background-media":"","overlay-type":"","overlay-color":"","overlay-opacity":"","overlay-gradient":""}}},"product_brand":[],"product_cat":[48,47,430,1200],"product_tag":[646,185,449,754,438,189,186,536,184,254],"class_list":{"0":"post-7933","1":"product","2":"type-product","3":"status-publish","4":"has-post-thumbnail","6":"product_cat-casual","7":"product_cat-classic","8":"product_cat-men","9":"product_cat-mens-shoes-2","10":"product_tag-blue-shoes","11":"product_tag-calf-leather-shoes","12":"product_tag-casual-shoes","13":"product_tag-classic-mens-shoes","14":"product_tag-eva-sole","15":"product_tag-goat-leather-lining","16":"product_tag-mens-loafers","17":"product_tag-premium-leather-loafers","18":"product_tag-slip-on-shoes","19":"product_tag-wholesale-footwear","20":"desktop-align-center","21":"tablet-align-center","22":"mobile-align-center","24":"first","25":"instock","26":"shipping-taxable","27":"purchasable","28":"product-type-variable","29":"has-default-attributes"},"acf":[],"uagb_featured_image_src":{"full":["https:\/\/turkishtrade.co\/wp-content\/uploads\/2026\/01\/2600FKHMN00020-DARK-BLUE.png",453,250,false],"thumbnail":["https:\/\/turkishtrade.co\/wp-content\/uploads\/2026\/01\/2600FKHMN00020-DARK-BLUE-150x150.png",150,150,true],"medium":["https:\/\/turkishtrade.co\/wp-content\/uploads\/2026\/01\/2600FKHMN00020-DARK-BLUE-300x166.png",300,166,true],"medium_large":["https:\/\/turkishtrade.co\/wp-content\/uploads\/2026\/01\/2600FKHMN00020-DARK-BLUE.png",453,250,false],"large":["https:\/\/turkishtrade.co\/wp-content\/uploads\/2026\/01\/2600FKHMN00020-DARK-BLUE.png",453,250,false],"1536x1536":["https:\/\/turkishtrade.co\/wp-content\/uploads\/2026\/01\/2600FKHMN00020-DARK-BLUE.png",453,250,false],"2048x2048":["https:\/\/turkishtrade.co\/wp-content\/uploads\/2026\/01\/2600FKHMN00020-DARK-BLUE.png",453,250,false],"trp-custom-language-flag":["https:\/\/turkishtrade.co\/wp-content\/uploads\/2026\/01\/2600FKHMN00020-DARK-BLUE-18x10.png",18,10,true],"woocommerce_thumbnail":["https:\/\/turkishtrade.co\/wp-content\/uploads\/2026\/01\/2600FKHMN00020-DARK-BLUE-400x250.png",400,250,true],"woocommerce_single":["https:\/\/turkishtrade.co\/wp-content\/uploads\/2026\/01\/2600FKHMN00020-DARK-BLUE.png",453,250,false],"woocommerce_gallery_thumbnail":["https:\/\/turkishtrade.co\/wp-content\/uploads\/2026\/01\/2600FKHMN00020-DARK-BLUE-100x100.png",100,100,true]},"uagb_author_info":{"display_name":"python python","author_link":"https:\/\/turkishtrade.co\/es\/author\/"},"uagb_comment_info":0,"uagb_excerpt":"Crafted from genuine calf leather for a luxurious look and exceptional durability. Features a soft and breathable goat leather lining for all-day comfort. Equipped with a lightweight and flexible EVA sole, providing superior cushioning and traction. Available in a versatile range of men's sizes: 39, 40, 41, 42, 43, 44, 45. Designed with a timeless&hellip;","_links":{"self":[{"href":"https:\/\/turkishtrade.co\/es\/wp-json\/wp\/v2\/product\/7933","targetHints":{"allow":["GET"]}}],"collection":[{"href":"https:\/\/turkishtrade.co\/es\/wp-json\/wp\/v2\/product"}],"about":[{"href":"https:\/\/turkishtrade.co\/es\/wp-json\/wp\/v2\/types\/product"}],"wp:featuredmedia":[{"embeddable":true,"href":"https:\/\/turkishtrade.co\/es\/wp-json\/wp\/v2\/media\/7077"}],"wp:attachment":[{"href":"https:\/\/turkishtrade.co\/es\/wp-json\/wp\/v2\/media?parent=7933"}],"wp:term":[{"taxonomy":"product_brand","embeddable":true,"href":"https:\/\/turkishtrade.co\/es\/wp-json\/wp\/v2\/product_brand?post=7933"},{"taxonomy":"product_cat","embeddable":true,"href":"https:\/\/turkishtrade.co\/es\/wp-json\/wp\/v2\/product_cat?post=7933"},{"taxonomy":"product_tag","embeddable":true,"href":"https:\/\/turkishtrade.co\/es\/wp-json\/wp\/v2\/product_tag?post=7933"}],"curies":[{"name":"wp","href":"https:\/\/api.w.org\/{rel}","templated":true}]}}