{"id":7932,"date":"2026-01-29T14:46:07","date_gmt":"2026-01-29T14:46:07","guid":{"rendered":"https:\/\/turkishtrade.co\/?post_type=product&#038;p=7932"},"modified":"2026-04-09T20:40:11","modified_gmt":"2026-04-09T20:40:11","slug":"mens-brown-leather-loafers-6","status":"publish","type":"product","link":"https:\/\/turkishtrade.co\/es\/shop\/mens-brown-leather-loafers-6\/","title":{"rendered":"Mocasines de hombre de cuero marr\u00f3n m\u00e1s vendidos | Premium | Casual y cl\u00e1sico"},"content":{"rendered":"<p><strong>Mocasines de hombre de piel marr\u00f3n<\/strong>. La mejor calidad y dise\u00f1o.<\/p>\n<p>Descubra la combinaci\u00f3n perfecta de estilo, comodidad y durabilidad con nuestro exquisito <strong>Mocasines de hombre de piel marr\u00f3n<\/strong>. Dise\u00f1ados para el hombre moderno que valora tanto la est\u00e9tica como la practicidad, estos mocasines son un complemento esencial para cualquier armario. Confeccionados en aut\u00e9ntica piel de vacuno de primera calidad, estos <strong>Mocasines de hombre de piel marr\u00f3n<\/strong> presentan un acabado rico y texturizado que mejora con los a\u00f1os.<\/p>\n<p>Las variaciones naturales de la piel hacen que cada par sea \u00fanico, ofreciendo un aspecto sofisticado que destaca.<\/p>\n<h3>Comodidad y calidad inigualables<\/h3>\n<p>Experimente una comodidad inigualable a cada paso, gracias al lujoso forro de piel de cabra. Este interior suave y transpirable acuna tus pies, proporcionando una agradable experiencia de uso durante todo el d\u00eda. Desp\u00eddete de la incomodidad y da la bienvenida a un zapato dise\u00f1ado para un uso duradero.<\/p>\n<p>El n\u00facleo de estos excepcionales <strong>Mocasines de hombre de piel marr\u00f3n<\/strong> radica en su innovadora suela de EVA. Esta suela ligera pero incre\u00edblemente duradera ofrece una excelente absorci\u00f3n de impactos y flexibilidad, por lo que son ideales para llevarlas durante todo el d\u00eda, tanto si te mueves por las calles de la ciudad como si te relajas en una escapada de fin de semana.<\/p>\n<p>Su robusta construcci\u00f3n garantiza que estos mocasines ser\u00e1n un b\u00e1sico en tu colecci\u00f3n durante a\u00f1os.<\/p>\n<h3>Estilo vers\u00e1til para cualquier ocasi\u00f3n<\/h3>\n<p>Nuestra <strong>Mocasines de hombre de piel marr\u00f3n<\/strong> encarnan un estilo cl\u00e1sico informal, lo que las hace incre\u00edblemente vers\u00e1tiles. Comb\u00ednalos con unos chinos y un polo para un look relajado de fin de semana, o v\u00edstelos con unos pantalones de sastrer\u00eda y un blazer para eventos elegantes e informales.<\/p>\n<p>El tono marr\u00f3n atemporal y el elegante dise\u00f1o complementan sin esfuerzo una amplia gama de conjuntos, demostrando su adaptabilidad. Estos mocasines est\u00e1n disponibles en una amplia gama de tallas, de la 39 a la 45, lo que garantiza un ajuste perfecto para diversos tama\u00f1os de pie.<\/p>\n<p>Cada par se inspecciona meticulosamente para cumplir los m\u00e1s altos est\u00e1ndares de artesan\u00eda, ofreciendo un producto en el que puede confiar por su calidad y atractivo.<\/p>\n<h3>Oportunidad para mayoristas<\/h3>\n<p>Para las empresas que desean ofrecer calzado de primera calidad, nuestro <strong>Mocasines de hombre de piel marr\u00f3n<\/strong> est\u00e1n disponibles para pedidos al por mayor. Con un pedido m\u00ednimo de s\u00f3lo 16 pares, podr\u00e1 abastecerse f\u00e1cilmente de estos mocasines tan populares y demandados. Ofrezca a sus clientes un producto superior que combina piel aut\u00e9ntica, artesan\u00eda experta y una comodidad excepcional.<\/p>\n<p>Estos <strong>Mocasines de hombre de piel marr\u00f3n<\/strong> representan una excelente inversi\u00f3n tanto para compradores particulares como para minoristas, ya que prometen satisfacci\u00f3n y estilo. Eleve su colecci\u00f3n de calzado hoy con estos mocasines casuales verdaderamente notables.<\/p>","protected":false},"excerpt":{"rendered":"<ul>\n<li>Fabricado en aut\u00e9ntica piel de vacuno para una calidad duradera<\/li>\n<li>El lujoso forro de piel de cabra garantiza un confort y una transpirabilidad excepcionales<\/li>\n<li>Suela de EVA ligera y flexible que proporciona una amortiguaci\u00f3n superior<\/li>\n<li>Dise\u00f1o cl\u00e1sico de mocas\u00edn informal con elegantes detalles<\/li>\n<li>Disponible para la compra al por mayor (pedido m\u00ednimo de 16 pares)<\/li>\n<\/ul>","protected":false},"featured_media":7075,"template":"","meta":{"_acf_changed":false,"_uag_custom_page_level_css":"","site-sidebar-layout":"default","site-content-layout":"","ast-site-content-layout":"default","site-content-style":"default","site-sidebar-style":"default","ast-global-header-display":"","ast-banner-title-visibility":"","ast-main-header-display":"","ast-hfb-above-header-display":"","ast-hfb-below-header-display":"","ast-hfb-mobile-header-display":"","site-post-title":"","ast-breadcrumbs-content":"","ast-featured-img":"","footer-sml-layout":"","ast-disable-related-posts":"","theme-transparent-header-meta":"","adv-header-id-meta":"","stick-header-meta":"","header-above-stick-meta":"","header-main-stick-meta":"","header-below-stick-meta":"","astra-migrate-meta-layouts":"default","ast-page-background-enabled":"default","ast-page-background-meta":{"desktop":{"background-color":"var(--ast-global-color-4)","background-image":"","background-repeat":"repeat","background-position":"center center","background-size":"auto","background-attachment":"scroll","background-type":"","background-media":"","overlay-type":"","overlay-color":"","overlay-opacity":"","overlay-gradient":""},"tablet":{"background-color":"","background-image":"","background-repeat":"repeat","background-position":"center center","background-size":"auto","background-attachment":"scroll","background-type":"","background-media":"","overlay-type":"","overlay-color":"","overlay-opacity":"","overlay-gradient":""},"mobile":{"background-color":"","background-image":"","background-repeat":"repeat","background-position":"center center","background-size":"auto","background-attachment":"scroll","background-type":"","background-media":"","overlay-type":"","overlay-color":"","overlay-opacity":"","overlay-gradient":""}},"ast-content-background-meta":{"desktop":{"background-color":"var(--ast-global-color-5)","background-image":"","background-repeat":"repeat","background-position":"center center","background-size":"auto","background-attachment":"scroll","background-type":"","background-media":"","overlay-type":"","overlay-color":"","overlay-opacity":"","overlay-gradient":""},"tablet":{"background-color":"var(--ast-global-color-5)","background-image":"","background-repeat":"repeat","background-position":"center center","background-size":"auto","background-attachment":"scroll","background-type":"","background-media":"","overlay-type":"","overlay-color":"","overlay-opacity":"","overlay-gradient":""},"mobile":{"background-color":"var(--ast-global-color-5)","background-image":"","background-repeat":"repeat","background-position":"center center","background-size":"auto","background-attachment":"scroll","background-type":"","background-media":"","overlay-type":"","overlay-color":"","overlay-opacity":"","overlay-gradient":""}}},"product_brand":[],"product_cat":[48,47,430,1200],"product_tag":[292,241,457,222,287,221,198,186,184,254],"class_list":{"0":"post-7932","1":"product","2":"type-product","3":"status-publish","4":"has-post-thumbnail","6":"product_cat-casual","7":"product_cat-classic","8":"product_cat-men","9":"product_cat-mens-shoes-2","10":"product_tag-brown-leather-shoes","11":"product_tag-casual-footwear","12":"product_tag-classic-loafers","13":"product_tag-comfortable-shoes","14":"product_tag-eva-sole-shoes","15":"product_tag-genuine-leather","16":"product_tag-mens-fashion","17":"product_tag-mens-loafers","18":"product_tag-slip-on-shoes","19":"product_tag-wholesale-footwear","20":"desktop-align-center","21":"tablet-align-center","22":"mobile-align-center","24":"first","25":"instock","26":"shipping-taxable","27":"purchasable","28":"product-type-variable","29":"has-default-attributes"},"acf":[],"uagb_featured_image_src":{"full":["https:\/\/turkishtrade.co\/wp-content\/uploads\/2026\/01\/2600FKHMN00019-BROWN.png",453,250,false],"thumbnail":["https:\/\/turkishtrade.co\/wp-content\/uploads\/2026\/01\/2600FKHMN00019-BROWN-150x150.png",150,150,true],"medium":["https:\/\/turkishtrade.co\/wp-content\/uploads\/2026\/01\/2600FKHMN00019-BROWN-300x166.png",300,166,true],"medium_large":["https:\/\/turkishtrade.co\/wp-content\/uploads\/2026\/01\/2600FKHMN00019-BROWN.png",453,250,false],"large":["https:\/\/turkishtrade.co\/wp-content\/uploads\/2026\/01\/2600FKHMN00019-BROWN.png",453,250,false],"1536x1536":["https:\/\/turkishtrade.co\/wp-content\/uploads\/2026\/01\/2600FKHMN00019-BROWN.png",453,250,false],"2048x2048":["https:\/\/turkishtrade.co\/wp-content\/uploads\/2026\/01\/2600FKHMN00019-BROWN.png",453,250,false],"trp-custom-language-flag":["https:\/\/turkishtrade.co\/wp-content\/uploads\/2026\/01\/2600FKHMN00019-BROWN-18x10.png",18,10,true],"woocommerce_thumbnail":["https:\/\/turkishtrade.co\/wp-content\/uploads\/2026\/01\/2600FKHMN00019-BROWN-400x250.png",400,250,true],"woocommerce_single":["https:\/\/turkishtrade.co\/wp-content\/uploads\/2026\/01\/2600FKHMN00019-BROWN.png",453,250,false],"woocommerce_gallery_thumbnail":["https:\/\/turkishtrade.co\/wp-content\/uploads\/2026\/01\/2600FKHMN00019-BROWN-100x100.png",100,100,true]},"uagb_author_info":{"display_name":"python python","author_link":"https:\/\/turkishtrade.co\/es\/author\/"},"uagb_comment_info":0,"uagb_excerpt":"Crafted from genuine cowhide leather for lasting quality Luxurious goat leather lining ensures exceptional comfort and breathability Lightweight and flexible EVA sole provides superior cushioning Classic casual loafer design with elegant detailing Available for wholesale purchase (minimum order of 16 pairs)","_links":{"self":[{"href":"https:\/\/turkishtrade.co\/es\/wp-json\/wp\/v2\/product\/7932","targetHints":{"allow":["GET"]}}],"collection":[{"href":"https:\/\/turkishtrade.co\/es\/wp-json\/wp\/v2\/product"}],"about":[{"href":"https:\/\/turkishtrade.co\/es\/wp-json\/wp\/v2\/types\/product"}],"wp:featuredmedia":[{"embeddable":true,"href":"https:\/\/turkishtrade.co\/es\/wp-json\/wp\/v2\/media\/7075"}],"wp:attachment":[{"href":"https:\/\/turkishtrade.co\/es\/wp-json\/wp\/v2\/media?parent=7932"}],"wp:term":[{"taxonomy":"product_brand","embeddable":true,"href":"https:\/\/turkishtrade.co\/es\/wp-json\/wp\/v2\/product_brand?post=7932"},{"taxonomy":"product_cat","embeddable":true,"href":"https:\/\/turkishtrade.co\/es\/wp-json\/wp\/v2\/product_cat?post=7932"},{"taxonomy":"product_tag","embeddable":true,"href":"https:\/\/turkishtrade.co\/es\/wp-json\/wp\/v2\/product_tag?post=7932"}],"curies":[{"name":"wp","href":"https:\/\/api.w.org\/{rel}","templated":true}]}}