{"id":7931,"date":"2026-01-29T14:46:06","date_gmt":"2026-01-29T14:46:06","guid":{"rendered":"https:\/\/turkishtrade.co\/?post_type=product&#038;p=7931"},"modified":"2026-04-09T20:40:14","modified_gmt":"2026-04-09T20:40:14","slug":"mens-brown-leather-derby-shoes-10","status":"publish","type":"product","link":"https:\/\/turkishtrade.co\/es\/shop\/mens-brown-leather-derby-shoes-10\/","title":{"rendered":"Zapatos Derby Hombre Piel Marr\u00f3n Elite | Premium | Piel de becerro &amp;"},"content":{"rendered":"<h3>Eleve su estilo con los zapatos Derby de piel marr\u00f3n para hombre de primera calidad<\/h3>\n<p>Ad\u00e9ntrese en la elegancia atemporal y el confort incomparable de nuestros meticulosos dise\u00f1os. <strong>Zapatos Derby de piel marr\u00f3n para hombre<\/strong>. Dise\u00f1ados para el caballero exigente, estos zapatos combinan la est\u00e9tica cl\u00e1sica con la funcionalidad moderna, lo que los convierte en un complemento esencial para cualquier armario sofisticado.<\/p>\n<p>Tanto si se dirige a una reuni\u00f3n de negocios, a una salida informal o a un evento especial, estas <strong>Zapatos Derby de piel marr\u00f3n para hombre<\/strong> se asegurar\u00e1 de que usted hace una declaraci\u00f3n con cada paso.<\/p>\n<h3>Artesan\u00eda y materiales incomparables<\/h3>\n<p>Cada par de estos excepcionales <strong>Zapatos Derby de piel marr\u00f3n para hombre<\/strong> es un testimonio de artesan\u00eda superior. La parte superior est\u00e1 confeccionada en piel de ternero de alta calidad, conocida por su textura flexible, su intenso tono marr\u00f3n y su extraordinaria durabilidad. Esta piel de primera calidad no solo tiene un aspecto lujoso, sino que tambi\u00e9n se amolda al pie con el paso del tiempo, proporcionando un ajuste personalizado.<\/p>\n<p>En el interior, tus pies estar\u00e1n envueltos en un forro de piel de cabra suave y transpirable, que garantiza el m\u00e1ximo confort y ventilaci\u00f3n durante todo el d\u00eda. Esta cuidada selecci\u00f3n de materiales garantiza tanto un tacto lujoso como una larga duraci\u00f3n, lo que hace que estas <strong>Zapatos Derby de piel marr\u00f3n para hombre<\/strong> aparte.<\/p>\n<h3>Dise\u00f1ado para ofrecer comodidad y durabilidad<\/h3>\n<p>Experimente la comodidad durante todo el d\u00eda sin renunciar al estilo. Nuestro <strong>Zapatos Derby de piel marr\u00f3n para hombre<\/strong> cuentan con una suela de EVA ligera pero incre\u00edblemente duradera. Este innovador material de suela proporciona una excelente absorci\u00f3n de impactos, reduciendo la fatiga y ofreciendo una zancada flexible.<\/p>\n<p>La robusta construcci\u00f3n combinada con la suela de EVA garantiza que estos zapatos puedan soportar el desgaste diario, convirti\u00e9ndolos en una elecci\u00f3n fiable durante a\u00f1os.<\/p>\n<p>Disponibles en una amplia gama de tallas, de la 39 a la 45 (EU), para que encuentres tu talla perfecta. <strong>Zapatos Derby de piel marr\u00f3n para hombre<\/strong> es sin esfuerzo.<\/p>\n<h3>Estilo vers\u00e1til para cualquier ocasi\u00f3n<\/h3>\n<p>El cl\u00e1sico dise\u00f1o derby de estas <strong>Zapatos Derby de piel marr\u00f3n para hombre<\/strong> los hace incre\u00edblemente vers\u00e1tiles. El intenso color marr\u00f3n complementa sin esfuerzo diversos atuendos, desde elegantes trajes a medida hasta elegantes pantalones informales y vaqueros. Su aspecto sofisticado los hace adecuados para entornos formales de negocios, mientras que su c\u00f3moda confecci\u00f3n permite una transici\u00f3n fluida a la ropa de fin de semana.<\/p>\n<p>Invierta en un par de <strong>Zapatos Derby de piel marr\u00f3n para hombre<\/strong> que ofrecen elegancia y funcionalidad para cualquier ocasi\u00f3n.<\/p>\n<h3>Oportunidad de venta al por mayor para las empresas<\/h3>\n<p>Para los minoristas que desean ofrecer calzado de primera calidad a su clientela, nuestro <strong>Zapatos Derby de piel marr\u00f3n para hombre<\/strong> est\u00e1n disponibles para la venta al por mayor. Con una cantidad m\u00ednima de pedido de s\u00f3lo 16 pares, las empresas pueden abastecerse f\u00e1cilmente de estos zapatos de gran demanda y alta calidad. Ofrezca a sus clientes lo mejor en calzado masculino: nuestros excepcionales <strong>Zapatos Derby de piel marr\u00f3n para hombre<\/strong> - y vea c\u00f3mo crecen sus ventas.<\/p>","protected":false},"excerpt":{"rendered":"<ul>\n<li>Exquisita parte superior de piel de becerro para un look sofisticado<\/li>\n<li>Forro de piel de cabra suave y transpirable para un confort superior<\/li>\n<li>Suela de EVA ligera y duradera para llevarla todo el d\u00eda<\/li>\n<li>Dise\u00f1o cl\u00e1sico de zapato derby, perfecto tanto para atuendos informales como formales<\/li>\n<li>Disponible en las tallas 39-45 (EU)<\/li>\n<li>Posibilidad de venta al por mayor (pedido m\u00ednimo: 16 pares)<\/li>\n<\/ul>","protected":false},"featured_media":7073,"template":"","meta":{"_acf_changed":false,"_uag_custom_page_level_css":"","site-sidebar-layout":"default","site-content-layout":"","ast-site-content-layout":"default","site-content-style":"default","site-sidebar-style":"default","ast-global-header-display":"","ast-banner-title-visibility":"","ast-main-header-display":"","ast-hfb-above-header-display":"","ast-hfb-below-header-display":"","ast-hfb-mobile-header-display":"","site-post-title":"","ast-breadcrumbs-content":"","ast-featured-img":"","footer-sml-layout":"","ast-disable-related-posts":"","theme-transparent-header-meta":"","adv-header-id-meta":"","stick-header-meta":"","header-above-stick-meta":"","header-main-stick-meta":"","header-below-stick-meta":"","astra-migrate-meta-layouts":"default","ast-page-background-enabled":"default","ast-page-background-meta":{"desktop":{"background-color":"var(--ast-global-color-4)","background-image":"","background-repeat":"repeat","background-position":"center center","background-size":"auto","background-attachment":"scroll","background-type":"","background-media":"","overlay-type":"","overlay-color":"","overlay-opacity":"","overlay-gradient":""},"tablet":{"background-color":"","background-image":"","background-repeat":"repeat","background-position":"center center","background-size":"auto","background-attachment":"scroll","background-type":"","background-media":"","overlay-type":"","overlay-color":"","overlay-opacity":"","overlay-gradient":""},"mobile":{"background-color":"","background-image":"","background-repeat":"repeat","background-position":"center center","background-size":"auto","background-attachment":"scroll","background-type":"","background-media":"","overlay-type":"","overlay-color":"","overlay-opacity":"","overlay-gradient":""}},"ast-content-background-meta":{"desktop":{"background-color":"var(--ast-global-color-5)","background-image":"","background-repeat":"repeat","background-position":"center center","background-size":"auto","background-attachment":"scroll","background-type":"","background-media":"","overlay-type":"","overlay-color":"","overlay-opacity":"","overlay-gradient":""},"tablet":{"background-color":"var(--ast-global-color-5)","background-image":"","background-repeat":"repeat","background-position":"center center","background-size":"auto","background-attachment":"scroll","background-type":"","background-media":"","overlay-type":"","overlay-color":"","overlay-opacity":"","overlay-gradient":""},"mobile":{"background-color":"var(--ast-global-color-5)","background-image":"","background-repeat":"repeat","background-position":"center center","background-size":"auto","background-attachment":"scroll","background-type":"","background-media":"","overlay-type":"","overlay-color":"","overlay-opacity":"","overlay-gradient":""}}},"product_brand":[],"product_cat":[48,47,430,1200],"product_tag":[218,202,449,145,212,438,227,198,281],"class_list":{"0":"post-7931","1":"product","2":"type-product","3":"status-publish","4":"has-post-thumbnail","6":"product_cat-casual","7":"product_cat-classic","8":"product_cat-men","9":"product_cat-mens-shoes-2","10":"product_tag-brown-shoes","11":"product_tag-calf-leather","12":"product_tag-casual-shoes","13":"product_tag-classic-shoes","14":"product_tag-derby-shoes","15":"product_tag-eva-sole","16":"product_tag-leather-shoes","17":"product_tag-mens-fashion","18":"product_tag-wholesale-shoes","19":"desktop-align-center","20":"tablet-align-center","21":"mobile-align-center","23":"first","24":"instock","25":"shipping-taxable","26":"purchasable","27":"product-type-variable","28":"has-default-attributes"},"acf":[],"uagb_featured_image_src":{"full":["https:\/\/turkishtrade.co\/wp-content\/uploads\/2026\/01\/2600FKHMN00018-BROWN.png",453,250,false],"thumbnail":["https:\/\/turkishtrade.co\/wp-content\/uploads\/2026\/01\/2600FKHMN00018-BROWN-150x150.png",150,150,true],"medium":["https:\/\/turkishtrade.co\/wp-content\/uploads\/2026\/01\/2600FKHMN00018-BROWN-300x166.png",300,166,true],"medium_large":["https:\/\/turkishtrade.co\/wp-content\/uploads\/2026\/01\/2600FKHMN00018-BROWN.png",453,250,false],"large":["https:\/\/turkishtrade.co\/wp-content\/uploads\/2026\/01\/2600FKHMN00018-BROWN.png",453,250,false],"1536x1536":["https:\/\/turkishtrade.co\/wp-content\/uploads\/2026\/01\/2600FKHMN00018-BROWN.png",453,250,false],"2048x2048":["https:\/\/turkishtrade.co\/wp-content\/uploads\/2026\/01\/2600FKHMN00018-BROWN.png",453,250,false],"trp-custom-language-flag":["https:\/\/turkishtrade.co\/wp-content\/uploads\/2026\/01\/2600FKHMN00018-BROWN-18x10.png",18,10,true],"woocommerce_thumbnail":["https:\/\/turkishtrade.co\/wp-content\/uploads\/2026\/01\/2600FKHMN00018-BROWN-400x250.png",400,250,true],"woocommerce_single":["https:\/\/turkishtrade.co\/wp-content\/uploads\/2026\/01\/2600FKHMN00018-BROWN.png",453,250,false],"woocommerce_gallery_thumbnail":["https:\/\/turkishtrade.co\/wp-content\/uploads\/2026\/01\/2600FKHMN00018-BROWN-100x100.png",100,100,true]},"uagb_author_info":{"display_name":"python python","author_link":"https:\/\/turkishtrade.co\/es\/author\/"},"uagb_comment_info":0,"uagb_excerpt":"Exquisite calf leather upper for a sophisticated look Soft and breathable goat leather lining for superior comfort Lightweight and durable EVA sole for all-day wear Classic derby shoe design, perfect for both casual and formal attire Available in sizes 39-45 (EU) Wholesale opportunities available (Minimum order: 16 pairs)","_links":{"self":[{"href":"https:\/\/turkishtrade.co\/es\/wp-json\/wp\/v2\/product\/7931","targetHints":{"allow":["GET"]}}],"collection":[{"href":"https:\/\/turkishtrade.co\/es\/wp-json\/wp\/v2\/product"}],"about":[{"href":"https:\/\/turkishtrade.co\/es\/wp-json\/wp\/v2\/types\/product"}],"wp:featuredmedia":[{"embeddable":true,"href":"https:\/\/turkishtrade.co\/es\/wp-json\/wp\/v2\/media\/7073"}],"wp:attachment":[{"href":"https:\/\/turkishtrade.co\/es\/wp-json\/wp\/v2\/media?parent=7931"}],"wp:term":[{"taxonomy":"product_brand","embeddable":true,"href":"https:\/\/turkishtrade.co\/es\/wp-json\/wp\/v2\/product_brand?post=7931"},{"taxonomy":"product_cat","embeddable":true,"href":"https:\/\/turkishtrade.co\/es\/wp-json\/wp\/v2\/product_cat?post=7931"},{"taxonomy":"product_tag","embeddable":true,"href":"https:\/\/turkishtrade.co\/es\/wp-json\/wp\/v2\/product_tag?post=7931"}],"curies":[{"name":"wp","href":"https:\/\/api.w.org\/{rel}","templated":true}]}}