{"id":7911,"date":"2026-01-29T14:45:47","date_gmt":"2026-01-29T14:45:47","guid":{"rendered":"https:\/\/turkishtrade.co\/?post_type=product&#038;p=7911"},"modified":"2026-04-09T20:40:31","modified_gmt":"2026-04-09T20:40:31","slug":"mens-brown-suede-shoes","status":"publish","type":"product","link":"https:\/\/turkishtrade.co\/es\/shop\/mens-brown-suede-shoes\/","title":{"rendered":"Zapatos de hombre de ante marr\u00f3n de lujo | Premium | Estilo cl\u00e1sico"},"content":{"rendered":"<p>Eleve su colecci\u00f3n de calzado con nuestros <strong>Zapatos de hombre de ante marr\u00f3n<\/strong>. Meticulosamente elaboradas para el caballero moderno, estas sofisticadas <strong>Zapatos de hombre de ante marr\u00f3n<\/strong> combinan el dise\u00f1o cl\u00e1sico con la funcionalidad contempor\u00e1nea, convirti\u00e9ndolos en un complemento esencial para cualquier armario exigente.<\/p>\n<p>La rica parte superior de ante marr\u00f3n, exquisitamente confeccionada en aut\u00e9ntica piel de becerro, ofrece un aspecto y un tacto lujosos que s\u00f3lo mejoran con el paso del tiempo.<\/p>\n<p>Estos excepcionales <strong>Zapatos de hombre de ante marr\u00f3n<\/strong> no son s\u00f3lo est\u00e9tica; est\u00e1n meticulosamente fabricados para llevarlos todo el d\u00eda, proporcionando tanto elegancia duradera como comodidad pr\u00e1ctica. El distintivo dise\u00f1o de la puntera en delantal a\u00f1ade un toque de refinado encanto a estos vers\u00e1tiles zapatos.<\/p>\n<h3>Comodidad y calidad inigualables en cada par de zapatos de ante marr\u00f3n para hombre<\/h3>\n<p>Experimente una comodidad suprema a cada paso cuando lleve nuestros <strong>Zapatos de hombre de ante marr\u00f3n<\/strong>, Gracias al forro de piel de cabra de primera calidad que acuna suavemente tus pies. Este forro natural garantiza una excelente transpirabilidad, manteniendo tus pies frescos y c\u00f3modos durante todo el d\u00eda.<\/p>\n<p>La suela de EVA, ligera pero extraordinariamente duradera, proporciona una amortiguaci\u00f3n y flexibilidad excepcionales, garantizando una estabilidad superior y reduciendo significativamente la fatiga, lo que hace que estas <strong>Zapatos de hombre de ante marr\u00f3n<\/strong> una elecci\u00f3n ideal para pasar largas horas de pie. Desde los detalles meticulosamente cosidos hasta los robustos cordones, cada elemento de estas <strong>Zapatos de hombre de ante marr\u00f3n<\/strong> es sin\u00f3nimo de artesan\u00eda superior y atenci\u00f3n inquebrantable a los detalles.<\/p>\n<h3>Estilo atemporal para cada ocasi\u00f3n con sus zapatos de ante marr\u00f3n para hombre<\/h3>\n<p>Nuestro vers\u00e1til <strong>Zapatos de hombre de ante marr\u00f3n<\/strong> presentan un dise\u00f1o sofisticado que permite pasar f\u00e1cilmente de un elegante atuendo informal para la oficina a relajadas salidas de fin de semana. El c\u00e1lido tono marr\u00f3n hace que estos <strong>Zapatos de hombre de ante marr\u00f3n<\/strong> un complemento perfecto para una amplia gama de conjuntos, desde pantalones sastre hasta tus vaqueros favoritos.<\/p>\n<p>Adopte la mezcla perfecta de elegancia cl\u00e1sica y atractivo casual moderno. Estos <strong>Zapatos de hombre de ante marr\u00f3n<\/strong> est\u00e1n dise\u00f1ados para personas exigentes que valoran tanto el estilo impecable como la comodidad pr\u00e1ctica en sus elecciones de calzado cotidianas, garantizando que siempre cause una impresi\u00f3n duradera.<\/p>\n<h3>Oportunidad al por mayor de zapatos de hombre de ante marr\u00f3n<\/h3>\n<p>Eleve su inventario con estos exquisitos <strong>Zapatos de hombre de ante marr\u00f3n<\/strong>. Disponibles en una amplia gama de tallas de la UE (39-45), son imprescindibles para cualquier minorista exigente que desee ofrecer calzado masculino de moda y alta calidad. Estamos orgullosos de ofrecer precios competitivos al por mayor para pedidos a partir de un m\u00ednimo de 16 pares.<\/p>\n<p>As\u00f3ciese con nosotros para proporcionar a sus clientes calzado de primera calidad que combine durabilidad, comodidad excepcional y estilo sofisticado. Invertir en estos <strong>Zapatos de hombre de ante marr\u00f3n<\/strong> representa una excelente oportunidad para su negocio, ya que promete una gran demanda y una excelente satisfacci\u00f3n del cliente, lo que las convierte en una rentable incorporaci\u00f3n a su l\u00ednea de productos.<\/p>","protected":false},"excerpt":{"rendered":"<ul>\n<li>Fabricada en ante de aut\u00e9ntica piel de ternero para un acabado de lujo<\/li>\n<li>Forrado con piel de cabra de primera calidad para mayor comodidad y transpirabilidad<\/li>\n<li>Suela de EVA ligera y flexible para llevarla todo el d\u00eda.<\/li>\n<li>Elegante dise\u00f1o de puntera de delantal con un cl\u00e1sico cierre de cordones<\/li>\n<li>Disponible en una amplia gama de tallas UE (39-45)<\/li>\n<li>Se aceptan pedidos al por mayor con una cantidad m\u00ednima de 16 pares<\/li>\n<\/ul>","protected":false},"featured_media":7063,"template":"","meta":{"_acf_changed":false,"_uag_custom_page_level_css":"","site-sidebar-layout":"default","site-content-layout":"","ast-site-content-layout":"default","site-content-style":"default","site-sidebar-style":"default","ast-global-header-display":"","ast-banner-title-visibility":"","ast-main-header-display":"","ast-hfb-above-header-display":"","ast-hfb-below-header-display":"","ast-hfb-mobile-header-display":"","site-post-title":"","ast-breadcrumbs-content":"","ast-featured-img":"","footer-sml-layout":"","ast-disable-related-posts":"","theme-transparent-header-meta":"","adv-header-id-meta":"","stick-header-meta":"","header-above-stick-meta":"","header-main-stick-meta":"","header-below-stick-meta":"","astra-migrate-meta-layouts":"default","ast-page-background-enabled":"default","ast-page-background-meta":{"desktop":{"background-color":"var(--ast-global-color-4)","background-image":"","background-repeat":"repeat","background-position":"center center","background-size":"auto","background-attachment":"scroll","background-type":"","background-media":"","overlay-type":"","overlay-color":"","overlay-opacity":"","overlay-gradient":""},"tablet":{"background-color":"","background-image":"","background-repeat":"repeat","background-position":"center center","background-size":"auto","background-attachment":"scroll","background-type":"","background-media":"","overlay-type":"","overlay-color":"","overlay-opacity":"","overlay-gradient":""},"mobile":{"background-color":"","background-image":"","background-repeat":"repeat","background-position":"center center","background-size":"auto","background-attachment":"scroll","background-type":"","background-media":"","overlay-type":"","overlay-color":"","overlay-opacity":"","overlay-gradient":""}},"ast-content-background-meta":{"desktop":{"background-color":"var(--ast-global-color-5)","background-image":"","background-repeat":"repeat","background-position":"center center","background-size":"auto","background-attachment":"scroll","background-type":"","background-media":"","overlay-type":"","overlay-color":"","overlay-opacity":"","overlay-gradient":""},"tablet":{"background-color":"var(--ast-global-color-5)","background-image":"","background-repeat":"repeat","background-position":"center center","background-size":"auto","background-attachment":"scroll","background-type":"","background-media":"","overlay-type":"","overlay-color":"","overlay-opacity":"","overlay-gradient":""},"mobile":{"background-color":"var(--ast-global-color-5)","background-image":"","background-repeat":"repeat","background-position":"center center","background-size":"auto","background-attachment":"scroll","background-type":"","background-media":"","overlay-type":"","overlay-color":"","overlay-opacity":"","overlay-gradient":""}}},"product_brand":[],"product_cat":[48,47,430,1200],"product_tag":[335,1243,185,809,1245,1244,287,1246,337,262],"class_list":{"0":"post-7911","1":"product","2":"type-product","3":"status-publish","4":"has-post-thumbnail","6":"product_cat-casual","7":"product_cat-classic","8":"product_cat-men","9":"product_cat-mens-shoes-2","10":"product_tag-apron-toe-shoes","11":"product_tag-brown-casual-shoes","12":"product_tag-calf-leather-shoes","13":"product_tag-classic-mens-footwear","14":"product_tag-comfortable-suede","15":"product_tag-derby-style-shoes","16":"product_tag-eva-sole-shoes","17":"product_tag-fashionable-footwear","18":"product_tag-mens-suede-shoes","19":"product_tag-wholesale-mens-shoes","20":"desktop-align-center","21":"tablet-align-center","22":"mobile-align-center","24":"first","25":"instock","26":"shipping-taxable","27":"purchasable","28":"product-type-variable","29":"has-default-attributes"},"acf":[],"uagb_featured_image_src":{"full":["https:\/\/turkishtrade.co\/wp-content\/uploads\/2026\/01\/2600FKHMN00013-CAMEL.png",453,250,false],"thumbnail":["https:\/\/turkishtrade.co\/wp-content\/uploads\/2026\/01\/2600FKHMN00013-CAMEL-150x150.png",150,150,true],"medium":["https:\/\/turkishtrade.co\/wp-content\/uploads\/2026\/01\/2600FKHMN00013-CAMEL-300x166.png",300,166,true],"medium_large":["https:\/\/turkishtrade.co\/wp-content\/uploads\/2026\/01\/2600FKHMN00013-CAMEL.png",453,250,false],"large":["https:\/\/turkishtrade.co\/wp-content\/uploads\/2026\/01\/2600FKHMN00013-CAMEL.png",453,250,false],"1536x1536":["https:\/\/turkishtrade.co\/wp-content\/uploads\/2026\/01\/2600FKHMN00013-CAMEL.png",453,250,false],"2048x2048":["https:\/\/turkishtrade.co\/wp-content\/uploads\/2026\/01\/2600FKHMN00013-CAMEL.png",453,250,false],"trp-custom-language-flag":["https:\/\/turkishtrade.co\/wp-content\/uploads\/2026\/01\/2600FKHMN00013-CAMEL-18x10.png",18,10,true],"woocommerce_thumbnail":["https:\/\/turkishtrade.co\/wp-content\/uploads\/2026\/01\/2600FKHMN00013-CAMEL-400x250.png",400,250,true],"woocommerce_single":["https:\/\/turkishtrade.co\/wp-content\/uploads\/2026\/01\/2600FKHMN00013-CAMEL.png",453,250,false],"woocommerce_gallery_thumbnail":["https:\/\/turkishtrade.co\/wp-content\/uploads\/2026\/01\/2600FKHMN00013-CAMEL-100x100.png",100,100,true]},"uagb_author_info":{"display_name":"python python","author_link":"https:\/\/turkishtrade.co\/es\/author\/"},"uagb_comment_info":0,"uagb_excerpt":"Crafted from genuine calf leather suede for a luxurious finish Lined with premium goat leather for ultimate comfort and breathability Features a lightweight and flexible EVA sole for all-day wear Stylish apron toe design with a classic lace-up closure Available in a wide range of EU sizes (39-45) Wholesale orders are welcome with a minimum&hellip;","_links":{"self":[{"href":"https:\/\/turkishtrade.co\/es\/wp-json\/wp\/v2\/product\/7911","targetHints":{"allow":["GET"]}}],"collection":[{"href":"https:\/\/turkishtrade.co\/es\/wp-json\/wp\/v2\/product"}],"about":[{"href":"https:\/\/turkishtrade.co\/es\/wp-json\/wp\/v2\/types\/product"}],"wp:featuredmedia":[{"embeddable":true,"href":"https:\/\/turkishtrade.co\/es\/wp-json\/wp\/v2\/media\/7063"}],"wp:attachment":[{"href":"https:\/\/turkishtrade.co\/es\/wp-json\/wp\/v2\/media?parent=7911"}],"wp:term":[{"taxonomy":"product_brand","embeddable":true,"href":"https:\/\/turkishtrade.co\/es\/wp-json\/wp\/v2\/product_brand?post=7911"},{"taxonomy":"product_cat","embeddable":true,"href":"https:\/\/turkishtrade.co\/es\/wp-json\/wp\/v2\/product_cat?post=7911"},{"taxonomy":"product_tag","embeddable":true,"href":"https:\/\/turkishtrade.co\/es\/wp-json\/wp\/v2\/product_tag?post=7911"}],"curies":[{"name":"wp","href":"https:\/\/api.w.org\/{rel}","templated":true}]}}