{"id":7910,"date":"2026-01-29T14:45:47","date_gmt":"2026-01-29T14:45:47","guid":{"rendered":"https:\/\/turkishtrade.co\/?post_type=product&#038;p=7910"},"modified":"2026-04-09T20:40:35","modified_gmt":"2026-04-09T20:40:35","slug":"mens-classic-brown-leather-oxford-shoes","status":"publish","type":"product","link":"https:\/\/turkishtrade.co\/es\/shop\/mens-classic-brown-leather-oxford-shoes\/","title":{"rendered":"Zapatos Oxford Cl\u00e1sicos de Hombre en Piel Marr\u00f3n Inmejorables | Eleva tu Estilo"},"content":{"rendered":"<h3>Experimente la elegancia atemporal con nuestros cl\u00e1sicos zapatos Oxford de piel marr\u00f3n para hombre<\/h3>\n<p>Entre en la sofisticaci\u00f3n y el confort sin igual con nuestro exquisito <strong>Zapatos Oxford cl\u00e1sicos de cuero marr\u00f3n para hombre<\/strong>. Meticulosamente elaborados para el caballero moderno, estos zapatos representan la mezcla perfecta de dise\u00f1o tradicional y comodidad contempor\u00e1nea. Ya sea para una reuni\u00f3n de negocios, un evento formal, o simplemente elevar su atuendo diario, estos Oxfords est\u00e1n dise\u00f1ados para hacer una impresi\u00f3n duradera.<\/p>\n<h3>Artesan\u00eda superior y materiales de primera calidad<\/h3>\n<p>Nuestro compromiso con la calidad comienza con la selecci\u00f3n de materiales de primera calidad. El empeine est\u00e1 confeccionado en aut\u00e9ntica piel de becerro, famosa por su textura flexible, su brillo natural y su extraordinaria durabilidad. Este tono marr\u00f3n intenso es vers\u00e1til y complementa sin esfuerzo una amplia gama de atuendos, desde trajes a medida hasta elegantes conjuntos informales.<\/p>\n<p>En el interior, tus pies estar\u00e1n acunados por un lujoso forro de piel de cabra, que garantiza la transpirabilidad y un confort excepcional durante todo el d\u00eda. Este suave interior evita las rozaduras y absorbe la humedad, manteniendo tus pies frescos.<\/p>\n<p>Bajo todo ello se esconde una suela de EVA ligera pero robusta. A diferencia de las suelas pesadas tradicionales, la suela de EVA proporciona una excelente absorci\u00f3n de impactos, reduciendo la fatiga y haciendo que estas <strong>Zapatos Oxford cl\u00e1sicos de cuero marr\u00f3n para hombre<\/strong> incre\u00edblemente c\u00f3modos para un uso prolongado. La construcci\u00f3n robusta asegura que estos zapatos ser\u00e1n un elemento b\u00e1sico en su guardarropa en los pr\u00f3ximos a\u00f1os, ofreciendo estilo y sustancia.<\/p>\n<h3>Versatilidad para todas las ocasiones<\/h3>\n<p>El cl\u00e1sico dise\u00f1o de puntera a\u00f1ade un toque de refinada elegancia, haciendo de estas <strong>Zapatos Oxford cl\u00e1sicos de cuero marr\u00f3n para hombre<\/strong> adecuados para un sinf\u00edn de ocasiones. Son la elecci\u00f3n ideal para profesionales, estudiantes y cualquiera que aprecie el estilo perdurable.<\/p>\n<p>Disponibles en una amplia gama de tallas europeas, de la 39 a la 45, nos dirigimos a una clientela muy variada, garantizando un ajuste perfecto para los distintos tama\u00f1os de pie.<\/p>\n<p>Desde la sala de juntas hasta un paseo de fin de semana, estos zapatos se adaptan perfectamente a tu estilo de vida, encarnando la esencia del calzado \u201cCasual Classic\u201d.<\/p>\n<h3>Oportunidades de venta al por mayor<\/h3>\n<p>Para las empresas que buscan ofrecer calzado de alta calidad, nos complace ofrecer opciones de venta al por mayor para nuestros zapatos Oxford de hombre de cuero marr\u00f3n cl\u00e1sico. Con una cantidad m\u00ednima de pedido de solo 16 pares, puede abastecer su inventario con zapatos de primera calidad y codiciados que prometen la satisfacci\u00f3n del cliente.<\/p>\n<p>As\u00f3ciese con nosotros para ofrecer un valor y un estilo excepcionales a sus clientes, con el respaldo de unos precios competitivos y una artesan\u00eda superior. Mejore hoy mismo su oferta de productos con estos Oxfords atemporales y vers\u00e1tiles, y satisfaga la demanda de calzado elegante para hombre.<\/p>","protected":false},"excerpt":{"rendered":"<ul>\n<li>Fabricado en piel de becerro de primera calidad para una mayor durabilidad y estilo.<\/li>\n<li>Incorpora un lujoso forro de piel de cabra para mayor comodidad y transpirabilidad.<\/li>\n<li>Equipadas con una suela de EVA ligera y amortiguadora para llevarlas todo el d\u00eda.<\/li>\n<li>Dise\u00f1o Oxford atemporal con puntera, perfecto tanto para ocasiones formales como informales.<\/li>\n<li>Disponible en las tallas europeas 39 a 45.<\/li>\n<li>Oportunidades de venta al por mayor disponibles con un pedido m\u00ednimo de 16 pares.<\/li>\n<\/ul>","protected":false},"featured_media":7061,"template":"","meta":{"_acf_changed":false,"_uag_custom_page_level_css":"","site-sidebar-layout":"default","site-content-layout":"","ast-site-content-layout":"default","site-content-style":"default","site-sidebar-style":"default","ast-global-header-display":"","ast-banner-title-visibility":"","ast-main-header-display":"","ast-hfb-above-header-display":"","ast-hfb-below-header-display":"","ast-hfb-mobile-header-display":"","site-post-title":"","ast-breadcrumbs-content":"","ast-featured-img":"","footer-sml-layout":"","ast-disable-related-posts":"","theme-transparent-header-meta":"","adv-header-id-meta":"","stick-header-meta":"","header-above-stick-meta":"","header-main-stick-meta":"","header-below-stick-meta":"","astra-migrate-meta-layouts":"default","ast-page-background-enabled":"default","ast-page-background-meta":{"desktop":{"background-color":"var(--ast-global-color-4)","background-image":"","background-repeat":"repeat","background-position":"center center","background-size":"auto","background-attachment":"scroll","background-type":"","background-media":"","overlay-type":"","overlay-color":"","overlay-opacity":"","overlay-gradient":""},"tablet":{"background-color":"","background-image":"","background-repeat":"repeat","background-position":"center center","background-size":"auto","background-attachment":"scroll","background-type":"","background-media":"","overlay-type":"","overlay-color":"","overlay-opacity":"","overlay-gradient":""},"mobile":{"background-color":"","background-image":"","background-repeat":"repeat","background-position":"center center","background-size":"auto","background-attachment":"scroll","background-type":"","background-media":"","overlay-type":"","overlay-color":"","overlay-opacity":"","overlay-gradient":""}},"ast-content-background-meta":{"desktop":{"background-color":"var(--ast-global-color-5)","background-image":"","background-repeat":"repeat","background-position":"center center","background-size":"auto","background-attachment":"scroll","background-type":"","background-media":"","overlay-type":"","overlay-color":"","overlay-opacity":"","overlay-gradient":""},"tablet":{"background-color":"var(--ast-global-color-5)","background-image":"","background-repeat":"repeat","background-position":"center center","background-size":"auto","background-attachment":"scroll","background-type":"","background-media":"","overlay-type":"","overlay-color":"","overlay-opacity":"","overlay-gradient":""},"mobile":{"background-color":"var(--ast-global-color-5)","background-image":"","background-repeat":"repeat","background-position":"center center","background-size":"auto","background-attachment":"scroll","background-type":"","background-media":"","overlay-type":"","overlay-color":"","overlay-opacity":"","overlay-gradient":""}}},"product_brand":[],"product_cat":[48,47,430,1200],"product_tag":[292,405,566,644,287,251,360,281],"class_list":{"0":"post-7910","1":"product","2":"type-product","3":"status-publish","4":"has-post-thumbnail","6":"product_cat-casual","7":"product_cat-classic","8":"product_cat-men","9":"product_cat-mens-shoes-2","10":"product_tag-brown-leather-shoes","11":"product_tag-business-shoes","12":"product_tag-calfskin-shoes","13":"product_tag-classic-footwear","14":"product_tag-eva-sole-shoes","15":"product_tag-formal-shoes","16":"product_tag-leather-oxfords","17":"product_tag-wholesale-shoes","18":"desktop-align-center","19":"tablet-align-center","20":"mobile-align-center","22":"first","23":"instock","24":"shipping-taxable","25":"purchasable","26":"product-type-variable","27":"has-default-attributes"},"acf":[],"uagb_featured_image_src":{"full":["https:\/\/turkishtrade.co\/wp-content\/uploads\/2026\/01\/2600FKHMN00012-BROWN.png",453,250,false],"thumbnail":["https:\/\/turkishtrade.co\/wp-content\/uploads\/2026\/01\/2600FKHMN00012-BROWN-150x150.png",150,150,true],"medium":["https:\/\/turkishtrade.co\/wp-content\/uploads\/2026\/01\/2600FKHMN00012-BROWN-300x166.png",300,166,true],"medium_large":["https:\/\/turkishtrade.co\/wp-content\/uploads\/2026\/01\/2600FKHMN00012-BROWN.png",453,250,false],"large":["https:\/\/turkishtrade.co\/wp-content\/uploads\/2026\/01\/2600FKHMN00012-BROWN.png",453,250,false],"1536x1536":["https:\/\/turkishtrade.co\/wp-content\/uploads\/2026\/01\/2600FKHMN00012-BROWN.png",453,250,false],"2048x2048":["https:\/\/turkishtrade.co\/wp-content\/uploads\/2026\/01\/2600FKHMN00012-BROWN.png",453,250,false],"trp-custom-language-flag":["https:\/\/turkishtrade.co\/wp-content\/uploads\/2026\/01\/2600FKHMN00012-BROWN-18x10.png",18,10,true],"woocommerce_thumbnail":["https:\/\/turkishtrade.co\/wp-content\/uploads\/2026\/01\/2600FKHMN00012-BROWN-400x250.png",400,250,true],"woocommerce_single":["https:\/\/turkishtrade.co\/wp-content\/uploads\/2026\/01\/2600FKHMN00012-BROWN.png",453,250,false],"woocommerce_gallery_thumbnail":["https:\/\/turkishtrade.co\/wp-content\/uploads\/2026\/01\/2600FKHMN00012-BROWN-100x100.png",100,100,true]},"uagb_author_info":{"display_name":"python python","author_link":"https:\/\/turkishtrade.co\/es\/author\/"},"uagb_comment_info":0,"uagb_excerpt":"Crafted from premium calfskin leather for superior durability and style. Features a luxurious goat leather lining for ultimate comfort and breathability. Equipped with a lightweight and shock-absorbent EVA sole for all-day wear. Timeless cap-toe Oxford design, perfect for both formal and smart-casual occasions. Available in European sizes 39 to 45. Wholesale opportunities available with a&hellip;","_links":{"self":[{"href":"https:\/\/turkishtrade.co\/es\/wp-json\/wp\/v2\/product\/7910","targetHints":{"allow":["GET"]}}],"collection":[{"href":"https:\/\/turkishtrade.co\/es\/wp-json\/wp\/v2\/product"}],"about":[{"href":"https:\/\/turkishtrade.co\/es\/wp-json\/wp\/v2\/types\/product"}],"wp:featuredmedia":[{"embeddable":true,"href":"https:\/\/turkishtrade.co\/es\/wp-json\/wp\/v2\/media\/7061"}],"wp:attachment":[{"href":"https:\/\/turkishtrade.co\/es\/wp-json\/wp\/v2\/media?parent=7910"}],"wp:term":[{"taxonomy":"product_brand","embeddable":true,"href":"https:\/\/turkishtrade.co\/es\/wp-json\/wp\/v2\/product_brand?post=7910"},{"taxonomy":"product_cat","embeddable":true,"href":"https:\/\/turkishtrade.co\/es\/wp-json\/wp\/v2\/product_cat?post=7910"},{"taxonomy":"product_tag","embeddable":true,"href":"https:\/\/turkishtrade.co\/es\/wp-json\/wp\/v2\/product_tag?post=7910"}],"curies":[{"name":"wp","href":"https:\/\/api.w.org\/{rel}","templated":true}]}}