{"id":7905,"date":"2026-01-29T14:45:46","date_gmt":"2026-01-29T14:45:46","guid":{"rendered":"https:\/\/turkishtrade.co\/?post_type=product&#038;p=7905"},"modified":"2026-04-09T20:40:56","modified_gmt":"2026-04-09T20:40:56","slug":"mens-leather-platform-loafers","status":"publish","type":"product","link":"https:\/\/turkishtrade.co\/es\/shop\/mens-leather-platform-loafers\/","title":{"rendered":"Mocasines de plataforma de cuero genuino para hombre | Piel de becerro marr\u00f3n oscuro"},"content":{"rendered":"<p>Mejore su estilo con nuestros exquisitos <strong>Mocasines de plataforma de piel para hombre<\/strong>, Estos sofisticados mocasines combinan a la perfecci\u00f3n la artesan\u00eda tradicional con elementos de dise\u00f1o modernos. Estos sofisticados mocasines combinan a la perfecci\u00f3n la artesan\u00eda tradicional con elementos de dise\u00f1o modernos, lo que los convierte en un complemento vers\u00e1til para cualquier armario. Elaborados con los mejores materiales, estos <strong>Mocasines de plataforma de piel para hombre<\/strong> prometen no s\u00f3lo un tacto lujoso, sino tambi\u00e9n durabilidad y comodidad duraderas.<\/p>\n<h3>Artesan\u00eda inigualable y materiales de primera calidad<\/h3>\n<p>Nuestra <strong>Mocasines de plataforma de piel para hombre<\/strong> son un testimonio de arte superior, empezando por la elecci\u00f3n de piel de becerro de primera calidad para el empeine. La piel de becerro es famosa por su textura suave, su resistencia y su capacidad para desarrollar una hermosa p\u00e1tina con el paso del tiempo, lo que garantiza que sus zapatos luzcan mejor con cada uso. El rico tono marr\u00f3n oscuro a\u00f1ade un toque de sofisticaci\u00f3n atemporal, mientras que la pala con textura meticulosamente detallada, que recuerda a la piel ex\u00f3tica, y el elegante detalle met\u00e1lico elevan el dise\u00f1o general. En el interior, sus pies estar\u00e1n acunados por un forro de piel de cabra suave y transpirable, una opci\u00f3n superior conocida por sus propiedades para mejorar el confort y su capacidad para regular la temperatura, manteniendo sus pies frescos durante todo el d\u00eda.<\/p>\n<h3>Eleve su estilo con un dise\u00f1o contempor\u00e1neo<\/h3>\n<p>Lo que realmente diferencia a estos <strong>Mocasines de plataforma de piel para hombre<\/strong> es su caracter\u00edstica suela de plataforma. Este moderno elemento de dise\u00f1o no s\u00f3lo a\u00f1ade un toque de moda, sino que tambi\u00e9n proporciona un sutil impulso en altura, haciendo una declaraci\u00f3n de confianza. La suela de EVA de un blanco inmaculado contrasta con el cuero marr\u00f3n oscuro y hace que estos mocasines llamen la atenci\u00f3n. El material EVA en s\u00ed es incre\u00edblemente ligero y flexible, ofreciendo una excepcional absorci\u00f3n de impactos y reduciendo la fatiga del pie, incluso tras un uso prolongado. Tanto si se combinan con un atuendo informal elegante como con conjuntos m\u00e1s formales, estos <strong>Mocasines de plataforma de piel para hombre<\/strong> est\u00e1n dise\u00f1ados para complementar una amplia gama de looks, pasando sin esfuerzo del business casual al chic de fin de semana.<\/p>\n<h3>Comodidad superior para llevar todo el d\u00eda<\/h3>\n<p>La comodidad es primordial, y estas <strong>Mocasines de plataforma de piel para hombre<\/strong> entregar. La combinaci\u00f3n de piel de becerro flexible que se amolda al pie, el suave forro de piel de cabra y la suela de plataforma de EVA acolchada crean una experiencia de uso inigualable. El dise\u00f1o slip-on garantiza la comodidad, permitiendo pon\u00e9rselas y quit\u00e1rselas f\u00e1cilmente sin sacrificar un ajuste seguro. Disponibles en las tallas esenciales 40, 41, 42, 43 y 44 de la UE, garantizamos un ajuste perfecto para una amplia gama de clientes que buscan calzado de primera calidad. Experimente la fusi\u00f3n de lujo, estilo y comodidad a cada paso con estos excepcionales <strong>Mocasines de plataforma de piel para hombre<\/strong>.<\/p>\n<h3>Ideal para compradores al por mayor<\/h3>\n<p>Para los minoristas que desean almacenar calzado de alta calidad y a la moda, estos <strong>Mocasines de plataforma de piel para hombre<\/strong> representan una excelente oportunidad. Ofrecemos estos elegantes zapatos para su compra al por mayor con una cantidad m\u00ednima de pedido de 16 pares. Ampl\u00ede su inventario con un producto que atrae a los clientes que buscan elegancia, comodidad y dise\u00f1o contempor\u00e1neo. Nuestros zapatos <strong>Mocasines de plataforma de piel para hombre<\/strong> son un valioso complemento para su colecci\u00f3n y atraen a compradores exigentes que valoran la calidad y el estilo. Invierta en un calzado que destaque y satisfaga las exigencias de la moda moderna.<\/p>","protected":false},"excerpt":{"rendered":"<ul>\n<li>Parte superior de piel de becerro de primera calidad para una mayor durabilidad y un aspecto sofisticado<\/li>\n<li>El forro de piel de cabra suave y transpirable garantiza la comodidad durante todo el d\u00eda<\/li>\n<li>La suela de plataforma de EVA, ligera y de apoyo, proporciona una elevaci\u00f3n moderna<\/li>\n<li>Detalle met\u00e1lico distintivo y pala texturizada para mayor elegancia<\/li>\n<li>Disponible en tallas EU: 40, 41, 42, 43, 44<\/li>\n<li>Cantidad m\u00ednima de pedido: 16 Pares (Disponibilidad al por mayor)<\/li>\n<\/ul>","protected":false},"featured_media":7102,"template":"","meta":{"_acf_changed":false,"_uag_custom_page_level_css":"","site-sidebar-layout":"default","site-content-layout":"","ast-site-content-layout":"default","site-content-style":"default","site-sidebar-style":"default","ast-global-header-display":"","ast-banner-title-visibility":"","ast-main-header-display":"","ast-hfb-above-header-display":"","ast-hfb-below-header-display":"","ast-hfb-mobile-header-display":"","site-post-title":"","ast-breadcrumbs-content":"","ast-featured-img":"","footer-sml-layout":"","ast-disable-related-posts":"","theme-transparent-header-meta":"","adv-header-id-meta":"","stick-header-meta":"","header-above-stick-meta":"","header-main-stick-meta":"","header-below-stick-meta":"","astra-migrate-meta-layouts":"default","ast-page-background-enabled":"default","ast-page-background-meta":{"desktop":{"background-color":"var(--ast-global-color-4)","background-image":"","background-repeat":"repeat","background-position":"center center","background-size":"auto","background-attachment":"scroll","background-type":"","background-media":"","overlay-type":"","overlay-color":"","overlay-opacity":"","overlay-gradient":""},"tablet":{"background-color":"","background-image":"","background-repeat":"repeat","background-position":"center center","background-size":"auto","background-attachment":"scroll","background-type":"","background-media":"","overlay-type":"","overlay-color":"","overlay-opacity":"","overlay-gradient":""},"mobile":{"background-color":"","background-image":"","background-repeat":"repeat","background-position":"center center","background-size":"auto","background-attachment":"scroll","background-type":"","background-media":"","overlay-type":"","overlay-color":"","overlay-opacity":"","overlay-gradient":""}},"ast-content-background-meta":{"desktop":{"background-color":"var(--ast-global-color-5)","background-image":"","background-repeat":"repeat","background-position":"center center","background-size":"auto","background-attachment":"scroll","background-type":"","background-media":"","overlay-type":"","overlay-color":"","overlay-opacity":"","overlay-gradient":""},"tablet":{"background-color":"var(--ast-global-color-5)","background-image":"","background-repeat":"repeat","background-position":"center center","background-size":"auto","background-attachment":"scroll","background-type":"","background-media":"","overlay-type":"","overlay-color":"","overlay-opacity":"","overlay-gradient":""},"mobile":{"background-color":"var(--ast-global-color-5)","background-image":"","background-repeat":"repeat","background-position":"center center","background-size":"auto","background-attachment":"scroll","background-type":"","background-media":"","overlay-type":"","overlay-color":"","overlay-opacity":"","overlay-gradient":""}}},"product_brand":[],"product_cat":[48,430,1200,50],"product_tag":[178,1355,331,725,326,189,1354,186,1356,262],"class_list":{"0":"post-7905","1":"product","2":"type-product","3":"status-publish","4":"has-post-thumbnail","6":"product_cat-casual","7":"product_cat-men","8":"product_cat-mens-shoes-2","9":"product_cat-sneakers","10":"product_tag-bit-loafers","11":"product_tag-calfskin-footwear","12":"product_tag-chunky-sole-shoes","13":"product_tag-dark-brown-loafers","14":"product_tag-eva-sole-loafers","15":"product_tag-goat-leather-lining","16":"product_tag-leather-platform-shoes","17":"product_tag-mens-loafers","18":"product_tag-slip-on-dress-shoes","19":"product_tag-wholesale-mens-shoes","20":"desktop-align-center","21":"tablet-align-center","22":"mobile-align-center","24":"first","25":"instock","26":"shipping-taxable","27":"purchasable","28":"product-type-variable","29":"has-default-attributes"},"acf":[],"uagb_featured_image_src":{"full":["https:\/\/turkishtrade.co\/wp-content\/uploads\/2026\/01\/2600FKHMN00007-BROWN.png",453,250,false],"thumbnail":["https:\/\/turkishtrade.co\/wp-content\/uploads\/2026\/01\/2600FKHMN00007-BROWN-150x150.png",150,150,true],"medium":["https:\/\/turkishtrade.co\/wp-content\/uploads\/2026\/01\/2600FKHMN00007-BROWN-300x166.png",300,166,true],"medium_large":["https:\/\/turkishtrade.co\/wp-content\/uploads\/2026\/01\/2600FKHMN00007-BROWN.png",453,250,false],"large":["https:\/\/turkishtrade.co\/wp-content\/uploads\/2026\/01\/2600FKHMN00007-BROWN.png",453,250,false],"1536x1536":["https:\/\/turkishtrade.co\/wp-content\/uploads\/2026\/01\/2600FKHMN00007-BROWN.png",453,250,false],"2048x2048":["https:\/\/turkishtrade.co\/wp-content\/uploads\/2026\/01\/2600FKHMN00007-BROWN.png",453,250,false],"trp-custom-language-flag":["https:\/\/turkishtrade.co\/wp-content\/uploads\/2026\/01\/2600FKHMN00007-BROWN-18x10.png",18,10,true],"woocommerce_thumbnail":["https:\/\/turkishtrade.co\/wp-content\/uploads\/2026\/01\/2600FKHMN00007-BROWN-400x250.png",400,250,true],"woocommerce_single":["https:\/\/turkishtrade.co\/wp-content\/uploads\/2026\/01\/2600FKHMN00007-BROWN.png",453,250,false],"woocommerce_gallery_thumbnail":["https:\/\/turkishtrade.co\/wp-content\/uploads\/2026\/01\/2600FKHMN00007-BROWN-100x100.png",100,100,true]},"uagb_author_info":{"display_name":"python python","author_link":"https:\/\/turkishtrade.co\/es\/author\/"},"uagb_comment_info":0,"uagb_excerpt":"Premium Calfskin Leather Upper for durability and a sophisticated look Soft and breathable Goat Leather Lining ensures all-day comfort Lightweight and supportive EVA Platform Sole provides modern elevation Distinctive Metal Bit Detail and textured vamp for added elegance Available in EU Sizes: 40, 41, 42, 43, 44 Minimum Order Quantity: 16 Pairs (Wholesale Availability)","_links":{"self":[{"href":"https:\/\/turkishtrade.co\/es\/wp-json\/wp\/v2\/product\/7905","targetHints":{"allow":["GET"]}}],"collection":[{"href":"https:\/\/turkishtrade.co\/es\/wp-json\/wp\/v2\/product"}],"about":[{"href":"https:\/\/turkishtrade.co\/es\/wp-json\/wp\/v2\/types\/product"}],"wp:featuredmedia":[{"embeddable":true,"href":"https:\/\/turkishtrade.co\/es\/wp-json\/wp\/v2\/media\/7102"}],"wp:attachment":[{"href":"https:\/\/turkishtrade.co\/es\/wp-json\/wp\/v2\/media?parent=7905"}],"wp:term":[{"taxonomy":"product_brand","embeddable":true,"href":"https:\/\/turkishtrade.co\/es\/wp-json\/wp\/v2\/product_brand?post=7905"},{"taxonomy":"product_cat","embeddable":true,"href":"https:\/\/turkishtrade.co\/es\/wp-json\/wp\/v2\/product_cat?post=7905"},{"taxonomy":"product_tag","embeddable":true,"href":"https:\/\/turkishtrade.co\/es\/wp-json\/wp\/v2\/product_tag?post=7905"}],"curies":[{"name":"wp","href":"https:\/\/api.w.org\/{rel}","templated":true}]}}