{"id":7903,"date":"2026-01-29T14:45:46","date_gmt":"2026-01-29T14:45:46","guid":{"rendered":"https:\/\/turkishtrade.co\/?post_type=product&#038;p=7903"},"modified":"2026-04-09T20:41:04","modified_gmt":"2026-04-09T20:41:04","slug":"mens-calfskin-suede-sneakers","status":"publish","type":"product","link":"https:\/\/turkishtrade.co\/es\/shop\/mens-calfskin-suede-sneakers\/","title":{"rendered":"Zapatillas de hombre de ante de becerro Amazing | Premium con forro de piel de cabra"},"content":{"rendered":"<p><strong>Sneakers de hombre en ante de becerro<\/strong>. Calidad y dise\u00f1o incre\u00edbles.<\/p>\n<p>Disfrute de una comodidad incomparable y un estilo refinado con nuestras zapatillas de hombre Premium de ante de becerro. Dise\u00f1adas para el hombre moderno que valora tanto la est\u00e9tica como la comodidad, estas exquisitas zapatillas son un testimonio de artesan\u00eda superior. Cada par de estas lujosas <strong>Sneakers de hombre en ante de becerro<\/strong> est\u00e1 meticulosamente fabricada para ofrecer una alternativa sofisticada al calzado tradicional, perfecta tanto para salidas informales como para eventos elegantes e informales.<\/p>\n<h3>Calidad y artesan\u00eda inigualables<\/h3>\n<p>Nuestra <strong>Sneakers de hombre en ante de becerro<\/strong> cuentan con un empeine de ante de becerro aut\u00e9ntico, famoso por su textura suave, durabilidad y aspecto elegante. Los tonos ricos y terrosos del ante combinan a la perfecci\u00f3n con las tendencias de la moda contempor\u00e1nea, convirti\u00e9ndolos en un complemento vers\u00e1til para cualquier armario. Adem\u00e1s del exquisito exterior, el interior est\u00e1 forrado con piel de cabra de primera calidad, que proporciona un tacto incre\u00edblemente suave y una transpirabilidad superior que acuna tus pies con comodidad. Esta cuidada combinaci\u00f3n de materiales de alta calidad garantiza que estas zapatillas no s\u00f3lo tengan un aspecto excepcional, sino que tambi\u00e9n resistan el paso del tiempo.<\/p>\n<h3>Dise\u00f1ada para ofrecer una comodidad y una sujeci\u00f3n supremas<\/h3>\n<p>Experimenta caminar sobre las nubes con la avanzada suela EVA integrada en estas extraordinarias <strong>Sneakers de hombre en ante de becerro<\/strong>. La suela ligera y flexible de EVA ofrece una excelente amortiguaci\u00f3n, reduciendo el impacto y proporcionando un confort sostenido durante todo el d\u00eda. Tanto si te desplazas por las calles de la ciudad como si disfrutas de un paseo tranquilo, el dise\u00f1o ergon\u00f3mico garantiza un apoyo \u00f3ptimo para tus pies. La cuidadosa selecci\u00f3n de una suela de EVA, combinada con el afelpado forro de piel de cabra, hace que estas zapatillas sean un verdadero placer de llevar, hora tras hora.<\/p>\n<h3>Estilo vers\u00e1til para cualquier ocasi\u00f3n<\/h3>\n<p>Estos <strong>Sneakers de hombre en ante de becerro<\/strong> son m\u00e1s que unos zapatos: son una declaraci\u00f3n de estilo casual y sofisticado. Su dise\u00f1o vers\u00e1til permite combinarlos sin esfuerzo con vaqueros, chinos o incluso pantalones de sastrer\u00eda para un conjunto elegante e informal. Disponibles en una amplia gama de tallas, de la 40 a la 44, se dirigen a una clientela muy variada. Para las empresas que desean ofrecer un calzado moderno y de calidad, estas zapatillas son una excelente opci\u00f3n. Con una cantidad m\u00ednima de pedido de s\u00f3lo 16 pares, representan una oportunidad ideal para enriquecer su oferta de productos con calzado masculino de primera calidad que promete estilo y calidad duradera.<\/p>","protected":false},"excerpt":{"rendered":"<ul>\n<li><b>Materiales superiores:<\/b> Confeccionados en ante de aut\u00e9ntica piel de becerro para ofrecer un tacto lujoso y un aspecto sofisticado.<\/li>\n<li><b>M\u00e1xima comodidad:<\/b> Incorpora un forro de piel de cabra suave y transpirable y una suela ligera de EVA para llevarlas todo el d\u00eda.<\/li>\n<li><b>Dise\u00f1o elegante:<\/b> Mezcla la est\u00e9tica cl\u00e1sica de las zapatillas con la elegancia moderna, perfecta para varios conjuntos.<\/li>\n<li><b>Tallas disponibles:<\/b> Disponible en las tallas europeas 40, 41, 42, 43 y 44.<\/li>\n<li><b>Oportunidad de venta al por mayor:<\/b> Disponible para la compra al por mayor con un pedido m\u00ednimo de 16 pares.<\/li>\n<\/ul>","protected":false},"featured_media":7100,"template":"","meta":{"_acf_changed":false,"_uag_custom_page_level_css":"","site-sidebar-layout":"default","site-content-layout":"","ast-site-content-layout":"default","site-content-style":"default","site-sidebar-style":"default","ast-global-header-display":"","ast-banner-title-visibility":"","ast-main-header-display":"","ast-hfb-above-header-display":"","ast-hfb-below-header-display":"","ast-hfb-mobile-header-display":"","site-post-title":"","ast-breadcrumbs-content":"","ast-featured-img":"","footer-sml-layout":"","ast-disable-related-posts":"","theme-transparent-header-meta":"","adv-header-id-meta":"","stick-header-meta":"","header-above-stick-meta":"","header-main-stick-meta":"","header-below-stick-meta":"","astra-migrate-meta-layouts":"default","ast-page-background-enabled":"default","ast-page-background-meta":{"desktop":{"background-color":"var(--ast-global-color-4)","background-image":"","background-repeat":"repeat","background-position":"center center","background-size":"auto","background-attachment":"scroll","background-type":"","background-media":"","overlay-type":"","overlay-color":"","overlay-opacity":"","overlay-gradient":""},"tablet":{"background-color":"","background-image":"","background-repeat":"repeat","background-position":"center center","background-size":"auto","background-attachment":"scroll","background-type":"","background-media":"","overlay-type":"","overlay-color":"","overlay-opacity":"","overlay-gradient":""},"mobile":{"background-color":"","background-image":"","background-repeat":"repeat","background-position":"center center","background-size":"auto","background-attachment":"scroll","background-type":"","background-media":"","overlay-type":"","overlay-color":"","overlay-opacity":"","overlay-gradient":""}},"ast-content-background-meta":{"desktop":{"background-color":"var(--ast-global-color-5)","background-image":"","background-repeat":"repeat","background-position":"center center","background-size":"auto","background-attachment":"scroll","background-type":"","background-media":"","overlay-type":"","overlay-color":"","overlay-opacity":"","overlay-gradient":""},"tablet":{"background-color":"var(--ast-global-color-5)","background-image":"","background-repeat":"repeat","background-position":"center center","background-size":"auto","background-attachment":"scroll","background-type":"","background-media":"","overlay-type":"","overlay-color":"","overlay-opacity":"","overlay-gradient":""},"mobile":{"background-color":"var(--ast-global-color-5)","background-image":"","background-repeat":"repeat","background-position":"center center","background-size":"auto","background-attachment":"scroll","background-type":"","background-media":"","overlay-type":"","overlay-color":"","overlay-opacity":"","overlay-gradient":""}}},"product_brand":[],"product_cat":[430,1200,50,51],"product_tag":[1358,1360,1359,189,365,270,787,1124,254],"class_list":{"0":"post-7903","1":"product","2":"type-product","3":"status-publish","4":"has-post-thumbnail","6":"product_cat-men","7":"product_cat-mens-shoes-2","8":"product_cat-sneakers","9":"product_cat-sports","10":"product_tag-calfskin-suede-sneakers","11":"product_tag-comfortable-mens-sneakers","12":"product_tag-eva-sole-sneakers","13":"product_tag-goat-leather-lining","14":"product_tag-luxury-sneakers","15":"product_tag-mens-leather-sneakers","16":"product_tag-premium-mens-shoes","17":"product_tag-stylish-sneakers","18":"product_tag-wholesale-footwear","19":"desktop-align-center","20":"tablet-align-center","21":"mobile-align-center","23":"first","24":"instock","25":"shipping-taxable","26":"purchasable","27":"product-type-variable","28":"has-default-attributes"},"acf":[],"uagb_featured_image_src":{"full":["https:\/\/turkishtrade.co\/wp-content\/uploads\/2026\/01\/2600FKHMN00005-BEIGE.png",453,250,false],"thumbnail":["https:\/\/turkishtrade.co\/wp-content\/uploads\/2026\/01\/2600FKHMN00005-BEIGE-150x150.png",150,150,true],"medium":["https:\/\/turkishtrade.co\/wp-content\/uploads\/2026\/01\/2600FKHMN00005-BEIGE-300x166.png",300,166,true],"medium_large":["https:\/\/turkishtrade.co\/wp-content\/uploads\/2026\/01\/2600FKHMN00005-BEIGE.png",453,250,false],"large":["https:\/\/turkishtrade.co\/wp-content\/uploads\/2026\/01\/2600FKHMN00005-BEIGE.png",453,250,false],"1536x1536":["https:\/\/turkishtrade.co\/wp-content\/uploads\/2026\/01\/2600FKHMN00005-BEIGE.png",453,250,false],"2048x2048":["https:\/\/turkishtrade.co\/wp-content\/uploads\/2026\/01\/2600FKHMN00005-BEIGE.png",453,250,false],"trp-custom-language-flag":["https:\/\/turkishtrade.co\/wp-content\/uploads\/2026\/01\/2600FKHMN00005-BEIGE-18x10.png",18,10,true],"woocommerce_thumbnail":["https:\/\/turkishtrade.co\/wp-content\/uploads\/2026\/01\/2600FKHMN00005-BEIGE-400x250.png",400,250,true],"woocommerce_single":["https:\/\/turkishtrade.co\/wp-content\/uploads\/2026\/01\/2600FKHMN00005-BEIGE.png",453,250,false],"woocommerce_gallery_thumbnail":["https:\/\/turkishtrade.co\/wp-content\/uploads\/2026\/01\/2600FKHMN00005-BEIGE-100x100.png",100,100,true]},"uagb_author_info":{"display_name":"python python","author_link":"https:\/\/turkishtrade.co\/es\/author\/"},"uagb_comment_info":0,"uagb_excerpt":"Superior Materials: Crafted from genuine calfskin suede for a luxurious feel and sophisticated look. Ultimate Comfort: Features a soft, breathable goat leather lining and a lightweight EVA sole for all-day wear. Stylish Design: Blends classic sneaker aesthetics with modern elegance, perfect for various outfits. Available Sizes: Offered in European sizes 40, 41, 42, 43, and&hellip;","_links":{"self":[{"href":"https:\/\/turkishtrade.co\/es\/wp-json\/wp\/v2\/product\/7903","targetHints":{"allow":["GET"]}}],"collection":[{"href":"https:\/\/turkishtrade.co\/es\/wp-json\/wp\/v2\/product"}],"about":[{"href":"https:\/\/turkishtrade.co\/es\/wp-json\/wp\/v2\/types\/product"}],"wp:featuredmedia":[{"embeddable":true,"href":"https:\/\/turkishtrade.co\/es\/wp-json\/wp\/v2\/media\/7100"}],"wp:attachment":[{"href":"https:\/\/turkishtrade.co\/es\/wp-json\/wp\/v2\/media?parent=7903"}],"wp:term":[{"taxonomy":"product_brand","embeddable":true,"href":"https:\/\/turkishtrade.co\/es\/wp-json\/wp\/v2\/product_brand?post=7903"},{"taxonomy":"product_cat","embeddable":true,"href":"https:\/\/turkishtrade.co\/es\/wp-json\/wp\/v2\/product_cat?post=7903"},{"taxonomy":"product_tag","embeddable":true,"href":"https:\/\/turkishtrade.co\/es\/wp-json\/wp\/v2\/product_tag?post=7903"}],"curies":[{"name":"wp","href":"https:\/\/api.w.org\/{rel}","templated":true}]}}