{"id":7902,"date":"2026-01-29T14:45:46","date_gmt":"2026-01-29T14:45:46","guid":{"rendered":"https:\/\/turkishtrade.co\/?post_type=product&#038;p=7902"},"modified":"2026-04-09T20:41:07","modified_gmt":"2026-04-09T20:41:07","slug":"mens-olive-green-leather-sneakers","status":"publish","type":"product","link":"https:\/\/turkishtrade.co\/es\/shop\/mens-olive-green-leather-sneakers\/","title":{"rendered":"Sneakers de hombre en piel verde oliva garantizados"},"content":{"rendered":"<p><strong>Zapatillas de piel verde oliva para hombre<\/strong>. Calidad y dise\u00f1o garantizados.<\/p>\n<p>Eleve su colecci\u00f3n de calzado con nuestros exquisitos <strong>Zapatillas de piel verde oliva para hombre<\/strong>. Dise\u00f1adas para el hombre moderno que valora tanto el estilo sofisticado como la comodidad sin igual, estas zapatillas son un testimonio de artesan\u00eda superior. El tono verde oliva distintivo, elaborado a partir de piel de becerro de primera calidad, crea un aspecto que es a la vez llamativo y vers\u00e1til, por lo que una adici\u00f3n esencial a cualquier guardarropa exigente.<\/p>\n<h3>Calidad y comodidad inigualables<\/h3>\n<p>Confeccionadas en aut\u00e9ntica piel de becerro, la parte superior de estas notables <strong>zapatillas de hombre de piel verde oliva<\/strong> ofrece una durabilidad excepcional y un tacto lujoso. La piel de becerro es famosa por su textura suave y su resistencia al desgaste, lo que garantiza que tus zapatillas mantengan su aspecto elegante con el paso del tiempo. En el interior, tus pies estar\u00e1n acunados por un forro de piel de cabra suntuosamente suave. Este material de forro natural es famoso por su transpirabilidad, que permite una circulaci\u00f3n \u00f3ptima del aire y absorbe la humedad, manteniendo los pies secos y c\u00f3modos durante todo el d\u00eda, incluso durante un uso prolongado. Desp\u00eddete de la incomodidad y da la bienvenida a una experiencia de primera calidad.<\/p>\n<h3>Dise\u00f1o innovador y versatilidad cotidiana<\/h3>\n<p>M\u00e1s all\u00e1 de sus lujosos materiales, estas zapatillas de piel verde oliva presumen de una est\u00e9tica cuidadosamente dise\u00f1ada. Las l\u00edneas depuradas y el sutil detalle acolchado de los paneles laterales a\u00f1aden un toque contempor\u00e1neo, equilibrando a la perfecci\u00f3n la elegancia cl\u00e1sica con el atractivo casual moderno. La suela blanca de EVA no s\u00f3lo contrasta con la parte superior verde oliva, sino que tambi\u00e9n proporciona una amortiguaci\u00f3n ligera y una excelente absorci\u00f3n de impactos. Tanto si te mueves por las calles de la ciudad como si disfrutas de una salida informal de fin de semana o te vistes con elegancia para un evento informal, estas zapatillas son tu compa\u00f1ero perfecto. Complementan sin esfuerzo una amplia gama de conjuntos, desde chinos y vaqueros hasta pantalones m\u00e1s entallados, garantizando que siempre salgas a la calle con estilo.<\/p>\n<h3>La durabilidad se une al abastecimiento \u00e9tico<\/h3>\n<p>Nuestro compromiso con la calidad se extiende a cada detalle. La construcci\u00f3n robusta y los materiales de alta calidad garantizan que estos <strong>zapatillas de hombre de piel verde oliva<\/strong> est\u00e1n hechos para durar. Utilizamos las mejores pieles de ternera y cabra, obtenidas de forma responsable, para crear un producto que no s\u00f3lo tiene buen aspecto, sino que adem\u00e1s sienta bien. Disponibles en una amplia gama de tallas de la UE, de la 40 a la 44, encontrar el ajuste perfecto es sencillo. Experimente la fusi\u00f3n de la artesan\u00eda zapatera tradicional con la tecnolog\u00eda de confort contempor\u00e1nea.<\/p>\n<h3>Oportunidades de venta al por mayor<\/h3>\n<p>Para las empresas que desean ofrecer a sus clientes calzado de primera calidad, estas excepcionales zapatillas est\u00e1n disponibles para su compra al por mayor. Requerimos un pedido m\u00ednimo de solo 16 pares, por lo que es f\u00e1cil abastecerse de un producto muy solicitado que combina lujo, comodidad y estilo atemporal. As\u00f3ciese con nosotros para ofrecer a su clientela lo mejor en calzado informal para hombre. Nuestra <strong>Zapatillas de piel verde oliva para hombre<\/strong> son un \u00e9xito seguro para su inventario.<\/p>","protected":false},"excerpt":{"rendered":"<ul>\n<li>Parte superior de cuero verde oliva de primera calidad (piel de becerro) para mayor durabilidad y estilo.<\/li>\n<li>El lujoso forro de piel de cabra garantiza transpirabilidad y comodidad.<\/li>\n<li>Suela de EVA ligera y de apoyo para llevarlas todo el d\u00eda.<\/li>\n<li>Dise\u00f1o casual moderno, perfecto para varios conjuntos y ocasiones.<\/li>\n<li>Disponible en tallas UE 40-44.<\/li>\n<li>Oportunidades de venta al por mayor disponibles para estas zapatillas de hombre de piel verde oliva con un pedido m\u00ednimo de 16 pares.<\/li>\n<\/ul>","protected":false},"featured_media":7099,"template":"","meta":{"_acf_changed":false,"_uag_custom_page_level_css":"","site-sidebar-layout":"default","site-content-layout":"","ast-site-content-layout":"default","site-content-style":"default","site-sidebar-style":"default","ast-global-header-display":"","ast-banner-title-visibility":"","ast-main-header-display":"","ast-hfb-above-header-display":"","ast-hfb-below-header-display":"","ast-hfb-mobile-header-display":"","site-post-title":"","ast-breadcrumbs-content":"","ast-featured-img":"","footer-sml-layout":"","ast-disable-related-posts":"","theme-transparent-header-meta":"","adv-header-id-meta":"","stick-header-meta":"","header-above-stick-meta":"","header-main-stick-meta":"","header-below-stick-meta":"","astra-migrate-meta-layouts":"default","ast-page-background-enabled":"default","ast-page-background-meta":{"desktop":{"background-color":"var(--ast-global-color-4)","background-image":"","background-repeat":"repeat","background-position":"center center","background-size":"auto","background-attachment":"scroll","background-type":"","background-media":"","overlay-type":"","overlay-color":"","overlay-opacity":"","overlay-gradient":""},"tablet":{"background-color":"","background-image":"","background-repeat":"repeat","background-position":"center center","background-size":"auto","background-attachment":"scroll","background-type":"","background-media":"","overlay-type":"","overlay-color":"","overlay-opacity":"","overlay-gradient":""},"mobile":{"background-color":"","background-image":"","background-repeat":"repeat","background-position":"center center","background-size":"auto","background-attachment":"scroll","background-type":"","background-media":"","overlay-type":"","overlay-color":"","overlay-opacity":"","overlay-gradient":""}},"ast-content-background-meta":{"desktop":{"background-color":"var(--ast-global-color-5)","background-image":"","background-repeat":"repeat","background-position":"center center","background-size":"auto","background-attachment":"scroll","background-type":"","background-media":"","overlay-type":"","overlay-color":"","overlay-opacity":"","overlay-gradient":""},"tablet":{"background-color":"var(--ast-global-color-5)","background-image":"","background-repeat":"repeat","background-position":"center center","background-size":"auto","background-attachment":"scroll","background-type":"","background-media":"","overlay-type":"","overlay-color":"","overlay-opacity":"","overlay-gradient":""},"mobile":{"background-color":"var(--ast-global-color-5)","background-image":"","background-repeat":"repeat","background-position":"center center","background-size":"auto","background-attachment":"scroll","background-type":"","background-media":"","overlay-type":"","overlay-color":"","overlay-opacity":"","overlay-gradient":""}}},"product_brand":[],"product_cat":[48,430,1200,50],"product_tag":[451,1117,438,189,1351,1348,1350,1353,1352,262],"class_list":{"0":"post-7902","1":"product","2":"type-product","3":"status-publish","4":"has-post-thumbnail","6":"product_cat-casual","7":"product_cat-men","8":"product_cat-mens-shoes-2","9":"product_cat-sneakers","10":"product_tag-calfskin-leather","11":"product_tag-comfortable-sneakers","12":"product_tag-eva-sole","13":"product_tag-goat-leather-lining","14":"product_tag-green-casual-shoes","15":"product_tag-mens-fashion-sneakers","16":"product_tag-mens-olive-green-leather-sneakers","17":"product_tag-olive-green-shoes","18":"product_tag-premium-quality-footwear","19":"product_tag-wholesale-mens-shoes","20":"desktop-align-center","21":"tablet-align-center","22":"mobile-align-center","24":"first","25":"instock","26":"shipping-taxable","27":"purchasable","28":"product-type-variable","29":"has-default-attributes"},"acf":[],"uagb_featured_image_src":{"full":["https:\/\/turkishtrade.co\/wp-content\/uploads\/2026\/01\/2600FKHMN00004-GREEN.png",453,250,false],"thumbnail":["https:\/\/turkishtrade.co\/wp-content\/uploads\/2026\/01\/2600FKHMN00004-GREEN-150x150.png",150,150,true],"medium":["https:\/\/turkishtrade.co\/wp-content\/uploads\/2026\/01\/2600FKHMN00004-GREEN-300x166.png",300,166,true],"medium_large":["https:\/\/turkishtrade.co\/wp-content\/uploads\/2026\/01\/2600FKHMN00004-GREEN.png",453,250,false],"large":["https:\/\/turkishtrade.co\/wp-content\/uploads\/2026\/01\/2600FKHMN00004-GREEN.png",453,250,false],"1536x1536":["https:\/\/turkishtrade.co\/wp-content\/uploads\/2026\/01\/2600FKHMN00004-GREEN.png",453,250,false],"2048x2048":["https:\/\/turkishtrade.co\/wp-content\/uploads\/2026\/01\/2600FKHMN00004-GREEN.png",453,250,false],"trp-custom-language-flag":["https:\/\/turkishtrade.co\/wp-content\/uploads\/2026\/01\/2600FKHMN00004-GREEN-18x10.png",18,10,true],"woocommerce_thumbnail":["https:\/\/turkishtrade.co\/wp-content\/uploads\/2026\/01\/2600FKHMN00004-GREEN-400x250.png",400,250,true],"woocommerce_single":["https:\/\/turkishtrade.co\/wp-content\/uploads\/2026\/01\/2600FKHMN00004-GREEN.png",453,250,false],"woocommerce_gallery_thumbnail":["https:\/\/turkishtrade.co\/wp-content\/uploads\/2026\/01\/2600FKHMN00004-GREEN-100x100.png",100,100,true]},"uagb_author_info":{"display_name":"python python","author_link":"https:\/\/turkishtrade.co\/es\/author\/"},"uagb_comment_info":0,"uagb_excerpt":"Premium olive green leather upper (calfskin) for durability and style. Luxurious goat leather lining ensures breathability and comfort. Lightweight and supportive EVA sole for all-day wear. Modern casual design, perfect for various outfits and occasions. Available in EU sizes 40-44. Wholesale opportunities available for these men's olive green leather sneakers with a minimum order of&hellip;","_links":{"self":[{"href":"https:\/\/turkishtrade.co\/es\/wp-json\/wp\/v2\/product\/7902","targetHints":{"allow":["GET"]}}],"collection":[{"href":"https:\/\/turkishtrade.co\/es\/wp-json\/wp\/v2\/product"}],"about":[{"href":"https:\/\/turkishtrade.co\/es\/wp-json\/wp\/v2\/types\/product"}],"wp:featuredmedia":[{"embeddable":true,"href":"https:\/\/turkishtrade.co\/es\/wp-json\/wp\/v2\/media\/7099"}],"wp:attachment":[{"href":"https:\/\/turkishtrade.co\/es\/wp-json\/wp\/v2\/media?parent=7902"}],"wp:term":[{"taxonomy":"product_brand","embeddable":true,"href":"https:\/\/turkishtrade.co\/es\/wp-json\/wp\/v2\/product_brand?post=7902"},{"taxonomy":"product_cat","embeddable":true,"href":"https:\/\/turkishtrade.co\/es\/wp-json\/wp\/v2\/product_cat?post=7902"},{"taxonomy":"product_tag","embeddable":true,"href":"https:\/\/turkishtrade.co\/es\/wp-json\/wp\/v2\/product_tag?post=7902"}],"curies":[{"name":"wp","href":"https:\/\/api.w.org\/{rel}","templated":true}]}}