{"id":6557,"date":"2026-01-26T13:09:46","date_gmt":"2026-01-26T13:09:46","guid":{"rendered":"https:\/\/turkishtrade.co\/?post_type=product&#038;p=6557"},"modified":"2026-04-09T19:16:44","modified_gmt":"2026-04-09T19:16:44","slug":"luxury-mens-calf-leather-oxford-shoes-with-microlight-sole","status":"publish","type":"product","link":"https:\/\/turkishtrade.co\/es\/shop\/luxury-mens-calf-leather-oxford-shoes-with-microlight-sole\/","title":{"rendered":"Zapatos Oxford de lujo para hombre en piel de becerro con suela ultraligera"},"content":{"rendered":"<p><strong>Zapatos Oxford de piel de becerro para hombre<\/strong><\/p>\n<p>Ad\u00e9ntrese en una sofisticaci\u00f3n sin igual con nuestra exquisita colecci\u00f3n de <b>Zapatos Oxford de piel de becerro para hombre<\/b>. Dise\u00f1ados para el caballero exigente, estos zapatos representan el pin\u00e1culo del estilo cl\u00e1sico mezclado con la comodidad moderna. Cada par de estos lujosos <b>Zapatos Oxford de piel de becerro para hombre<\/b> est\u00e1n meticulosamente elaborados para garantizar tanto su atractivo est\u00e9tico como su durabilidad, lo que los convierte en un complemento esencial para cualquier armario refinado. Ya sea para una reuni\u00f3n de negocios crucial, un evento formal o simplemente para elevar su atuendo diario, estos bolsos de primera calidad son perfectos para cualquier ocasi\u00f3n. <b>Zapatos Oxford de piel de becerro para hombre<\/b> prometen hacer una declaraci\u00f3n de elegancia y profesionalidad.<\/p>\n<h3>Calidad y materiales inigualables<\/h3>\n<p>En el centro de estos excepcionales <b>Zapatos Oxford de piel de becerro para hombre<\/b> radica en el compromiso con los materiales de primera calidad. El exterior est\u00e1 confeccionado en piel de ternero flexible de alta calidad, famosa por su acabado suave, su resistencia y su capacidad para envejecer maravillosamente. Esta elecci\u00f3n del material exterior no s\u00f3lo proporciona un aspecto distinguido, sino que tambi\u00e9n garantiza el desgaste y la resistencia a largo plazo, caracter\u00edsticos de los mejores modelos. <b>Zapatos Oxford de piel de becerro para hombre<\/b>. Como complemento a su robusto exterior, el interior est\u00e1 forrado con una piel de cabra incre\u00edblemente suave, que ofrece una transpirabilidad superior y un tacto afelpado que se amolda a tu pie para proporcionarte la m\u00e1xima comodidad durante todo el d\u00eda. La cuidadosa selecci\u00f3n de estos materiales garantiza un zapato que se siente tan bien como se ve, estableciendo nuestro <b>Zapatos Oxford de piel de becerro para hombre<\/b> aparte.<\/p>\n<h3>Confort y dise\u00f1o innovadores<\/h3>\n<p>Experimenta caminar sobre las nubes con la innovadora suela Microlight integrada en estas <b>Zapatos Oxford de piel de becerro para hombre<\/b>. Esta avanzada tecnolog\u00eda de suela proporciona una notable ligereza y flexibilidad, reduciendo significativamente la fatiga del pie, incluso tras horas de uso. Con una modesta altura de tac\u00f3n de 1 a 3 cm, estos Oxford ofrecen una sutil elevaci\u00f3n al tiempo que mantienen la estabilidad y las proporciones cl\u00e1sicas. El dise\u00f1o presenta una distintiva puntera texturizada, que a\u00f1ade un toque \u00fanico de car\u00e1cter y estilo contempor\u00e1neo a la atemporal silueta Oxford. Disponibles en el cl\u00e1sico negro, el sofisticado azul y el rico marr\u00f3n, estos vers\u00e1tiles <b>Zapatos Oxford de piel de becerro para hombre<\/b> ofrecen opciones que se adaptan perfectamente a su estilo personal y a sus necesidades de vestuario. Cada detalle contribuye al atractivo general de estos elegantes <b>Zapatos Oxford de piel de becerro para hombre<\/b>.<\/p>\n<p>&nbsp;<\/p>","protected":false},"excerpt":{"rendered":"<ul>\n<li>Exterior de piel de becerro de primera calidad<\/li>\n<li>Forro interior de suave piel de cabra<\/li>\n<li>Suela ultraligera para mayor comodidad durante todo el d\u00eda<\/li>\n<li>Altura del tac\u00f3n sutil de 1-3 cm<\/li>\n<li>Disponible en negro cl\u00e1sico, azul sofisticado y marr\u00f3n intenso<\/li>\n<li>Tallas disponibles: 39, 40, 41, 42, 43, 44, 45<\/li>\n<li>Cantidad m\u00ednima de pedido: 8 Pares<\/li>\n<li>Entrega estimada: 12 d\u00edas + gastos de env\u00edo<\/li>\n<\/ul>","protected":false},"featured_media":3508,"template":"","meta":{"_acf_changed":false,"_uag_custom_page_level_css":"","site-sidebar-layout":"default","site-content-layout":"","ast-site-content-layout":"default","site-content-style":"default","site-sidebar-style":"default","ast-global-header-display":"","ast-banner-title-visibility":"","ast-main-header-display":"","ast-hfb-above-header-display":"","ast-hfb-below-header-display":"","ast-hfb-mobile-header-display":"","site-post-title":"","ast-breadcrumbs-content":"","ast-featured-img":"","footer-sml-layout":"","ast-disable-related-posts":"","theme-transparent-header-meta":"default","adv-header-id-meta":"","stick-header-meta":"","header-above-stick-meta":"","header-main-stick-meta":"","header-below-stick-meta":"","astra-migrate-meta-layouts":"set","ast-page-background-enabled":"default","ast-page-background-meta":{"desktop":{"background-color":"var(--ast-global-color-4)","background-image":"","background-repeat":"repeat","background-position":"center center","background-size":"auto","background-attachment":"scroll","background-type":"","background-media":"","overlay-type":"","overlay-color":"","overlay-opacity":"","overlay-gradient":""},"tablet":{"background-color":"","background-image":"","background-repeat":"repeat","background-position":"center center","background-size":"auto","background-attachment":"scroll","background-type":"","background-media":"","overlay-type":"","overlay-color":"","overlay-opacity":"","overlay-gradient":""},"mobile":{"background-color":"","background-image":"","background-repeat":"repeat","background-position":"center center","background-size":"auto","background-attachment":"scroll","background-type":"","background-media":"","overlay-type":"","overlay-color":"","overlay-opacity":"","overlay-gradient":""}},"ast-content-background-meta":{"desktop":{"background-color":"var(--ast-global-color-5)","background-image":"","background-repeat":"repeat","background-position":"center center","background-size":"auto","background-attachment":"scroll","background-type":"","background-media":"","overlay-type":"","overlay-color":"","overlay-opacity":"","overlay-gradient":""},"tablet":{"background-color":"var(--ast-global-color-5)","background-image":"","background-repeat":"repeat","background-position":"center center","background-size":"auto","background-attachment":"scroll","background-type":"","background-media":"","overlay-type":"","overlay-color":"","overlay-opacity":"","overlay-gradient":""},"mobile":{"background-color":"var(--ast-global-color-5)","background-image":"","background-repeat":"repeat","background-position":"center center","background-size":"auto","background-attachment":"scroll","background-type":"","background-media":"","overlay-type":"","overlay-color":"","overlay-opacity":"","overlay-gradient":""}}},"product_brand":[],"product_cat":[151,47,430,40],"product_tag":[653,776,768,405,185,251,189,219,535,416,198,466,204,362],"class_list":{"0":"post-6557","1":"product","2":"type-product","3":"status-publish","4":"has-post-thumbnail","6":"product_cat-classic-2","7":"product_cat-classic","8":"product_cat-men","9":"product_cat-mens-shoes","10":"product_tag-black-oxfords","11":"product_tag-blue-oxfords","12":"product_tag-brown-oxfords","13":"product_tag-business-shoes","14":"product_tag-calf-leather-shoes","15":"product_tag-formal-shoes","16":"product_tag-goat-leather-lining","17":"product_tag-handmade-shoes","18":"product_tag-leather-dress-shoes","19":"product_tag-luxury-shoes","20":"product_tag-mens-fashion","21":"product_tag-microlight-sole","22":"product_tag-oxford-shoes","23":"product_tag-premium-footwear","24":"desktop-align-center","25":"tablet-align-center","26":"mobile-align-center","28":"first","29":"instock","30":"shipping-taxable","31":"purchasable","32":"product-type-variable","33":"has-default-attributes"},"acf":[],"uagb_featured_image_src":{"full":["https:\/\/turkishtrade.co\/wp-content\/uploads\/2026\/01\/2400EJOMN00106-BROWN-X_70.png",453,250,false],"thumbnail":["https:\/\/turkishtrade.co\/wp-content\/uploads\/2026\/01\/2400EJOMN00106-BROWN-X_70-150x150.png",150,150,true],"medium":["https:\/\/turkishtrade.co\/wp-content\/uploads\/2026\/01\/2400EJOMN00106-BROWN-X_70-300x166.png",300,166,true],"medium_large":["https:\/\/turkishtrade.co\/wp-content\/uploads\/2026\/01\/2400EJOMN00106-BROWN-X_70.png",453,250,false],"large":["https:\/\/turkishtrade.co\/wp-content\/uploads\/2026\/01\/2400EJOMN00106-BROWN-X_70.png",453,250,false],"1536x1536":["https:\/\/turkishtrade.co\/wp-content\/uploads\/2026\/01\/2400EJOMN00106-BROWN-X_70.png",453,250,false],"2048x2048":["https:\/\/turkishtrade.co\/wp-content\/uploads\/2026\/01\/2400EJOMN00106-BROWN-X_70.png",453,250,false],"trp-custom-language-flag":["https:\/\/turkishtrade.co\/wp-content\/uploads\/2026\/01\/2400EJOMN00106-BROWN-X_70-18x10.png",18,10,true],"woocommerce_thumbnail":["https:\/\/turkishtrade.co\/wp-content\/uploads\/2026\/01\/2400EJOMN00106-BROWN-X_70-400x250.png",400,250,true],"woocommerce_single":["https:\/\/turkishtrade.co\/wp-content\/uploads\/2026\/01\/2400EJOMN00106-BROWN-X_70.png",453,250,false],"woocommerce_gallery_thumbnail":["https:\/\/turkishtrade.co\/wp-content\/uploads\/2026\/01\/2400EJOMN00106-BROWN-X_70-100x100.png",100,100,true]},"uagb_author_info":{"display_name":"python python","author_link":"https:\/\/turkishtrade.co\/es\/author\/"},"uagb_comment_info":0,"uagb_excerpt":"Premium Calf Leather Exterior Soft Goat Leather Interior Lining Lightweight Microlight Sole for All-Day Comfort Subtle 1-3 cm Heel Height Available in Classic Black, Sophisticated Blue, and Rich Brown Available Sizes: 39, 40, 41, 42, 43, 44, 45 Minimum Order Quantity: 8 Pairs Estimated Delivery: 12 Days + Shipping","_links":{"self":[{"href":"https:\/\/turkishtrade.co\/es\/wp-json\/wp\/v2\/product\/6557","targetHints":{"allow":["GET"]}}],"collection":[{"href":"https:\/\/turkishtrade.co\/es\/wp-json\/wp\/v2\/product"}],"about":[{"href":"https:\/\/turkishtrade.co\/es\/wp-json\/wp\/v2\/types\/product"}],"wp:featuredmedia":[{"embeddable":true,"href":"https:\/\/turkishtrade.co\/es\/wp-json\/wp\/v2\/media\/3508"}],"wp:attachment":[{"href":"https:\/\/turkishtrade.co\/es\/wp-json\/wp\/v2\/media?parent=6557"}],"wp:term":[{"taxonomy":"product_brand","embeddable":true,"href":"https:\/\/turkishtrade.co\/es\/wp-json\/wp\/v2\/product_brand?post=6557"},{"taxonomy":"product_cat","embeddable":true,"href":"https:\/\/turkishtrade.co\/es\/wp-json\/wp\/v2\/product_cat?post=6557"},{"taxonomy":"product_tag","embeddable":true,"href":"https:\/\/turkishtrade.co\/es\/wp-json\/wp\/v2\/product_tag?post=6557"}],"curies":[{"name":"wp","href":"https:\/\/api.w.org\/{rel}","templated":true}]}}