{"id":6546,"date":"2026-01-26T13:03:42","date_gmt":"2026-01-26T13:03:42","guid":{"rendered":"https:\/\/turkishtrade.co\/?post_type=product&#038;p=6546"},"modified":"2026-04-09T19:09:08","modified_gmt":"2026-04-09T19:09:08","slug":"luxury-mens-leather-chunky-derby-shoes","status":"publish","type":"product","link":"https:\/\/turkishtrade.co\/es\/shop\/luxury-mens-leather-chunky-derby-shoes\/","title":{"rendered":"Zapatos Derby de caballero en piel confort azul envejecida"},"content":{"rendered":"<p><strong>Derby de piel grueso para hombre<\/strong><\/p>\n<p>Descubra la mezcla definitiva de estilo robusto y confort de primera con nuestro <strong>Zapatos Derby gruesos de piel para hombre<\/strong>. Estos excepcionales zapatos redefinen la elegancia informal, ofreciendo una pieza audaz para el hombre moderno. Fabricados con esmero, cada par de estos <strong>Zapatos Derby gruesos de piel para hombre<\/strong> combina la artesan\u00eda zapatera tradicional con el dise\u00f1o contempor\u00e1neo, convirti\u00e9ndolos en un complemento indispensable para cualquier armario exigente.<\/p>\n<p>Experimenta la artesan\u00eda superior con cada paso en estos vers\u00e1tiles <strong>Zapatos Derby gruesos de piel para hombre<\/strong>.<\/p>\n<h3>Calidad y comodidad inigualables<\/h3>\n<p>Nuestra <strong>Zapatos Derby gruesos de piel para hombre<\/strong> presentan una lujosa superficie exterior de aut\u00e9ntica piel de ternero, conocida por su durabilidad, tacto flexible y elegante acabado. El distintivo tono azul envejecido a\u00f1ade un car\u00e1cter \u00fanico que s\u00f3lo mejorar\u00e1 con el paso del tiempo. En el interior, tus pies se acunar\u00e1n en el suave abrazo del forro de piel de cabra de primera calidad, que garantiza la transpirabilidad y un confort inigualable durante todo el d\u00eda.<\/p>\n<p>Las propiedades naturales de evacuaci\u00f3n de la humedad del interior mantienen tus pies frescos, haciendo que estos <strong>Zapatos Derby gruesos de piel para hombre<\/strong> perfecto para un uso prolongado.<\/p>\n<h3>Dise\u00f1o distintivo y suela robusta<\/h3>\n<p>Lo que realmente distingue a estos zapatos derby es su llamativa suela de tacos gruesos de EVA. Esta robusta suela, que proporciona una c\u00f3moda elevaci\u00f3n de la plataforma de aproximadamente 4-6 cm, ofrece una excelente tracci\u00f3n y durabilidad, apta para diversos terrenos y condiciones meteorol\u00f3gicas. El ligero pero robusto material EVA garantiza que, aunque los zapatos parezcan sustanciosos, sigan siendo sorprendentemente c\u00f3modos para llevarlos durante todo el d\u00eda.<\/p>\n<p>El dise\u00f1o cl\u00e1sico de cordones garantiza un ajuste seguro y regulable, que complementa la est\u00e9tica general robusta pero refinada del zapato. Estas <strong>Zapatos Derby gruesos de piel para hombre<\/strong> est\u00e1n dise\u00f1ados para causar impacto, tanto si te mueves por las calles de la ciudad como si disfrutas de una salida informal de fin de semana.<\/p>\n<h3>Disponible para pedidos al por mayor y personalizados<\/h3>\n<p>Atendemos tanto pedidos individuales como al por mayor, con un pedido m\u00ednimo de 8 pares. Esto hace que nuestros <strong>Zapatos Derby gruesos de piel para hombre<\/strong> una opci\u00f3n ideal para los minoristas que buscan un calzado de alta calidad y a la moda. Disponibles en una amplia gama de tallas, desde la 39 hasta la 45, garantizan un ajuste perfecto para una amplia base de clientes.<\/p>\n<p>Consulte nuestra lista de precios para conocer los precios al por mayor. La entrega suele tardar 12 d\u00edas m\u00e1s el tiempo de env\u00edo, lo que garantiza que su pedido llegue de forma eficiente y listo para su exposici\u00f3n. Eleve su colecci\u00f3n de calzado con estas elegantes y duraderas <strong>Zapatos Derby gruesos de piel para hombre<\/strong>.<\/p>","protected":false},"excerpt":{"rendered":"<ul>\n<li>Parte superior de piel de becerro de primera calidad envejecida<\/li>\n<li>Forro de suave piel de cabra para mayor comodidad<\/li>\n<li>Suela gruesa de EVA con tacos para una excelente tracci\u00f3n (plataforma de aprox. 4-6 cm)<\/li>\n<li>Dise\u00f1o cl\u00e1sico con cordones para un ajuste seguro<\/li>\n<li>Disponible en las tallas 39-45<\/li>\n<li>Cantidad m\u00ednima de pedido: 8 Pares<\/li>\n<li>Plazo de entrega: 12 d\u00edas + gastos de env\u00edo<\/li>\n<\/ul>","protected":false},"featured_media":3983,"template":"","meta":{"_acf_changed":false,"_uag_custom_page_level_css":"","site-sidebar-layout":"default","site-content-layout":"","ast-site-content-layout":"default","site-content-style":"default","site-sidebar-style":"default","ast-global-header-display":"","ast-banner-title-visibility":"","ast-main-header-display":"","ast-hfb-above-header-display":"","ast-hfb-below-header-display":"","ast-hfb-mobile-header-display":"","site-post-title":"","ast-breadcrumbs-content":"","ast-featured-img":"","footer-sml-layout":"","ast-disable-related-posts":"","theme-transparent-header-meta":"default","adv-header-id-meta":"","stick-header-meta":"","header-above-stick-meta":"","header-main-stick-meta":"","header-below-stick-meta":"","astra-migrate-meta-layouts":"set","ast-page-background-enabled":"default","ast-page-background-meta":{"desktop":{"background-color":"var(--ast-global-color-4)","background-image":"","background-repeat":"repeat","background-position":"center center","background-size":"auto","background-attachment":"scroll","background-type":"","background-media":"","overlay-type":"","overlay-color":"","overlay-opacity":"","overlay-gradient":""},"tablet":{"background-color":"","background-image":"","background-repeat":"repeat","background-position":"center center","background-size":"auto","background-attachment":"scroll","background-type":"","background-media":"","overlay-type":"","overlay-color":"","overlay-opacity":"","overlay-gradient":""},"mobile":{"background-color":"","background-image":"","background-repeat":"repeat","background-position":"center center","background-size":"auto","background-attachment":"scroll","background-type":"","background-media":"","overlay-type":"","overlay-color":"","overlay-opacity":"","overlay-gradient":""}},"ast-content-background-meta":{"desktop":{"background-color":"var(--ast-global-color-5)","background-image":"","background-repeat":"repeat","background-position":"center center","background-size":"auto","background-attachment":"scroll","background-type":"","background-media":"","overlay-type":"","overlay-color":"","overlay-opacity":"","overlay-gradient":""},"tablet":{"background-color":"var(--ast-global-color-5)","background-image":"","background-repeat":"repeat","background-position":"center center","background-size":"auto","background-attachment":"scroll","background-type":"","background-media":"","overlay-type":"","overlay-color":"","overlay-opacity":"","overlay-gradient":""},"mobile":{"background-color":"var(--ast-global-color-5)","background-image":"","background-repeat":"repeat","background-position":"center center","background-size":"auto","background-attachment":"scroll","background-type":"","background-media":"","overlay-type":"","overlay-color":"","overlay-opacity":"","overlay-gradient":""}}},"product_brand":[],"product_cat":[430,40,15],"product_tag":[646,202,449,331,222,212,918,438,189,227,198,400,254],"class_list":{"0":"post-6546","1":"product","2":"type-product","3":"status-publish","4":"has-post-thumbnail","6":"product_cat-men","7":"product_cat-mens-shoes","8":"product_cat-uncategorized","9":"product_tag-blue-shoes","10":"product_tag-calf-leather","11":"product_tag-casual-shoes","12":"product_tag-chunky-sole-shoes","13":"product_tag-comfortable-shoes","14":"product_tag-derby-shoes","15":"product_tag-distressed-leather","16":"product_tag-eva-sole","17":"product_tag-goat-leather-lining","18":"product_tag-leather-shoes","19":"product_tag-mens-fashion","20":"product_tag-platform-shoes","21":"product_tag-wholesale-footwear","22":"desktop-align-center","23":"tablet-align-center","24":"mobile-align-center","26":"first","27":"instock","28":"shipping-taxable","29":"purchasable","30":"product-type-variable","31":"has-default-attributes"},"acf":[],"uagb_featured_image_src":{"full":["https:\/\/turkishtrade.co\/wp-content\/uploads\/2026\/01\/2400EJOMN00452-BLUE-DKS_7646-2-USD.png",453,250,false],"thumbnail":["https:\/\/turkishtrade.co\/wp-content\/uploads\/2026\/01\/2400EJOMN00452-BLUE-DKS_7646-2-USD-150x150.png",150,150,true],"medium":["https:\/\/turkishtrade.co\/wp-content\/uploads\/2026\/01\/2400EJOMN00452-BLUE-DKS_7646-2-USD-300x166.png",300,166,true],"medium_large":["https:\/\/turkishtrade.co\/wp-content\/uploads\/2026\/01\/2400EJOMN00452-BLUE-DKS_7646-2-USD.png",453,250,false],"large":["https:\/\/turkishtrade.co\/wp-content\/uploads\/2026\/01\/2400EJOMN00452-BLUE-DKS_7646-2-USD.png",453,250,false],"1536x1536":["https:\/\/turkishtrade.co\/wp-content\/uploads\/2026\/01\/2400EJOMN00452-BLUE-DKS_7646-2-USD.png",453,250,false],"2048x2048":["https:\/\/turkishtrade.co\/wp-content\/uploads\/2026\/01\/2400EJOMN00452-BLUE-DKS_7646-2-USD.png",453,250,false],"trp-custom-language-flag":["https:\/\/turkishtrade.co\/wp-content\/uploads\/2026\/01\/2400EJOMN00452-BLUE-DKS_7646-2-USD-18x10.png",18,10,true],"woocommerce_thumbnail":["https:\/\/turkishtrade.co\/wp-content\/uploads\/2026\/01\/2400EJOMN00452-BLUE-DKS_7646-2-USD-400x250.png",400,250,true],"woocommerce_single":["https:\/\/turkishtrade.co\/wp-content\/uploads\/2026\/01\/2400EJOMN00452-BLUE-DKS_7646-2-USD.png",453,250,false],"woocommerce_gallery_thumbnail":["https:\/\/turkishtrade.co\/wp-content\/uploads\/2026\/01\/2400EJOMN00452-BLUE-DKS_7646-2-USD-100x100.png",100,100,true]},"uagb_author_info":{"display_name":"python python","author_link":"https:\/\/turkishtrade.co\/es\/author\/"},"uagb_comment_info":0,"uagb_excerpt":"Premium Distressed Calf Leather Upper Soft Goat Leather Lining for superior comfort Chunky EVA Lugged Sole for excellent traction (Approx. 4-6cm Platform) Classic Lace-Up Design for a secure fit Available in Sizes 39-45 Minimum Order Quantity: 8 Pairs Delivery Time: 12 Days + Shipping","_links":{"self":[{"href":"https:\/\/turkishtrade.co\/es\/wp-json\/wp\/v2\/product\/6546","targetHints":{"allow":["GET"]}}],"collection":[{"href":"https:\/\/turkishtrade.co\/es\/wp-json\/wp\/v2\/product"}],"about":[{"href":"https:\/\/turkishtrade.co\/es\/wp-json\/wp\/v2\/types\/product"}],"wp:featuredmedia":[{"embeddable":true,"href":"https:\/\/turkishtrade.co\/es\/wp-json\/wp\/v2\/media\/3983"}],"wp:attachment":[{"href":"https:\/\/turkishtrade.co\/es\/wp-json\/wp\/v2\/media?parent=6546"}],"wp:term":[{"taxonomy":"product_brand","embeddable":true,"href":"https:\/\/turkishtrade.co\/es\/wp-json\/wp\/v2\/product_brand?post=6546"},{"taxonomy":"product_cat","embeddable":true,"href":"https:\/\/turkishtrade.co\/es\/wp-json\/wp\/v2\/product_cat?post=6546"},{"taxonomy":"product_tag","embeddable":true,"href":"https:\/\/turkishtrade.co\/es\/wp-json\/wp\/v2\/product_tag?post=6546"}],"curies":[{"name":"wp","href":"https:\/\/api.w.org\/{rel}","templated":true}]}}