{"id":6538,"date":"2026-01-26T12:30:50","date_gmt":"2026-01-26T12:30:50","guid":{"rendered":"https:\/\/turkishtrade.co\/?post_type=product&#038;p=6538"},"modified":"2026-04-09T19:09:20","modified_gmt":"2026-04-09T19:09:20","slug":"luxurious-mens-green-suede-loafers","status":"publish","type":"product","link":"https:\/\/turkishtrade.co\/es\/shop\/luxurious-mens-green-suede-loafers\/","title":{"rendered":"Premium Men's comfort Mocasines con borlas de ante verde"},"content":{"rendered":"<p>Eleve su colecci\u00f3n de calzado con nuestro exclusivo <strong>mocasines de hombre de ante verde<\/strong>. Dise\u00f1ados para el caballero exigente que aprecia tanto el estilo como la comodidad, estos mocasines son un testimonio de artesan\u00eda superior. El tono verde vibrante se aplica meticulosamente a un exterior de piel de becerro de primera calidad, creando una textura rica y lujosa que se nota al instante. No son s\u00f3lo unos zapatos; son toda una declaraci\u00f3n de intenciones, ya que combinan a la perfecci\u00f3n la elegancia tradicional de los mocasines con una paleta de colores contempor\u00e1nea.<\/p>\n<p>Cada detalle de estos <strong>mocasines de ante verde<\/strong> ha sido cuidadosamente considerado para garantizar una experiencia de uso excepcional. El exterior, fabricado en aut\u00e9ntica piel de becerro, ofrece un acabado suave pero duradero que se amolda al pie con el paso del tiempo, proporcionando una comodidad sin igual. Como complemento, el interior est\u00e1 forrado con piel de cabra incre\u00edblemente suave, famosa por su transpirabilidad y tacto suave contra la piel. Esta construcci\u00f3n de doble piel garantiza la m\u00e1xima comodidad, incluso durante un uso prolongado, lo que los convierte en una opci\u00f3n ideal para diversas ocasiones.<\/p>\n<h3>Comodidad y durabilidad inigualables<\/h3>\n<p>La base de estos magn\u00edficos <strong>mocasines de hombre de ante verde<\/strong> descansa sobre una suela de goma de alta calidad. Dise\u00f1ada para ofrecer flexibilidad y un agarre excelente, esta suela proporciona estabilidad y comodidad a cada paso. Con una sutil altura de tac\u00f3n de 1 a 3 cm, estos mocasines ofrecen la altura justa sin renunciar a un perfil cl\u00e1sico y relajado. Su robusta construcci\u00f3n garantiza la longevidad, lo que significa que estos elegantes mocasines ser\u00e1n una parte apreciada de su guardarropa en las temporadas venideras. El distintivo pespunte blanco en contraste y el elegante detalle de la borla a\u00f1aden un toque refinado a estos mocasines. <strong>mocasines de ante<\/strong> aparte del calzado ordinario.<\/p>\n<p>Tanto si te vistes para una salida informal de fin de semana, como para un entorno de oficina informal y elegante o una sofisticada reuni\u00f3n social, estas <strong>mocasines de hombre de ante verde<\/strong> son incre\u00edblemente vers\u00e1tiles. Combinan sin esfuerzo con chinos, vaqueros o incluso trajes ligeros, ofreciendo una alternativa fresca a los colores de calzado est\u00e1ndar. Su llamativo dise\u00f1o los convierte en un tema de conversaci\u00f3n instant\u00e1neo, permitiendo que su estilo personal brille con luz propia. Experimente la fusi\u00f3n perfecta de dise\u00f1o tradicional y estilo moderno con nuestra exquisita colecci\u00f3n.<\/p>\n<h3>Oportunidades de venta al por mayor para minoristas<\/h3>\n<p>Para los minoristas que buscan ofrecer a sus clientes un producto \u00fanico y de alta calidad, estos <strong>mocasines de ante verde<\/strong> est\u00e1n disponibles para su compra al por mayor. Requerimos un pedido m\u00ednimo de 200 pares, para que pueda abastecerse de este popular art\u00edculo. Nuestro eficiente proceso de producci\u00f3n garantiza la entrega en 12 d\u00edas, m\u00e1s el tiempo de env\u00edo, lo que le permite introducir r\u00e1pidamente estos deseables... <strong>mocasines de hombre de ante verde<\/strong> a su clientela. As\u00f3ciese con nosotros para proporcionar un calzado excepcional que combina lujo, comodidad y un estilo distintivo, satisfaciendo la demanda de calzado de primera calidad. <strong>mocasines de ante<\/strong>.<\/p>","protected":false},"excerpt":{"rendered":"<ul>\n<li>Exquisitos mocasines de ante verde para hombre, perfectos para a\u00f1adir un toque de color a cualquier conjunto.<\/li>\n<li>Fabricado con un lujoso exterior de piel de becerro, ofrece un tacto de primera calidad y un aspecto sofisticado.<\/li>\n<li>Presenta un forro interior de piel de cabra suntuosamente suave para una mayor comodidad y transpirabilidad.<\/li>\n<li>Suela de goma duradera y flexible, que garantiza una excelente tracci\u00f3n y un uso duradero con una sutil altura de tac\u00f3n de 1-3 cm.<\/li>\n<li>El detalle de la borla y las elegantes costuras blancas en contraste realzan el dise\u00f1o distintivo del mocas\u00edn.<\/li>\n<li>Disponible en una amplia gama de tallas, de la UE 39 a la 45.<\/li>\n<li><strong>Oportunidad de venta al por mayor:<\/strong> Pedido m\u00ednimo de 200 pares. Entrega en 12 d\u00edas m\u00e1s gastos de env\u00edo.<\/li>\n<\/ul>","protected":false},"featured_media":6505,"template":"","meta":{"_acf_changed":false,"_uag_custom_page_level_css":"","site-sidebar-layout":"default","site-content-layout":"","ast-site-content-layout":"default","site-content-style":"default","site-sidebar-style":"default","ast-global-header-display":"","ast-banner-title-visibility":"","ast-main-header-display":"","ast-hfb-above-header-display":"","ast-hfb-below-header-display":"","ast-hfb-mobile-header-display":"","site-post-title":"","ast-breadcrumbs-content":"","ast-featured-img":"","footer-sml-layout":"","ast-disable-related-posts":"","theme-transparent-header-meta":"default","adv-header-id-meta":"","stick-header-meta":"","header-above-stick-meta":"","header-main-stick-meta":"","header-below-stick-meta":"","astra-migrate-meta-layouts":"set","ast-page-background-enabled":"default","ast-page-background-meta":{"desktop":{"background-color":"var(--ast-global-color-4)","background-image":"","background-repeat":"repeat","background-position":"center center","background-size":"auto","background-attachment":"scroll","background-type":"","background-media":"","overlay-type":"","overlay-color":"","overlay-opacity":"","overlay-gradient":""},"tablet":{"background-color":"","background-image":"","background-repeat":"repeat","background-position":"center center","background-size":"auto","background-attachment":"scroll","background-type":"","background-media":"","overlay-type":"","overlay-color":"","overlay-opacity":"","overlay-gradient":""},"mobile":{"background-color":"","background-image":"","background-repeat":"repeat","background-position":"center center","background-size":"auto","background-attachment":"scroll","background-type":"","background-media":"","overlay-type":"","overlay-color":"","overlay-opacity":"","overlay-gradient":""}},"ast-content-background-meta":{"desktop":{"background-color":"var(--ast-global-color-5)","background-image":"","background-repeat":"repeat","background-position":"center center","background-size":"auto","background-attachment":"scroll","background-type":"","background-media":"","overlay-type":"","overlay-color":"","overlay-opacity":"","overlay-gradient":""},"tablet":{"background-color":"var(--ast-global-color-5)","background-image":"","background-repeat":"repeat","background-position":"center center","background-size":"auto","background-attachment":"scroll","background-type":"","background-media":"","overlay-type":"","overlay-color":"","overlay-opacity":"","overlay-gradient":""},"mobile":{"background-color":"var(--ast-global-color-5)","background-image":"","background-repeat":"repeat","background-position":"center center","background-size":"auto","background-attachment":"scroll","background-type":"","background-media":"","overlay-type":"","overlay-color":"","overlay-opacity":"","overlay-gradient":""}}},"product_brand":[],"product_cat":[152,48,430,40],"product_tag":[1178,555,449,220,221,908,1177,1179,384,186,184,210,149,349,281],"class_list":{"0":"post-6538","1":"product","2":"type-product","3":"status-publish","4":"has-post-thumbnail","6":"product_cat-casual-2","7":"product_cat-casual","8":"product_cat-men","9":"product_cat-mens-shoes","10":"product_tag-bespoke-shoes","11":"product_tag-calfskin-loafers","12":"product_tag-casual-shoes","13":"product_tag-comfortable-loafers","14":"product_tag-genuine-leather","15":"product_tag-goat-leather-shoes","16":"product_tag-green-loafers","17":"product_tag-green-suede","18":"product_tag-luxury-loafers","19":"product_tag-mens-loafers","20":"product_tag-slip-on-shoes","21":"product_tag-smart-casual","22":"product_tag-suede-loafers","23":"product_tag-tassel-loafers","24":"product_tag-wholesale-shoes","25":"desktop-align-center","26":"tablet-align-center","27":"mobile-align-center","29":"first","30":"instock","31":"sale","32":"shipping-taxable","33":"purchasable","34":"product-type-variable","35":"has-default-attributes"},"acf":[],"uagb_featured_image_src":{"full":["https:\/\/turkishtrade.co\/wp-content\/uploads\/2026\/01\/2400EJOMN00393-STONE-X_172.png",453,250,false],"thumbnail":["https:\/\/turkishtrade.co\/wp-content\/uploads\/2026\/01\/2400EJOMN00393-STONE-X_172-150x150.png",150,150,true],"medium":["https:\/\/turkishtrade.co\/wp-content\/uploads\/2026\/01\/2400EJOMN00393-STONE-X_172-300x166.png",300,166,true],"medium_large":["https:\/\/turkishtrade.co\/wp-content\/uploads\/2026\/01\/2400EJOMN00393-STONE-X_172.png",453,250,false],"large":["https:\/\/turkishtrade.co\/wp-content\/uploads\/2026\/01\/2400EJOMN00393-STONE-X_172.png",453,250,false],"1536x1536":["https:\/\/turkishtrade.co\/wp-content\/uploads\/2026\/01\/2400EJOMN00393-STONE-X_172.png",453,250,false],"2048x2048":["https:\/\/turkishtrade.co\/wp-content\/uploads\/2026\/01\/2400EJOMN00393-STONE-X_172.png",453,250,false],"trp-custom-language-flag":["https:\/\/turkishtrade.co\/wp-content\/uploads\/2026\/01\/2400EJOMN00393-STONE-X_172-18x10.png",18,10,true],"woocommerce_thumbnail":["https:\/\/turkishtrade.co\/wp-content\/uploads\/2026\/01\/2400EJOMN00393-STONE-X_172-400x250.png",400,250,true],"woocommerce_single":["https:\/\/turkishtrade.co\/wp-content\/uploads\/2026\/01\/2400EJOMN00393-STONE-X_172.png",453,250,false],"woocommerce_gallery_thumbnail":["https:\/\/turkishtrade.co\/wp-content\/uploads\/2026\/01\/2400EJOMN00393-STONE-X_172-100x100.png",100,100,true]},"uagb_author_info":{"display_name":"python python","author_link":"https:\/\/turkishtrade.co\/es\/author\/"},"uagb_comment_info":0,"uagb_excerpt":"Exquisite men's green suede loafers, perfect for adding a pop of color to any ensemble. Crafted with a luxurious calfskin leather exterior, offering a premium feel and sophisticated look. Features a sumptuously soft goat leather interior lining for superior comfort and breathability. Durable and flexible rubber sole, ensuring excellent traction and lasting wear with a&hellip;","_links":{"self":[{"href":"https:\/\/turkishtrade.co\/es\/wp-json\/wp\/v2\/product\/6538","targetHints":{"allow":["GET"]}}],"collection":[{"href":"https:\/\/turkishtrade.co\/es\/wp-json\/wp\/v2\/product"}],"about":[{"href":"https:\/\/turkishtrade.co\/es\/wp-json\/wp\/v2\/types\/product"}],"wp:featuredmedia":[{"embeddable":true,"href":"https:\/\/turkishtrade.co\/es\/wp-json\/wp\/v2\/media\/6505"}],"wp:attachment":[{"href":"https:\/\/turkishtrade.co\/es\/wp-json\/wp\/v2\/media?parent=6538"}],"wp:term":[{"taxonomy":"product_brand","embeddable":true,"href":"https:\/\/turkishtrade.co\/es\/wp-json\/wp\/v2\/product_brand?post=6538"},{"taxonomy":"product_cat","embeddable":true,"href":"https:\/\/turkishtrade.co\/es\/wp-json\/wp\/v2\/product_cat?post=6538"},{"taxonomy":"product_tag","embeddable":true,"href":"https:\/\/turkishtrade.co\/es\/wp-json\/wp\/v2\/product_tag?post=6538"}],"curies":[{"name":"wp","href":"https:\/\/api.w.org\/{rel}","templated":true}]}}