{"id":6199,"date":"2026-01-14T14:20:12","date_gmt":"2026-01-14T14:20:12","guid":{"rendered":"https:\/\/turkishtrade.co\/product\/mens-classic-leather-brogues\/"},"modified":"2026-04-09T19:09:25","modified_gmt":"2026-04-09T19:09:25","slug":"mens-classic-leather-brogues","status":"publish","type":"product","link":"https:\/\/turkishtrade.co\/es\/shop\/mens-classic-leather-brogues\/","title":{"rendered":"Brogues cl\u00e1sicos de cuero para hombre - Zapatos de vestir de piel de becerro de primera calidad"},"content":{"rendered":"<p><strong>Brogues cl\u00e1sicos de piel para hombre<\/strong><\/p>\n<p>Entre en la elegancia atemporal con nuestro exquisito <b>Brogues cl\u00e1sicos de piel para hombre<\/b>. Meticulosamente elaborados a la perfecci\u00f3n, estos zapatos de vestir de primera calidad ofrecen una mezcla de estilo tradicional y comodidad moderna, lo que los convierte en un complemento indispensable para el armario de cualquier caballero exigente. Disponibles en un sofisticado marr\u00f3n intenso y en un vers\u00e1til azul marino, estos <b>Brogues cl\u00e1sicos de piel para hombre<\/b> est\u00e1n dise\u00f1adas para llamar la atenci\u00f3n, tanto si te diriges a una reuni\u00f3n de negocios importante como a un evento formal, o simplemente para elevar el nivel de tu atuendo informal y elegante de todos los d\u00edas.<\/p>\n<p>Nuestra colecci\u00f3n de <b>Brogues cl\u00e1sicos de piel para hombre<\/b> te garantiza que siempre ir\u00e1s impecablemente vestida.<\/p>\n<h3>Artesan\u00eda y materiales incomparables<\/h3>\n<p>Cada par de estos <b>Brogues cl\u00e1sicos de piel para hombre<\/b> est\u00e1 fabricado con los mejores materiales. La superficie exterior est\u00e1 hecha de piel de ternero flexible de alta calidad, famosa por su durabilidad, acabado suave y capacidad para envejecer maravillosamente. Este exterior de primera calidad se complementa con un forro de piel de cabra incre\u00edblemente suave, que garantiza la transpirabilidad y un confort excepcional a cada paso.<\/p>\n<p>El intrincado detalle del brogue en la puntera y los laterales a\u00f1ade un toque de sofisticaci\u00f3n cl\u00e1sica, reflejo de la herencia de la alta zapater\u00eda. Si elige nuestros <b>Brogues cl\u00e1sicos de piel para hombre<\/b>, Con este calzado, estar\u00e1s eligiendo una calidad inigualable y un zapato dise\u00f1ado para durar.<\/p>\n<h3>Comodidad y durabilidad dise\u00f1adas para usted<\/h3>\n<p>La comodidad no est\u00e1 re\u00f1ida con el estilo. Nuestro <b>Brogues cl\u00e1sicos de piel para hombre<\/b> cuentan con una robusta suela de goma que proporciona un excelente agarre y una larga duraci\u00f3n. La sutil altura de 1-3 cm del tac\u00f3n ofrece la elevaci\u00f3n justa para una silueta refinada sin comprometer la estabilidad ni la comodidad.<\/p>\n<p>Estos <b>Brogues cl\u00e1sicos de piel para hombre<\/b> est\u00e1n fabricados para soportar los rigores del uso diario manteniendo su aspecto impecable. Con tallas que van de la 39 a la 45 EU, nos adaptamos a una amplia gama de pies, garantizando un ajuste perfecto para un aspecto impecable. Experimente la comodidad duradera y el estilo distinguido de nuestros <b>Brogues cl\u00e1sicos de piel para hombre<\/b>.<\/p>\n<h3>Ideal para compradores al por mayor<\/h3>\n<p>Para los minoristas y las empresas que desean ofrecer a su clientela calzado de primera calidad, estos <b>Brogues cl\u00e1sicos de piel para hombre<\/b> son una excelente elecci\u00f3n. Ofrecemos estos zapatos de alta calidad al por mayor con un pedido m\u00ednimo de s\u00f3lo 8 pares. Esto nos permite ofrecer opciones de almacenamiento flexibles, tanto para tiendas boutique como para grandes minoristas.<\/p>\n<p>Pedidos para nuestro <b>Brogues cl\u00e1sicos de piel para hombre<\/b> se procesan con un plazo de entrega estimado de aproximadamente 12 d\u00edas, m\u00e1s el env\u00edo est\u00e1ndar, lo que garantiza un proceso de adquisici\u00f3n fluido y eficaz para su empresa.<\/p>\n<p>Eleve su inventario y proporcione a sus clientes <b>Brogues cl\u00e1sicos de piel para hombre<\/b> que realmente destacan por su calidad y dise\u00f1o. Estos brogues no son solo zapatos; son una inversi\u00f3n en estilo y confort duradero para sus clientes m\u00e1s exigentes.<\/p>","protected":false},"excerpt":{"rendered":"<ul>\n<li>Material exterior de primera calidad: 100% Piel de becerro aut\u00e9ntica<\/li>\n<li>Lujoso forro interior: Suave piel de cabra<\/li>\n<li>Duradera y c\u00f3moda Suela: caucho<\/li>\n<li>Altura del tac\u00f3n: 1-3 cm para una elevaci\u00f3n sutil<\/li>\n<li>Tallas disponibles: EU 39, 40, 41, 42, 43, 44, 45<\/li>\n<li>Pedido M\u00ednimo: 8 Pares (Ideal para compradores al por mayor)<\/li>\n<li>Entrega estimada: 12 d\u00edas + gastos de env\u00edo<\/li>\n<\/ul>","protected":false},"featured_media":4141,"template":"","meta":{"_acf_changed":false,"_uag_custom_page_level_css":"","site-sidebar-layout":"default","site-content-layout":"","ast-site-content-layout":"default","site-content-style":"default","site-sidebar-style":"default","ast-global-header-display":"","ast-banner-title-visibility":"","ast-main-header-display":"","ast-hfb-above-header-display":"","ast-hfb-below-header-display":"","ast-hfb-mobile-header-display":"","site-post-title":"","ast-breadcrumbs-content":"","ast-featured-img":"","footer-sml-layout":"","ast-disable-related-posts":"","theme-transparent-header-meta":"default","adv-header-id-meta":"","stick-header-meta":"","header-above-stick-meta":"","header-main-stick-meta":"","header-below-stick-meta":"","astra-migrate-meta-layouts":"set","ast-page-background-enabled":"default","ast-page-background-meta":{"desktop":{"background-color":"var(--ast-global-color-4)","background-image":"","background-repeat":"repeat","background-position":"center center","background-size":"auto","background-attachment":"scroll","background-type":"","background-media":"","overlay-type":"","overlay-color":"","overlay-opacity":"","overlay-gradient":""},"tablet":{"background-color":"","background-image":"","background-repeat":"repeat","background-position":"center center","background-size":"auto","background-attachment":"scroll","background-type":"","background-media":"","overlay-type":"","overlay-color":"","overlay-opacity":"","overlay-gradient":""},"mobile":{"background-color":"","background-image":"","background-repeat":"repeat","background-position":"center center","background-size":"auto","background-attachment":"scroll","background-type":"","background-media":"","overlay-type":"","overlay-color":"","overlay-opacity":"","overlay-gradient":""}},"ast-content-background-meta":{"desktop":{"background-color":"var(--ast-global-color-5)","background-image":"","background-repeat":"repeat","background-position":"center center","background-size":"auto","background-attachment":"scroll","background-type":"","background-media":"","overlay-type":"","overlay-color":"","overlay-opacity":"","overlay-gradient":""},"tablet":{"background-color":"var(--ast-global-color-5)","background-image":"","background-repeat":"repeat","background-position":"center center","background-size":"auto","background-attachment":"scroll","background-type":"","background-media":"","overlay-type":"","overlay-color":"","overlay-opacity":"","overlay-gradient":""},"mobile":{"background-color":"var(--ast-global-color-5)","background-image":"","background-repeat":"repeat","background-position":"center center","background-size":"auto","background-attachment":"scroll","background-type":"","background-media":"","overlay-type":"","overlay-color":"","overlay-opacity":"","overlay-gradient":""}}},"product_brand":[],"product_cat":[48,47,49,430,40],"product_tag":[898,405,566,896,251,189,535,685,1183,1181,632,1182,281,702],"class_list":{"0":"post-6199","1":"product","2":"type-product","3":"status-publish","4":"has-post-thumbnail","6":"product_cat-casual","7":"product_cat-classic","8":"product_cat-loafer","9":"product_cat-men","10":"product_cat-mens-shoes","11":"product_tag-brown-brogues","12":"product_tag-business-shoes","13":"product_tag-calfskin-shoes","14":"product_tag-classic-brogues","15":"product_tag-formal-shoes","16":"product_tag-goat-leather-lining","17":"product_tag-leather-dress-shoes","18":"product_tag-mens-brogues","19":"product_tag-navy-brogues","20":"product_tag-oxford-brogues","21":"product_tag-premium-leather-shoes","22":"product_tag-rubber-sole-shoes","23":"product_tag-wholesale-shoes","24":"product_tag-wingtip-shoes","25":"desktop-align-center","26":"tablet-align-center","27":"mobile-align-center","29":"first","30":"instock","31":"featured","32":"shipping-taxable","33":"purchasable","34":"product-type-variable","35":"has-default-attributes"},"acf":[],"uagb_featured_image_src":{"full":["https:\/\/turkishtrade.co\/wp-content\/uploads\/2026\/01\/2400EJOMN00396-BROWN-TOV_10-5-USD-1.png",453,250,false],"thumbnail":["https:\/\/turkishtrade.co\/wp-content\/uploads\/2026\/01\/2400EJOMN00396-BROWN-TOV_10-5-USD-1-150x150.png",150,150,true],"medium":["https:\/\/turkishtrade.co\/wp-content\/uploads\/2026\/01\/2400EJOMN00396-BROWN-TOV_10-5-USD-1-300x166.png",300,166,true],"medium_large":["https:\/\/turkishtrade.co\/wp-content\/uploads\/2026\/01\/2400EJOMN00396-BROWN-TOV_10-5-USD-1.png",453,250,false],"large":["https:\/\/turkishtrade.co\/wp-content\/uploads\/2026\/01\/2400EJOMN00396-BROWN-TOV_10-5-USD-1.png",453,250,false],"1536x1536":["https:\/\/turkishtrade.co\/wp-content\/uploads\/2026\/01\/2400EJOMN00396-BROWN-TOV_10-5-USD-1.png",453,250,false],"2048x2048":["https:\/\/turkishtrade.co\/wp-content\/uploads\/2026\/01\/2400EJOMN00396-BROWN-TOV_10-5-USD-1.png",453,250,false],"trp-custom-language-flag":["https:\/\/turkishtrade.co\/wp-content\/uploads\/2026\/01\/2400EJOMN00396-BROWN-TOV_10-5-USD-1-18x10.png",18,10,true],"woocommerce_thumbnail":["https:\/\/turkishtrade.co\/wp-content\/uploads\/2026\/01\/2400EJOMN00396-BROWN-TOV_10-5-USD-1-400x250.png",400,250,true],"woocommerce_single":["https:\/\/turkishtrade.co\/wp-content\/uploads\/2026\/01\/2400EJOMN00396-BROWN-TOV_10-5-USD-1.png",453,250,false],"woocommerce_gallery_thumbnail":["https:\/\/turkishtrade.co\/wp-content\/uploads\/2026\/01\/2400EJOMN00396-BROWN-TOV_10-5-USD-1-100x100.png",100,100,true]},"uagb_author_info":{"display_name":"yaser olabi","author_link":"https:\/\/turkishtrade.co\/es\/author\/"},"uagb_comment_info":0,"uagb_excerpt":"Premium Outer Material: 100% Genuine Calf Leather Luxurious Inner Lining: Soft Goat Leather Durable &amp; Comfortable Sole: Rubber Stylish Heel Height: 1-3 cm for subtle lift Available Sizes: EU 39, 40, 41, 42, 43, 44, 45 Minimum Order: 8 Pairs (Ideal for wholesale buyers) Estimated Delivery: 12 Days + Shipping","_links":{"self":[{"href":"https:\/\/turkishtrade.co\/es\/wp-json\/wp\/v2\/product\/6199","targetHints":{"allow":["GET"]}}],"collection":[{"href":"https:\/\/turkishtrade.co\/es\/wp-json\/wp\/v2\/product"}],"about":[{"href":"https:\/\/turkishtrade.co\/es\/wp-json\/wp\/v2\/types\/product"}],"wp:featuredmedia":[{"embeddable":true,"href":"https:\/\/turkishtrade.co\/es\/wp-json\/wp\/v2\/media\/4141"}],"wp:attachment":[{"href":"https:\/\/turkishtrade.co\/es\/wp-json\/wp\/v2\/media?parent=6199"}],"wp:term":[{"taxonomy":"product_brand","embeddable":true,"href":"https:\/\/turkishtrade.co\/es\/wp-json\/wp\/v2\/product_brand?post=6199"},{"taxonomy":"product_cat","embeddable":true,"href":"https:\/\/turkishtrade.co\/es\/wp-json\/wp\/v2\/product_cat?post=6199"},{"taxonomy":"product_tag","embeddable":true,"href":"https:\/\/turkishtrade.co\/es\/wp-json\/wp\/v2\/product_tag?post=6199"}],"curies":[{"name":"wp","href":"https:\/\/api.w.org\/{rel}","templated":true}]}}