{"id":6196,"date":"2026-01-14T14:19:50","date_gmt":"2026-01-14T14:19:50","guid":{"rendered":"https:\/\/turkishtrade.co\/product\/mens-calf-leather-comfort-shoes\/"},"modified":"2026-04-09T19:09:30","modified_gmt":"2026-04-09T19:09:30","slug":"mens-calf-leather-comfort-shoes","status":"publish","type":"product","link":"https:\/\/turkishtrade.co\/es\/shop\/mens-calf-leather-comfort-shoes\/","title":{"rendered":"Zapatos c\u00f3modos de piel de becerro de primera calidad con velcro para hombre"},"content":{"rendered":"<p><strong>Zapatos c\u00f3modos de piel de becerro para hombre<\/strong><\/p>\n<p>Sum\u00e9rjase en un confort y un estilo incomparables con nuestro exquisito <strong>Zapatos c\u00f3modos de piel de becerro para hombre<\/strong>. Elaborados con la mejor piel de becerro plena flor, estos zapatos est\u00e1n dise\u00f1ados para el hombre moderno que prioriza la elegancia y el bienestar. La rica textura de la piel de becerro superior no s\u00f3lo proporciona un aspecto distinguido, pero tambi\u00e9n promete una durabilidad excepcional, asegurando estos zapatos de confort ser\u00e1 una adici\u00f3n duradera a cualquier guardarropa.<\/p>\n<p>Cada detalle, desde la robusta construcci\u00f3n hasta el cuidado dise\u00f1o, contribuye a convertirlos en la mejor elecci\u00f3n para el uso diario o para ocasiones especiales en las que la comodidad es clave.<\/p>\n<h3>Comodidad y calidad inigualables para caballeros exigentes<\/h3>\n<p>Nuestra <strong>Zapatos c\u00f3modos de piel de becerro para hombre<\/strong> est\u00e1n meticulosamente dise\u00f1adas para proporcionar una extraordinaria experiencia de uso. El interior est\u00e1 suntuosamente forrado con piel de cabra suave y transpirable, que absorbe la humedad de forma natural y se adapta al pie, ofreciendo una sensaci\u00f3n de lujo y evitando molestias incluso despu\u00e9s de horas de uso.<\/p>\n<p>Como complemento, la suela de goma resistente pero flexible proporciona una tracci\u00f3n y un apoyo superiores, absorbiendo el impacto a cada paso. Con una sutil altura de tac\u00f3n de 1-3 cm, estos c\u00f3modos zapatos ofrecen estabilidad sin comprometer la experiencia natural de caminar. El pr\u00e1ctico cierre con correa de velcro garantiza un ajuste f\u00e1cil y seguro, adapt\u00e1ndose a diversas formas de pie y haciendo que sean f\u00e1ciles de poner y quitar.<\/p>\n<p>Esta mezcla de materiales de primera calidad y dise\u00f1o ergon\u00f3mico realmente eleva estos m\u00e1s all\u00e1 de calzado t\u00edpico, estableciendo un nuevo est\u00e1ndar para <strong>Zapatos c\u00f3modos de piel de becerro para hombre<\/strong>.<\/p>\n<p>Disponibles en una amplia gama de tallas UE de la 39 a la 45, estas <strong>Zapatos c\u00f3modos de piel de becerro para hombre<\/strong> atienden a una amplia clientela, garantizando un ajuste perfecto para cada cliente. Su dise\u00f1o atemporal, unido a los materiales de alta calidad, los hace lo bastante vers\u00e1tiles para un entorno informal de negocios, para llevarlos a diario a la oficina o para salir relajadamente los fines de semana. Invierta en un calzado que no s\u00f3lo tiene un aspecto sofisticado, sino que tambi\u00e9n proporciona comodidad a sus pies durante todo el d\u00eda.<\/p>\n<p>Su elegante est\u00e9tica, combinada con sus pr\u00e1cticas caracter\u00edsticas, las convierte en un art\u00edculo esencial para la colecci\u00f3n de calzado de cualquier caballero exigente.<\/p>\n<h3>Ventaja Mayorista: Calzado de primera calidad para su negocio<\/h3>\n<p>Para los minoristas y las empresas que buscan opciones de calzado de alta calidad, c\u00f3modas y con estilo, nuestros <strong>Zapatos c\u00f3modos de piel de becerro para hombre<\/strong> son la elecci\u00f3n ideal. Ofrecemos estos zapatos de primera calidad al por mayor con una cantidad m\u00ednima de pedido de tan solo 8 pares, por lo que es conveniente para las empresas de todos los tama\u00f1os para abastecerse de un art\u00edculo m\u00e1s vendido.<\/p>\n<p>Disfrute de precios competitivos disponibles directamente en nuestra lista de precios. Nuestro eficiente proceso de producci\u00f3n y entrega garantiza que su pedido estar\u00e1 listo para el env\u00edo en 12 d\u00edas, m\u00e1s el tiempo de tr\u00e1nsito est\u00e1ndar de la carga. As\u00f3ciese con nosotros para ofrecer a sus clientes <strong>Zapatos c\u00f3modos de piel de becerro para hombre<\/strong> que sin duda ser\u00e1n una adici\u00f3n popular a su inventario, combinando la calidad artesanal con los requisitos de comodidad contempor\u00e1neos.<\/p>","protected":false},"excerpt":{"rendered":"<ul>\n<li>Parte superior de piel de becerro de primera calidad para un estilo sofisticado y durabilidad.<\/li>\n<li>El forro de piel de cabra suave y transpirable garantiza la comodidad durante todo el d\u00eda.<\/li>\n<li>Suela de goma duradera que proporciona un excelente agarre y sujeci\u00f3n con un tac\u00f3n bajo de 1-3 cm.<\/li>\n<li>C\u00f3modo cierre con correa de velcro para un ajuste regulable y seguro.<\/li>\n<li>Disponible en tallas UE 39, 40, 41, 42, 43, 44, 45.<\/li>\n<li>Pedidos al por mayor disponibles con un m\u00ednimo de 8 pares por pedido.<\/li>\n<li>Entrega en 12 d\u00edas m\u00e1s el tiempo de env\u00edo.<\/li>\n<\/ul>","protected":false},"featured_media":4140,"template":"","meta":{"_acf_changed":false,"_uag_custom_page_level_css":"","site-sidebar-layout":"default","site-content-layout":"","ast-site-content-layout":"default","site-content-style":"default","site-sidebar-style":"default","ast-global-header-display":"","ast-banner-title-visibility":"","ast-main-header-display":"","ast-hfb-above-header-display":"","ast-hfb-below-header-display":"","ast-hfb-mobile-header-display":"","site-post-title":"","ast-breadcrumbs-content":"","ast-featured-img":"","footer-sml-layout":"","ast-disable-related-posts":"","theme-transparent-header-meta":"default","adv-header-id-meta":"","stick-header-meta":"","header-above-stick-meta":"","header-main-stick-meta":"","header-below-stick-meta":"","astra-migrate-meta-layouts":"set","ast-page-background-enabled":"default","ast-page-background-meta":{"desktop":{"background-color":"var(--ast-global-color-4)","background-image":"","background-repeat":"repeat","background-position":"center center","background-size":"auto","background-attachment":"scroll","background-type":"","background-media":"","overlay-type":"","overlay-color":"","overlay-opacity":"","overlay-gradient":""},"tablet":{"background-color":"","background-image":"","background-repeat":"repeat","background-position":"center center","background-size":"auto","background-attachment":"scroll","background-type":"","background-media":"","overlay-type":"","overlay-color":"","overlay-opacity":"","overlay-gradient":""},"mobile":{"background-color":"","background-image":"","background-repeat":"repeat","background-position":"center center","background-size":"auto","background-attachment":"scroll","background-type":"","background-media":"","overlay-type":"","overlay-color":"","overlay-opacity":"","overlay-gradient":""}},"ast-content-background-meta":{"desktop":{"background-color":"var(--ast-global-color-5)","background-image":"","background-repeat":"repeat","background-position":"center center","background-size":"auto","background-attachment":"scroll","background-type":"","background-media":"","overlay-type":"","overlay-color":"","overlay-opacity":"","overlay-gradient":""},"tablet":{"background-color":"var(--ast-global-color-5)","background-image":"","background-repeat":"repeat","background-position":"center center","background-size":"auto","background-attachment":"scroll","background-type":"","background-media":"","overlay-type":"","overlay-color":"","overlay-opacity":"","overlay-gradient":""},"mobile":{"background-color":"var(--ast-global-color-5)","background-image":"","background-repeat":"repeat","background-position":"center center","background-size":"auto","background-attachment":"scroll","background-type":"","background-media":"","overlay-type":"","overlay-color":"","overlay-opacity":"","overlay-gradient":""}}},"product_brand":[],"product_cat":[48,47,49,430,40],"product_tag":[605,218,200,185,449,272,439,593,459,189,192,1180,281],"class_list":{"0":"post-6196","1":"product","2":"type-product","3":"status-publish","4":"has-post-thumbnail","6":"product_cat-casual","7":"product_cat-classic","8":"product_cat-loafer","9":"product_cat-men","10":"product_cat-mens-shoes","11":"product_tag-black-shoes","12":"product_tag-brown-shoes","13":"product_tag-business-casual","14":"product_tag-calf-leather-shoes","15":"product_tag-casual-shoes","16":"product_tag-comfort-shoes","17":"product_tag-durable-shoes","18":"product_tag-eu-sizes-39-45","19":"product_tag-everyday-shoes","20":"product_tag-goat-leather-lining","21":"product_tag-rubber-sole","22":"product_tag-velcro-shoes","23":"product_tag-wholesale-shoes","24":"desktop-align-center","25":"tablet-align-center","26":"mobile-align-center","28":"first","29":"instock","30":"featured","31":"shipping-taxable","32":"purchasable","33":"product-type-variable","34":"has-default-attributes"},"acf":[],"uagb_featured_image_src":{"full":["https:\/\/turkishtrade.co\/wp-content\/uploads\/2026\/01\/2400EJOMN00395-BROWN-12660.png",453,250,false],"thumbnail":["https:\/\/turkishtrade.co\/wp-content\/uploads\/2026\/01\/2400EJOMN00395-BROWN-12660-150x150.png",150,150,true],"medium":["https:\/\/turkishtrade.co\/wp-content\/uploads\/2026\/01\/2400EJOMN00395-BROWN-12660-300x166.png",300,166,true],"medium_large":["https:\/\/turkishtrade.co\/wp-content\/uploads\/2026\/01\/2400EJOMN00395-BROWN-12660.png",453,250,false],"large":["https:\/\/turkishtrade.co\/wp-content\/uploads\/2026\/01\/2400EJOMN00395-BROWN-12660.png",453,250,false],"1536x1536":["https:\/\/turkishtrade.co\/wp-content\/uploads\/2026\/01\/2400EJOMN00395-BROWN-12660.png",453,250,false],"2048x2048":["https:\/\/turkishtrade.co\/wp-content\/uploads\/2026\/01\/2400EJOMN00395-BROWN-12660.png",453,250,false],"trp-custom-language-flag":["https:\/\/turkishtrade.co\/wp-content\/uploads\/2026\/01\/2400EJOMN00395-BROWN-12660-18x10.png",18,10,true],"woocommerce_thumbnail":["https:\/\/turkishtrade.co\/wp-content\/uploads\/2026\/01\/2400EJOMN00395-BROWN-12660-400x250.png",400,250,true],"woocommerce_single":["https:\/\/turkishtrade.co\/wp-content\/uploads\/2026\/01\/2400EJOMN00395-BROWN-12660.png",453,250,false],"woocommerce_gallery_thumbnail":["https:\/\/turkishtrade.co\/wp-content\/uploads\/2026\/01\/2400EJOMN00395-BROWN-12660-100x100.png",100,100,true]},"uagb_author_info":{"display_name":"yaser olabi","author_link":"https:\/\/turkishtrade.co\/es\/author\/"},"uagb_comment_info":0,"uagb_excerpt":"Premium calf leather upper for sophisticated style and durability. Soft, breathable goat leather lining ensures all-day comfort. Durable rubber sole provides excellent grip and support with a low 1-3 cm heel. Convenient Velcro strap closure for an adjustable and secure fit. Available in EU sizes 39, 40, 41, 42, 43, 44, 45. Wholesale orders available&hellip;","_links":{"self":[{"href":"https:\/\/turkishtrade.co\/es\/wp-json\/wp\/v2\/product\/6196","targetHints":{"allow":["GET"]}}],"collection":[{"href":"https:\/\/turkishtrade.co\/es\/wp-json\/wp\/v2\/product"}],"about":[{"href":"https:\/\/turkishtrade.co\/es\/wp-json\/wp\/v2\/types\/product"}],"wp:featuredmedia":[{"embeddable":true,"href":"https:\/\/turkishtrade.co\/es\/wp-json\/wp\/v2\/media\/4140"}],"wp:attachment":[{"href":"https:\/\/turkishtrade.co\/es\/wp-json\/wp\/v2\/media?parent=6196"}],"wp:term":[{"taxonomy":"product_brand","embeddable":true,"href":"https:\/\/turkishtrade.co\/es\/wp-json\/wp\/v2\/product_brand?post=6196"},{"taxonomy":"product_cat","embeddable":true,"href":"https:\/\/turkishtrade.co\/es\/wp-json\/wp\/v2\/product_cat?post=6196"},{"taxonomy":"product_tag","embeddable":true,"href":"https:\/\/turkishtrade.co\/es\/wp-json\/wp\/v2\/product_tag?post=6196"}],"curies":[{"name":"wp","href":"https:\/\/api.w.org\/{rel}","templated":true}]}}