{"id":6189,"date":"2026-01-14T14:18:52","date_gmt":"2026-01-14T14:18:52","guid":{"rendered":"https:\/\/turkishtrade.co\/product\/men-classic-leather-loafers-4\/"},"modified":"2026-04-09T19:09:53","modified_gmt":"2026-04-09T19:09:53","slug":"mens-classic-leather-loafers-4","status":"publish","type":"product","link":"https:\/\/turkishtrade.co\/es\/shop\/mens-classic-leather-loafers-4\/","title":{"rendered":"Mocasines cl\u00e1sicos de hombre en piel marr\u00f3n con hebilla"},"content":{"rendered":"<p><strong>Mocasines cl\u00e1sicos de piel para hombre<\/strong><\/p>\n<p>Entre en la sofisticaci\u00f3n con nuestro exquisito <b>Mocasines cl\u00e1sicos de piel para hombre<\/b>, dise\u00f1ados para el caballero moderno que valora tanto el estilo como la comodidad. Estos mocasines son algo m\u00e1s que calzado: son una declaraci\u00f3n de elegancia y calidad, meticulosamente elaborados para elevar cualquier conjunto. Experimente un lujo sin igual con nuestros mocasines de primera calidad. <b>mocasines cl\u00e1sicos de cuero para hombre<\/b>, perfecto para todo tipo de ocasiones.<\/p>\n<p>El exterior de estos excepcionales zapatos est\u00e1 fabricado con <b>piel de becerro<\/b>, es famoso por su textura suave, su durabilidad y su capacidad para envejecer maravillosamente. Este material de alta calidad garantiza <b>mocasines cl\u00e1sicos de cuero para hombre<\/b> mantienen su aspecto pr\u00edstino durante a\u00f1os, ofreciendo un acabado pulido que llama la atenci\u00f3n. En el interior, sus pies se acunar\u00e1n con la m\u00e1xima comodidad gracias al suave <b>forro de piel de cabra<\/b>.<\/p>\n<p>Este material natural es famoso por su transpirabilidad y suavidad, se adapta al pie para un ajuste personalizado y garantiza comodidad durante todo el d\u00eda, tanto si est\u00e1s en la oficina como si asistes a un evento especial.<\/p>\n<p>Apreciar\u00e1 de verdad el tacto de estos <b>mocasines cl\u00e1sicos de cuero para hombre<\/b>.<\/p>\n<p>Debajo, un robusto <b>suela de goma<\/b> proporciona un excelente agarre y una larga durabilidad, haciendo que estos <b>mocasines cl\u00e1sicos de cuero para hombre<\/b> una elecci\u00f3n pr\u00e1ctica para el d\u00eda a d\u00eda. El sutil tac\u00f3n de 1 a 3 cm a\u00f1ade un toque de sofisticaci\u00f3n sin comprometer la comodidad, permitiendo largos periodos de uso sin fatiga. Con tallas disponibles desde la 39 hasta la 45, atendemos a un amplio espectro de clientas exigentes que buscan lo mejor. <b>mocasines cl\u00e1sicos de cuero para hombre<\/b>.<\/p>\n<p>Su dise\u00f1o atemporal, acentuado con un refinado detalle de hebilla, hace que estas <b>mocasines cl\u00e1sicos de cuero para hombre<\/b> incre\u00edblemente vers\u00e1tiles. Pasan sin problemas de un atuendo profesional de negocios a conjuntos informales elegantes, o incluso a ocasiones m\u00e1s formales en las que se desea un aspecto relajado pero pulido. Invertir en estos <b>mocasines cl\u00e1sicos de cuero para hombre<\/b> significa invertir en un b\u00e1sico de armario que irradie confianza y gusto refinado.<\/p>\n<h3>Oportunidad de venta al por mayor de calzado masculino de primera calidad<\/h3>\n<p>Para nuestros socios mayoristas, estos <b>mocasines cl\u00e1sicos de cuero para hombre<\/b> est\u00e1n disponibles para un pedido m\u00ednimo de 200 pares. Nos enorgullecemos de nuestra eficiente producci\u00f3n, con un plazo de entrega de s\u00f3lo 12 d\u00edas m\u00e1s gastos de env\u00edo, lo que garantiza que pueda abastecer r\u00e1pidamente su inventario con calzado de alta calidad y gran demanda. Ofrezca a sus clientes lo mejor en comodidad, estilo y durabilidad con estos imprescindibles <b>mocasines cl\u00e1sicos de cuero para hombre<\/b>.<\/p>\n<p>P\u00f3ngase en contacto con nosotros hoy mismo para obtener m\u00e1s informaci\u00f3n sobre nuestros precios competitivos y realizar su pedido al por mayor.<\/p>","protected":false},"excerpt":{"rendered":"<ul>\n<li><b>Material exterior:<\/b> Piel de becerro de primera calidad<\/li>\n<li><b>Material interior:<\/b> Forro de suave piel de cabra<\/li>\n<li><b>Suela:<\/b> Goma resistente<\/li>\n<li><b>Altura del tac\u00f3n:<\/b> 1-3 cm<\/li>\n<li><b>Tallas disponibles:<\/b> 39, 40, 41, 42, 43, 44, 45<\/li>\n<li><b>Disponibilidad a granel:<\/b> Pedido m\u00ednimo de 200 pares<\/li>\n<li><b>Plazo de entrega:<\/b> 12 d\u00edas + gastos de env\u00edo<\/li>\n<\/ul>","protected":false},"featured_media":4143,"template":"","meta":{"_acf_changed":false,"_uag_custom_page_level_css":"","site-sidebar-layout":"default","site-content-layout":"","ast-site-content-layout":"default","site-content-style":"default","site-sidebar-style":"default","ast-global-header-display":"","ast-banner-title-visibility":"","ast-main-header-display":"","ast-hfb-above-header-display":"","ast-hfb-below-header-display":"","ast-hfb-mobile-header-display":"","site-post-title":"","ast-breadcrumbs-content":"","ast-featured-img":"","footer-sml-layout":"","ast-disable-related-posts":"","theme-transparent-header-meta":"default","adv-header-id-meta":"","stick-header-meta":"","header-above-stick-meta":"","header-main-stick-meta":"","header-below-stick-meta":"","astra-migrate-meta-layouts":"set","ast-page-background-enabled":"default","ast-page-background-meta":{"desktop":{"background-color":"var(--ast-global-color-4)","background-image":"","background-repeat":"repeat","background-position":"center center","background-size":"auto","background-attachment":"scroll","background-type":"","background-media":"","overlay-type":"","overlay-color":"","overlay-opacity":"","overlay-gradient":""},"tablet":{"background-color":"","background-image":"","background-repeat":"repeat","background-position":"center center","background-size":"auto","background-attachment":"scroll","background-type":"","background-media":"","overlay-type":"","overlay-color":"","overlay-opacity":"","overlay-gradient":""},"mobile":{"background-color":"","background-image":"","background-repeat":"repeat","background-position":"center center","background-size":"auto","background-attachment":"scroll","background-type":"","background-media":"","overlay-type":"","overlay-color":"","overlay-opacity":"","overlay-gradient":""}},"ast-content-background-meta":{"desktop":{"background-color":"var(--ast-global-color-5)","background-image":"","background-repeat":"repeat","background-position":"center center","background-size":"auto","background-attachment":"scroll","background-type":"","background-media":"","overlay-type":"","overlay-color":"","overlay-opacity":"","overlay-gradient":""},"tablet":{"background-color":"var(--ast-global-color-5)","background-image":"","background-repeat":"repeat","background-position":"center center","background-size":"auto","background-attachment":"scroll","background-type":"","background-media":"","overlay-type":"","overlay-color":"","overlay-opacity":"","overlay-gradient":""},"mobile":{"background-color":"var(--ast-global-color-5)","background-image":"","background-repeat":"repeat","background-position":"center center","background-size":"auto","background-attachment":"scroll","background-type":"","background-media":"","overlay-type":"","overlay-color":"","overlay-opacity":"","overlay-gradient":""}}},"product_brand":[],"product_cat":[47,430,40],"product_tag":[147,315,405,451,457,284,251,189,215,186,192,280,281],"class_list":{"0":"post-6189","1":"product","2":"type-product","3":"status-publish","4":"has-post-thumbnail","6":"product_cat-classic","7":"product_cat-men","8":"product_cat-mens-shoes","9":"product_tag-brown-loafers","10":"product_tag-buckle-loafers","11":"product_tag-business-shoes","12":"product_tag-calfskin-leather","13":"product_tag-classic-loafers","14":"product_tag-dress-shoes","15":"product_tag-formal-shoes","16":"product_tag-goat-leather-lining","17":"product_tag-leather-loafers","18":"product_tag-mens-loafers","19":"product_tag-rubber-sole","20":"product_tag-smart-casual-shoes","21":"product_tag-wholesale-shoes","22":"desktop-align-center","23":"tablet-align-center","24":"mobile-align-center","26":"first","27":"instock","28":"featured","29":"shipping-taxable","30":"purchasable","31":"product-type-variable","32":"has-default-attributes"},"acf":[],"uagb_featured_image_src":{"full":["https:\/\/turkishtrade.co\/wp-content\/uploads\/2026\/01\/2400EJOMN00394-BROWN-X_173-1.png",453,250,false],"thumbnail":["https:\/\/turkishtrade.co\/wp-content\/uploads\/2026\/01\/2400EJOMN00394-BROWN-X_173-1-150x150.png",150,150,true],"medium":["https:\/\/turkishtrade.co\/wp-content\/uploads\/2026\/01\/2400EJOMN00394-BROWN-X_173-1-300x166.png",300,166,true],"medium_large":["https:\/\/turkishtrade.co\/wp-content\/uploads\/2026\/01\/2400EJOMN00394-BROWN-X_173-1.png",453,250,false],"large":["https:\/\/turkishtrade.co\/wp-content\/uploads\/2026\/01\/2400EJOMN00394-BROWN-X_173-1.png",453,250,false],"1536x1536":["https:\/\/turkishtrade.co\/wp-content\/uploads\/2026\/01\/2400EJOMN00394-BROWN-X_173-1.png",453,250,false],"2048x2048":["https:\/\/turkishtrade.co\/wp-content\/uploads\/2026\/01\/2400EJOMN00394-BROWN-X_173-1.png",453,250,false],"trp-custom-language-flag":["https:\/\/turkishtrade.co\/wp-content\/uploads\/2026\/01\/2400EJOMN00394-BROWN-X_173-1-18x10.png",18,10,true],"woocommerce_thumbnail":["https:\/\/turkishtrade.co\/wp-content\/uploads\/2026\/01\/2400EJOMN00394-BROWN-X_173-1-400x250.png",400,250,true],"woocommerce_single":["https:\/\/turkishtrade.co\/wp-content\/uploads\/2026\/01\/2400EJOMN00394-BROWN-X_173-1.png",453,250,false],"woocommerce_gallery_thumbnail":["https:\/\/turkishtrade.co\/wp-content\/uploads\/2026\/01\/2400EJOMN00394-BROWN-X_173-1-100x100.png",100,100,true]},"uagb_author_info":{"display_name":"yaser olabi","author_link":"https:\/\/turkishtrade.co\/es\/author\/"},"uagb_comment_info":0,"uagb_excerpt":"Exterior Material: Premium Calfskin Leather Interior Material: Soft Goat Leather Lining Sole: Durable Rubber Heel Height: 1-3 cm Available Sizes: 39, 40, 41, 42, 43, 44, 45 Bulk Availability: Minimum order of 200 pairs Delivery Time: 12 days + Shipping","_links":{"self":[{"href":"https:\/\/turkishtrade.co\/es\/wp-json\/wp\/v2\/product\/6189","targetHints":{"allow":["GET"]}}],"collection":[{"href":"https:\/\/turkishtrade.co\/es\/wp-json\/wp\/v2\/product"}],"about":[{"href":"https:\/\/turkishtrade.co\/es\/wp-json\/wp\/v2\/types\/product"}],"wp:featuredmedia":[{"embeddable":true,"href":"https:\/\/turkishtrade.co\/es\/wp-json\/wp\/v2\/media\/4143"}],"wp:attachment":[{"href":"https:\/\/turkishtrade.co\/es\/wp-json\/wp\/v2\/media?parent=6189"}],"wp:term":[{"taxonomy":"product_brand","embeddable":true,"href":"https:\/\/turkishtrade.co\/es\/wp-json\/wp\/v2\/product_brand?post=6189"},{"taxonomy":"product_cat","embeddable":true,"href":"https:\/\/turkishtrade.co\/es\/wp-json\/wp\/v2\/product_cat?post=6189"},{"taxonomy":"product_tag","embeddable":true,"href":"https:\/\/turkishtrade.co\/es\/wp-json\/wp\/v2\/product_tag?post=6189"}],"curies":[{"name":"wp","href":"https:\/\/api.w.org\/{rel}","templated":true}]}}