{"id":6181,"date":"2026-01-14T14:18:04","date_gmt":"2026-01-14T14:18:04","guid":{"rendered":"https:\/\/turkishtrade.co\/product\/mens-leather-casual-sneakers-2\/"},"modified":"2026-04-09T19:10:16","modified_gmt":"2026-04-09T19:10:16","slug":"mens-leather-casual-sneakers-2","status":"publish","type":"product","link":"https:\/\/turkishtrade.co\/es\/shop\/mens-leather-casual-sneakers-2\/","title":{"rendered":"Premium Men's Leather Casual Sneakers"},"content":{"rendered":"<p><strong>Zapatillas casual de piel para hombre<\/strong><\/p>\n<p>Ad\u00e9ntrese en un estilo y un confort incomparables con nuestra exquisita colecci\u00f3n de <strong>Zapatillas casual de piel para hombre<\/strong>. Dise\u00f1adas para el hombre moderno que valora tanto la est\u00e9tica como la calidad, estas zapatillas premium son un testimonio de artesan\u00eda superior. Cada par de estas sofisticadas <strong>zapatillas casual de cuero para hombre<\/strong> est\u00e1n meticulosamente confeccionadas para ofrecer un estilo duradero y una comodidad excepcional, lo que las convierte en un complemento indispensable para cualquier armario exigente.<\/p>\n<p>Ya sea para una salida relajada de fin de semana o para un entorno de oficina elegante-casual, estas vers\u00e1tiles zapatillas prometen elevar tu look con una elegancia discreta. Descubre por qu\u00e9 estas <strong>zapatillas casual de piel premium para hombre<\/strong> se est\u00e1n convirtiendo r\u00e1pidamente en las favoritas de quienes exigen lo mejor en calzado para el d\u00eda a d\u00eda.<\/p>\n<h3>Calidad y materiales inigualables<\/h3>\n<p>Nuestra <strong>Zapatillas casual de piel para hombre<\/strong> est\u00e1n fabricados con los mejores materiales para garantizar la m\u00e1xima durabilidad y comodidad. El exterior cuenta con una lujosa piel de becerro, conocida por su suave textura, resistencia y elegante acabado. Esta piel de primera calidad no solo tiene un aspecto magn\u00edfico, sino que tambi\u00e9n se amolda al pie con el paso del tiempo, proporcionando un ajuste personalizado.<\/p>\n<p>En el interior, tus pies experimentar\u00e1n el abrazo afelpado del forro de piel de cabra aut\u00e9ntica, que ofrece una transpirabilidad y suavidad excepcionales que te mantienen c\u00f3modo todo el d\u00eda. La robusta suela termo proporciona una excelente tracci\u00f3n y apoyo, dise\u00f1ada para un confort \u00f3ptimo con una sutil altura de tac\u00f3n de 1-3 cm, que garantiza la estabilidad sin comprometer el estilo. Son mucho m\u00e1s que unos zapatos: son una inversi\u00f3n en un calzado c\u00f3modo y de alta calidad. <strong>zapatillas casual de cuero para hombre<\/strong>.<\/p>\n<h3>Dise\u00f1o elegante y versatilidad<\/h3>\n<p>El dise\u00f1o de nuestro <strong>Zapatillas casual de piel para hombre<\/strong> combina el atractivo cl\u00e1sico con toques contempor\u00e1neos. Con sutiles perforaciones que mejoran la transpirabilidad y rayas laterales distintivas, estas zapatillas ofrecen un look din\u00e1mico que combina sin esfuerzo con una amplia gama de conjuntos. Disponibles en sofisticados tonos negro, marr\u00f3n intenso y azul marino intenso, estas <strong>zapatillas de piel premium<\/strong> se adaptan a diversos estilos y preferencias personales.<\/p>\n<p>La silueta aerodin\u00e1mica garantiza un perfil elegante, haciendo que estas <strong>zapatillas casual de cuero<\/strong> adecuados para todo, desde vaqueros y chinos hasta pantalones sastre. Con tallas que van de la 39 a la 45, encontrar el ajuste perfecto es sencillo, lo que garantiza la comodidad desde el primer uso y hace que estos <strong>elegantes zapatillas casual de cuero para hombre<\/strong> una elecci\u00f3n perfecta para cualquier ocasi\u00f3n.<\/p>\n<h3>Oportunidad de venta al por mayor para minoristas<\/h3>\n<p>Para las empresas que desean ofrecer a sus clientes calzado de alta calidad y con estilo, nuestro <strong>Zapatillas casual de piel para hombre<\/strong> presentan una excelente oportunidad para la venta al por mayor. Nos adaptamos a los pedidos al por mayor con un requisito m\u00ednimo de s\u00f3lo 8 pares, lo que facilita el almacenamiento de una selecci\u00f3n de tama\u00f1os y colores. Nuestro eficiente proceso garantiza un plazo de entrega de aproximadamente 12 d\u00edas m\u00e1s gastos de env\u00edo, lo que le permite reponer r\u00e1pidamente su inventario.<\/p>\n<p>Ofrezca a su clientela lo mejor <strong>zapatillas casual de cuero para hombre<\/strong> que combinan lujo, confort y estilo vers\u00e1til. P\u00f3ngase en contacto con nosotros hoy mismo para acceder a nuestra lista de precios detallada y explorar c\u00f3mo estos excepcionales <strong>zapatillas casual de cuero para hombre<\/strong> puede mejorar su oferta de productos y satisfacer la demanda de calzado de primera calidad de sus clientes.<\/p>","protected":false},"excerpt":{"rendered":"<ul>\n<li>Exterior de piel de becerro de primera calidad y forro de suave piel de cabra.<\/li>\n<li>Presenta una suela t\u00e9rmica c\u00f3moda y duradera con una altura de tac\u00f3n de 1-3 cm.<\/li>\n<li>Disponible en una amplia gama de tallas: 39, 40, 41, 42, 43, 44, 45.<\/li>\n<li>Elegante dise\u00f1o con detalles perforados y distintiva franja lateral, disponible en m\u00faltiples y sofisticados colores (negro, marr\u00f3n, azul marino).<\/li>\n<li>Ideal para la venta al por mayor con un pedido m\u00ednimo de 8 pares.<\/li>\n<li>El plazo de entrega es de aproximadamente 12 d\u00edas m\u00e1s gastos de env\u00edo.<\/li>\n<\/ul>","protected":false},"featured_media":4135,"template":"","meta":{"_acf_changed":false,"_uag_custom_page_level_css":"","site-sidebar-layout":"default","site-content-layout":"","ast-site-content-layout":"default","site-content-style":"default","site-sidebar-style":"default","ast-global-header-display":"","ast-banner-title-visibility":"","ast-main-header-display":"","ast-hfb-above-header-display":"","ast-hfb-below-header-display":"","ast-hfb-mobile-header-display":"","site-post-title":"","ast-breadcrumbs-content":"","ast-featured-img":"","footer-sml-layout":"","ast-disable-related-posts":"","theme-transparent-header-meta":"default","adv-header-id-meta":"","stick-header-meta":"","header-above-stick-meta":"","header-main-stick-meta":"","header-below-stick-meta":"","astra-migrate-meta-layouts":"set","ast-page-background-enabled":"default","ast-page-background-meta":{"desktop":{"background-color":"var(--ast-global-color-4)","background-image":"","background-repeat":"repeat","background-position":"center center","background-size":"auto","background-attachment":"scroll","background-type":"","background-media":"","overlay-type":"","overlay-color":"","overlay-opacity":"","overlay-gradient":""},"tablet":{"background-color":"","background-image":"","background-repeat":"repeat","background-position":"center center","background-size":"auto","background-attachment":"scroll","background-type":"","background-media":"","overlay-type":"","overlay-color":"","overlay-opacity":"","overlay-gradient":""},"mobile":{"background-color":"","background-image":"","background-repeat":"repeat","background-position":"center center","background-size":"auto","background-attachment":"scroll","background-type":"","background-media":"","overlay-type":"","overlay-color":"","overlay-opacity":"","overlay-gradient":""}},"ast-content-background-meta":{"desktop":{"background-color":"var(--ast-global-color-5)","background-image":"","background-repeat":"repeat","background-position":"center center","background-size":"auto","background-attachment":"scroll","background-type":"","background-media":"","overlay-type":"","overlay-color":"","overlay-opacity":"","overlay-gradient":""},"tablet":{"background-color":"var(--ast-global-color-5)","background-image":"","background-repeat":"repeat","background-position":"center center","background-size":"auto","background-attachment":"scroll","background-type":"","background-media":"","overlay-type":"","overlay-color":"","overlay-opacity":"","overlay-gradient":""},"mobile":{"background-color":"var(--ast-global-color-5)","background-image":"","background-repeat":"repeat","background-position":"center center","background-size":"auto","background-attachment":"scroll","background-type":"","background-media":"","overlay-type":"","overlay-color":"","overlay-opacity":"","overlay-gradient":""}}},"product_brand":[],"product_cat":[48,430,40,50],"product_tag":[185,216,222,189,351,198,270,1116,1124,209,1123],"class_list":{"0":"post-6181","1":"product","2":"type-product","3":"status-publish","4":"has-post-thumbnail","6":"product_cat-casual","7":"product_cat-men","8":"product_cat-mens-shoes","9":"product_cat-sneakers","10":"product_tag-calf-leather-shoes","11":"product_tag-casual-sneakers","12":"product_tag-comfortable-shoes","13":"product_tag-goat-leather-lining","14":"product_tag-leather-footwear","15":"product_tag-mens-fashion","16":"product_tag-mens-leather-sneakers","17":"product_tag-premium-sneakers","18":"product_tag-stylish-sneakers","19":"product_tag-thermo-sole","20":"product_tag-wholesale-sneakers","21":"desktop-align-center","22":"tablet-align-center","23":"mobile-align-center","25":"first","26":"instock","27":"featured","28":"shipping-taxable","29":"purchasable","30":"product-type-variable","31":"has-default-attributes"},"acf":[],"uagb_featured_image_src":{"full":["https:\/\/turkishtrade.co\/wp-content\/uploads\/2026\/01\/2400EJOMN00382-DARK-BLUE-X_1334-USD.png",453,250,false],"thumbnail":["https:\/\/turkishtrade.co\/wp-content\/uploads\/2026\/01\/2400EJOMN00382-DARK-BLUE-X_1334-USD-150x150.png",150,150,true],"medium":["https:\/\/turkishtrade.co\/wp-content\/uploads\/2026\/01\/2400EJOMN00382-DARK-BLUE-X_1334-USD-300x166.png",300,166,true],"medium_large":["https:\/\/turkishtrade.co\/wp-content\/uploads\/2026\/01\/2400EJOMN00382-DARK-BLUE-X_1334-USD.png",453,250,false],"large":["https:\/\/turkishtrade.co\/wp-content\/uploads\/2026\/01\/2400EJOMN00382-DARK-BLUE-X_1334-USD.png",453,250,false],"1536x1536":["https:\/\/turkishtrade.co\/wp-content\/uploads\/2026\/01\/2400EJOMN00382-DARK-BLUE-X_1334-USD.png",453,250,false],"2048x2048":["https:\/\/turkishtrade.co\/wp-content\/uploads\/2026\/01\/2400EJOMN00382-DARK-BLUE-X_1334-USD.png",453,250,false],"trp-custom-language-flag":["https:\/\/turkishtrade.co\/wp-content\/uploads\/2026\/01\/2400EJOMN00382-DARK-BLUE-X_1334-USD-18x10.png",18,10,true],"woocommerce_thumbnail":["https:\/\/turkishtrade.co\/wp-content\/uploads\/2026\/01\/2400EJOMN00382-DARK-BLUE-X_1334-USD-400x250.png",400,250,true],"woocommerce_single":["https:\/\/turkishtrade.co\/wp-content\/uploads\/2026\/01\/2400EJOMN00382-DARK-BLUE-X_1334-USD.png",453,250,false],"woocommerce_gallery_thumbnail":["https:\/\/turkishtrade.co\/wp-content\/uploads\/2026\/01\/2400EJOMN00382-DARK-BLUE-X_1334-USD-100x100.png",100,100,true]},"uagb_author_info":{"display_name":"yaser olabi","author_link":"https:\/\/turkishtrade.co\/es\/author\/"},"uagb_comment_info":0,"uagb_excerpt":"Crafted from premium calf leather exterior and soft goat leather lining. Features a comfortable and durable thermo sole with a 1-3cm heel height. Available in a wide range of sizes: 39, 40, 41, 42, 43, 44, 45. Stylish design with perforated details and distinctive side stripe, offered in multiple sophisticated colors (black, brown, navy). Ideal&hellip;","_links":{"self":[{"href":"https:\/\/turkishtrade.co\/es\/wp-json\/wp\/v2\/product\/6181","targetHints":{"allow":["GET"]}}],"collection":[{"href":"https:\/\/turkishtrade.co\/es\/wp-json\/wp\/v2\/product"}],"about":[{"href":"https:\/\/turkishtrade.co\/es\/wp-json\/wp\/v2\/types\/product"}],"wp:featuredmedia":[{"embeddable":true,"href":"https:\/\/turkishtrade.co\/es\/wp-json\/wp\/v2\/media\/4135"}],"wp:attachment":[{"href":"https:\/\/turkishtrade.co\/es\/wp-json\/wp\/v2\/media?parent=6181"}],"wp:term":[{"taxonomy":"product_brand","embeddable":true,"href":"https:\/\/turkishtrade.co\/es\/wp-json\/wp\/v2\/product_brand?post=6181"},{"taxonomy":"product_cat","embeddable":true,"href":"https:\/\/turkishtrade.co\/es\/wp-json\/wp\/v2\/product_cat?post=6181"},{"taxonomy":"product_tag","embeddable":true,"href":"https:\/\/turkishtrade.co\/es\/wp-json\/wp\/v2\/product_tag?post=6181"}],"curies":[{"name":"wp","href":"https:\/\/api.w.org\/{rel}","templated":true}]}}