{"id":6144,"date":"2026-01-14T14:14:11","date_gmt":"2026-01-14T14:14:11","guid":{"rendered":"https:\/\/turkishtrade.co\/product\/mens-leather-boat-shoes\/"},"modified":"2026-04-09T19:11:34","modified_gmt":"2026-04-09T19:11:34","slug":"mens-leather-boat-shoes","status":"publish","type":"product","link":"https:\/\/turkishtrade.co\/es\/shop\/mens-leather-boat-shoes\/","title":{"rendered":"Zapatos n\u00e1uticos de piel premium para hombre con suela t\u00e9rmica"},"content":{"rendered":"<p><strong>Zapatos n\u00e1uticos de piel para hombre<\/strong><\/p>\n<p>Eleve su colecci\u00f3n de calzado con nuestra exquisita colecci\u00f3n de <strong>Zapatos n\u00e1uticos de piel para hombre<\/strong>. Dise\u00f1ados para el caballero moderno que valora tanto el estilo como la comodidad, estos zapatos de primera calidad son un testimonio de artesan\u00eda superior. Cada par de nuestros <strong>Zapatos n\u00e1uticos de piel para hombre<\/strong> est\u00e1 fabricado meticulosamente con los mejores materiales, lo que garantiza un producto no s\u00f3lo atractivo a la vista, sino tambi\u00e9n duradero.<\/p>\n<p>El exterior de estos sofisticados <strong>Zapatos n\u00e1uticos de piel para hombre<\/strong> est\u00e1 fabricado con aut\u00e9ntica piel de becerro de alta calidad, famosa por su suave textura, resistencia y elegante acabado. Esta elecci\u00f3n de material garantiza que sus n\u00e1uticos envejecer\u00e1n con gracia, desarrollando una p\u00e1tina \u00fanica con el paso del tiempo. Como complemento al robusto exterior, el interior est\u00e1 forrado con suave y flexible piel de cabra, que proporciona un nivel de confort sin igual.<\/p>\n<p>Este forro interior permite la transpiraci\u00f3n, manteniendo tus pies c\u00f3modos durante todo el d\u00eda, tanto si est\u00e1s en cubierta como paseando por la ciudad.<\/p>\n<h3>Comodidad y estilo inigualables<\/h3>\n<p>Experimente lo \u00faltimo en confort al caminar con la innovadora suela Thermo Sole. Esta avanzada tecnolog\u00eda de suela ofrece una excelente flexibilidad, una amortiguaci\u00f3n superior y un agarre fiable en diversas superficies. La baja altura del tac\u00f3n, que oscila entre 1 y 3 cm, se suma al dise\u00f1o ergon\u00f3mico, haciendo que estas <strong>Zapatos n\u00e1uticos de piel para hombre<\/strong> adecuado para un uso prolongado sin fatiga.<\/p>\n<p>La silueta cl\u00e1sica de un zapato n\u00e1utico, completa con pespuntes intrincados y llamativos detalles de cordones, garantiza que estos zapatos sean un complemento vers\u00e1til para cualquier armario.<\/p>\n<h3>Perfecto para cualquier ocasi\u00f3n<\/h3>\n<p>Nuestra <strong>Zapatos n\u00e1uticos de piel para hombre<\/strong> son perfectas para multitud de ocasiones. Su dise\u00f1o atemporal los hace ideales para salidas informales, escapadas de fin de semana o incluso eventos semiformales. Comb\u00ednalos con chinos para un look relajado pero refinado, o con pantalones cortos para un estilo veraniego por excelencia.<\/p>\n<p>Disponibles en una gama de tallas de la 39 a la 45 y en varios atractivos colores como el c\u00e1lido topo, el vibrante azul y el cl\u00e1sico marr\u00f3n que aparecen en nuestras im\u00e1genes, hay un par de <strong>Zapatos n\u00e1uticos de piel para hombre<\/strong> para cada estilo personal.<\/p>\n<p>Invierte en calidad y sal a la calle con confianza con estas zapatillas excepcionalmente c\u00f3modas y elegantes. <strong>Zapatos n\u00e1uticos de piel para hombre<\/strong>.<\/p>\n<h3>Disponibilidad al por mayor<\/h3>\n<p>Para los minoristas y las empresas, estos <strong>Zapatos n\u00e1uticos de piel para hombre<\/strong> est\u00e1n disponibles para su compra al por mayor con un pedido m\u00ednimo de s\u00f3lo 8 pares. Nos enorgullecemos de ofrecer un servicio eficaz, con un plazo de entrega de 12 d\u00edas m\u00e1s gastos de env\u00edo, para que pueda abastecerse r\u00e1pidamente de estos codiciados art\u00edculos. Descubra la mezcla de lujo, comodidad y durabilidad que ofrecen nuestros <strong>Zapatos n\u00e1uticos de piel para hombre<\/strong> y proporcione a sus clientes un producto realmente excepcional.<\/p>","protected":false},"excerpt":{"rendered":"<ul>\n<li>Exterior de aut\u00e9ntica piel de becerro para una mayor durabilidad y estilo.<\/li>\n<li>El lujoso interior de piel de cabra garantiza un confort y una transpirabilidad excepcionales.<\/li>\n<li>Equipado con una suela Thermo flexible y ligera para un agarre y un confort superiores.<\/li>\n<li>Presenta una sutil altura de tal\u00f3n de 1-3 cm para una sujeci\u00f3n \u00f3ptima.<\/li>\n<li>Disponible en una amplia gama de tallas: 39, 40, 41, 42, 43, 44, 45.<\/li>\n<li>Cantidad m\u00ednima de pedido: 8 pares, ideal para compras al por mayor y al por mayor.<\/li>\n<li>Plazo de entrega eficaz: 12 d\u00edas m\u00e1s gastos de env\u00edo.<\/li>\n<\/ul>","protected":false},"featured_media":4109,"template":"","meta":{"_acf_changed":false,"_uag_custom_page_level_css":"","site-sidebar-layout":"default","site-content-layout":"","ast-site-content-layout":"default","site-content-style":"default","site-sidebar-style":"default","ast-global-header-display":"","ast-banner-title-visibility":"","ast-main-header-display":"","ast-hfb-above-header-display":"","ast-hfb-below-header-display":"","ast-hfb-mobile-header-display":"","site-post-title":"","ast-breadcrumbs-content":"","ast-featured-img":"","footer-sml-layout":"","ast-disable-related-posts":"","theme-transparent-header-meta":"default","adv-header-id-meta":"","stick-header-meta":"","header-above-stick-meta":"","header-main-stick-meta":"","header-below-stick-meta":"","astra-migrate-meta-layouts":"set","ast-page-background-enabled":"default","ast-page-background-meta":{"desktop":{"background-color":"var(--ast-global-color-4)","background-image":"","background-repeat":"repeat","background-position":"center center","background-size":"auto","background-attachment":"scroll","background-type":"","background-media":"","overlay-type":"","overlay-color":"","overlay-opacity":"","overlay-gradient":""},"tablet":{"background-color":"","background-image":"","background-repeat":"repeat","background-position":"center center","background-size":"auto","background-attachment":"scroll","background-type":"","background-media":"","overlay-type":"","overlay-color":"","overlay-opacity":"","overlay-gradient":""},"mobile":{"background-color":"","background-image":"","background-repeat":"repeat","background-position":"center center","background-size":"auto","background-attachment":"scroll","background-type":"","background-media":"","overlay-type":"","overlay-color":"","overlay-opacity":"","overlay-gradient":""}},"ast-content-background-meta":{"desktop":{"background-color":"var(--ast-global-color-5)","background-image":"","background-repeat":"repeat","background-position":"center center","background-size":"auto","background-attachment":"scroll","background-type":"","background-media":"","overlay-type":"","overlay-color":"","overlay-opacity":"","overlay-gradient":""},"tablet":{"background-color":"var(--ast-global-color-5)","background-image":"","background-repeat":"repeat","background-position":"center center","background-size":"auto","background-attachment":"scroll","background-type":"","background-media":"","overlay-type":"","overlay-color":"","overlay-opacity":"","overlay-gradient":""},"mobile":{"background-color":"var(--ast-global-color-5)","background-image":"","background-repeat":"repeat","background-position":"center center","background-size":"auto","background-attachment":"scroll","background-type":"","background-media":"","overlay-type":"","overlay-color":"","overlay-opacity":"","overlay-gradient":""}}},"product_brand":[],"product_cat":[48,47,49,430,40],"product_tag":[1126,451,449,222,271,437,450,227,1169,198,1170,209,281],"class_list":{"0":"post-6144","1":"product","2":"type-product","3":"status-publish","4":"has-post-thumbnail","6":"product_cat-casual","7":"product_cat-classic","8":"product_cat-loafer","9":"product_cat-men","10":"product_cat-mens-shoes","11":"product_tag-boat-shoes","12":"product_tag-calfskin-leather","13":"product_tag-casual-shoes","14":"product_tag-comfortable-shoes","15":"product_tag-deck-shoes","16":"product_tag-goat-leather","17":"product_tag-handcrafted-shoes","18":"product_tag-leather-shoes","19":"product_tag-low-heel","20":"product_tag-mens-fashion","21":"product_tag-moccasins","22":"product_tag-thermo-sole","23":"product_tag-wholesale-shoes","24":"desktop-align-center","25":"tablet-align-center","26":"mobile-align-center","28":"first","29":"instock","30":"shipping-taxable","31":"purchasable","32":"product-type-variable","33":"has-default-attributes"},"acf":[],"uagb_featured_image_src":{"full":["https:\/\/turkishtrade.co\/wp-content\/uploads\/2026\/01\/2400EJOMN00386-CAMEL-X_132.png",453,250,false],"thumbnail":["https:\/\/turkishtrade.co\/wp-content\/uploads\/2026\/01\/2400EJOMN00386-CAMEL-X_132-150x150.png",150,150,true],"medium":["https:\/\/turkishtrade.co\/wp-content\/uploads\/2026\/01\/2400EJOMN00386-CAMEL-X_132-300x166.png",300,166,true],"medium_large":["https:\/\/turkishtrade.co\/wp-content\/uploads\/2026\/01\/2400EJOMN00386-CAMEL-X_132.png",453,250,false],"large":["https:\/\/turkishtrade.co\/wp-content\/uploads\/2026\/01\/2400EJOMN00386-CAMEL-X_132.png",453,250,false],"1536x1536":["https:\/\/turkishtrade.co\/wp-content\/uploads\/2026\/01\/2400EJOMN00386-CAMEL-X_132.png",453,250,false],"2048x2048":["https:\/\/turkishtrade.co\/wp-content\/uploads\/2026\/01\/2400EJOMN00386-CAMEL-X_132.png",453,250,false],"trp-custom-language-flag":["https:\/\/turkishtrade.co\/wp-content\/uploads\/2026\/01\/2400EJOMN00386-CAMEL-X_132-18x10.png",18,10,true],"woocommerce_thumbnail":["https:\/\/turkishtrade.co\/wp-content\/uploads\/2026\/01\/2400EJOMN00386-CAMEL-X_132-400x250.png",400,250,true],"woocommerce_single":["https:\/\/turkishtrade.co\/wp-content\/uploads\/2026\/01\/2400EJOMN00386-CAMEL-X_132.png",453,250,false],"woocommerce_gallery_thumbnail":["https:\/\/turkishtrade.co\/wp-content\/uploads\/2026\/01\/2400EJOMN00386-CAMEL-X_132-100x100.png",100,100,true]},"uagb_author_info":{"display_name":"yaser olabi","author_link":"https:\/\/turkishtrade.co\/es\/author\/"},"uagb_comment_info":0,"uagb_excerpt":"Expertly crafted from genuine Calfskin Leather exterior for durability and style. Luxurious Goat Leather interior ensures exceptional comfort and breathability. Equipped with a flexible and lightweight Thermo Sole for superior grip and comfort. Features a subtle heel height of 1-3 cm for optimal support. Available in a comprehensive size range: 39, 40, 41, 42, 43,&hellip;","_links":{"self":[{"href":"https:\/\/turkishtrade.co\/es\/wp-json\/wp\/v2\/product\/6144","targetHints":{"allow":["GET"]}}],"collection":[{"href":"https:\/\/turkishtrade.co\/es\/wp-json\/wp\/v2\/product"}],"about":[{"href":"https:\/\/turkishtrade.co\/es\/wp-json\/wp\/v2\/types\/product"}],"wp:featuredmedia":[{"embeddable":true,"href":"https:\/\/turkishtrade.co\/es\/wp-json\/wp\/v2\/media\/4109"}],"wp:attachment":[{"href":"https:\/\/turkishtrade.co\/es\/wp-json\/wp\/v2\/media?parent=6144"}],"wp:term":[{"taxonomy":"product_brand","embeddable":true,"href":"https:\/\/turkishtrade.co\/es\/wp-json\/wp\/v2\/product_brand?post=6144"},{"taxonomy":"product_cat","embeddable":true,"href":"https:\/\/turkishtrade.co\/es\/wp-json\/wp\/v2\/product_cat?post=6144"},{"taxonomy":"product_tag","embeddable":true,"href":"https:\/\/turkishtrade.co\/es\/wp-json\/wp\/v2\/product_tag?post=6144"}],"curies":[{"name":"wp","href":"https:\/\/api.w.org\/{rel}","templated":true}]}}