{"id":6134,"date":"2026-01-14T14:12:53","date_gmt":"2026-01-14T14:12:53","guid":{"rendered":"https:\/\/turkishtrade.co\/product\/mens-brown-leather-sneakers-2\/"},"modified":"2026-04-09T19:11:59","modified_gmt":"2026-04-09T19:11:59","slug":"mens-brown-leather-sneakers-2","status":"publish","type":"product","link":"https:\/\/turkishtrade.co\/es\/shop\/mens-brown-leather-sneakers-2\/","title":{"rendered":"Zapatillas casual de hombre en piel de becerro marr\u00f3n oscuro de primera calidad"},"content":{"rendered":"<p><strong>Zapatillas de piel marr\u00f3n para hombre<\/strong><\/p>\n<p>Sum\u00e9rjase en un estilo y un confort incomparables con nuestro exquisito <strong>Zapatillas de piel marr\u00f3n para hombre<\/strong>. Dise\u00f1adas para el hombre moderno que valora tanto la elegancia como el uso diario, estas <strong>Zapatillas de piel marr\u00f3n para hombre<\/strong> son una mezcla perfecta de artesan\u00eda tradicional y dise\u00f1o contempor\u00e1neo. Elaborada con los mejores materiales, nuestra colecci\u00f3n de <strong>Zapatillas de piel marr\u00f3n para hombre<\/strong> ofrece un toque sofisticado a cualquier conjunto informal o elegante.<\/p>\n<p><h3>Artesan\u00eda y materiales de primera calidad<\/h3>\n<\/p>\n<p>Cada par de nuestros <strong>Zapatillas de piel marr\u00f3n para hombre<\/strong> est\u00e1 meticulosamente fabricado para garantizar una calidad duradera y un confort superior. La superficie exterior est\u00e1 hecha de aut\u00e9ntica piel de becerro, famosa por su textura flexible, durabilidad y rico tono marr\u00f3n oscuro, lo que hace que estos <strong>Zapatillas de piel marr\u00f3n para hombre<\/strong> incre\u00edblemente resistentes y elegantes. En el interior, tus pies experimentar\u00e1n la lujosa suavidad del forro de piel de cabra, que proporciona una transpirabilidad y un confort excepcionales durante todo el d\u00eda.<\/p>\n<p>La robusta suela t\u00e9rmica no s\u00f3lo ofrece un agarre y una amortiguaci\u00f3n excelentes, sino que tambi\u00e9n mantiene una sutil altura del tal\u00f3n de 1 a 3 cm, lo que garantiza un apoyo c\u00f3modo a cada paso. Estos materiales se seleccionan cuidadosamente para ofrecerte la mejor <strong>Zapatillas de piel marr\u00f3n para hombre<\/strong> en el mercado.<\/p>\n<p><h3>Dise\u00f1ado para ofrecer comodidad y versatilidad<\/h3>\n<\/p>\n<p>Nuestra <strong>Zapatillas de piel marr\u00f3n para hombre<\/strong> no se limitan a la apariencia, sino que est\u00e1n dise\u00f1adas para ofrecer una experiencia de uso excepcional. La piel flexible se amolda al pie con el paso del tiempo, ofreciendo un ajuste personalizado. Los detalles perforados de la parte superior no solo contribuyen a su sofisticada est\u00e9tica, sino que tambi\u00e9n mejoran la ventilaci\u00f3n, manteniendo los pies frescos y secos.<\/p>\n<p>Disponibles en una amplia gama de tallas, de la UE 39 a la 45, estas <strong>Zapatillas de piel marr\u00f3n para hombre<\/strong> satisfacen diversas necesidades. Ya sea para uso diario, salidas de fin de semana o entornos informales de negocios, estas vers\u00e1tiles <strong>Zapatillas de piel marr\u00f3n para hombre<\/strong> elevar\u00e1 tu estilo sin esfuerzo.<\/p>\n<p><h3>Ventaja Mayorista: Calzado de calidad para su negocio<\/h3>\n<\/p>\n<p>Comprendemos las necesidades de las empresas que buscan calzado de alta calidad. Nuestra <strong>Zapatillas de piel marr\u00f3n para hombre<\/strong> est\u00e1n disponibles para pedidos al por mayor, con una cantidad m\u00ednima de pedido de s\u00f3lo 100 pares. Benef\u00edciese de los precios competitivos de nuestra lista de precios y de un plazo de producci\u00f3n fiable de aproximadamente 12 d\u00edas, m\u00e1s gastos de env\u00edo.<\/p>\n<p>As\u00f3ciese con nosotros para proporcionar a sus clientes calzado de primera calidad que combine lujo, comodidad y durabilidad. Estos <strong>Zapatillas de piel marr\u00f3n para hombre<\/strong> representan una excelente inversi\u00f3n para los minoristas que desean ofrecer productos de calidad superior.<\/p>","protected":false},"excerpt":{"rendered":"<ul>\n<li>Superficie exterior: Piel de becerro de primera calidad<\/li>\n<li>Forro interior: Piel de cabra suave<\/li>\n<li>Suela: Suela t\u00e9rmica duradera (1-3 cm de altura del tal\u00f3n)<\/li>\n<li>Tallas disponibles: UE 39-45<\/li>\n<li>Pedido m\u00ednimo: 100 pares<\/li>\n<li>Listo para la venta al por mayor: 12 d\u00edas de producci\u00f3n + env\u00edo<\/li>\n<\/ul>","protected":false},"featured_media":4099,"template":"","meta":{"_acf_changed":false,"_uag_custom_page_level_css":"","site-sidebar-layout":"default","site-content-layout":"","ast-site-content-layout":"default","site-content-style":"default","site-sidebar-style":"default","ast-global-header-display":"","ast-banner-title-visibility":"","ast-main-header-display":"","ast-hfb-above-header-display":"","ast-hfb-below-header-display":"","ast-hfb-mobile-header-display":"","site-post-title":"","ast-breadcrumbs-content":"","ast-featured-img":"","footer-sml-layout":"","ast-disable-related-posts":"","theme-transparent-header-meta":"","adv-header-id-meta":"","stick-header-meta":"","header-above-stick-meta":"","header-main-stick-meta":"","header-below-stick-meta":"","astra-migrate-meta-layouts":"default","ast-page-background-enabled":"default","ast-page-background-meta":{"desktop":{"background-color":"var(--ast-global-color-4)","background-image":"","background-repeat":"repeat","background-position":"center center","background-size":"auto","background-attachment":"scroll","background-type":"","background-media":"","overlay-type":"","overlay-color":"","overlay-opacity":"","overlay-gradient":""},"tablet":{"background-color":"","background-image":"","background-repeat":"repeat","background-position":"center center","background-size":"auto","background-attachment":"scroll","background-type":"","background-media":"","overlay-type":"","overlay-color":"","overlay-opacity":"","overlay-gradient":""},"mobile":{"background-color":"","background-image":"","background-repeat":"repeat","background-position":"center center","background-size":"auto","background-attachment":"scroll","background-type":"","background-media":"","overlay-type":"","overlay-color":"","overlay-opacity":"","overlay-gradient":""}},"ast-content-background-meta":{"desktop":{"background-color":"var(--ast-global-color-5)","background-image":"","background-repeat":"repeat","background-position":"center center","background-size":"auto","background-attachment":"scroll","background-type":"","background-media":"","overlay-type":"","overlay-color":"","overlay-opacity":"","overlay-gradient":""},"tablet":{"background-color":"var(--ast-global-color-5)","background-image":"","background-repeat":"repeat","background-position":"center center","background-size":"auto","background-attachment":"scroll","background-type":"","background-media":"","overlay-type":"","overlay-color":"","overlay-opacity":"","overlay-gradient":""},"mobile":{"background-color":"var(--ast-global-color-5)","background-image":"","background-repeat":"repeat","background-position":"center center","background-size":"auto","background-attachment":"scroll","background-type":"","background-media":"","overlay-type":"","overlay-color":"","overlay-opacity":"","overlay-gradient":""}}},"product_brand":[],"product_cat":[48,430,40,50],"product_tag":[375,629,185,449,189,227,1163,214,546,209,254],"class_list":{"0":"post-6134","1":"product","2":"type-product","3":"status-publish","4":"has-post-thumbnail","6":"product_cat-casual","7":"product_cat-men","8":"product_cat-mens-shoes","9":"product_cat-sneakers","10":"product_tag-brown-leather-sneakers","11":"product_tag-bulk-order-shoes","12":"product_tag-calf-leather-shoes","13":"product_tag-casual-shoes","14":"product_tag-goat-leather-lining","15":"product_tag-leather-shoes","16":"product_tag-mens-casual-sneakers","17":"product_tag-mens-sneakers","18":"product_tag-stylish-mens-shoes","19":"product_tag-thermo-sole","20":"product_tag-wholesale-footwear","21":"desktop-align-center","22":"tablet-align-center","23":"mobile-align-center","25":"first","26":"instock","27":"shipping-taxable","28":"purchasable","29":"product-type-variable","30":"has-default-attributes"},"acf":[],"uagb_featured_image_src":{"full":["https:\/\/turkishtrade.co\/wp-content\/uploads\/2026\/01\/2400EJOMN00380-BROWN-Y_1003-3-USD.png",453,250,false],"thumbnail":["https:\/\/turkishtrade.co\/wp-content\/uploads\/2026\/01\/2400EJOMN00380-BROWN-Y_1003-3-USD-150x150.png",150,150,true],"medium":["https:\/\/turkishtrade.co\/wp-content\/uploads\/2026\/01\/2400EJOMN00380-BROWN-Y_1003-3-USD-300x166.png",300,166,true],"medium_large":["https:\/\/turkishtrade.co\/wp-content\/uploads\/2026\/01\/2400EJOMN00380-BROWN-Y_1003-3-USD.png",453,250,false],"large":["https:\/\/turkishtrade.co\/wp-content\/uploads\/2026\/01\/2400EJOMN00380-BROWN-Y_1003-3-USD.png",453,250,false],"1536x1536":["https:\/\/turkishtrade.co\/wp-content\/uploads\/2026\/01\/2400EJOMN00380-BROWN-Y_1003-3-USD.png",453,250,false],"2048x2048":["https:\/\/turkishtrade.co\/wp-content\/uploads\/2026\/01\/2400EJOMN00380-BROWN-Y_1003-3-USD.png",453,250,false],"trp-custom-language-flag":["https:\/\/turkishtrade.co\/wp-content\/uploads\/2026\/01\/2400EJOMN00380-BROWN-Y_1003-3-USD-18x10.png",18,10,true],"woocommerce_thumbnail":["https:\/\/turkishtrade.co\/wp-content\/uploads\/2026\/01\/2400EJOMN00380-BROWN-Y_1003-3-USD-400x250.png",400,250,true],"woocommerce_single":["https:\/\/turkishtrade.co\/wp-content\/uploads\/2026\/01\/2400EJOMN00380-BROWN-Y_1003-3-USD.png",453,250,false],"woocommerce_gallery_thumbnail":["https:\/\/turkishtrade.co\/wp-content\/uploads\/2026\/01\/2400EJOMN00380-BROWN-Y_1003-3-USD-100x100.png",100,100,true]},"uagb_author_info":{"display_name":"yaser olabi","author_link":"https:\/\/turkishtrade.co\/es\/author\/"},"uagb_comment_info":0,"uagb_excerpt":"Outer Surface: Premium Calf Leather Inner Lining: Soft Goat Leather Sole: Durable Thermo Sole (1-3 cm heel height) Available Sizes: EU 39-45 Minimum Order: 100 Pairs Wholesale Ready: 12-day production + shipping","_links":{"self":[{"href":"https:\/\/turkishtrade.co\/es\/wp-json\/wp\/v2\/product\/6134","targetHints":{"allow":["GET"]}}],"collection":[{"href":"https:\/\/turkishtrade.co\/es\/wp-json\/wp\/v2\/product"}],"about":[{"href":"https:\/\/turkishtrade.co\/es\/wp-json\/wp\/v2\/types\/product"}],"wp:featuredmedia":[{"embeddable":true,"href":"https:\/\/turkishtrade.co\/es\/wp-json\/wp\/v2\/media\/4099"}],"wp:attachment":[{"href":"https:\/\/turkishtrade.co\/es\/wp-json\/wp\/v2\/media?parent=6134"}],"wp:term":[{"taxonomy":"product_brand","embeddable":true,"href":"https:\/\/turkishtrade.co\/es\/wp-json\/wp\/v2\/product_brand?post=6134"},{"taxonomy":"product_cat","embeddable":true,"href":"https:\/\/turkishtrade.co\/es\/wp-json\/wp\/v2\/product_cat?post=6134"},{"taxonomy":"product_tag","embeddable":true,"href":"https:\/\/turkishtrade.co\/es\/wp-json\/wp\/v2\/product_tag?post=6134"}],"curies":[{"name":"wp","href":"https:\/\/api.w.org\/{rel}","templated":true}]}}