{"id":6131,"date":"2026-01-14T14:12:34","date_gmt":"2026-01-14T14:12:34","guid":{"rendered":"https:\/\/turkishtrade.co\/product\/mens-suede-buckle-loafers\/"},"modified":"2026-04-09T19:12:07","modified_gmt":"2026-04-09T19:12:07","slug":"mens-suede-buckle-loafers","status":"publish","type":"product","link":"https:\/\/turkishtrade.co\/es\/shop\/mens-suede-buckle-loafers\/","title":{"rendered":"Mocasines artesanales de ante con hebilla para hombre"},"content":{"rendered":"<p><strong>Mocasines con hebilla de ante para hombre<\/strong><\/p>\n<p>Descubra el ep\u00edtome de la elegancia informal con nuestro exquisito <strong>Mocasines con hebilla de ante para hombre<\/strong>. Elaborados por expertos para el hombre moderno, estos mocasines combinan a la perfecci\u00f3n un estilo atemporal con una comodidad inigualable. Disponibles en tonos sofisticados como el cl\u00e1sico azul marino y el c\u00e1lido tostado, estos vers\u00e1tiles zapatos est\u00e1n dise\u00f1ados para elevar cualquier conjunto, desde elegantes ocasiones informales a semiformales.<\/p>\n<p><h3>Calidad y comodidad inigualables<\/h3>\n<\/p>\n<p>Cada par de estos mocasines de primera calidad es un testimonio de artesan\u00eda superior. La superficie exterior est\u00e1 meticulosamente fabricada en aut\u00e9ntica piel de ternero, con un lujoso acabado de ante suave al tacto y duradero para el uso diario. Deslice los pies en el suave forro de piel de cabra, famoso por su transpirabilidad y su capacidad para adaptarse a la forma \u00fanica del pie, garantizando comodidad durante todo el d\u00eda.<\/p>\n<p>La robusta suela termo proporciona un agarre y una amortiguaci\u00f3n excepcionales, haciendo que estas <strong>Mocasines con hebilla de ante para hombre<\/strong> no s\u00f3lo elegantes, sino incre\u00edblemente pr\u00e1cticas para diversos terrenos y condiciones meteorol\u00f3gicas. Con una c\u00f3moda altura de tac\u00f3n de 1-3 cm, experimentar\u00e1s un caminar estable y relajado.<\/p>\n<p><h3>Dise\u00f1o sofisticado y versatilidad<\/h3>\n<\/p>\n<p>El distintivo detalle de la hebilla en la pala a\u00f1ade un toque de refinada sofisticaci\u00f3n, que confiere a estos zapatos un toque de elegancia. <strong>Mocasines con hebilla de ante para hombre<\/strong> aparte. Este elegante acento proporciona un acabado pulido, lo que los hace adecuados para una amplia gama de ocasiones, ya sea que se dirija a una reuni\u00f3n informal de negocios, disfrute de un brunch de fin de semana o asista a un evento especial.<\/p>\n<p>Su dise\u00f1o slip-on garantiza un uso sin esfuerzo, mientras que la gama de tallas disponibles, del 39 al 45, se adapta a una amplia gama de preferencias. Disfrute del tacto lujoso y el aspecto distinguido de estos mocasines de dise\u00f1o impecable.<\/p>\n<p><h3>Oportunidad para los mayoristas de calzado de calidad<\/h3>\n<\/p>\n<p>Para las empresas que buscan calzado de alta calidad, nuestro <strong>Mocasines con hebilla de ante para hombre<\/strong> est\u00e1n disponibles para su compra al por mayor. Con un pedido m\u00ednimo de tan solo 100 pares, puede abastecerse de estos zapatos tan demandados. Nuestro eficiente proceso de producci\u00f3n garantiza un plazo de entrega de aproximadamente 12 d\u00edas, m\u00e1s gastos de env\u00edo, lo que le permite renovar r\u00e1pidamente su inventario con art\u00edculos de primera calidad.<\/p>\n<p>Ofrezca a sus clientes la mezcla de tradici\u00f3n y estilo contempor\u00e1neo que s\u00f3lo estos artesanales <strong>Mocasines con hebilla de ante para hombre<\/strong> puede proporcionarle. P\u00f3ngase en contacto con nosotros para obtener precios detallados y analizar sus necesidades de pedidos al por mayor.<\/p>","protected":false},"excerpt":{"rendered":"<ul>\n<li>Parte superior de piel de becerro de ante de primera calidad para un aspecto refinado.<\/li>\n<li>El lujoso forro de piel de cabra garantiza transpirabilidad y comodidad.<\/li>\n<li>La duradera suela Thermo proporciona un excelente agarre y una larga duraci\u00f3n.<\/li>\n<li>El elegante detalle de la hebilla a\u00f1ade un toque de sofisticaci\u00f3n.<\/li>\n<li>C\u00f3modo tac\u00f3n de 1-3 cm de altura para llevarlo todo el d\u00eda.<\/li>\n<li>Disponible en tallas: 39, 40, 41, 42, 43, 44, 45.<\/li>\n<li>Cantidad m\u00ednima de pedido: 100 Pares.<\/li>\n<li>Producci\u00f3n y entrega: Aproximadamente 12 d\u00edas + Env\u00edo.<\/li>\n<\/ul>","protected":false},"featured_media":4097,"template":"","meta":{"_acf_changed":false,"_uag_custom_page_level_css":"","site-sidebar-layout":"default","site-content-layout":"","ast-site-content-layout":"default","site-content-style":"default","site-sidebar-style":"default","ast-global-header-display":"","ast-banner-title-visibility":"","ast-main-header-display":"","ast-hfb-above-header-display":"","ast-hfb-below-header-display":"","ast-hfb-mobile-header-display":"","site-post-title":"","ast-breadcrumbs-content":"","ast-featured-img":"","footer-sml-layout":"","ast-disable-related-posts":"","theme-transparent-header-meta":"","adv-header-id-meta":"","stick-header-meta":"","header-above-stick-meta":"","header-main-stick-meta":"","header-below-stick-meta":"","astra-migrate-meta-layouts":"default","ast-page-background-enabled":"default","ast-page-background-meta":{"desktop":{"background-color":"var(--ast-global-color-4)","background-image":"","background-repeat":"repeat","background-position":"center center","background-size":"auto","background-attachment":"scroll","background-type":"","background-media":"","overlay-type":"","overlay-color":"","overlay-opacity":"","overlay-gradient":""},"tablet":{"background-color":"","background-image":"","background-repeat":"repeat","background-position":"center center","background-size":"auto","background-attachment":"scroll","background-type":"","background-media":"","overlay-type":"","overlay-color":"","overlay-opacity":"","overlay-gradient":""},"mobile":{"background-color":"","background-image":"","background-repeat":"repeat","background-position":"center center","background-size":"auto","background-attachment":"scroll","background-type":"","background-media":"","overlay-type":"","overlay-color":"","overlay-opacity":"","overlay-gradient":""}},"ast-content-background-meta":{"desktop":{"background-color":"var(--ast-global-color-5)","background-image":"","background-repeat":"repeat","background-position":"center center","background-size":"auto","background-attachment":"scroll","background-type":"","background-media":"","overlay-type":"","overlay-color":"","overlay-opacity":"","overlay-gradient":""},"tablet":{"background-color":"var(--ast-global-color-5)","background-image":"","background-repeat":"repeat","background-position":"center center","background-size":"auto","background-attachment":"scroll","background-type":"","background-media":"","overlay-type":"","overlay-color":"","overlay-opacity":"","overlay-gradient":""},"mobile":{"background-color":"var(--ast-global-color-5)","background-image":"","background-repeat":"repeat","background-position":"center center","background-size":"auto","background-attachment":"scroll","background-type":"","background-media":"","overlay-type":"","overlay-color":"","overlay-opacity":"","overlay-gradient":""}}},"product_brand":[],"product_cat":[49,430,40],"product_tag":[315,202,449,220,437,450,215,198,186,362,184,280,149,209,281],"class_list":{"0":"post-6131","1":"product","2":"type-product","3":"status-publish","4":"has-post-thumbnail","6":"product_cat-loafer","7":"product_cat-men","8":"product_cat-mens-shoes","9":"product_tag-buckle-loafers","10":"product_tag-calf-leather","11":"product_tag-casual-shoes","12":"product_tag-comfortable-loafers","13":"product_tag-goat-leather","14":"product_tag-handcrafted-shoes","15":"product_tag-leather-loafers","16":"product_tag-mens-fashion","17":"product_tag-mens-loafers","18":"product_tag-premium-footwear","19":"product_tag-slip-on-shoes","20":"product_tag-smart-casual-shoes","21":"product_tag-suede-loafers","22":"product_tag-thermo-sole","23":"product_tag-wholesale-shoes","24":"desktop-align-center","25":"tablet-align-center","26":"mobile-align-center","28":"first","29":"instock","30":"shipping-taxable","31":"purchasable","32":"product-type-variable","33":"has-default-attributes"},"acf":[],"uagb_featured_image_src":{"full":["https:\/\/turkishtrade.co\/wp-content\/uploads\/2026\/01\/2400EJOMN00381-CAMEL-DKS_240.png",453,250,false],"thumbnail":["https:\/\/turkishtrade.co\/wp-content\/uploads\/2026\/01\/2400EJOMN00381-CAMEL-DKS_240-150x150.png",150,150,true],"medium":["https:\/\/turkishtrade.co\/wp-content\/uploads\/2026\/01\/2400EJOMN00381-CAMEL-DKS_240-300x166.png",300,166,true],"medium_large":["https:\/\/turkishtrade.co\/wp-content\/uploads\/2026\/01\/2400EJOMN00381-CAMEL-DKS_240.png",453,250,false],"large":["https:\/\/turkishtrade.co\/wp-content\/uploads\/2026\/01\/2400EJOMN00381-CAMEL-DKS_240.png",453,250,false],"1536x1536":["https:\/\/turkishtrade.co\/wp-content\/uploads\/2026\/01\/2400EJOMN00381-CAMEL-DKS_240.png",453,250,false],"2048x2048":["https:\/\/turkishtrade.co\/wp-content\/uploads\/2026\/01\/2400EJOMN00381-CAMEL-DKS_240.png",453,250,false],"trp-custom-language-flag":["https:\/\/turkishtrade.co\/wp-content\/uploads\/2026\/01\/2400EJOMN00381-CAMEL-DKS_240-18x10.png",18,10,true],"woocommerce_thumbnail":["https:\/\/turkishtrade.co\/wp-content\/uploads\/2026\/01\/2400EJOMN00381-CAMEL-DKS_240-400x250.png",400,250,true],"woocommerce_single":["https:\/\/turkishtrade.co\/wp-content\/uploads\/2026\/01\/2400EJOMN00381-CAMEL-DKS_240.png",453,250,false],"woocommerce_gallery_thumbnail":["https:\/\/turkishtrade.co\/wp-content\/uploads\/2026\/01\/2400EJOMN00381-CAMEL-DKS_240-100x100.png",100,100,true]},"uagb_author_info":{"display_name":"yaser olabi","author_link":"https:\/\/turkishtrade.co\/es\/author\/"},"uagb_comment_info":0,"uagb_excerpt":"Premium Suede Calf Leather Upper for a refined look. Luxurious Goat Leather Lining ensures breathability and comfort. Durable Thermo Sole provides excellent grip and long-lasting wear. Stylish Buckle Detail adds a touch of sophistication. Comfortable 1-3 cm Heel Height for all-day wear. Available in sizes: 39, 40, 41, 42, 43, 44, 45. Minimum Order Quantity:&hellip;","_links":{"self":[{"href":"https:\/\/turkishtrade.co\/es\/wp-json\/wp\/v2\/product\/6131","targetHints":{"allow":["GET"]}}],"collection":[{"href":"https:\/\/turkishtrade.co\/es\/wp-json\/wp\/v2\/product"}],"about":[{"href":"https:\/\/turkishtrade.co\/es\/wp-json\/wp\/v2\/types\/product"}],"wp:featuredmedia":[{"embeddable":true,"href":"https:\/\/turkishtrade.co\/es\/wp-json\/wp\/v2\/media\/4097"}],"wp:attachment":[{"href":"https:\/\/turkishtrade.co\/es\/wp-json\/wp\/v2\/media?parent=6131"}],"wp:term":[{"taxonomy":"product_brand","embeddable":true,"href":"https:\/\/turkishtrade.co\/es\/wp-json\/wp\/v2\/product_brand?post=6131"},{"taxonomy":"product_cat","embeddable":true,"href":"https:\/\/turkishtrade.co\/es\/wp-json\/wp\/v2\/product_cat?post=6131"},{"taxonomy":"product_tag","embeddable":true,"href":"https:\/\/turkishtrade.co\/es\/wp-json\/wp\/v2\/product_tag?post=6131"}],"curies":[{"name":"wp","href":"https:\/\/api.w.org\/{rel}","templated":true}]}}