{"id":6129,"date":"2026-01-14T14:12:15","date_gmt":"2026-01-14T14:12:15","guid":{"rendered":"https:\/\/turkishtrade.co\/product\/men-s-brown-suede-derby-shoes\/"},"modified":"2026-04-09T19:12:12","modified_gmt":"2026-04-09T19:12:12","slug":"mens-brown-suede-derby-shoes-2","status":"publish","type":"product","link":"https:\/\/turkishtrade.co\/es\/shop\/mens-brown-suede-derby-shoes-2\/","title":{"rendered":"Zapatos derby de hombre en ante marr\u00f3n de primera calidad con parte superior de piel de becerro"},"content":{"rendered":"<p><strong>Zapatos Derby de ante marr\u00f3n para hombre<\/strong><\/p>\n<p>Eleve su estilo cotidiano con nuestros exquisitos <strong>Zapatos Derby de ante marr\u00f3n para hombre<\/strong>. Dise\u00f1adas para el hombre moderno que valora tanto la sofisticaci\u00f3n como la comodidad, estas <strong>zapatos derby de ante marr\u00f3n para hombre<\/strong> son una mezcla perfecta de elegancia cl\u00e1sica y dise\u00f1o contempor\u00e1neo. Tanto si te vistes para un evento semiformal como si buscas un calzado informal refinado, estos zapatos prometen ser un complemento vers\u00e1til para tu armario, que realzar\u00e1 sin esfuerzo cualquier atuendo.<\/p>\n<p><h3>Confort inigualable y materiales de primera calidad<\/h3>\n<\/p>\n<p>Fabricados con materiales de primera calidad, cada par de estos <strong>zapatos derby de ante marr\u00f3n para hombre<\/strong> cuenta con una superficie exterior de flexible piel de becerro, famosa por su durabilidad y lujoso tacto. El rico acabado en ante marr\u00f3n ofrece una textura distintiva y un atractivo atemporal que destaca. En el interior, sus pies experimentar\u00e1n una comodidad sin igual con un suave forro de piel de cabra, que garantiza la transpirabilidad y una sensaci\u00f3n de felpa a cada paso.<\/p>\n<p>La suela de EVA, ligera pero resistente, proporciona una excelente amortiguaci\u00f3n y flexibilidad, haciendo que estas <strong>zapatos derby de ante marr\u00f3n para hombre<\/strong> ideal para llevar todo el d\u00eda. La altura cl\u00e1sica del tac\u00f3n de 1 a 3 cm mantiene un perfil c\u00f3modo, que combina a la perfecci\u00f3n con la sofisticada est\u00e9tica informal de mocas\u00edn del zapato.<\/p>\n<p><h3>Estilo vers\u00e1til para cualquier ocasi\u00f3n<\/h3>\n<\/p>\n<p>El dise\u00f1o de estos <strong>zapatos derby de ante marr\u00f3n para hombre<\/strong> combina con maestr\u00eda elementos de un zapato Derby tradicional con el atractivo relajado de un mocas\u00edn, creando un h\u00edbrido \u00fanico adecuado para un sinf\u00edn de ocasiones.<\/p>\n<p>Los sutiles detalles de costura y los detalles de piel en contraste de la parte superior a\u00f1aden car\u00e1cter sin abrumar la discreta elegancia del zapato. Comb\u00ednalos con <strong>zapatos derby de ante marr\u00f3n para hombre<\/strong> con unos pantalones chinos para un look elegante e informal, o con unos vaqueros oscuros para un sofisticado conjunto de fin de semana. Son igualmente adecuados para entornos informales de negocios o reuniones sociales.<\/p>\n<p>Disponibles en una amplia gama de tallas, de la 39 a la 45, encontrar el ajuste perfecto no supone ning\u00fan esfuerzo.<\/p>\n<p><h3>Artesan\u00eda excepcional y oportunidades al por mayor<\/h3>\n<\/p>\n<p>Nuestro compromiso con la calidad queda patente en cada puntada de estos <strong>zapatos derby de ante marr\u00f3n para hombre<\/strong>. Cada par est\u00e1 fabricado meticulosamente por artesanos expertos, lo que garantiza su longevidad y un acabado impecable que refleja una artesan\u00eda superior. Las pieles de becerro y cabra de primera calidad se seleccionan cuidadosamente por su excepcional calidad y su origen \u00e9tico.<\/p>\n<p>Invertir en estos <strong>zapatos derby de ante marr\u00f3n para hombre<\/strong> significa invertir en un calzado que no s\u00f3lo sea bonito, sino que est\u00e9 hecho para durar, manteniendo su encanto y comodidad temporada tras temporada.<\/p>\n<p>Para los minoristas y las empresas que desean ofrecer calzado de primera calidad, nuestro <strong>zapatos derby de ante marr\u00f3n para hombre<\/strong> est\u00e1n disponibles para su compra al por mayor. Con una cantidad m\u00ednima de pedido de tan solo 8 pares, le resultar\u00e1 f\u00e1cil tener en stock estos elegantes zapatos de gran demanda. Garantizamos un r\u00e1pido procesamiento y un plazo de entrega de aproximadamente 12 d\u00edas, m\u00e1s gastos de env\u00edo, para que pueda satisfacer r\u00e1pidamente las demandas de sus clientes.<\/p>\n<p>P\u00f3ngase en contacto con nosotros para obtener informaci\u00f3n detallada sobre precios y analizar sus necesidades de pedidos al por mayor de estos excepcionales productos. <strong>zapatos derby de ante marr\u00f3n para hombre<\/strong>.<\/p>","protected":false},"excerpt":{"rendered":"<ul>\n<li>Parte superior de ante de becerro de primera calidad para una textura lujosa y durabilidad.<\/li>\n<li>Forro de piel de cabra suave y transpirable para un confort superior.<\/li>\n<li>Suela de EVA ligera y flexible para llevarlas todo el d\u00eda.<\/li>\n<li>Mocas\u00edn de estilo cl\u00e1sico-casual con un c\u00f3modo tac\u00f3n de 1-3 cm.<\/li>\n<li>Disponible en una amplia gama de tallas: 39, 40, 41, 42, 43, 44, 45.<\/li>\n<li>Cantidad m\u00ednima de pedido: 8 pares (ideal para la venta al por mayor).<\/li>\n<li>Plazo de entrega: Aproximadamente 12 d\u00edas + gastos de env\u00edo.<\/li>\n<\/ul>","protected":false},"featured_media":4015,"template":"","meta":{"_acf_changed":false,"_uag_custom_page_level_css":"","site-sidebar-layout":"default","site-content-layout":"","ast-site-content-layout":"default","site-content-style":"default","site-sidebar-style":"default","ast-global-header-display":"","ast-banner-title-visibility":"","ast-main-header-display":"","ast-hfb-above-header-display":"","ast-hfb-below-header-display":"","ast-hfb-mobile-header-display":"","site-post-title":"","ast-breadcrumbs-content":"","ast-featured-img":"","footer-sml-layout":"","ast-disable-related-posts":"","theme-transparent-header-meta":"","adv-header-id-meta":"","stick-header-meta":"","header-above-stick-meta":"","header-main-stick-meta":"","header-below-stick-meta":"","astra-migrate-meta-layouts":"default","ast-page-background-enabled":"default","ast-page-background-meta":{"desktop":{"background-color":"var(--ast-global-color-4)","background-image":"","background-repeat":"repeat","background-position":"center center","background-size":"auto","background-attachment":"scroll","background-type":"","background-media":"","overlay-type":"","overlay-color":"","overlay-opacity":"","overlay-gradient":""},"tablet":{"background-color":"","background-image":"","background-repeat":"repeat","background-position":"center center","background-size":"auto","background-attachment":"scroll","background-type":"","background-media":"","overlay-type":"","overlay-color":"","overlay-opacity":"","overlay-gradient":""},"mobile":{"background-color":"","background-image":"","background-repeat":"repeat","background-position":"center center","background-size":"auto","background-attachment":"scroll","background-type":"","background-media":"","overlay-type":"","overlay-color":"","overlay-opacity":"","overlay-gradient":""}},"ast-content-background-meta":{"desktop":{"background-color":"var(--ast-global-color-5)","background-image":"","background-repeat":"repeat","background-position":"center center","background-size":"auto","background-attachment":"scroll","background-type":"","background-media":"","overlay-type":"","overlay-color":"","overlay-opacity":"","overlay-gradient":""},"tablet":{"background-color":"var(--ast-global-color-5)","background-image":"","background-repeat":"repeat","background-position":"center center","background-size":"auto","background-attachment":"scroll","background-type":"","background-media":"","overlay-type":"","overlay-color":"","overlay-opacity":"","overlay-gradient":""},"mobile":{"background-color":"var(--ast-global-color-5)","background-image":"","background-repeat":"repeat","background-position":"center center","background-size":"auto","background-attachment":"scroll","background-type":"","background-media":"","overlay-type":"","overlay-color":"","overlay-opacity":"","overlay-gradient":""}}},"product_brand":[],"product_cat":[48,49,430,40],"product_tag":[348,1160,290,212,609,438,189,1162,1161,406,280,281],"class_list":{"0":"post-6129","1":"product","2":"type-product","3":"status-publish","4":"has-post-thumbnail","6":"product_cat-casual","7":"product_cat-loafer","8":"product_cat-men","9":"product_cat-mens-shoes","10":"product_tag-brown-suede-shoes","11":"product_tag-calfskin-leather-shoes","12":"product_tag-comfortable-mens-shoes","13":"product_tag-derby-shoes","14":"product_tag-elegant-mens-shoes","15":"product_tag-eva-sole","16":"product_tag-goat-leather-lining","17":"product_tag-leather-shoes-for-men","18":"product_tag-loafer-style-shoes","19":"product_tag-premium-shoes","20":"product_tag-smart-casual-shoes","21":"product_tag-wholesale-shoes","22":"desktop-align-center","23":"tablet-align-center","24":"mobile-align-center","26":"first","27":"instock","28":"shipping-taxable","29":"purchasable","30":"product-type-variable","31":"has-default-attributes"},"acf":[],"uagb_featured_image_src":{"full":["https:\/\/turkishtrade.co\/wp-content\/uploads\/2026\/01\/2400EJOMN00475-CAMEL-X_7805-3-USD.png",453,250,false],"thumbnail":["https:\/\/turkishtrade.co\/wp-content\/uploads\/2026\/01\/2400EJOMN00475-CAMEL-X_7805-3-USD-150x150.png",150,150,true],"medium":["https:\/\/turkishtrade.co\/wp-content\/uploads\/2026\/01\/2400EJOMN00475-CAMEL-X_7805-3-USD-300x166.png",300,166,true],"medium_large":["https:\/\/turkishtrade.co\/wp-content\/uploads\/2026\/01\/2400EJOMN00475-CAMEL-X_7805-3-USD.png",453,250,false],"large":["https:\/\/turkishtrade.co\/wp-content\/uploads\/2026\/01\/2400EJOMN00475-CAMEL-X_7805-3-USD.png",453,250,false],"1536x1536":["https:\/\/turkishtrade.co\/wp-content\/uploads\/2026\/01\/2400EJOMN00475-CAMEL-X_7805-3-USD.png",453,250,false],"2048x2048":["https:\/\/turkishtrade.co\/wp-content\/uploads\/2026\/01\/2400EJOMN00475-CAMEL-X_7805-3-USD.png",453,250,false],"trp-custom-language-flag":["https:\/\/turkishtrade.co\/wp-content\/uploads\/2026\/01\/2400EJOMN00475-CAMEL-X_7805-3-USD-18x10.png",18,10,true],"woocommerce_thumbnail":["https:\/\/turkishtrade.co\/wp-content\/uploads\/2026\/01\/2400EJOMN00475-CAMEL-X_7805-3-USD-400x250.png",400,250,true],"woocommerce_single":["https:\/\/turkishtrade.co\/wp-content\/uploads\/2026\/01\/2400EJOMN00475-CAMEL-X_7805-3-USD.png",453,250,false],"woocommerce_gallery_thumbnail":["https:\/\/turkishtrade.co\/wp-content\/uploads\/2026\/01\/2400EJOMN00475-CAMEL-X_7805-3-USD-100x100.png",100,100,true]},"uagb_author_info":{"display_name":"yaser olabi","author_link":"https:\/\/turkishtrade.co\/es\/author\/"},"uagb_comment_info":0,"uagb_excerpt":"Premium calfskin suede upper for luxurious texture and durability. Soft and breathable goat leather lining for superior comfort. Lightweight and flexible EVA sole for all-day wear. Classic loafer-casual style with a comfortable 1-3cm heel. Available in a wide range of sizes: 39, 40, 41, 42, 43, 44, 45. Minimum order quantity: 8 pairs (ideal for&hellip;","_links":{"self":[{"href":"https:\/\/turkishtrade.co\/es\/wp-json\/wp\/v2\/product\/6129","targetHints":{"allow":["GET"]}}],"collection":[{"href":"https:\/\/turkishtrade.co\/es\/wp-json\/wp\/v2\/product"}],"about":[{"href":"https:\/\/turkishtrade.co\/es\/wp-json\/wp\/v2\/types\/product"}],"wp:featuredmedia":[{"embeddable":true,"href":"https:\/\/turkishtrade.co\/es\/wp-json\/wp\/v2\/media\/4015"}],"wp:attachment":[{"href":"https:\/\/turkishtrade.co\/es\/wp-json\/wp\/v2\/media?parent=6129"}],"wp:term":[{"taxonomy":"product_brand","embeddable":true,"href":"https:\/\/turkishtrade.co\/es\/wp-json\/wp\/v2\/product_brand?post=6129"},{"taxonomy":"product_cat","embeddable":true,"href":"https:\/\/turkishtrade.co\/es\/wp-json\/wp\/v2\/product_cat?post=6129"},{"taxonomy":"product_tag","embeddable":true,"href":"https:\/\/turkishtrade.co\/es\/wp-json\/wp\/v2\/product_tag?post=6129"}],"curies":[{"name":"wp","href":"https:\/\/api.w.org\/{rel}","templated":true}]}}