{"id":6125,"date":"2026-01-14T14:11:39","date_gmt":"2026-01-14T14:11:39","guid":{"rendered":"https:\/\/turkishtrade.co\/product\/mens-suede-casual-loafers-3\/"},"modified":"2026-04-09T19:12:21","modified_gmt":"2026-04-09T19:12:21","slug":"mens-suede-casual-loafers-3","status":"publish","type":"product","link":"https:\/\/turkishtrade.co\/es\/shop\/mens-suede-casual-loafers-3\/","title":{"rendered":"Mocasines casuales de ante de primera calidad para hombre con suela de EVA"},"content":{"rendered":"<p><strong>Mocasines casuales de ante para hombre<\/strong><\/p>\n<p>Disfrute de un estilo y una comodidad incomparables con nuestros productos de alta calidad. <b>Mocasines casuales de ante para hombre<\/b>. Meticulosamente elaborados para ofrecer sofisticaci\u00f3n y comodidad, estos mocasines excepcionales son un complemento esencial en el armario de cualquier caballero exigente. Perfectos para una amplia gama de ocasiones, desde fines de semana relajados hasta entornos de oficina informales y elegantes. <b>Mocasines casuales de ante para hombre<\/b> redefinen la elegancia cotidiana y el confort de lujo.<\/p>\n<p>La superficie exterior de estos exquisitos zapatos est\u00e1 hecha de aut\u00e9ntica piel de becerro de alta calidad, expertamente acabada en un suave y rico ante. Esta elecci\u00f3n de material no s\u00f3lo proporciona un aspecto y un tacto lujosos, sino que tambi\u00e9n garantiza la durabilidad y la transpirabilidad, permitiendo que sus pies se mantengan c\u00f3modos durante todo el d\u00eda. El elegante exterior se complementa con un interior igualmente impresionante, totalmente forrado en piel de cabra incre\u00edblemente suave.<\/p>\n<p>Este forro de primera calidad envuelve tus pies en suavidad, absorbe la humedad y evita la irritaci\u00f3n, haciendo que estos <b>Mocasines casuales de ante para hombre<\/b> un verdadero placer de llevar durante largos periodos.<\/p>\n<p><h3>Comodidad y artesan\u00eda inigualables<\/h3>\n<\/p>\n<p>Dise\u00f1ados para ofrecer la m\u00e1xima comodidad, estos mocasines cl\u00e1sicos incorporan una suela de EVA ligera y flexible. La suela de EVA ofrece una amortiguaci\u00f3n y absorci\u00f3n de impactos superiores, reduciendo significativamente la fatiga del pie. Tanto si te mueves por las calles de la ciudad como si pasas horas de pie, la tecnolog\u00eda de respuesta de la suela te proporcionar\u00e1 una mayor comodidad.<\/p>\n<p>El tac\u00f3n bajo del mocas\u00edn cl\u00e1sico, de aproximadamente 1-3 cm, a\u00f1ade una sutil elevaci\u00f3n sin comprometer la estabilidad, manteniendo el atractivo atemporal del zapato. Estos <b>Mocasines casuales de ante para hombre<\/b> est\u00e1n fabricados para durar y proporcionar un confort duradero, lo que los convierte en una sabia inversi\u00f3n para su colecci\u00f3n de calzado.<\/p>\n<p>Estos vers\u00e1tiles <b>Mocasines casuales de ante para hombre<\/b> est\u00e1n disponibles en una amplia gama de tallas, de la 39 a la 45, lo que garantiza un ajuste perfecto para muchos. Su c\u00f3modo dise\u00f1o slip-on los hace incre\u00edblemente pr\u00e1cticos para cambios r\u00e1pidos, mientras que su cuidada construcci\u00f3n garantiza un ajuste seguro y c\u00f3modo. Disfrute de la combinaci\u00f3n perfecta de artesan\u00eda tradicional y comodidad moderna con estos excepcionales zapatos de tac\u00f3n. <b>Mocasines casuales de ante para hombre<\/b>.<\/p>\n<p>Verdaderamente elevan cualquier conjunto, ofreciendo tanto estilo como practicidad para el hombre contempor\u00e1neo.<\/p>\n<p><h3>Pedidos al por mayor y entrega puntual<\/h3>\n<\/p>\n<p>Para las empresas que buscan un calzado de calidad superior, estas <b>Mocasines casuales de ante para hombre<\/b> est\u00e1n disponibles para la compra al por mayor con un pedido m\u00ednimo de 8 pares. Nos enorgullecemos de la puntualidad en la entrega, ya que los pedidos suelen enviarse en un plazo de 12 d\u00edas m\u00e1s el tiempo de tr\u00e1nsito est\u00e1ndar de la carga. Invierta en calidad, comodidad y un estilo duradero que sus clientes apreciar\u00e1n con nuestra colecci\u00f3n premium de <b>Mocasines casuales de ante para hombre<\/b>.<\/p>\n<p>Mejore su inventario con estos codiciados <b>Mocasines casuales de ante para hombre<\/b> hoy mismo y ofrezca a su clientela una experiencia de calzado sin igual.<\/p>","protected":false},"excerpt":{"rendered":"<ul>\n<li>Parte superior de ante de piel de ternero aut\u00e9ntica para un tacto lujoso<\/li>\n<li>El lujoso forro interior de piel de cabra garantiza un confort y una transpirabilidad excepcionales<\/li>\n<li>Suela de EVA ligera y flexible que proporciona una amortiguaci\u00f3n y una sujeci\u00f3n superiores<\/li>\n<li>Presenta un tac\u00f3n de mocas\u00edn bajo y cl\u00e1sico (aproximadamente 1-3 cm) para un estilo atemporal<\/li>\n<li>Disponible en una amplia gama de tallas: EU 39, 40, 41, 42, 43, 44, 45<\/li>\n<li>Cantidad m\u00ednima de pedido: 8 pares (disponible para la compra al por mayor)<\/li>\n<li>Plazo de entrega: 12 d\u00edas + gastos de env\u00edo para una tramitaci\u00f3n eficaz de los pedidos<\/li>\n<\/ul>","protected":false},"featured_media":4094,"template":"","meta":{"_acf_changed":false,"_uag_custom_page_level_css":"","site-sidebar-layout":"default","site-content-layout":"","ast-site-content-layout":"default","site-content-style":"default","site-sidebar-style":"default","ast-global-header-display":"","ast-banner-title-visibility":"","ast-main-header-display":"","ast-hfb-above-header-display":"","ast-hfb-below-header-display":"","ast-hfb-mobile-header-display":"","site-post-title":"","ast-breadcrumbs-content":"","ast-featured-img":"","footer-sml-layout":"","ast-disable-related-posts":"","theme-transparent-header-meta":"","adv-header-id-meta":"","stick-header-meta":"","header-above-stick-meta":"","header-main-stick-meta":"","header-below-stick-meta":"","astra-migrate-meta-layouts":"default","ast-page-background-enabled":"default","ast-page-background-meta":{"desktop":{"background-color":"var(--ast-global-color-4)","background-image":"","background-repeat":"repeat","background-position":"center center","background-size":"auto","background-attachment":"scroll","background-type":"","background-media":"","overlay-type":"","overlay-color":"","overlay-opacity":"","overlay-gradient":""},"tablet":{"background-color":"","background-image":"","background-repeat":"repeat","background-position":"center center","background-size":"auto","background-attachment":"scroll","background-type":"","background-media":"","overlay-type":"","overlay-color":"","overlay-opacity":"","overlay-gradient":""},"mobile":{"background-color":"","background-image":"","background-repeat":"repeat","background-position":"center center","background-size":"auto","background-attachment":"scroll","background-type":"","background-media":"","overlay-type":"","overlay-color":"","overlay-opacity":"","overlay-gradient":""}},"ast-content-background-meta":{"desktop":{"background-color":"var(--ast-global-color-5)","background-image":"","background-repeat":"repeat","background-position":"center center","background-size":"auto","background-attachment":"scroll","background-type":"","background-media":"","overlay-type":"","overlay-color":"","overlay-opacity":"","overlay-gradient":""},"tablet":{"background-color":"var(--ast-global-color-5)","background-image":"","background-repeat":"repeat","background-position":"center center","background-size":"auto","background-attachment":"scroll","background-type":"","background-media":"","overlay-type":"","overlay-color":"","overlay-opacity":"","overlay-gradient":""},"mobile":{"background-color":"var(--ast-global-color-5)","background-image":"","background-repeat":"repeat","background-position":"center center","background-size":"auto","background-attachment":"scroll","background-type":"","background-media":"","overlay-type":"","overlay-color":"","overlay-opacity":"","overlay-gradient":""}}},"product_brand":[],"product_cat":[48,49,430,40],"product_tag":[147,449,220,438,221,215,384,186,184,149],"class_list":{"0":"post-6125","1":"product","2":"type-product","3":"status-publish","4":"has-post-thumbnail","6":"product_cat-casual","7":"product_cat-loafer","8":"product_cat-men","9":"product_cat-mens-shoes","10":"product_tag-brown-loafers","11":"product_tag-casual-shoes","12":"product_tag-comfortable-loafers","13":"product_tag-eva-sole","14":"product_tag-genuine-leather","15":"product_tag-leather-loafers","16":"product_tag-luxury-loafers","17":"product_tag-mens-loafers","18":"product_tag-slip-on-shoes","19":"product_tag-suede-loafers","20":"desktop-align-center","21":"tablet-align-center","22":"mobile-align-center","24":"first","25":"instock","26":"shipping-taxable","27":"purchasable","28":"product-type-variable","29":"has-default-attributes"},"acf":[],"uagb_featured_image_src":{"full":["https:\/\/turkishtrade.co\/wp-content\/uploads\/2026\/01\/2400EJOMN00472-BROWN-X_7800-3-USD.png",453,250,false],"thumbnail":["https:\/\/turkishtrade.co\/wp-content\/uploads\/2026\/01\/2400EJOMN00472-BROWN-X_7800-3-USD-150x150.png",150,150,true],"medium":["https:\/\/turkishtrade.co\/wp-content\/uploads\/2026\/01\/2400EJOMN00472-BROWN-X_7800-3-USD-300x166.png",300,166,true],"medium_large":["https:\/\/turkishtrade.co\/wp-content\/uploads\/2026\/01\/2400EJOMN00472-BROWN-X_7800-3-USD.png",453,250,false],"large":["https:\/\/turkishtrade.co\/wp-content\/uploads\/2026\/01\/2400EJOMN00472-BROWN-X_7800-3-USD.png",453,250,false],"1536x1536":["https:\/\/turkishtrade.co\/wp-content\/uploads\/2026\/01\/2400EJOMN00472-BROWN-X_7800-3-USD.png",453,250,false],"2048x2048":["https:\/\/turkishtrade.co\/wp-content\/uploads\/2026\/01\/2400EJOMN00472-BROWN-X_7800-3-USD.png",453,250,false],"trp-custom-language-flag":["https:\/\/turkishtrade.co\/wp-content\/uploads\/2026\/01\/2400EJOMN00472-BROWN-X_7800-3-USD-18x10.png",18,10,true],"woocommerce_thumbnail":["https:\/\/turkishtrade.co\/wp-content\/uploads\/2026\/01\/2400EJOMN00472-BROWN-X_7800-3-USD-400x250.png",400,250,true],"woocommerce_single":["https:\/\/turkishtrade.co\/wp-content\/uploads\/2026\/01\/2400EJOMN00472-BROWN-X_7800-3-USD.png",453,250,false],"woocommerce_gallery_thumbnail":["https:\/\/turkishtrade.co\/wp-content\/uploads\/2026\/01\/2400EJOMN00472-BROWN-X_7800-3-USD-100x100.png",100,100,true]},"uagb_author_info":{"display_name":"yaser olabi","author_link":"https:\/\/turkishtrade.co\/es\/author\/"},"uagb_comment_info":0,"uagb_excerpt":"Crafted from genuine calf leather suede upper for a luxurious feel Luxurious goat leather inner lining ensures exceptional comfort and breathability Lightweight and flexible EVA sole provides superior cushioning and support Features a low, classic loafer heel (approximately 1-3 cm) for timeless style Available in a wide range of sizes: EU 39, 40, 41, 42,&hellip;","_links":{"self":[{"href":"https:\/\/turkishtrade.co\/es\/wp-json\/wp\/v2\/product\/6125","targetHints":{"allow":["GET"]}}],"collection":[{"href":"https:\/\/turkishtrade.co\/es\/wp-json\/wp\/v2\/product"}],"about":[{"href":"https:\/\/turkishtrade.co\/es\/wp-json\/wp\/v2\/types\/product"}],"wp:featuredmedia":[{"embeddable":true,"href":"https:\/\/turkishtrade.co\/es\/wp-json\/wp\/v2\/media\/4094"}],"wp:attachment":[{"href":"https:\/\/turkishtrade.co\/es\/wp-json\/wp\/v2\/media?parent=6125"}],"wp:term":[{"taxonomy":"product_brand","embeddable":true,"href":"https:\/\/turkishtrade.co\/es\/wp-json\/wp\/v2\/product_brand?post=6125"},{"taxonomy":"product_cat","embeddable":true,"href":"https:\/\/turkishtrade.co\/es\/wp-json\/wp\/v2\/product_cat?post=6125"},{"taxonomy":"product_tag","embeddable":true,"href":"https:\/\/turkishtrade.co\/es\/wp-json\/wp\/v2\/product_tag?post=6125"}],"curies":[{"name":"wp","href":"https:\/\/api.w.org\/{rel}","templated":true}]}}