{"id":6121,"date":"2026-01-14T14:11:02","date_gmt":"2026-01-14T14:11:02","guid":{"rendered":"https:\/\/turkishtrade.co\/product\/mens-leather-loafers-8\/"},"modified":"2026-04-09T19:12:27","modified_gmt":"2026-04-09T19:12:27","slug":"mens-leather-loafers-8","status":"publish","type":"product","link":"https:\/\/turkishtrade.co\/es\/shop\/mens-leather-loafers-8\/","title":{"rendered":"Mocasines de hombre de piel de becerro negra con suela de EVA"},"content":{"rendered":"<p><strong>Mocasines de piel para hombre<\/strong><\/p>\n<p>Ad\u00e9ntrese en la sofisticaci\u00f3n atemporal con nuestro exquisito <strong>Mocasines de hombre de piel de becerro negra<\/strong>. Dise\u00f1ados para el caballero moderno que valora tanto el estilo como la comodidad, estos zapatos slip-on de primera calidad son un testimonio de artesan\u00eda superior. Cada par combina elementos de dise\u00f1o cl\u00e1sico con caracter\u00edsticas de confort contempor\u00e1neo, por lo que una adici\u00f3n indispensable a cualquier guardarropa, perfecto tanto para entornos informales de negocios y desgaste diario refinado.<\/p>\n<p>Experimente la mezcla perfecta de tradici\u00f3n e innovaci\u00f3n con estos distinguidos mocasines de piel para hombre.<\/p>\n<p><h3>Artesan\u00eda exquisita y materiales de primera calidad<\/h3>\n<\/p>\n<p>Nuestra <strong>Mocasines de hombre de piel de becerro negra<\/strong> est\u00e1n fabricados meticulosamente con los mejores materiales. La superficie exterior es de aut\u00e9ntica piel de ternero, famosa por su textura flexible, durabilidad y elegante brillo. Este lujoso exterior garantiza un aspecto sofisticado que envejece maravillosamente con el paso del tiempo.<\/p>\n<p>En el interior, los pies est\u00e1n acunados por un suave forro de piel de cabra, que proporciona una transpirabilidad y un confort excepcionales desde el primer uso. La resistente pero ligera suela de EVA ofrece una excelente amortiguaci\u00f3n y sujeci\u00f3n, garantizando el confort durante largas jornadas. Con una sutil altura de tac\u00f3n de 1-3 cm, estos mocasines mantienen un perfil cl\u00e1sico a la vez que ofrecen una postura y un confort mejorados.<\/p>\n<p>No son s\u00f3lo zapatos; son una inversi\u00f3n en calidad y estilo, que encarnan realmente lo que deben ser los mocasines de piel de primera calidad.<\/p>\n<p>El dise\u00f1o presenta una silueta de mocas\u00edn cl\u00e1sico realzada por una elegante hebilla met\u00e1lica en forma de bocado de caballo en la pala, que a\u00f1ade un toque de distinguido encanto. Las costuras expertas y el acabado impecable reflejan un compromiso con la calidad que se hace evidente en cada detalle. Estos mocasines negros de piel de ternero realzar\u00e1n tu look sin esfuerzo, tanto si los combinas con un pantal\u00f3n de sastrer\u00eda para un conjunto informal elegante como si los llevas con unos pantalones chinos para una salida de fin de semana.<\/p>\n<p>Son vers\u00e1tiles, c\u00f3modos y desprenden un aire de lujo discreto, lo que los convierte en la elecci\u00f3n definitiva para los compradores exigentes que buscan mocasines de piel para hombre fiables y a la moda.<\/p>\n<p><h3>Comodidad inigualable para llevar todo el d\u00eda<\/h3>\n<\/p>\n<p>La comodidad es primordial en nuestro <strong>Mocasines de hombre de piel de becerro negra<\/strong>. El interior de suave piel de cabra se amolda al pie, proporcionando un ajuste personalizado y reduciendo la fricci\u00f3n. La innovadora suela de EVA absorbe el impacto, reduciendo la fatiga y permiti\u00e9ndote permanecer de pie m\u00e1s tiempo sin molestias.<\/p>\n<p>Disponibles en una amplia gama de tallas, de la 39 a la 45, garantizamos un ajuste perfecto para una gran variedad de clientes. Estos c\u00f3modos mocasines de piel est\u00e1n dise\u00f1ados para un uso prolongado, por lo que son adecuados para profesionales ocupados y para cualquiera que aprecie la comodidad duradera sin renunciar al estilo.<\/p>\n<p>Para nuestros clientes mayoristas y empresas, ofrecemos estas excepcionales <strong>Mocasines de piel para hombre<\/strong> con un pedido m\u00ednimo de 8 pares. Nos enorgullecemos de ofrecer un servicio eficaz, con un plazo de entrega t\u00edpico de 12 d\u00edas m\u00e1s gastos de env\u00edo, lo que garantiza que su inventario se reponga r\u00e1pidamente con calzado de alta calidad. Invierta en un producto que combina el atractivo cl\u00e1sico con la comodidad y durabilidad modernas, asegur\u00e1ndose una clientela fiel.<\/p>\n<p>Eleva tu colecci\u00f3n de calzado con estos mocasines de piel de primera calidad para hombre.<\/p>","protected":false},"excerpt":{"rendered":"<ul>\n<li>Superficie exterior de primera calidad fabricada en aut\u00e9ntica piel de becerro<\/li>\n<li>Lujoso forro interior confeccionado con suave piel de cabra para un m\u00e1ximo confort<\/li>\n<li>Suela de EVA ligera y duradera para llevarla todo el d\u00eda<\/li>\n<li>Mocas\u00edn de dise\u00f1o cl\u00e1sico con una caracter\u00edstica hebilla met\u00e1lica en forma de bocado de caballo.<\/li>\n<li>Sutil tac\u00f3n de 1-3 cm de altura para un perfil sofisticado<\/li>\n<li>Disponible en una amplia gama de tallas: 39, 40, 41, 42, 43, 44, 45<\/li>\n<li>Cantidad m\u00ednima de pedido: 8 pares (ideal para compras al por mayor y al por mayor)<\/li>\n<li>Plazo de entrega: 12 d\u00edas m\u00e1s gastos de env\u00edo<\/li>\n<\/ul>","protected":false},"featured_media":4092,"template":"","meta":{"_acf_changed":false,"_uag_custom_page_level_css":"","site-sidebar-layout":"default","site-content-layout":"","ast-site-content-layout":"default","site-content-style":"default","site-sidebar-style":"default","ast-global-header-display":"","ast-banner-title-visibility":"","ast-main-header-display":"","ast-hfb-above-header-display":"","ast-hfb-below-header-display":"","ast-hfb-mobile-header-display":"","site-post-title":"","ast-breadcrumbs-content":"","ast-featured-img":"","footer-sml-layout":"","ast-disable-related-posts":"","theme-transparent-header-meta":"","adv-header-id-meta":"","stick-header-meta":"","header-above-stick-meta":"","header-main-stick-meta":"","header-below-stick-meta":"","astra-migrate-meta-layouts":"default","ast-page-background-enabled":"default","ast-page-background-meta":{"desktop":{"background-color":"var(--ast-global-color-4)","background-image":"","background-repeat":"repeat","background-position":"center center","background-size":"auto","background-attachment":"scroll","background-type":"","background-media":"","overlay-type":"","overlay-color":"","overlay-opacity":"","overlay-gradient":""},"tablet":{"background-color":"","background-image":"","background-repeat":"repeat","background-position":"center center","background-size":"auto","background-attachment":"scroll","background-type":"","background-media":"","overlay-type":"","overlay-color":"","overlay-opacity":"","overlay-gradient":""},"mobile":{"background-color":"","background-image":"","background-repeat":"repeat","background-position":"center center","background-size":"auto","background-attachment":"scroll","background-type":"","background-media":"","overlay-type":"","overlay-color":"","overlay-opacity":"","overlay-gradient":""}},"ast-content-background-meta":{"desktop":{"background-color":"var(--ast-global-color-5)","background-image":"","background-repeat":"repeat","background-position":"center center","background-size":"auto","background-attachment":"scroll","background-type":"","background-media":"","overlay-type":"","overlay-color":"","overlay-opacity":"","overlay-gradient":""},"tablet":{"background-color":"var(--ast-global-color-5)","background-image":"","background-repeat":"repeat","background-position":"center center","background-size":"auto","background-attachment":"scroll","background-type":"","background-media":"","overlay-type":"","overlay-color":"","overlay-opacity":"","overlay-gradient":""},"mobile":{"background-color":"var(--ast-global-color-5)","background-image":"","background-repeat":"repeat","background-position":"center center","background-size":"auto","background-attachment":"scroll","background-type":"","background-media":"","overlay-type":"","overlay-color":"","overlay-opacity":"","overlay-gradient":""}}},"product_brand":[],"product_cat":[48,49,430,40],"product_tag":[370,185,512,457,287,189,215,198,186,184,280,456],"class_list":{"0":"post-6121","1":"product","2":"type-product","3":"status-publish","4":"has-post-thumbnail","6":"product_cat-casual","7":"product_cat-loafer","8":"product_cat-men","9":"product_cat-mens-shoes","10":"product_tag-black-loafers","11":"product_tag-calf-leather-shoes","12":"product_tag-casual-loafers","13":"product_tag-classic-loafers","14":"product_tag-eva-sole-shoes","15":"product_tag-goat-leather-lining","16":"product_tag-leather-loafers","17":"product_tag-mens-fashion","18":"product_tag-mens-loafers","19":"product_tag-slip-on-shoes","20":"product_tag-smart-casual-shoes","21":"product_tag-wholesale-loafers","22":"desktop-align-center","23":"tablet-align-center","24":"mobile-align-center","26":"first","27":"instock","28":"shipping-taxable","29":"purchasable","30":"product-type-variable","31":"has-default-attributes"},"acf":[],"uagb_featured_image_src":{"full":["https:\/\/turkishtrade.co\/wp-content\/uploads\/2026\/01\/2400EJOMN00459-BLACK-ZL_300-5-USD.png",453,250,false],"thumbnail":["https:\/\/turkishtrade.co\/wp-content\/uploads\/2026\/01\/2400EJOMN00459-BLACK-ZL_300-5-USD-150x150.png",150,150,true],"medium":["https:\/\/turkishtrade.co\/wp-content\/uploads\/2026\/01\/2400EJOMN00459-BLACK-ZL_300-5-USD-300x166.png",300,166,true],"medium_large":["https:\/\/turkishtrade.co\/wp-content\/uploads\/2026\/01\/2400EJOMN00459-BLACK-ZL_300-5-USD.png",453,250,false],"large":["https:\/\/turkishtrade.co\/wp-content\/uploads\/2026\/01\/2400EJOMN00459-BLACK-ZL_300-5-USD.png",453,250,false],"1536x1536":["https:\/\/turkishtrade.co\/wp-content\/uploads\/2026\/01\/2400EJOMN00459-BLACK-ZL_300-5-USD.png",453,250,false],"2048x2048":["https:\/\/turkishtrade.co\/wp-content\/uploads\/2026\/01\/2400EJOMN00459-BLACK-ZL_300-5-USD.png",453,250,false],"trp-custom-language-flag":["https:\/\/turkishtrade.co\/wp-content\/uploads\/2026\/01\/2400EJOMN00459-BLACK-ZL_300-5-USD-18x10.png",18,10,true],"woocommerce_thumbnail":["https:\/\/turkishtrade.co\/wp-content\/uploads\/2026\/01\/2400EJOMN00459-BLACK-ZL_300-5-USD-400x250.png",400,250,true],"woocommerce_single":["https:\/\/turkishtrade.co\/wp-content\/uploads\/2026\/01\/2400EJOMN00459-BLACK-ZL_300-5-USD.png",453,250,false],"woocommerce_gallery_thumbnail":["https:\/\/turkishtrade.co\/wp-content\/uploads\/2026\/01\/2400EJOMN00459-BLACK-ZL_300-5-USD-100x100.png",100,100,true]},"uagb_author_info":{"display_name":"yaser olabi","author_link":"https:\/\/turkishtrade.co\/es\/author\/"},"uagb_comment_info":0,"uagb_excerpt":"Premium outer surface crafted from genuine Calf Leather Luxurious inner lining made with soft Goat Leather for ultimate comfort Lightweight and durable EVA Sole for all-day wear Classic loafer design featuring a distinctive metal horse-bit buckle Subtle 1-3 cm heel height for a sophisticated profile Available in a comprehensive size range: 39, 40, 41, 42,&hellip;","_links":{"self":[{"href":"https:\/\/turkishtrade.co\/es\/wp-json\/wp\/v2\/product\/6121","targetHints":{"allow":["GET"]}}],"collection":[{"href":"https:\/\/turkishtrade.co\/es\/wp-json\/wp\/v2\/product"}],"about":[{"href":"https:\/\/turkishtrade.co\/es\/wp-json\/wp\/v2\/types\/product"}],"wp:featuredmedia":[{"embeddable":true,"href":"https:\/\/turkishtrade.co\/es\/wp-json\/wp\/v2\/media\/4092"}],"wp:attachment":[{"href":"https:\/\/turkishtrade.co\/es\/wp-json\/wp\/v2\/media?parent=6121"}],"wp:term":[{"taxonomy":"product_brand","embeddable":true,"href":"https:\/\/turkishtrade.co\/es\/wp-json\/wp\/v2\/product_brand?post=6121"},{"taxonomy":"product_cat","embeddable":true,"href":"https:\/\/turkishtrade.co\/es\/wp-json\/wp\/v2\/product_cat?post=6121"},{"taxonomy":"product_tag","embeddable":true,"href":"https:\/\/turkishtrade.co\/es\/wp-json\/wp\/v2\/product_tag?post=6121"}],"curies":[{"name":"wp","href":"https:\/\/api.w.org\/{rel}","templated":true}]}}