{"id":6115,"date":"2026-01-14T14:10:08","date_gmt":"2026-01-14T14:10:08","guid":{"rendered":"https:\/\/turkishtrade.co\/product\/men-s-brown-suede-loafers\/"},"modified":"2026-04-09T19:12:37","modified_gmt":"2026-04-09T19:12:37","slug":"mens-brown-suede-loafers-2","status":"publish","type":"product","link":"https:\/\/turkishtrade.co\/es\/shop\/mens-brown-suede-loafers-2\/","title":{"rendered":"Mocasines cl\u00e1sicos de hombre de ante marr\u00f3n con suela de EVA"},"content":{"rendered":"<p><strong>Mocasines de hombre de ante marr\u00f3n<\/strong><\/p>\n<p>Descubra la combinaci\u00f3n definitiva de estilo y comodidad con nuestros <b>Mocasines de hombre de ante marr\u00f3n<\/b>. Dise\u00f1ados para el caballero exigente, estos mocasines ofrecen un look sofisticado y relajado a la vez, perfecto para una variedad de ambientes informales y semiformales. Cada par refleja la artesan\u00eda superior y un compromiso inquebrantable con la calidad, lo que garantiza su paso hacia fuera en la confianza y la comodidad.<\/p>\n<p><h3>Confort sin igual y materiales de lujo<\/h3>\n<\/p>\n<p>Cada par de estos exquisitos <b>mocasines de ante<\/b> est\u00e1 meticulosamente elaborado para ofrecer una experiencia de uso excepcional. El exterior presenta un ante de piel de ternero rico y flexible, famoso por su tacto suave y su aspecto elegante. Este material de primera calidad no solo tiene un aspecto fant\u00e1stico, sino que se amolda al pie con el paso del tiempo, ofreciendo un ajuste personalizado.<\/p>\n<p>En el interior, tus pies estar\u00e1n acunados por un forro de piel de cabra suave y transpirable, que garantiza el m\u00e1ximo confort y ayuda a regular la temperatura a lo largo del d\u00eda.<\/p>\n<p>La base de estos notables <b>mocasines marrones<\/b> es su avanzada suela de EVA. Ligera, flexible y con gran capacidad de absorci\u00f3n de impactos, la suela de EVA proporciona una amortiguaci\u00f3n inigualable, lo que hace que estos zapatos sean ideales para un uso prolongado. Tanto si te mueves por las calles de la ciudad como si disfrutas de un fin de semana relajado, la suela de apoyo combinada con una altura de tac\u00f3n cl\u00e1sica de 1-3 cm garantiza la comodidad sin comprometer el estilo. Estas <b>mocasines cl\u00e1sicos<\/b> son un verdadero testimonio de dise\u00f1o y selecci\u00f3n de materiales.<\/p>\n<p><h3>Estilo vers\u00e1til para cualquier ocasi\u00f3n<\/h3>\n<\/p>\n<p>Nuestra <b>mocasines de hombre de ante marr\u00f3n<\/b> son un complemento vers\u00e1til para cualquier armario. Su dise\u00f1o atemporal los hace adecuados para una amplia gama de conjuntos, desde chinos y vaqueros hasta pantalones de sastrer\u00eda y blazers. El intenso color marr\u00f3n ofrece una refinada alternativa al negro tradicional, a\u00f1adiendo calidez y car\u00e1cter a su conjunto.<\/p>\n<p>Experimenta una comodidad inigualable a cada paso con estos <b>mocasines de ante para hombre<\/b>, perfecto para un d\u00eda de trabajo informal o una salida nocturna sofisticada.<\/p>\n<p><h3>Oportunidad para los mayoristas de calzado de calidad<\/h3>\n<\/p>\n<p>Para los minoristas que buscan ofrecer a sus clientes un calzado de alta calidad, c\u00f3modo y con estilo, estas <b>mocasines de ante marr\u00f3n<\/b> son una excelente elecci\u00f3n. Ofrecemos estos excepcionales zapatos al por mayor con una cantidad m\u00ednima de pedido de tan solo 8 pares, por lo que es f\u00e1cil abastecerse de una gama de tallas de la UE 39 a la 45.<\/p>\n<p>Nuestro plazo de producci\u00f3n es de 12 d\u00edas, seguido de un env\u00edo eficaz, lo que garantiza que reciba su pedido con prontitud. Eleve su inventario con nuestros excepcionales <b>Mocasines de hombre de ante marr\u00f3n<\/b> hoy mismo y proporcione a su clientela el lujo que se merece.<\/p>","protected":false},"excerpt":{"rendered":"<ul>\n<li><b>Materiales de primera calidad:<\/b> Lujoso empeine de ante de piel de ternero y suave forro de piel de cabra.<\/li>\n<li><b>M\u00e1xima comodidad:<\/b> Suela de EVA ligera y flexible para llevarlas todo el d\u00eda.<\/li>\n<li><b>Dise\u00f1o cl\u00e1sico:<\/b> Estilo mocas\u00edn atemporal en un intenso tono marr\u00f3n, adecuado para diversas ocasiones.<\/li>\n<li><b>Altura del tac\u00f3n:<\/b> C\u00f3modo tac\u00f3n de mocas\u00edn cl\u00e1sico de 1-3 cm.<\/li>\n<li><b>Tallas disponibles:<\/b> EU 39, 40, 41, 42, 43, 44, 45.<\/li>\n<li><b>Disponibilidad al por mayor:<\/b> Pedido m\u00ednimo de 8 pares.<\/li>\n<li><b>Producci\u00f3n y entrega:<\/b> Plazo de entrega de 12 d\u00edas m\u00e1s gastos de env\u00edo.<\/li>\n<\/ul>","protected":false},"featured_media":4089,"template":"","meta":{"_acf_changed":false,"_uag_custom_page_level_css":"","site-sidebar-layout":"default","site-content-layout":"","ast-site-content-layout":"default","site-content-style":"default","site-sidebar-style":"default","ast-global-header-display":"","ast-banner-title-visibility":"","ast-main-header-display":"","ast-hfb-above-header-display":"","ast-hfb-below-header-display":"","ast-hfb-mobile-header-display":"","site-post-title":"","ast-breadcrumbs-content":"","ast-featured-img":"","footer-sml-layout":"","ast-disable-related-posts":"","theme-transparent-header-meta":"","adv-header-id-meta":"","stick-header-meta":"","header-above-stick-meta":"","header-main-stick-meta":"","header-below-stick-meta":"","astra-migrate-meta-layouts":"default","ast-page-background-enabled":"default","ast-page-background-meta":{"desktop":{"background-color":"var(--ast-global-color-4)","background-image":"","background-repeat":"repeat","background-position":"center center","background-size":"auto","background-attachment":"scroll","background-type":"","background-media":"","overlay-type":"","overlay-color":"","overlay-opacity":"","overlay-gradient":""},"tablet":{"background-color":"","background-image":"","background-repeat":"repeat","background-position":"center center","background-size":"auto","background-attachment":"scroll","background-type":"","background-media":"","overlay-type":"","overlay-color":"","overlay-opacity":"","overlay-gradient":""},"mobile":{"background-color":"","background-image":"","background-repeat":"repeat","background-position":"center center","background-size":"auto","background-attachment":"scroll","background-type":"","background-media":"","overlay-type":"","overlay-color":"","overlay-opacity":"","overlay-gradient":""}},"ast-content-background-meta":{"desktop":{"background-color":"var(--ast-global-color-5)","background-image":"","background-repeat":"repeat","background-position":"center center","background-size":"auto","background-attachment":"scroll","background-type":"","background-media":"","overlay-type":"","overlay-color":"","overlay-opacity":"","overlay-gradient":""},"tablet":{"background-color":"var(--ast-global-color-5)","background-image":"","background-repeat":"repeat","background-position":"center center","background-size":"auto","background-attachment":"scroll","background-type":"","background-media":"","overlay-type":"","overlay-color":"","overlay-opacity":"","overlay-gradient":""},"mobile":{"background-color":"var(--ast-global-color-5)","background-image":"","background-repeat":"repeat","background-position":"center center","background-size":"auto","background-attachment":"scroll","background-type":"","background-media":"","overlay-type":"","overlay-color":"","overlay-opacity":"","overlay-gradient":""}}},"product_brand":[],"product_cat":[48,49,430,40],"product_tag":[147,202,449,457,220,438,189,186,184,283,456],"class_list":{"0":"post-6115","1":"product","2":"type-product","3":"status-publish","4":"has-post-thumbnail","6":"product_cat-casual","7":"product_cat-loafer","8":"product_cat-men","9":"product_cat-mens-shoes","10":"product_tag-brown-loafers","11":"product_tag-calf-leather","12":"product_tag-casual-shoes","13":"product_tag-classic-loafers","14":"product_tag-comfortable-loafers","15":"product_tag-eva-sole","16":"product_tag-goat-leather-lining","17":"product_tag-mens-loafers","18":"product_tag-slip-on-shoes","19":"product_tag-suede-shoes","20":"product_tag-wholesale-loafers","21":"desktop-align-center","22":"tablet-align-center","23":"mobile-align-center","25":"first","26":"instock","27":"shipping-taxable","28":"purchasable","29":"product-type-variable","30":"has-default-attributes"},"acf":[],"uagb_featured_image_src":{"full":["https:\/\/turkishtrade.co\/wp-content\/uploads\/2026\/01\/2400EJOMN00431-BROWN-X_7800-7-USD.png",453,250,false],"thumbnail":["https:\/\/turkishtrade.co\/wp-content\/uploads\/2026\/01\/2400EJOMN00431-BROWN-X_7800-7-USD.png",150,83,false],"medium":["https:\/\/turkishtrade.co\/wp-content\/uploads\/2026\/01\/2400EJOMN00431-BROWN-X_7800-7-USD.png",300,166,false],"medium_large":["https:\/\/turkishtrade.co\/wp-content\/uploads\/2026\/01\/2400EJOMN00431-BROWN-X_7800-7-USD.png",453,250,false],"large":["https:\/\/turkishtrade.co\/wp-content\/uploads\/2026\/01\/2400EJOMN00431-BROWN-X_7800-7-USD.png",453,250,false],"1536x1536":["https:\/\/turkishtrade.co\/wp-content\/uploads\/2026\/01\/2400EJOMN00431-BROWN-X_7800-7-USD.png",453,250,false],"2048x2048":["https:\/\/turkishtrade.co\/wp-content\/uploads\/2026\/01\/2400EJOMN00431-BROWN-X_7800-7-USD.png",453,250,false],"trp-custom-language-flag":["https:\/\/turkishtrade.co\/wp-content\/uploads\/2026\/01\/2400EJOMN00431-BROWN-X_7800-7-USD.png",18,10,false],"woocommerce_thumbnail":["https:\/\/turkishtrade.co\/wp-content\/uploads\/2026\/01\/2400EJOMN00431-BROWN-X_7800-7-USD-400x250.png",400,250,true],"woocommerce_single":["https:\/\/turkishtrade.co\/wp-content\/uploads\/2026\/01\/2400EJOMN00431-BROWN-X_7800-7-USD.png",453,250,false],"woocommerce_gallery_thumbnail":["https:\/\/turkishtrade.co\/wp-content\/uploads\/2026\/01\/2400EJOMN00431-BROWN-X_7800-7-USD-100x100.png",100,100,true]},"uagb_author_info":{"display_name":"yaser olabi","author_link":"https:\/\/turkishtrade.co\/es\/author\/"},"uagb_comment_info":0,"uagb_excerpt":"Premium Materials: Luxurious calf leather suede upper and soft goat leather lining. Ultimate Comfort: Lightweight and flexible EVA sole for all-day wear. Classic Design: Timeless loafer style in a rich brown hue, suitable for various occasions. Heel Height: Comfortable 1-3 cm classic loafer heel. Available Sizes: EU 39, 40, 41, 42, 43, 44, 45. Wholesale&hellip;","_links":{"self":[{"href":"https:\/\/turkishtrade.co\/es\/wp-json\/wp\/v2\/product\/6115","targetHints":{"allow":["GET"]}}],"collection":[{"href":"https:\/\/turkishtrade.co\/es\/wp-json\/wp\/v2\/product"}],"about":[{"href":"https:\/\/turkishtrade.co\/es\/wp-json\/wp\/v2\/types\/product"}],"wp:featuredmedia":[{"embeddable":true,"href":"https:\/\/turkishtrade.co\/es\/wp-json\/wp\/v2\/media\/4089"}],"wp:attachment":[{"href":"https:\/\/turkishtrade.co\/es\/wp-json\/wp\/v2\/media?parent=6115"}],"wp:term":[{"taxonomy":"product_brand","embeddable":true,"href":"https:\/\/turkishtrade.co\/es\/wp-json\/wp\/v2\/product_brand?post=6115"},{"taxonomy":"product_cat","embeddable":true,"href":"https:\/\/turkishtrade.co\/es\/wp-json\/wp\/v2\/product_cat?post=6115"},{"taxonomy":"product_tag","embeddable":true,"href":"https:\/\/turkishtrade.co\/es\/wp-json\/wp\/v2\/product_tag?post=6115"}],"curies":[{"name":"wp","href":"https:\/\/api.w.org\/{rel}","templated":true}]}}