{"id":6112,"date":"2026-01-14T14:09:47","date_gmt":"2026-01-14T14:09:47","guid":{"rendered":"https:\/\/turkishtrade.co\/product\/men-leather-chunky-loafers\/"},"modified":"2026-04-09T19:12:45","modified_gmt":"2026-04-09T19:12:45","slug":"mens-leather-chunky-loafers-2","status":"publish","type":"product","link":"https:\/\/turkishtrade.co\/es\/shop\/mens-leather-chunky-loafers-2\/","title":{"rendered":"Mocasines de hombre con suela gruesa de cuero de primera calidad"},"content":{"rendered":"<p><strong>Mocasines gruesos de piel para hombre<\/strong><\/p>\n<p>Sum\u00e9rjase en un estilo y un confort incomparables con nuestra exclusiva colecci\u00f3n de <strong>Mocasines de hombre con suela gruesa de cuero de primera calidad<\/strong>. Dise\u00f1ados para el caballero exigente que valora tanto la moda como la funcionalidad, estos mocasines son un testimonio de artesan\u00eda superior y atractivo atemporal. Cada par de nuestros <strong>Mocasines gruesos de piel para hombre<\/strong> combina a la perfecci\u00f3n la est\u00e9tica tradicional de los mocasines con una suela gruesa contempor\u00e1nea, ofreciendo una visi\u00f3n fresca de una silueta cl\u00e1sica.<\/p>\n<p>Fabricado con los mejores materiales, el exterior de estos impresionantes <strong>Mocasines gruesos de piel para hombre<\/strong> est\u00e1 fabricado con piel de becerro de alta calidad. Esta piel de primera calidad no s\u00f3lo proporciona un aspecto sofisticado, sino que tambi\u00e9n garantiza una durabilidad excepcional y una hermosa p\u00e1tina que se desarrolla con el tiempo, haciendo que cada par sea \u00fanicamente suyo. La rica textura y el tacto flexible de la piel de becerro contribuyen a una experiencia de lujo global.<\/p>\n<p>En el interior, sus pies se acunar\u00e1n en el forro de piel de cabra m\u00e1s suave, famoso por su transpirabilidad y tacto delicado, que garantiza la m\u00e1xima comodidad incluso durante un uso prolongado. No son solo unos zapatos; son una inversi\u00f3n en comodidad y estilo duraderos.<\/p>\n<p><h3>Confort inigualable y dise\u00f1o robusto<\/h3>\n<\/p>\n<p>La caracter\u00edstica m\u00e1s destacada de estos <strong>Mocasines gruesos de piel para hombre<\/strong> es su robusta suela de EVA. Dise\u00f1ada para ofrecer una comodidad ligera y una amortiguaci\u00f3n superior, la suela de EVA proporciona una tracci\u00f3n y una sujeci\u00f3n excelentes, lo que las hace ideales para el d\u00eda a d\u00eda. Tanto si te mueves por las calles de la ciudad como si disfrutas de un fin de semana relajado, la suela gruesa a\u00f1ade un toque distintivo a tu atuendo al tiempo que garantiza estabilidad y facilidad de movimiento.<\/p>\n<p>La altura del tac\u00f3n, t\u00edpica de un mocas\u00edn cl\u00e1sico (1-3 cm), ofrece una sutil elevaci\u00f3n sin comprometer la comodidad.<\/p>\n<p><h3>Versatilidad para todas las ocasiones<\/h3>\n<\/p>\n<p>Nuestra <strong>Mocasines gruesos de piel para hombre<\/strong> son incre\u00edblemente vers\u00e1tiles, ya que permiten pasar sin esfuerzo de un entorno de oficina elegante e informal a una relajada salida de fin de semana. Comb\u00ednalas con pantalones de sastrer\u00eda para un look elegante, o con chinos o vaqueros para un conjunto informal. Disponibles en una amplia gama de tallas, de la 39 a la 45, es f\u00e1cil encontrar el ajuste perfecto.<\/p>\n<p>Para las empresas que desean almacenar calzado de alta calidad, ofrecemos estos excepcionales productos <strong>Mocasines gruesos de piel para hombre<\/strong> con un pedido m\u00ednimo de 8 pares, entregados en 12 d\u00edas m\u00e1s gastos de env\u00edo. Eleve su inventario y ofrezca a sus clientes lo mejor en calzado premium para hombre.<\/p>","protected":false},"excerpt":{"rendered":"<ul>\n<li>Elaborado por expertos con un exterior de piel de becerro de primera calidad.<\/li>\n<li>Lujosamente forrado con suave piel de cabra para el m\u00e1ximo confort.<\/li>\n<li>Incorpora una suela de EVA duradera, ligera y amortiguadora.<\/li>\n<li>Dise\u00f1o cl\u00e1sico de mocas\u00edn con una moderna suela gruesa, perfecto para una elegancia informal.<\/li>\n<li>Disponible en una amplia gama de tallas, de la 39 a la 45.<\/li>\n<li>Cantidad m\u00ednima de pedido: 8 pares.<\/li>\n<li>Plazo de entrega estimado: 12 d\u00edas + gastos de env\u00edo.<\/li>\n<\/ul>","protected":false},"featured_media":4088,"template":"","meta":{"_acf_changed":false,"_uag_custom_page_level_css":"","site-sidebar-layout":"default","site-content-layout":"","ast-site-content-layout":"default","site-content-style":"default","site-sidebar-style":"default","ast-global-header-display":"","ast-banner-title-visibility":"","ast-main-header-display":"","ast-hfb-above-header-display":"","ast-hfb-below-header-display":"","ast-hfb-mobile-header-display":"","site-post-title":"","ast-breadcrumbs-content":"","ast-featured-img":"","footer-sml-layout":"","ast-disable-related-posts":"","theme-transparent-header-meta":"","adv-header-id-meta":"","stick-header-meta":"","header-above-stick-meta":"","header-main-stick-meta":"","header-below-stick-meta":"","astra-migrate-meta-layouts":"default","ast-page-background-enabled":"default","ast-page-background-meta":{"desktop":{"background-color":"var(--ast-global-color-4)","background-image":"","background-repeat":"repeat","background-position":"center center","background-size":"auto","background-attachment":"scroll","background-type":"","background-media":"","overlay-type":"","overlay-color":"","overlay-opacity":"","overlay-gradient":""},"tablet":{"background-color":"","background-image":"","background-repeat":"repeat","background-position":"center center","background-size":"auto","background-attachment":"scroll","background-type":"","background-media":"","overlay-type":"","overlay-color":"","overlay-opacity":"","overlay-gradient":""},"mobile":{"background-color":"","background-image":"","background-repeat":"repeat","background-position":"center center","background-size":"auto","background-attachment":"scroll","background-type":"","background-media":"","overlay-type":"","overlay-color":"","overlay-opacity":"","overlay-gradient":""}},"ast-content-background-meta":{"desktop":{"background-color":"var(--ast-global-color-5)","background-image":"","background-repeat":"repeat","background-position":"center center","background-size":"auto","background-attachment":"scroll","background-type":"","background-media":"","overlay-type":"","overlay-color":"","overlay-opacity":"","overlay-gradient":""},"tablet":{"background-color":"var(--ast-global-color-5)","background-image":"","background-repeat":"repeat","background-position":"center center","background-size":"auto","background-attachment":"scroll","background-type":"","background-media":"","overlay-type":"","overlay-color":"","overlay-opacity":"","overlay-gradient":""},"mobile":{"background-color":"var(--ast-global-color-5)","background-image":"","background-repeat":"repeat","background-position":"center center","background-size":"auto","background-attachment":"scroll","background-type":"","background-media":"","overlay-type":"","overlay-color":"","overlay-opacity":"","overlay-gradient":""}}},"product_brand":[],"product_cat":[48,49,430,40],"product_tag":[555,512,331,220,438,908,215,198,186,374,280,670,456],"class_list":{"0":"post-6112","1":"product","2":"type-product","3":"status-publish","4":"has-post-thumbnail","6":"product_cat-casual","7":"product_cat-loafer","8":"product_cat-men","9":"product_cat-mens-shoes","10":"product_tag-calfskin-loafers","11":"product_tag-casual-loafers","12":"product_tag-chunky-sole-shoes","13":"product_tag-comfortable-loafers","14":"product_tag-eva-sole","15":"product_tag-goat-leather-shoes","16":"product_tag-leather-loafers","17":"product_tag-mens-fashion","18":"product_tag-mens-loafers","19":"product_tag-premium-loafers","20":"product_tag-smart-casual-shoes","21":"product_tag-stylish-loafers","22":"product_tag-wholesale-loafers","23":"desktop-align-center","24":"tablet-align-center","25":"mobile-align-center","27":"first","28":"instock","29":"shipping-taxable","30":"purchasable","31":"product-type-variable","32":"has-default-attributes"},"acf":[],"uagb_featured_image_src":{"full":["https:\/\/turkishtrade.co\/wp-content\/uploads\/2026\/01\/2400EJOMN00363-BLACK-Y_429-5-USD.png",453,250,false],"thumbnail":["https:\/\/turkishtrade.co\/wp-content\/uploads\/2026\/01\/2400EJOMN00363-BLACK-Y_429-5-USD-150x150.png",150,150,true],"medium":["https:\/\/turkishtrade.co\/wp-content\/uploads\/2026\/01\/2400EJOMN00363-BLACK-Y_429-5-USD-300x166.png",300,166,true],"medium_large":["https:\/\/turkishtrade.co\/wp-content\/uploads\/2026\/01\/2400EJOMN00363-BLACK-Y_429-5-USD.png",453,250,false],"large":["https:\/\/turkishtrade.co\/wp-content\/uploads\/2026\/01\/2400EJOMN00363-BLACK-Y_429-5-USD.png",453,250,false],"1536x1536":["https:\/\/turkishtrade.co\/wp-content\/uploads\/2026\/01\/2400EJOMN00363-BLACK-Y_429-5-USD.png",453,250,false],"2048x2048":["https:\/\/turkishtrade.co\/wp-content\/uploads\/2026\/01\/2400EJOMN00363-BLACK-Y_429-5-USD.png",453,250,false],"trp-custom-language-flag":["https:\/\/turkishtrade.co\/wp-content\/uploads\/2026\/01\/2400EJOMN00363-BLACK-Y_429-5-USD-18x10.png",18,10,true],"woocommerce_thumbnail":["https:\/\/turkishtrade.co\/wp-content\/uploads\/2026\/01\/2400EJOMN00363-BLACK-Y_429-5-USD-400x250.png",400,250,true],"woocommerce_single":["https:\/\/turkishtrade.co\/wp-content\/uploads\/2026\/01\/2400EJOMN00363-BLACK-Y_429-5-USD.png",453,250,false],"woocommerce_gallery_thumbnail":["https:\/\/turkishtrade.co\/wp-content\/uploads\/2026\/01\/2400EJOMN00363-BLACK-Y_429-5-USD-100x100.png",100,100,true]},"uagb_author_info":{"display_name":"yaser olabi","author_link":"https:\/\/turkishtrade.co\/es\/author\/"},"uagb_comment_info":0,"uagb_excerpt":"Expertly crafted with a premium calfskin leather exterior. Luxuriously lined with soft goat leather for ultimate comfort. Features a durable, lightweight, and shock-absorbent EVA sole. Classic loafer design with a modern chunky sole, perfect for casual elegance. Available in a comprehensive range of sizes from 39 to 45. Minimum order quantity: 8 pairs. Estimated delivery&hellip;","_links":{"self":[{"href":"https:\/\/turkishtrade.co\/es\/wp-json\/wp\/v2\/product\/6112","targetHints":{"allow":["GET"]}}],"collection":[{"href":"https:\/\/turkishtrade.co\/es\/wp-json\/wp\/v2\/product"}],"about":[{"href":"https:\/\/turkishtrade.co\/es\/wp-json\/wp\/v2\/types\/product"}],"wp:featuredmedia":[{"embeddable":true,"href":"https:\/\/turkishtrade.co\/es\/wp-json\/wp\/v2\/media\/4088"}],"wp:attachment":[{"href":"https:\/\/turkishtrade.co\/es\/wp-json\/wp\/v2\/media?parent=6112"}],"wp:term":[{"taxonomy":"product_brand","embeddable":true,"href":"https:\/\/turkishtrade.co\/es\/wp-json\/wp\/v2\/product_brand?post=6112"},{"taxonomy":"product_cat","embeddable":true,"href":"https:\/\/turkishtrade.co\/es\/wp-json\/wp\/v2\/product_cat?post=6112"},{"taxonomy":"product_tag","embeddable":true,"href":"https:\/\/turkishtrade.co\/es\/wp-json\/wp\/v2\/product_tag?post=6112"}],"curies":[{"name":"wp","href":"https:\/\/api.w.org\/{rel}","templated":true}]}}