{"id":6109,"date":"2026-01-14T14:09:28","date_gmt":"2026-01-14T14:09:28","guid":{"rendered":"https:\/\/turkishtrade.co\/product\/men-calf-leather-loafers\/"},"modified":"2026-04-09T19:12:52","modified_gmt":"2026-04-09T19:12:52","slug":"mens-calf-leather-loafers-8","status":"publish","type":"product","link":"https:\/\/turkishtrade.co\/es\/shop\/mens-calf-leather-loafers-8\/","title":{"rendered":"Mocasines de lujo para hombre en piel de becerro con suela de EVA"},"content":{"rendered":"<p><strong>Mocasines de hombre de piel de becerro<\/strong><\/p>\n<p>Eleve su colecci\u00f3n de calzado con nuestros exquisitos <b>Mocasines de hombre de piel de becerro<\/b>, dise\u00f1ados para el hombre moderno que valora tanto el estilo sofisticado como la comodidad sin igual. Estos mocasines son un testimonio de artesan\u00eda superior, que combina el arte tradicional con materiales contempor\u00e1neos para crear un zapato verdaderamente excepcional.<\/p>\n<p>Cada par de estas <b>Mocasines de hombre de piel de becerro<\/b> est\u00e1 meticulosamente elaborado con la mejor piel de ternero para el exterior, ofreciendo un aspecto elegante y pulido y una durabilidad notable. El grano natural de la piel de becerro garantiza un tacto lujoso y un acabado que mejora con el paso del tiempo, lo que convierte a estos zapatos en un complemento duradero para cualquier armario. En el interior, sus pies se acunar\u00e1n en el suave abrazo del forro de aut\u00e9ntica piel de cabra, famosa por su transpirabilidad y suave textura, que garantiza el m\u00e1ximo confort incluso durante un uso prolongado.<\/p>\n<p><h3>Comodidad y versatilidad inigualables<\/h3>\n<\/p>\n<p>El secreto del incre\u00edble confort de nuestros <b>Mocasines de hombre de piel de becerro<\/b> radica en su innovador dise\u00f1o, que incorpora una suela de EVA ligera pero robusta. Este avanzado material proporciona una excelente amortiguaci\u00f3n y flexibilidad, absorbiendo el impacto a cada paso y haciendo que estos mocasines sean perfectos para llevarlos durante todo el d\u00eda. Ya sea en un ajetreado d\u00eda de trabajo, en una reuni\u00f3n informal o disfrutando de un relajado fin de semana, la altura del tac\u00f3n de 1 a 3 cm ofrece una sutil elevaci\u00f3n sin comprometer la estabilidad ni la comodidad.<\/p>\n<p>Estos mocasines son una opci\u00f3n incre\u00edblemente vers\u00e1til para los caballeros m\u00e1s exigentes, ya que permiten pasar de un atuendo formal informal a un atuendo relajado de fin de semana.<\/p>\n<p><h3>Oportunidad para mayoristas de calzado de calidad<\/h3>\n<\/p>\n<p>Para las empresas que desean almacenar calzado de lujo de gran demanda, estos <b>Mocasines de hombre de piel de becerro<\/b> son una opci\u00f3n ideal. Ofrecemos estos excepcionales zapatos con una cantidad m\u00ednima de pedido de s\u00f3lo 8 pares, lo que facilita el almacenamiento para minoristas y boutiques. Con un plazo de entrega fiable de 12 d\u00edas m\u00e1s gastos de env\u00edo, podr\u00e1 gestionar eficazmente sus existencias y satisfacer las demandas de los clientes.<\/p>\n<p>Disponibles en una amplia gama de tallas, de la 39 a la 45, puede atender a una amplia clientela, garantizando la satisfacci\u00f3n con cada compra. Invierta en el atractivo atemporal y la comodidad superior de nuestros <b>Mocasines de hombre de piel de becerro<\/b> y proporcione a sus clientes un producto que destaque por su calidad y estilo.<\/p>","protected":false},"excerpt":{"rendered":"<ul>\n<li>Parte superior de piel de becerro de primera calidad para un estilo y una durabilidad duraderos<\/li>\n<li>Forro de piel de cabra suave y transpirable para mayor comodidad<\/li>\n<li>Suela de EVA ligera y flexible para una mayor comodidad durante todo el d\u00eda<\/li>\n<li>Estilo mocas\u00edn cl\u00e1sico con un c\u00f3modo tac\u00f3n de 1-3 cm de altura<\/li>\n<li>Disponible en una amplia gama de tallas: 39, 40, 41, 42, 43, 44, 45<\/li>\n<li>Cantidad m\u00ednima de pedido: 8 Pares - Ideal para socios mayoristas<\/li>\n<li>Plazo de entrega: 12 d\u00edas + gastos de env\u00edo - Cadena de suministro eficaz para su empresa<\/li>\n<\/ul>","protected":false},"featured_media":4086,"template":"","meta":{"_acf_changed":false,"_uag_custom_page_level_css":"","site-sidebar-layout":"default","site-content-layout":"","ast-site-content-layout":"default","site-content-style":"default","site-sidebar-style":"default","ast-global-header-display":"","ast-banner-title-visibility":"","ast-main-header-display":"","ast-hfb-above-header-display":"","ast-hfb-below-header-display":"","ast-hfb-mobile-header-display":"","site-post-title":"","ast-breadcrumbs-content":"","ast-featured-img":"","footer-sml-layout":"","ast-disable-related-posts":"","theme-transparent-header-meta":"","adv-header-id-meta":"","stick-header-meta":"","header-above-stick-meta":"","header-main-stick-meta":"","header-below-stick-meta":"","astra-migrate-meta-layouts":"default","ast-page-background-enabled":"default","ast-page-background-meta":{"desktop":{"background-color":"var(--ast-global-color-4)","background-image":"","background-repeat":"repeat","background-position":"center center","background-size":"auto","background-attachment":"scroll","background-type":"","background-media":"","overlay-type":"","overlay-color":"","overlay-opacity":"","overlay-gradient":""},"tablet":{"background-color":"","background-image":"","background-repeat":"repeat","background-position":"center center","background-size":"auto","background-attachment":"scroll","background-type":"","background-media":"","overlay-type":"","overlay-color":"","overlay-opacity":"","overlay-gradient":""},"mobile":{"background-color":"","background-image":"","background-repeat":"repeat","background-position":"center center","background-size":"auto","background-attachment":"scroll","background-type":"","background-media":"","overlay-type":"","overlay-color":"","overlay-opacity":"","overlay-gradient":""}},"ast-content-background-meta":{"desktop":{"background-color":"var(--ast-global-color-5)","background-image":"","background-repeat":"repeat","background-position":"center center","background-size":"auto","background-attachment":"scroll","background-type":"","background-media":"","overlay-type":"","overlay-color":"","overlay-opacity":"","overlay-gradient":""},"tablet":{"background-color":"var(--ast-global-color-5)","background-image":"","background-repeat":"repeat","background-position":"center center","background-size":"auto","background-attachment":"scroll","background-type":"","background-media":"","overlay-type":"","overlay-color":"","overlay-opacity":"","overlay-gradient":""},"mobile":{"background-color":"var(--ast-global-color-5)","background-image":"","background-repeat":"repeat","background-position":"center center","background-size":"auto","background-attachment":"scroll","background-type":"","background-media":"","overlay-type":"","overlay-color":"","overlay-opacity":"","overlay-gradient":""}}},"product_brand":[],"product_cat":[48,49,430,40],"product_tag":[185,457,220,287,189,967,384,324,186,250,184,254],"class_list":{"0":"post-6109","1":"product","2":"type-product","3":"status-publish","4":"has-post-thumbnail","6":"product_cat-casual","7":"product_cat-loafer","8":"product_cat-men","9":"product_cat-mens-shoes","10":"product_tag-calf-leather-shoes","11":"product_tag-classic-loafers","12":"product_tag-comfortable-loafers","13":"product_tag-eva-sole-shoes","14":"product_tag-goat-leather-lining","15":"product_tag-leather-casual-shoes","16":"product_tag-luxury-loafers","17":"product_tag-mens-dress-shoes","18":"product_tag-mens-loafers","19":"product_tag-premium-leather","20":"product_tag-slip-on-shoes","21":"product_tag-wholesale-footwear","22":"desktop-align-center","23":"tablet-align-center","24":"mobile-align-center","26":"first","27":"instock","28":"shipping-taxable","29":"purchasable","30":"product-type-variable","31":"has-default-attributes"},"acf":[],"uagb_featured_image_src":{"full":["https:\/\/turkishtrade.co\/wp-content\/uploads\/2026\/01\/2400EJOMN00306-DARK-BLUE-X_7801-7-USD.png",453,250,false],"thumbnail":["https:\/\/turkishtrade.co\/wp-content\/uploads\/2026\/01\/2400EJOMN00306-DARK-BLUE-X_7801-7-USD-150x150.png",150,150,true],"medium":["https:\/\/turkishtrade.co\/wp-content\/uploads\/2026\/01\/2400EJOMN00306-DARK-BLUE-X_7801-7-USD-300x166.png",300,166,true],"medium_large":["https:\/\/turkishtrade.co\/wp-content\/uploads\/2026\/01\/2400EJOMN00306-DARK-BLUE-X_7801-7-USD.png",453,250,false],"large":["https:\/\/turkishtrade.co\/wp-content\/uploads\/2026\/01\/2400EJOMN00306-DARK-BLUE-X_7801-7-USD.png",453,250,false],"1536x1536":["https:\/\/turkishtrade.co\/wp-content\/uploads\/2026\/01\/2400EJOMN00306-DARK-BLUE-X_7801-7-USD.png",453,250,false],"2048x2048":["https:\/\/turkishtrade.co\/wp-content\/uploads\/2026\/01\/2400EJOMN00306-DARK-BLUE-X_7801-7-USD.png",453,250,false],"trp-custom-language-flag":["https:\/\/turkishtrade.co\/wp-content\/uploads\/2026\/01\/2400EJOMN00306-DARK-BLUE-X_7801-7-USD-18x10.png",18,10,true],"woocommerce_thumbnail":["https:\/\/turkishtrade.co\/wp-content\/uploads\/2026\/01\/2400EJOMN00306-DARK-BLUE-X_7801-7-USD-400x250.png",400,250,true],"woocommerce_single":["https:\/\/turkishtrade.co\/wp-content\/uploads\/2026\/01\/2400EJOMN00306-DARK-BLUE-X_7801-7-USD.png",453,250,false],"woocommerce_gallery_thumbnail":["https:\/\/turkishtrade.co\/wp-content\/uploads\/2026\/01\/2400EJOMN00306-DARK-BLUE-X_7801-7-USD-100x100.png",100,100,true]},"uagb_author_info":{"display_name":"yaser olabi","author_link":"https:\/\/turkishtrade.co\/es\/author\/"},"uagb_comment_info":0,"uagb_excerpt":"Premium Calf Leather Upper for enduring style and durability Soft, Breathable Goat Leather Lining for ultimate comfort Lightweight and Flexible EVA Sole for all-day ease Classic Loafer Style with a comfortable 1-3cm Heel Height Available in a comprehensive Size Range: 39, 40, 41, 42, 43, 44, 45 Minimum Order Quantity: 8 Pairs \u2013 Ideal for&hellip;","_links":{"self":[{"href":"https:\/\/turkishtrade.co\/es\/wp-json\/wp\/v2\/product\/6109","targetHints":{"allow":["GET"]}}],"collection":[{"href":"https:\/\/turkishtrade.co\/es\/wp-json\/wp\/v2\/product"}],"about":[{"href":"https:\/\/turkishtrade.co\/es\/wp-json\/wp\/v2\/types\/product"}],"wp:featuredmedia":[{"embeddable":true,"href":"https:\/\/turkishtrade.co\/es\/wp-json\/wp\/v2\/media\/4086"}],"wp:attachment":[{"href":"https:\/\/turkishtrade.co\/es\/wp-json\/wp\/v2\/media?parent=6109"}],"wp:term":[{"taxonomy":"product_brand","embeddable":true,"href":"https:\/\/turkishtrade.co\/es\/wp-json\/wp\/v2\/product_brand?post=6109"},{"taxonomy":"product_cat","embeddable":true,"href":"https:\/\/turkishtrade.co\/es\/wp-json\/wp\/v2\/product_cat?post=6109"},{"taxonomy":"product_tag","embeddable":true,"href":"https:\/\/turkishtrade.co\/es\/wp-json\/wp\/v2\/product_tag?post=6109"}],"curies":[{"name":"wp","href":"https:\/\/api.w.org\/{rel}","templated":true}]}}