{"id":6105,"date":"2026-01-14T14:09:08","date_gmt":"2026-01-14T14:09:08","guid":{"rendered":"https:\/\/turkishtrade.co\/product\/mens-perforated-loafers\/"},"modified":"2026-04-09T19:13:03","modified_gmt":"2026-04-09T19:13:03","slug":"mens-perforated-loafers","status":"publish","type":"product","link":"https:\/\/turkishtrade.co\/es\/shop\/mens-perforated-loafers\/","title":{"rendered":"Mocasines de hombre de piel perforada con suela de EVA"},"content":{"rendered":"<p><strong>Mocasines perforados para hombre<\/strong><\/p>\n<p>Descubra la combinaci\u00f3n perfecta de estilo, comodidad y artesan\u00eda con nuestros <b>Mocasines perforados para hombre<\/b>. Dise\u00f1ados para el individuo exigente, estos mocasines elevan su atuendo cotidiano e informal. Meticulosamente elaborados con atenci\u00f3n al detalle, representan una opci\u00f3n ideal para aquellos que valoran tanto el atractivo est\u00e9tico como la utilidad pr\u00e1ctica.<\/p>\n<p>Nuestra <b>Mocasines perforados para hombre<\/b> presentan una lujosa superficie exterior de piel de ternero de alta calidad, famosa por su durabilidad, textura suave y elegante acabado. Esta piel de primera calidad garantiza un aspecto sofisticado que envejece maravillosamente con el paso del tiempo. El distintivo patr\u00f3n perforado en la pala no s\u00f3lo a\u00f1ade un elemento de dise\u00f1o \u00fanico, sino que tambi\u00e9n mejora significativamente la transpirabilidad, manteniendo los pies frescos y c\u00f3modos durante todo el d\u00eda, incluso en las estaciones m\u00e1s c\u00e1lidas.<\/p>\n<p><h3>Confort y calidad incomparables<\/h3>\n<\/p>\n<p>Al entrar, experimentar\u00e1 la sublime comodidad de un forro completo de piel de cabra. La piel de cabra es excepcionalmente suave, flexible y conocida por sus excelentes propiedades de evacuaci\u00f3n de la humedad, proporcionando un entorno afelpado y libre de irritaciones para tus pies. Este compromiso con la calidad interna garantiza que nuestros <b>Mocasines perforados para hombre<\/b> son tan c\u00f3modos por dentro como elegantes por fuera.<\/p>\n<p>La base de estas excepcionales zapatillas es una suela de EVA ligera pero de incre\u00edble apoyo. El EVA (etilvinilacetato) es famoso por su capacidad de absorci\u00f3n de impactos, ofreciendo una amortiguaci\u00f3n superior y reduciendo la fatiga, lo que hace que estas <b>Mocasines perforados para hombre<\/b> ideal para un uso prolongado. El tac\u00f3n de perfil bajo garantiza una silueta de mocas\u00edn cl\u00e1sico a la vez que proporciona una pisada estable y c\u00f3moda.<\/p>\n<p>Disponibles en una gama de tallas de la UE 39 a la 45, garantizamos un ajuste perfecto para cada caballero.<\/p>\n<p><h3>Estilo vers\u00e1til para cualquier ocasi\u00f3n<\/h3>\n<\/p>\n<p>Tanto si te diriges a una reuni\u00f3n informal de negocios, como si disfrutas de un brunch de fin de semana o simplemente buscas un calzado sofisticado para el d\u00eda a d\u00eda, estas <b>Mocasines perforados para hombre<\/b> est\u00e1n dise\u00f1adas para complementar diversos atuendos. Su dise\u00f1o atemporal, combinado con modernas perforaciones, ofrece un look cl\u00e1sico y contempor\u00e1neo a la vez. Disponibles en colores vers\u00e1tiles como el negro cl\u00e1sico, el marr\u00f3n intenso y el azul marino intenso, puedes combinarlos f\u00e1cilmente con chinos, pantalones cortos entallados o pantalones elegantes.<\/p>\n<p>Para las empresas que desean almacenar calzado de alta calidad, nuestro <b>Mocasines perforados para hombre<\/b> est\u00e1n disponibles para su compra al por mayor con un pedido m\u00ednimo de 8 pares. Nos enorgullecemos de ofrecer un servicio eficaz, con un plazo de entrega habitual de 12 d\u00edas m\u00e1s el tiempo de env\u00edo. Invierta en estos elegantes y c\u00f3modos <b>Mocasines perforados para hombre<\/b> y ofrezca a sus clientes un producto que realmente destaque por su calidad, dise\u00f1o y portabilidad.<\/p>\n<p>Experimente la mezcla de tradici\u00f3n e innovaci\u00f3n a cada paso.<\/p>","protected":false},"excerpt":{"rendered":"<ul>\n<li><b>Exquisita mezcla de materiales:<\/b> Parte superior de piel de becerro de primera calidad con forro transpirable de piel de cabra.<\/li>\n<li><b>M\u00e1xima comodidad:<\/b> Suela de EVA ligera y flexible que proporciona amortiguaci\u00f3n durante todo el d\u00eda.<\/li>\n<li><b>Elegante dise\u00f1o perforado:<\/b> A\u00f1ade un toque de sofisticaci\u00f3n moderna y una mayor transpirabilidad.<\/li>\n<li><b>Elegancia vers\u00e1til:<\/b> Perfecta para vestir elegante e informal, ofrece un atractivo atemporal en varios colores.<\/li>\n<li><b>Tallas disponibles:<\/b> EU 39, 40, 41, 42, 43, 44, 45 para adaptarse a una amplia gama.<\/li>\n<li><b>Disponibilidad a granel:<\/b> Pedido m\u00ednimo de 8 pares; entrega en 12 d\u00edas + gastos de env\u00edo.<\/li>\n<\/ul>","protected":false},"featured_media":4084,"template":"","meta":{"_acf_changed":false,"_uag_custom_page_level_css":"","site-sidebar-layout":"default","site-content-layout":"","ast-site-content-layout":"default","site-content-style":"default","site-sidebar-style":"default","ast-global-header-display":"","ast-banner-title-visibility":"","ast-main-header-display":"","ast-hfb-above-header-display":"","ast-hfb-below-header-display":"","ast-hfb-mobile-header-display":"","site-post-title":"","ast-breadcrumbs-content":"","ast-featured-img":"","footer-sml-layout":"","ast-disable-related-posts":"","theme-transparent-header-meta":"","adv-header-id-meta":"","stick-header-meta":"","header-above-stick-meta":"","header-main-stick-meta":"","header-below-stick-meta":"","astra-migrate-meta-layouts":"default","ast-page-background-enabled":"default","ast-page-background-meta":{"desktop":{"background-color":"var(--ast-global-color-4)","background-image":"","background-repeat":"repeat","background-position":"center center","background-size":"auto","background-attachment":"scroll","background-type":"","background-media":"","overlay-type":"","overlay-color":"","overlay-opacity":"","overlay-gradient":""},"tablet":{"background-color":"","background-image":"","background-repeat":"repeat","background-position":"center center","background-size":"auto","background-attachment":"scroll","background-type":"","background-media":"","overlay-type":"","overlay-color":"","overlay-opacity":"","overlay-gradient":""},"mobile":{"background-color":"","background-image":"","background-repeat":"repeat","background-position":"center center","background-size":"auto","background-attachment":"scroll","background-type":"","background-media":"","overlay-type":"","overlay-color":"","overlay-opacity":"","overlay-gradient":""}},"ast-content-background-meta":{"desktop":{"background-color":"var(--ast-global-color-5)","background-image":"","background-repeat":"repeat","background-position":"center center","background-size":"auto","background-attachment":"scroll","background-type":"","background-media":"","overlay-type":"","overlay-color":"","overlay-opacity":"","overlay-gradient":""},"tablet":{"background-color":"var(--ast-global-color-5)","background-image":"","background-repeat":"repeat","background-position":"center center","background-size":"auto","background-attachment":"scroll","background-type":"","background-media":"","overlay-type":"","overlay-color":"","overlay-opacity":"","overlay-gradient":""},"mobile":{"background-color":"var(--ast-global-color-5)","background-image":"","background-repeat":"repeat","background-position":"center center","background-size":"auto","background-attachment":"scroll","background-type":"","background-media":"","overlay-type":"","overlay-color":"","overlay-opacity":"","overlay-gradient":""}}},"product_brand":[],"product_cat":[48,49,430,40],"product_tag":[1151,202,449,457,438,437,215,964,186,686,184,456],"class_list":{"0":"post-6105","1":"product","2":"type-product","3":"status-publish","4":"has-post-thumbnail","6":"product_cat-casual","7":"product_cat-loafer","8":"product_cat-men","9":"product_cat-mens-shoes","10":"product_tag-breathable-shoes","11":"product_tag-calf-leather","12":"product_tag-casual-shoes","13":"product_tag-classic-loafers","14":"product_tag-eva-sole","15":"product_tag-goat-leather","16":"product_tag-leather-loafers","17":"product_tag-mens-casual-footwear","18":"product_tag-mens-loafers","19":"product_tag-perforated-shoes","20":"product_tag-slip-on-shoes","21":"product_tag-wholesale-loafers","22":"desktop-align-center","23":"tablet-align-center","24":"mobile-align-center","26":"first","27":"instock","28":"shipping-taxable","29":"purchasable","30":"product-type-variable","31":"has-default-attributes"},"acf":[],"uagb_featured_image_src":{"full":["https:\/\/turkishtrade.co\/wp-content\/uploads\/2026\/01\/2400EJOMN00303-DARK-BLUE-X_7802-3-USD.png",453,250,false],"thumbnail":["https:\/\/turkishtrade.co\/wp-content\/uploads\/2026\/01\/2400EJOMN00303-DARK-BLUE-X_7802-3-USD-150x150.png",150,150,true],"medium":["https:\/\/turkishtrade.co\/wp-content\/uploads\/2026\/01\/2400EJOMN00303-DARK-BLUE-X_7802-3-USD-300x166.png",300,166,true],"medium_large":["https:\/\/turkishtrade.co\/wp-content\/uploads\/2026\/01\/2400EJOMN00303-DARK-BLUE-X_7802-3-USD.png",453,250,false],"large":["https:\/\/turkishtrade.co\/wp-content\/uploads\/2026\/01\/2400EJOMN00303-DARK-BLUE-X_7802-3-USD.png",453,250,false],"1536x1536":["https:\/\/turkishtrade.co\/wp-content\/uploads\/2026\/01\/2400EJOMN00303-DARK-BLUE-X_7802-3-USD.png",453,250,false],"2048x2048":["https:\/\/turkishtrade.co\/wp-content\/uploads\/2026\/01\/2400EJOMN00303-DARK-BLUE-X_7802-3-USD.png",453,250,false],"trp-custom-language-flag":["https:\/\/turkishtrade.co\/wp-content\/uploads\/2026\/01\/2400EJOMN00303-DARK-BLUE-X_7802-3-USD-18x10.png",18,10,true],"woocommerce_thumbnail":["https:\/\/turkishtrade.co\/wp-content\/uploads\/2026\/01\/2400EJOMN00303-DARK-BLUE-X_7802-3-USD-400x250.png",400,250,true],"woocommerce_single":["https:\/\/turkishtrade.co\/wp-content\/uploads\/2026\/01\/2400EJOMN00303-DARK-BLUE-X_7802-3-USD.png",453,250,false],"woocommerce_gallery_thumbnail":["https:\/\/turkishtrade.co\/wp-content\/uploads\/2026\/01\/2400EJOMN00303-DARK-BLUE-X_7802-3-USD-100x100.png",100,100,true]},"uagb_author_info":{"display_name":"yaser olabi","author_link":"https:\/\/turkishtrade.co\/es\/author\/"},"uagb_comment_info":0,"uagb_excerpt":"Exquisite Material Blend: Premium calf leather upper with breathable goat leather lining. Ultimate Comfort: Lightweight and flexible EVA sole provides all-day cushioning. Stylish Perforated Design: Adds a touch of modern sophistication and enhanced breathability. Versatile Elegance: Perfect for smart-casual wear, offering timeless appeal in multiple colors. Sizes Available: EU 39, 40, 41, 42, 43, 44,&hellip;","_links":{"self":[{"href":"https:\/\/turkishtrade.co\/es\/wp-json\/wp\/v2\/product\/6105","targetHints":{"allow":["GET"]}}],"collection":[{"href":"https:\/\/turkishtrade.co\/es\/wp-json\/wp\/v2\/product"}],"about":[{"href":"https:\/\/turkishtrade.co\/es\/wp-json\/wp\/v2\/types\/product"}],"wp:featuredmedia":[{"embeddable":true,"href":"https:\/\/turkishtrade.co\/es\/wp-json\/wp\/v2\/media\/4084"}],"wp:attachment":[{"href":"https:\/\/turkishtrade.co\/es\/wp-json\/wp\/v2\/media?parent=6105"}],"wp:term":[{"taxonomy":"product_brand","embeddable":true,"href":"https:\/\/turkishtrade.co\/es\/wp-json\/wp\/v2\/product_brand?post=6105"},{"taxonomy":"product_cat","embeddable":true,"href":"https:\/\/turkishtrade.co\/es\/wp-json\/wp\/v2\/product_cat?post=6105"},{"taxonomy":"product_tag","embeddable":true,"href":"https:\/\/turkishtrade.co\/es\/wp-json\/wp\/v2\/product_tag?post=6105"}],"curies":[{"name":"wp","href":"https:\/\/api.w.org\/{rel}","templated":true}]}}