{"id":6098,"date":"2026-01-14T14:08:28","date_gmt":"2026-01-14T14:08:28","guid":{"rendered":"https:\/\/turkishtrade.co\/product\/mens-genuine-leather-loafers\/"},"modified":"2026-04-09T19:13:21","modified_gmt":"2026-04-09T19:13:21","slug":"mens-genuine-leather-loafers","status":"publish","type":"product","link":"https:\/\/turkishtrade.co\/es\/shop\/mens-genuine-leather-loafers\/","title":{"rendered":"Mocasines con hebilla de piel aut\u00e9ntica para hombre"},"content":{"rendered":"<p><strong>Mocasines de piel aut\u00e9ntica para hombre<\/strong><\/p>\n<p>Descubra el ep\u00edtome del estilo atemporal y la comodidad sin igual con nuestro exquisito <strong>Mocasines de piel aut\u00e9ntica para hombre<\/strong>. Dise\u00f1ados para el caballero moderno, estos mocasines combinan a la perfecci\u00f3n la est\u00e9tica cl\u00e1sica con el estilo contempor\u00e1neo, convirti\u00e9ndolos en un complemento indispensable para cualquier armario exigente. Cada par de estos mocasines <strong>mocasines de cuero aut\u00e9ntico para hombre<\/strong> est\u00e1 meticulosamente elaborado para garantizar una durabilidad excepcional y un acabado sofisticado que realmente destaca.<\/p>\n<p><h3>Artesan\u00eda inigualable y materiales de calidad superior<\/h3>\n<\/p>\n<p>En el coraz\u00f3n de estos zapatos excepcionales se encuentra su composici\u00f3n de material superior. La superficie exterior est\u00e1 fabricada con piel de becerro de alta calidad, famosa por su textura suave, su resistencia y su aspecto elegante. Como complemento, el interior est\u00e1 confeccionado en lujosa piel de cabra, que proporciona a los pies un entorno incre\u00edblemente suave y transpirable, garantizando la comodidad durante todo el d\u00eda.<\/p>\n<p>La suela de EVA, ligera pero robusta, ofrece una excelente amortiguaci\u00f3n y sujeci\u00f3n, por lo que estas <strong>mocasines de cuero aut\u00e9ntico para hombre<\/strong> perfecto para un uso prolongado, tanto si te mueves por las calles de la ciudad como si asistes a un evento especial.<\/p>\n<p>La sutil altura del tac\u00f3n de 1 a 3 cm a\u00f1ade un toque de sofisticaci\u00f3n cl\u00e1sica sin renunciar a la comodidad, encarnando el estilo ideal de \u2018mocas\u00edn cl\u00e1sico informal\u2019.<\/p>\n<p><h3>Dise\u00f1o distintivo para cada ocasi\u00f3n<\/h3>\n<\/p>\n<p>El dise\u00f1o distintivo cuenta con un elegante acento de hebilla, a\u00f1adiendo un toque \u00fanico de car\u00e1cter a estos vers\u00e1tiles <strong>mocasines de cuero aut\u00e9ntico para hombre<\/strong>. Disponibles en una gama de tallas del 39 al 45, garantizamos un ajuste perfecto para un amplio espectro de pies. Tanto si prefiere el negro cl\u00e1sico, el marr\u00f3n intenso o el marr\u00f3n oscuro intenso (como se muestra en las im\u00e1genes), estas <strong>mocasines de cuero aut\u00e9ntico para hombre<\/strong> ofrecen un aspecto pulido que puede pasar sin esfuerzo de una salida informal a una reuni\u00f3n m\u00e1s formal.<\/p>\n<p>No son s\u00f3lo zapatos; son una declaraci\u00f3n de gusto refinado y artesan\u00eda de calidad. Cuando elige nuestros <strong>mocasines de cuero aut\u00e9ntico para hombre<\/strong>, est\u00e1s eligiendo un estilo duradero.<\/p>\n<p><h3>Ideal para minoristas: Disponibilidad a granel<\/h3>\n<\/p>\n<p>Para nuestros socios mayoristas <strong>mocasines de cuero aut\u00e9ntico para hombre<\/strong> est\u00e1n disponibles con una cantidad m\u00ednima de pedido de s\u00f3lo 8 pares, lo que los convierte en una excelente opci\u00f3n para ampliar su inventario con calzado de calidad y gran demanda.<\/p>\n<p>Con un plazo de entrega fiable de 12 d\u00edas m\u00e1s gastos de env\u00edo, puede abastecerse con confianza. Invierta en el atractivo duradero y la comodidad suprema de nuestros <strong>mocasines de cuero aut\u00e9ntico para hombre<\/strong> y eleve su colecci\u00f3n de calzado, u ofrezca a sus clientes lo mejor en calzado de piel aut\u00e9ntica. Estos <strong>mocasines de cuero aut\u00e9ntico para hombre<\/strong> representan una inversi\u00f3n en calidad y estilo que durar\u00e1 muchos a\u00f1os.<\/p>\n<p>Experimente la diferencia que marca la verdadera artesan\u00eda a cada paso en estos notables <strong>mocasines de cuero aut\u00e9ntico para hombre<\/strong>.<\/p>","protected":false},"excerpt":{"rendered":"<ul>\n<li><strong>Material exterior:<\/strong> Piel de becerro de alta calidad<\/li>\n<li><strong>Material interior:<\/strong> Piel de cabra suave y transpirable<\/li>\n<li><strong>Suela:<\/strong> EVA ligera y de apoyo<\/li>\n<li><strong>Altura del tac\u00f3n:<\/strong> Cl\u00e1sico de 1-3 cm para un confort \u00f3ptimo<\/li>\n<li><strong>Estilo:<\/strong> Mocas\u00edn informal con elegante detalle de hebilla<\/li>\n<li><strong>Tallas disponibles:<\/strong> UE 39, 40, 41, 42, 43, 44, 45<\/li>\n<li><strong>Pedido m\u00ednimo:<\/strong> 8 pares para compras al por mayor<\/li>\n<li><strong>Plazo de entrega:<\/strong> 12 d\u00edas + gastos de env\u00edo<\/li>\n<\/ul>","protected":false},"featured_media":4079,"template":"","meta":{"_acf_changed":false,"_uag_custom_page_level_css":"","site-sidebar-layout":"default","site-content-layout":"","ast-site-content-layout":"default","site-content-style":"default","site-sidebar-style":"default","ast-global-header-display":"","ast-banner-title-visibility":"","ast-main-header-display":"","ast-hfb-above-header-display":"","ast-hfb-below-header-display":"","ast-hfb-mobile-header-display":"","site-post-title":"","ast-breadcrumbs-content":"","ast-featured-img":"","footer-sml-layout":"","ast-disable-related-posts":"","theme-transparent-header-meta":"","adv-header-id-meta":"","stick-header-meta":"","header-above-stick-meta":"","header-main-stick-meta":"","header-below-stick-meta":"","astra-migrate-meta-layouts":"default","ast-page-background-enabled":"default","ast-page-background-meta":{"desktop":{"background-color":"var(--ast-global-color-4)","background-image":"","background-repeat":"repeat","background-position":"center center","background-size":"auto","background-attachment":"scroll","background-type":"","background-media":"","overlay-type":"","overlay-color":"","overlay-opacity":"","overlay-gradient":""},"tablet":{"background-color":"","background-image":"","background-repeat":"repeat","background-position":"center center","background-size":"auto","background-attachment":"scroll","background-type":"","background-media":"","overlay-type":"","overlay-color":"","overlay-opacity":"","overlay-gradient":""},"mobile":{"background-color":"","background-image":"","background-repeat":"repeat","background-position":"center center","background-size":"auto","background-attachment":"scroll","background-type":"","background-media":"","overlay-type":"","overlay-color":"","overlay-opacity":"","overlay-gradient":""}},"ast-content-background-meta":{"desktop":{"background-color":"var(--ast-global-color-5)","background-image":"","background-repeat":"repeat","background-position":"center center","background-size":"auto","background-attachment":"scroll","background-type":"","background-media":"","overlay-type":"","overlay-color":"","overlay-opacity":"","overlay-gradient":""},"tablet":{"background-color":"var(--ast-global-color-5)","background-image":"","background-repeat":"repeat","background-position":"center center","background-size":"auto","background-attachment":"scroll","background-type":"","background-media":"","overlay-type":"","overlay-color":"","overlay-opacity":"","overlay-gradient":""},"mobile":{"background-color":"var(--ast-global-color-5)","background-image":"","background-repeat":"repeat","background-position":"center center","background-size":"auto","background-attachment":"scroll","background-type":"","background-media":"","overlay-type":"","overlay-color":"","overlay-opacity":"","overlay-gradient":""}}},"product_brand":[],"product_cat":[48,49,430,40],"product_tag":[315,555,213,438,959,952,189,219,186,1155,456],"class_list":{"0":"post-6098","1":"product","2":"type-product","3":"status-publish","4":"has-post-thumbnail","6":"product_cat-casual","7":"product_cat-loafer","8":"product_cat-men","9":"product_cat-mens-shoes","10":"product_tag-buckle-loafers","11":"product_tag-calfskin-loafers","12":"product_tag-casual-dress-shoes","13":"product_tag-eva-sole","14":"product_tag-formal-casual-shoes","15":"product_tag-genuine-leather-shoes","16":"product_tag-goat-leather-lining","17":"product_tag-handmade-shoes","18":"product_tag-mens-loafers","19":"product_tag-slip-on-loafers","20":"product_tag-wholesale-loafers","21":"desktop-align-center","22":"tablet-align-center","23":"mobile-align-center","25":"first","26":"instock","27":"shipping-taxable","28":"purchasable","29":"product-type-variable","30":"has-default-attributes"},"acf":[],"uagb_featured_image_src":{"full":["https:\/\/turkishtrade.co\/wp-content\/uploads\/2026\/01\/2400EJOMN00293-DARK-BROWN-X_1342-Fusped-1-usd.png",453,250,false],"thumbnail":["https:\/\/turkishtrade.co\/wp-content\/uploads\/2026\/01\/2400EJOMN00293-DARK-BROWN-X_1342-Fusped-1-usd-150x150.png",150,150,true],"medium":["https:\/\/turkishtrade.co\/wp-content\/uploads\/2026\/01\/2400EJOMN00293-DARK-BROWN-X_1342-Fusped-1-usd-300x166.png",300,166,true],"medium_large":["https:\/\/turkishtrade.co\/wp-content\/uploads\/2026\/01\/2400EJOMN00293-DARK-BROWN-X_1342-Fusped-1-usd.png",453,250,false],"large":["https:\/\/turkishtrade.co\/wp-content\/uploads\/2026\/01\/2400EJOMN00293-DARK-BROWN-X_1342-Fusped-1-usd.png",453,250,false],"1536x1536":["https:\/\/turkishtrade.co\/wp-content\/uploads\/2026\/01\/2400EJOMN00293-DARK-BROWN-X_1342-Fusped-1-usd.png",453,250,false],"2048x2048":["https:\/\/turkishtrade.co\/wp-content\/uploads\/2026\/01\/2400EJOMN00293-DARK-BROWN-X_1342-Fusped-1-usd.png",453,250,false],"trp-custom-language-flag":["https:\/\/turkishtrade.co\/wp-content\/uploads\/2026\/01\/2400EJOMN00293-DARK-BROWN-X_1342-Fusped-1-usd-18x10.png",18,10,true],"woocommerce_thumbnail":["https:\/\/turkishtrade.co\/wp-content\/uploads\/2026\/01\/2400EJOMN00293-DARK-BROWN-X_1342-Fusped-1-usd-400x250.png",400,250,true],"woocommerce_single":["https:\/\/turkishtrade.co\/wp-content\/uploads\/2026\/01\/2400EJOMN00293-DARK-BROWN-X_1342-Fusped-1-usd.png",453,250,false],"woocommerce_gallery_thumbnail":["https:\/\/turkishtrade.co\/wp-content\/uploads\/2026\/01\/2400EJOMN00293-DARK-BROWN-X_1342-Fusped-1-usd-100x100.png",100,100,true]},"uagb_author_info":{"display_name":"yaser olabi","author_link":"https:\/\/turkishtrade.co\/es\/author\/"},"uagb_comment_info":0,"uagb_excerpt":"Outer Material: High-grade Calfskin Leather Inner Material: Soft, breathable Goat Leather Sole: Lightweight and supportive EVA Heel Height: Classic 1-3 cm for optimal comfort Style: Casual Loafer with elegant buckle detail Available Sizes: EU 39, 40, 41, 42, 43, 44, 45 Minimum Order: 8 pairs for wholesale purchases Delivery Time: 12 Days + Shipping","_links":{"self":[{"href":"https:\/\/turkishtrade.co\/es\/wp-json\/wp\/v2\/product\/6098","targetHints":{"allow":["GET"]}}],"collection":[{"href":"https:\/\/turkishtrade.co\/es\/wp-json\/wp\/v2\/product"}],"about":[{"href":"https:\/\/turkishtrade.co\/es\/wp-json\/wp\/v2\/types\/product"}],"wp:featuredmedia":[{"embeddable":true,"href":"https:\/\/turkishtrade.co\/es\/wp-json\/wp\/v2\/media\/4079"}],"wp:attachment":[{"href":"https:\/\/turkishtrade.co\/es\/wp-json\/wp\/v2\/media?parent=6098"}],"wp:term":[{"taxonomy":"product_brand","embeddable":true,"href":"https:\/\/turkishtrade.co\/es\/wp-json\/wp\/v2\/product_brand?post=6098"},{"taxonomy":"product_cat","embeddable":true,"href":"https:\/\/turkishtrade.co\/es\/wp-json\/wp\/v2\/product_cat?post=6098"},{"taxonomy":"product_tag","embeddable":true,"href":"https:\/\/turkishtrade.co\/es\/wp-json\/wp\/v2\/product_tag?post=6098"}],"curies":[{"name":"wp","href":"https:\/\/api.w.org\/{rel}","templated":true}]}}