{"id":6092,"date":"2026-01-14T14:07:44","date_gmt":"2026-01-14T14:07:44","guid":{"rendered":"https:\/\/turkishtrade.co\/product\/men-s-suede-casual-derby-shoes\/"},"modified":"2026-04-09T19:13:41","modified_gmt":"2026-04-09T19:13:41","slug":"mens-suede-casual-derby-shoes-2","status":"publish","type":"product","link":"https:\/\/turkishtrade.co\/es\/shop\/mens-suede-casual-derby-shoes-2\/","title":{"rendered":"Zapatos derby casuales de ante de primera calidad para hombre"},"content":{"rendered":"<p><strong>Zapatos Derby Casual de Ante para Hombre<\/strong><\/p>\n<p>Sum\u00e9rjase en un estilo y un confort incomparables con nuestro exquisito <b>Zapatos Derby Casual de Ante para Hombre<\/b>. Dise\u00f1ados para el hombre moderno que valora tanto la est\u00e9tica como la funcionalidad, estos zapatos son una mezcla perfecta de elegancia cl\u00e1sica y facilidad para el d\u00eda a d\u00eda. Tanto si te diriges a un evento elegante e informal como si disfrutas de una relajada salida de fin de semana, estos vers\u00e1tiles <b>Zapatos Derby Casual de Ante para Hombre<\/b> elevar\u00e1 tu look sin esfuerzo.<\/p>\n<h3>Artesan\u00eda inigualable y materiales de primera calidad<\/h3>\n<p>Cada par de estas <b>Zapatos Derby Casual de Ante para Hombre<\/b> est\u00e1 meticulosamente elaborado con materiales de alta calidad para garantizar su durabilidad y su sofisticado atractivo. El exterior est\u00e1 confeccionado en lujosa piel de ante de ternero, que ofrece una textura refinada y una notable resistencia. En el interior, sus pies experimentar\u00e1n el confort del forro de aut\u00e9ntica piel de cabra, que garantiza una transpirabilidad \u00f3ptima y un tacto suave sobre la piel.<\/p>\n<p>La suela de EVA, ligera pero robusta, proporciona una amortiguaci\u00f3n y una sujeci\u00f3n excelentes, por lo que son ideales para llevarlas todo el d\u00eda. Nuestro compromiso con la artesan\u00eda superior garantiza que cada puntada contribuya a un zapato que no solo es elegante, sino que est\u00e1 hecho para resistir el paso del tiempo.<\/p>\n<h3>El estilo atemporal se une a la versatilidad cotidiana<\/h3>\n<p>La atemporal silueta Derby, unida a la rica textura del ante, hace de estos zapatos algo m\u00e1s que un calzado informal corriente. Disponibles en tonos vers\u00e1tiles como el marr\u00f3n cl\u00e1sico y el sofisticado gris claro, complementan sin esfuerzo una amplia gama de conjuntos, desde chinos a medida hasta elegantes vaqueros. Su tac\u00f3n cl\u00e1sico de 1 a 3 cm de altura ofrece una sutil elevaci\u00f3n sin renunciar a la comodidad, lo que los convierte en una opci\u00f3n vers\u00e1til para diversas ocasiones.<\/p>\n<p>Estos <b>Zapatos Derby Casual de Ante para Hombre<\/b> est\u00e1n dise\u00f1ados para ser la piedra angular de tu armario, adapt\u00e1ndose tanto a ambientes relajados como semiformales, para que siempre des lo mejor de ti.<\/p>\n<h3>Disponible para pedidos al por mayor<\/h3>\n<p>Para las empresas que desean almacenar calzado de alta calidad, nuestro <b>Zapatos Derby Casual de Ante para Hombre<\/b> est\u00e1n disponibles para pedidos al por mayor con una cantidad m\u00ednima de 8 pares. Ofrecemos precios competitivos y un plazo de entrega fiable de aproximadamente 12 d\u00edas m\u00e1s gastos de env\u00edo. Invierta en una comodidad superior, una calidad duradera y un estilo innegable con estos imprescindibles <b>Zapatos Derby Casual de Ante para Hombre<\/b>. Experimente la combinaci\u00f3n perfecta de lujo y practicidad para su clientela.<\/p>","protected":false},"excerpt":{"rendered":"<ul>\n<li><b>Material superior:<\/b> Lujosa piel de becerro<\/li>\n<li><b>Forro interior:<\/b> Piel de cabra suave y transpirable<\/li>\n<li><b>Suela:<\/b> EVA ligera y duradera<\/li>\n<li><b>Altura del tac\u00f3n:<\/b> Cl\u00e1sico de 1-3 cm para una sutil elevaci\u00f3n y comodidad<\/li>\n<li><b>Tallas disponibles:<\/b> UE 39, 40, 41, 42, 43, 44, 45<\/li>\n<li><b>Pedidos al por mayor:<\/b> Cantidad m\u00ednima de pedido disponible de 8 pares.<\/li>\n<li><b>Plazo de entrega:<\/b> Aproximadamente 12 d\u00edas m\u00e1s gastos de env\u00edo.<\/li>\n<\/ul>","protected":false},"featured_media":4073,"template":"","meta":{"_acf_changed":false,"_uag_custom_page_level_css":"","site-sidebar-layout":"default","site-content-layout":"","ast-site-content-layout":"default","site-content-style":"default","site-sidebar-style":"default","ast-global-header-display":"","ast-banner-title-visibility":"","ast-main-header-display":"","ast-hfb-above-header-display":"","ast-hfb-below-header-display":"","ast-hfb-mobile-header-display":"","site-post-title":"","ast-breadcrumbs-content":"","ast-featured-img":"","footer-sml-layout":"","ast-disable-related-posts":"","theme-transparent-header-meta":"default","adv-header-id-meta":"","stick-header-meta":"","header-above-stick-meta":"","header-main-stick-meta":"","header-below-stick-meta":"","astra-migrate-meta-layouts":"set","ast-page-background-enabled":"default","ast-page-background-meta":{"desktop":{"background-color":"var(--ast-global-color-4)","background-image":"","background-repeat":"repeat","background-position":"center center","background-size":"auto","background-attachment":"scroll","background-type":"","background-media":"","overlay-type":"","overlay-color":"","overlay-opacity":"","overlay-gradient":""},"tablet":{"background-color":"","background-image":"","background-repeat":"repeat","background-position":"center center","background-size":"auto","background-attachment":"scroll","background-type":"","background-media":"","overlay-type":"","overlay-color":"","overlay-opacity":"","overlay-gradient":""},"mobile":{"background-color":"","background-image":"","background-repeat":"repeat","background-position":"center center","background-size":"auto","background-attachment":"scroll","background-type":"","background-media":"","overlay-type":"","overlay-color":"","overlay-opacity":"","overlay-gradient":""}},"ast-content-background-meta":{"desktop":{"background-color":"var(--ast-global-color-5)","background-image":"","background-repeat":"repeat","background-position":"center center","background-size":"auto","background-attachment":"scroll","background-type":"","background-media":"","overlay-type":"","overlay-color":"","overlay-opacity":"","overlay-gradient":""},"tablet":{"background-color":"var(--ast-global-color-5)","background-image":"","background-repeat":"repeat","background-position":"center center","background-size":"auto","background-attachment":"scroll","background-type":"","background-media":"","overlay-type":"","overlay-color":"","overlay-opacity":"","overlay-gradient":""},"mobile":{"background-color":"var(--ast-global-color-5)","background-image":"","background-repeat":"repeat","background-position":"center center","background-size":"auto","background-attachment":"scroll","background-type":"","background-media":"","overlay-type":"","overlay-color":"","overlay-opacity":"","overlay-gradient":""}}},"product_brand":[],"product_cat":[48,49,430,40],"product_tag":[348,453,202,449,222,212,438,437,1153,198,210,283],"class_list":{"0":"post-6092","1":"product","2":"type-product","3":"status-publish","4":"has-post-thumbnail","6":"product_cat-casual","7":"product_cat-loafer","8":"product_cat-men","9":"product_cat-mens-shoes","10":"product_tag-brown-suede-shoes","11":"product_tag-bulk-footwear","12":"product_tag-calf-leather","13":"product_tag-casual-shoes","14":"product_tag-comfortable-shoes","15":"product_tag-derby-shoes","16":"product_tag-eva-sole","17":"product_tag-goat-leather","18":"product_tag-light-grey-suede-shoes","19":"product_tag-mens-fashion","20":"product_tag-smart-casual","21":"product_tag-suede-shoes","22":"desktop-align-center","23":"tablet-align-center","24":"mobile-align-center","26":"first","27":"instock","28":"shipping-taxable","29":"purchasable","30":"product-type-variable","31":"has-default-attributes"},"acf":[],"uagb_featured_image_src":{"full":["https:\/\/turkishtrade.co\/wp-content\/uploads\/2026\/01\/2400EJOMN00250-STONE-X_1350-Tabani-yok-dks-435-tabani-kullanabiliriz.png",453,250,false],"thumbnail":["https:\/\/turkishtrade.co\/wp-content\/uploads\/2026\/01\/2400EJOMN00250-STONE-X_1350-Tabani-yok-dks-435-tabani-kullanabiliriz-150x150.png",150,150,true],"medium":["https:\/\/turkishtrade.co\/wp-content\/uploads\/2026\/01\/2400EJOMN00250-STONE-X_1350-Tabani-yok-dks-435-tabani-kullanabiliriz-300x166.png",300,166,true],"medium_large":["https:\/\/turkishtrade.co\/wp-content\/uploads\/2026\/01\/2400EJOMN00250-STONE-X_1350-Tabani-yok-dks-435-tabani-kullanabiliriz.png",453,250,false],"large":["https:\/\/turkishtrade.co\/wp-content\/uploads\/2026\/01\/2400EJOMN00250-STONE-X_1350-Tabani-yok-dks-435-tabani-kullanabiliriz.png",453,250,false],"1536x1536":["https:\/\/turkishtrade.co\/wp-content\/uploads\/2026\/01\/2400EJOMN00250-STONE-X_1350-Tabani-yok-dks-435-tabani-kullanabiliriz.png",453,250,false],"2048x2048":["https:\/\/turkishtrade.co\/wp-content\/uploads\/2026\/01\/2400EJOMN00250-STONE-X_1350-Tabani-yok-dks-435-tabani-kullanabiliriz.png",453,250,false],"trp-custom-language-flag":["https:\/\/turkishtrade.co\/wp-content\/uploads\/2026\/01\/2400EJOMN00250-STONE-X_1350-Tabani-yok-dks-435-tabani-kullanabiliriz-18x10.png",18,10,true],"woocommerce_thumbnail":["https:\/\/turkishtrade.co\/wp-content\/uploads\/2026\/01\/2400EJOMN00250-STONE-X_1350-Tabani-yok-dks-435-tabani-kullanabiliriz-400x250.png",400,250,true],"woocommerce_single":["https:\/\/turkishtrade.co\/wp-content\/uploads\/2026\/01\/2400EJOMN00250-STONE-X_1350-Tabani-yok-dks-435-tabani-kullanabiliriz.png",453,250,false],"woocommerce_gallery_thumbnail":["https:\/\/turkishtrade.co\/wp-content\/uploads\/2026\/01\/2400EJOMN00250-STONE-X_1350-Tabani-yok-dks-435-tabani-kullanabiliriz-100x100.png",100,100,true]},"uagb_author_info":{"display_name":"yaser olabi","author_link":"https:\/\/turkishtrade.co\/es\/author\/"},"uagb_comment_info":0,"uagb_excerpt":"Upper Material: Luxurious Calf Suede Leather Inner Lining: Soft and Breathable Goat Leather Sole: Lightweight and Durable EVA Heel Height: Classic 1-3 cm for subtle lift and comfort Available Sizes: EU 39, 40, 41, 42, 43, 44, 45 Bulk Orders: Minimum order quantity of 8 pairs available. Delivery Time: Approximately 12 days plus shipping.","_links":{"self":[{"href":"https:\/\/turkishtrade.co\/es\/wp-json\/wp\/v2\/product\/6092","targetHints":{"allow":["GET"]}}],"collection":[{"href":"https:\/\/turkishtrade.co\/es\/wp-json\/wp\/v2\/product"}],"about":[{"href":"https:\/\/turkishtrade.co\/es\/wp-json\/wp\/v2\/types\/product"}],"wp:featuredmedia":[{"embeddable":true,"href":"https:\/\/turkishtrade.co\/es\/wp-json\/wp\/v2\/media\/4073"}],"wp:attachment":[{"href":"https:\/\/turkishtrade.co\/es\/wp-json\/wp\/v2\/media?parent=6092"}],"wp:term":[{"taxonomy":"product_brand","embeddable":true,"href":"https:\/\/turkishtrade.co\/es\/wp-json\/wp\/v2\/product_brand?post=6092"},{"taxonomy":"product_cat","embeddable":true,"href":"https:\/\/turkishtrade.co\/es\/wp-json\/wp\/v2\/product_cat?post=6092"},{"taxonomy":"product_tag","embeddable":true,"href":"https:\/\/turkishtrade.co\/es\/wp-json\/wp\/v2\/product_tag?post=6092"}],"curies":[{"name":"wp","href":"https:\/\/api.w.org\/{rel}","templated":true}]}}