{"id":6053,"date":"2026-01-14T14:03:06","date_gmt":"2026-01-14T14:03:06","guid":{"rendered":"https:\/\/turkishtrade.co\/product\/men-comfort-suede-loafers\/"},"modified":"2026-04-09T19:15:15","modified_gmt":"2026-04-09T19:15:15","slug":"mens-comfort-suede-loafers","status":"publish","type":"product","link":"https:\/\/turkishtrade.co\/es\/shop\/mens-comfort-suede-loafers\/","title":{"rendered":"Mocasines de ante para hombre con suela de EVA"},"content":{"rendered":"<p><strong>Mocasines de ante confort para hombre<\/strong><\/p>\n<p>Descubra la combinaci\u00f3n perfecta de estilo, comodidad y calidad con nuestro exquisito <b>Mocasines de ante confort para hombre<\/b>. Elaborados por expertos para el hombre moderno, estos mocasines redefinen el calzado informal, ofreciendo una experiencia de uso inigualable. Dise\u00f1ados para quienes aprecian una est\u00e9tica refinada sin renunciar a la comodidad, estos <b>Mocasines de ante confort para hombre<\/b> son un verdadero esencial del guardarropa.<\/p>\n<p><h3>Materiales inigualables para un confort supremo<\/h3>\n<\/p>\n<p>Cada par de nuestros mocasines de primera calidad presenta un lujoso empeine de ante de becerro. Esta elecci\u00f3n de material no s\u00f3lo aporta una textura sofisticada y un aspecto rico, sino que tambi\u00e9n garantiza la durabilidad y un tacto suave desde el primer uso. El meticuloso trabajo artesanal se extiende al interior, donde un lujoso forro de piel de cabra envuelve sus pies con absoluta comodidad.<\/p>\n<p>Conocida por su excepcional suavidad y transpirabilidad, la piel de cabra ayuda a mantener un clima interno \u00f3ptimo, haciendo que estos <b>Mocasines de ante confort para hombre<\/b> ideal para un uso prolongado en diversas condiciones. La combinaci\u00f3n de estos cueros de primera calidad garantiza un zapato que se ve tan bien como se siente.<\/p>\n<p><h3>Dise\u00f1o ligero con tecnolog\u00eda de suela EVA<\/h3>\n<\/p>\n<p>Lo que realmente diferencia a nuestros mocasines es su innovadora suela de EVA. Dise\u00f1ada para ofrecer la m\u00e1xima ligereza y flexibilidad, la suela de EVA proporciona una amortiguaci\u00f3n y absorci\u00f3n de impactos superiores, reduciendo la fatiga del pie y garantizando la comodidad durante todo el d\u00eda. Tanto si se desplaza por las calles de la ciudad como si disfruta de una escapada de fin de semana o simplemente se relaja, la sensible suela de EVA se mueve con su pie, ofreci\u00e9ndole una zancada natural y sin restricciones.<\/p>\n<p>Esta suela de perfil bajo complementa a la perfecci\u00f3n la silueta cl\u00e1sica del mocas\u00edn, a\u00f1adiendo un toque contempor\u00e1neo sin sacrificar el atractivo atemporal.<\/p>\n<p><h3>Estilo vers\u00e1til para cualquier ocasi\u00f3n<\/h3>\n<\/p>\n<p>Estos mocasines de ante de confort premium para hombre est\u00e1n dise\u00f1ados para ser incre\u00edblemente vers\u00e1tiles. Su cl\u00e1sico estilo slip-on, combinado con una elegante costura moc-toe, los hace adecuados para una amplia gama de conjuntos. Comb\u00ednalos con unos chinos y una camisa abotonada para un look elegante e informal, o con unos pantalones cortos para un conjunto veraniego relajado pero elegante.<\/p>\n<p>Disponibles en negro atemporal, azul sofisticado y marr\u00f3n terroso, puedes elegir el tono perfecto para complementar tu estilo personal. Con tallas que van de la EU 39 a la 45, encontrar su talla ideal no le supondr\u00e1 ning\u00fan esfuerzo. Experimente el lujo de una comodidad personalizada y un estilo impecable que s\u00f3lo la piel aut\u00e9ntica y un dise\u00f1o cuidado pueden proporcionar.<\/p>","protected":false},"excerpt":{"rendered":"<ul>\n<li>Parte superior de ante de becerro de primera calidad para un aspecto sofisticado y un tacto suave.<\/li>\n<li>El lujoso forro interior de piel de cabra garantiza una transpirabilidad y un confort excepcionales.<\/li>\n<li>La suela de EVA ultraligera y flexible proporciona una amortiguaci\u00f3n superior y comodidad durante todo el d\u00eda.<\/li>\n<li>Dise\u00f1o cl\u00e1sico de mocas\u00edn sin cordones, perfecto para una elegancia informal sin esfuerzo.<\/li>\n<li>Disponible en tonos vers\u00e1tiles: Negro, Azul y Marr\u00f3n.<\/li>\n<li>Amplia gama de tallas UE: 39, 40, 41, 42, 43, 44, 45.<\/li>\n<li>Cantidad m\u00ednima de pedido para la venta al por mayor: 8 pares.<\/li>\n<li>Plazo de entrega: Aproximadamente 12 d\u00edas m\u00e1s gastos de env\u00edo.<\/li>\n<\/ul>","protected":false},"featured_media":4043,"template":"","meta":{"_acf_changed":false,"_uag_custom_page_level_css":"","site-sidebar-layout":"default","site-content-layout":"","ast-site-content-layout":"default","site-content-style":"default","site-sidebar-style":"default","ast-global-header-display":"","ast-banner-title-visibility":"","ast-main-header-display":"","ast-hfb-above-header-display":"","ast-hfb-below-header-display":"","ast-hfb-mobile-header-display":"","site-post-title":"","ast-breadcrumbs-content":"","ast-featured-img":"","footer-sml-layout":"","ast-disable-related-posts":"","theme-transparent-header-meta":"","adv-header-id-meta":"","stick-header-meta":"","header-above-stick-meta":"","header-main-stick-meta":"","header-below-stick-meta":"","astra-migrate-meta-layouts":"default","ast-page-background-enabled":"default","ast-page-background-meta":{"desktop":{"background-color":"var(--ast-global-color-4)","background-image":"","background-repeat":"repeat","background-position":"center center","background-size":"auto","background-attachment":"scroll","background-type":"","background-media":"","overlay-type":"","overlay-color":"","overlay-opacity":"","overlay-gradient":""},"tablet":{"background-color":"","background-image":"","background-repeat":"repeat","background-position":"center center","background-size":"auto","background-attachment":"scroll","background-type":"","background-media":"","overlay-type":"","overlay-color":"","overlay-opacity":"","overlay-gradient":""},"mobile":{"background-color":"","background-image":"","background-repeat":"repeat","background-position":"center center","background-size":"auto","background-attachment":"scroll","background-type":"","background-media":"","overlay-type":"","overlay-color":"","overlay-opacity":"","overlay-gradient":""}},"ast-content-background-meta":{"desktop":{"background-color":"var(--ast-global-color-5)","background-image":"","background-repeat":"repeat","background-position":"center center","background-size":"auto","background-attachment":"scroll","background-type":"","background-media":"","overlay-type":"","overlay-color":"","overlay-opacity":"","overlay-gradient":""},"tablet":{"background-color":"var(--ast-global-color-5)","background-image":"","background-repeat":"repeat","background-position":"center center","background-size":"auto","background-attachment":"scroll","background-type":"","background-media":"","overlay-type":"","overlay-color":"","overlay-opacity":"","overlay-gradient":""},"mobile":{"background-color":"var(--ast-global-color-5)","background-image":"","background-repeat":"repeat","background-position":"center center","background-size":"auto","background-attachment":"scroll","background-type":"","background-media":"","overlay-type":"","overlay-color":"","overlay-opacity":"","overlay-gradient":""}}},"product_brand":[],"product_cat":[48,49,430,40],"product_tag":[370,635,147,555,449,272,438,556,186,184,1139,149,456],"class_list":{"0":"post-6053","1":"product","2":"type-product","3":"status-publish","4":"has-post-thumbnail","6":"product_cat-casual","7":"product_cat-loafer","8":"product_cat-men","9":"product_cat-mens-shoes","10":"product_tag-black-loafers","11":"product_tag-blue-loafers","12":"product_tag-brown-loafers","13":"product_tag-calfskin-loafers","14":"product_tag-casual-shoes","15":"product_tag-comfort-shoes","16":"product_tag-eva-sole","17":"product_tag-goatskin-lining","18":"product_tag-mens-loafers","19":"product_tag-slip-on-shoes","20":"product_tag-soft-leather-shoes","21":"product_tag-suede-loafers","22":"product_tag-wholesale-loafers","23":"desktop-align-center","24":"tablet-align-center","25":"mobile-align-center","27":"first","28":"instock","29":"shipping-taxable","30":"purchasable","31":"product-type-variable","32":"has-default-attributes"},"acf":[],"uagb_featured_image_src":{"full":["https:\/\/turkishtrade.co\/wp-content\/uploads\/2026\/01\/2400EJOMN00220-CAMEL-X_7801-7-USD.png",453,250,false],"thumbnail":["https:\/\/turkishtrade.co\/wp-content\/uploads\/2026\/01\/2400EJOMN00220-CAMEL-X_7801-7-USD-150x150.png",150,150,true],"medium":["https:\/\/turkishtrade.co\/wp-content\/uploads\/2026\/01\/2400EJOMN00220-CAMEL-X_7801-7-USD-300x166.png",300,166,true],"medium_large":["https:\/\/turkishtrade.co\/wp-content\/uploads\/2026\/01\/2400EJOMN00220-CAMEL-X_7801-7-USD.png",453,250,false],"large":["https:\/\/turkishtrade.co\/wp-content\/uploads\/2026\/01\/2400EJOMN00220-CAMEL-X_7801-7-USD.png",453,250,false],"1536x1536":["https:\/\/turkishtrade.co\/wp-content\/uploads\/2026\/01\/2400EJOMN00220-CAMEL-X_7801-7-USD.png",453,250,false],"2048x2048":["https:\/\/turkishtrade.co\/wp-content\/uploads\/2026\/01\/2400EJOMN00220-CAMEL-X_7801-7-USD.png",453,250,false],"trp-custom-language-flag":["https:\/\/turkishtrade.co\/wp-content\/uploads\/2026\/01\/2400EJOMN00220-CAMEL-X_7801-7-USD-18x10.png",18,10,true],"woocommerce_thumbnail":["https:\/\/turkishtrade.co\/wp-content\/uploads\/2026\/01\/2400EJOMN00220-CAMEL-X_7801-7-USD-400x250.png",400,250,true],"woocommerce_single":["https:\/\/turkishtrade.co\/wp-content\/uploads\/2026\/01\/2400EJOMN00220-CAMEL-X_7801-7-USD.png",453,250,false],"woocommerce_gallery_thumbnail":["https:\/\/turkishtrade.co\/wp-content\/uploads\/2026\/01\/2400EJOMN00220-CAMEL-X_7801-7-USD-100x100.png",100,100,true]},"uagb_author_info":{"display_name":"yaser olabi","author_link":"https:\/\/turkishtrade.co\/es\/author\/"},"uagb_comment_info":0,"uagb_excerpt":"Premium calfskin suede upper for a sophisticated look and soft feel. Luxurious goatskin leather interior lining ensures exceptional breathability and comfort. Ultra-lightweight and flexible EVA sole provides superior cushioning and all-day wearability. Classic slip-on loafer design, perfect for effortless casual elegance. Available in versatile shades: Black, Blue, and Brown. Wide range of EU sizes: 39,&hellip;","_links":{"self":[{"href":"https:\/\/turkishtrade.co\/es\/wp-json\/wp\/v2\/product\/6053","targetHints":{"allow":["GET"]}}],"collection":[{"href":"https:\/\/turkishtrade.co\/es\/wp-json\/wp\/v2\/product"}],"about":[{"href":"https:\/\/turkishtrade.co\/es\/wp-json\/wp\/v2\/types\/product"}],"wp:featuredmedia":[{"embeddable":true,"href":"https:\/\/turkishtrade.co\/es\/wp-json\/wp\/v2\/media\/4043"}],"wp:attachment":[{"href":"https:\/\/turkishtrade.co\/es\/wp-json\/wp\/v2\/media?parent=6053"}],"wp:term":[{"taxonomy":"product_brand","embeddable":true,"href":"https:\/\/turkishtrade.co\/es\/wp-json\/wp\/v2\/product_brand?post=6053"},{"taxonomy":"product_cat","embeddable":true,"href":"https:\/\/turkishtrade.co\/es\/wp-json\/wp\/v2\/product_cat?post=6053"},{"taxonomy":"product_tag","embeddable":true,"href":"https:\/\/turkishtrade.co\/es\/wp-json\/wp\/v2\/product_tag?post=6053"}],"curies":[{"name":"wp","href":"https:\/\/api.w.org\/{rel}","templated":true}]}}