{"id":6046,"date":"2026-01-14T14:02:02","date_gmt":"2026-01-14T14:02:02","guid":{"rendered":"https:\/\/turkishtrade.co\/product\/men-s-suede-casual-shoes-2\/"},"modified":"2026-04-09T19:15:29","modified_gmt":"2026-04-09T19:15:29","slug":"mens-suede-casual-shoes","status":"publish","type":"product","link":"https:\/\/turkishtrade.co\/es\/shop\/mens-suede-casual-shoes\/","title":{"rendered":"Zapatos Derby Moc-Toe Comfort de ante para hombre"},"content":{"rendered":"<p><strong>Zapatos casual de ante para hombre<\/strong><\/p>\n<p>Ad\u00e9ntrese en un estilo y un confort incomparables con nuestra exquisita colecci\u00f3n de <b>zapatos casual de ante para hombre<\/b>. Dise\u00f1ados para el individuo exigente, estos zapatos combinan la sofisticaci\u00f3n cl\u00e1sica con la facilidad contempor\u00e1nea, convirti\u00e9ndolos en un complemento esencial para cualquier armario. Fabricados con los mejores materiales, ofrecen durabilidad y una sensaci\u00f3n de lujo que dura todo el d\u00eda.<\/p>\n<p>El exterior de estos excepcionales zapatos presenta ante de becerro de primera calidad, famoso por su textura suave, aspecto elegante y calidad robusta. Este ante de alta calidad no s\u00f3lo proporciona un aspecto sofisticado, sino que tambi\u00e9n garantiza un uso duradero, adapt\u00e1ndose maravillosamente a su pie con el paso del tiempo. Disponibles en tonos vers\u00e1tiles como el marr\u00f3n intenso y el beige claro\/gris, estas <b>zapatos casual de ante para hombre<\/b> son perfectos para combinar con una amplia gama de prendas, desde chinos y vaqueros hasta pantalones informales m\u00e1s entallados.<\/p>\n<p><h3>Comodidad y artesan\u00eda inigualables<\/h3>\n<\/p>\n<p>Experimenta la verdadera comodidad a cada paso, gracias al forro interior de piel de cabra afelpada. Este material natural es muy transpirable, lo que garantiza que tus pies permanezcan frescos y secos, incluso durante un uso prolongado. El forro interior envuelve el pie con suavidad, evitando la irritaci\u00f3n y mejorando el confort general.<\/p>\n<p>Complementa el lujoso interior una suela de EVA ligera y flexible, que proporciona una excelente amortiguaci\u00f3n y absorci\u00f3n de impactos. Con una sutil altura de tac\u00f3n de 1-3 cm, estos zapatos ofrecen un apoyo estable sin renunciar a su perfil elegante y desenfadado.<\/p>\n<p>El dise\u00f1o presenta una silueta Derby cl\u00e1sica con el distintivo pespunteado mocas\u00edn, que ofrece un toque moderno a un estilo atemporal. Esta cuidada construcci\u00f3n garantiza un ajuste c\u00f3modo y a\u00f1ade un toque de encanto artesanal. Tanto si se dirige a una reuni\u00f3n de negocios informal, como si disfruta de una escapada de fin de semana o simplemente busca un calzado refinado para el d\u00eda a d\u00eda, estos <b>zapatos casual de ante para hombre<\/b> son su opci\u00f3n ideal.<\/p>\n<p>Atendemos a clientes mayoristas y ofrecemos estos zapatos de alta calidad en una amplia gama de tallas, desde la 39 hasta la 45. Con una cantidad m\u00ednima de pedido de tan solo 8 pares, las empresas pueden abastecerse f\u00e1cilmente de estos populares y elegantes zapatos. Nuestro eficaz proceso de producci\u00f3n garantiza un plazo de entrega de 12 d\u00edas, m\u00e1s gastos de env\u00edo, lo que le permite renovar r\u00e1pidamente su inventario con calzado de primera calidad.<\/p>\n<p>Eleve su colecci\u00f3n y proporcione a sus clientes zapatos que realmente destaquen por su calidad, comodidad y estilo duradero.<\/p>","protected":false},"excerpt":{"rendered":"<ul>\n<li>Exterior de ante de becerro de primera calidad<\/li>\n<li>Forro interior de suave piel de cabra para mayor transpirabilidad<\/li>\n<li>Suela de EVA ligera y flexible (1-3 cm de altura de tac\u00f3n)<\/li>\n<li>Disponible en las tallas 39-45<\/li>\n<li>Vers\u00e1til estilo Moc-Toe Derby<\/li>\n<li>Pedido m\u00ednimo al por mayor: 8 Pares<\/li>\n<li>Producci\u00f3n y entrega: 12 d\u00edas + gastos de env\u00edo<\/li>\n<\/ul>","protected":false},"featured_media":4036,"template":"","meta":{"_acf_changed":false,"_uag_custom_page_level_css":"","site-sidebar-layout":"default","site-content-layout":"","ast-site-content-layout":"default","site-content-style":"default","site-sidebar-style":"default","ast-global-header-display":"","ast-banner-title-visibility":"","ast-main-header-display":"","ast-hfb-above-header-display":"","ast-hfb-below-header-display":"","ast-hfb-mobile-header-display":"","site-post-title":"","ast-breadcrumbs-content":"","ast-featured-img":"","footer-sml-layout":"","ast-disable-related-posts":"","theme-transparent-header-meta":"","adv-header-id-meta":"","stick-header-meta":"","header-above-stick-meta":"","header-main-stick-meta":"","header-below-stick-meta":"","astra-migrate-meta-layouts":"default","ast-page-background-enabled":"default","ast-page-background-meta":{"desktop":{"background-color":"var(--ast-global-color-4)","background-image":"","background-repeat":"repeat","background-position":"center center","background-size":"auto","background-attachment":"scroll","background-type":"","background-media":"","overlay-type":"","overlay-color":"","overlay-opacity":"","overlay-gradient":""},"tablet":{"background-color":"","background-image":"","background-repeat":"repeat","background-position":"center center","background-size":"auto","background-attachment":"scroll","background-type":"","background-media":"","overlay-type":"","overlay-color":"","overlay-opacity":"","overlay-gradient":""},"mobile":{"background-color":"","background-image":"","background-repeat":"repeat","background-position":"center center","background-size":"auto","background-attachment":"scroll","background-type":"","background-media":"","overlay-type":"","overlay-color":"","overlay-opacity":"","overlay-gradient":""}},"ast-content-background-meta":{"desktop":{"background-color":"var(--ast-global-color-5)","background-image":"","background-repeat":"repeat","background-position":"center center","background-size":"auto","background-attachment":"scroll","background-type":"","background-media":"","overlay-type":"","overlay-color":"","overlay-opacity":"","overlay-gradient":""},"tablet":{"background-color":"var(--ast-global-color-5)","background-image":"","background-repeat":"repeat","background-position":"center center","background-size":"auto","background-attachment":"scroll","background-type":"","background-media":"","overlay-type":"","overlay-color":"","overlay-opacity":"","overlay-gradient":""},"mobile":{"background-color":"var(--ast-global-color-5)","background-image":"","background-repeat":"repeat","background-position":"center center","background-size":"auto","background-attachment":"scroll","background-type":"","background-media":"","overlay-type":"","overlay-color":"","overlay-opacity":"","overlay-gradient":""}}},"product_brand":[],"product_cat":[48,49,430,40],"product_tag":[582,211,212,438,583,198,1135,283,281],"class_list":{"0":"post-6046","1":"product","2":"type-product","3":"status-publish","4":"has-post-thumbnail","6":"product_cat-casual","7":"product_cat-loafer","8":"product_cat-men","9":"product_cat-mens-shoes","10":"product_tag-calfskin","11":"product_tag-comfort-footwear","12":"product_tag-derby-shoes","13":"product_tag-eva-sole","14":"product_tag-goatskin","15":"product_tag-mens-fashion","16":"product_tag-moc-toe-loafers","17":"product_tag-suede-shoes","18":"product_tag-wholesale-shoes","19":"desktop-align-center","20":"tablet-align-center","21":"mobile-align-center","23":"first","24":"instock","25":"shipping-taxable","26":"purchasable","27":"product-type-variable","28":"has-default-attributes"},"acf":[],"uagb_featured_image_src":{"full":["https:\/\/turkishtrade.co\/wp-content\/uploads\/2026\/01\/2400EJOMN00217-STONE-X_082-4-USD.png",453,250,false],"thumbnail":["https:\/\/turkishtrade.co\/wp-content\/uploads\/2026\/01\/2400EJOMN00217-STONE-X_082-4-USD-150x150.png",150,150,true],"medium":["https:\/\/turkishtrade.co\/wp-content\/uploads\/2026\/01\/2400EJOMN00217-STONE-X_082-4-USD-300x166.png",300,166,true],"medium_large":["https:\/\/turkishtrade.co\/wp-content\/uploads\/2026\/01\/2400EJOMN00217-STONE-X_082-4-USD.png",453,250,false],"large":["https:\/\/turkishtrade.co\/wp-content\/uploads\/2026\/01\/2400EJOMN00217-STONE-X_082-4-USD.png",453,250,false],"1536x1536":["https:\/\/turkishtrade.co\/wp-content\/uploads\/2026\/01\/2400EJOMN00217-STONE-X_082-4-USD.png",453,250,false],"2048x2048":["https:\/\/turkishtrade.co\/wp-content\/uploads\/2026\/01\/2400EJOMN00217-STONE-X_082-4-USD.png",453,250,false],"trp-custom-language-flag":["https:\/\/turkishtrade.co\/wp-content\/uploads\/2026\/01\/2400EJOMN00217-STONE-X_082-4-USD-18x10.png",18,10,true],"woocommerce_thumbnail":["https:\/\/turkishtrade.co\/wp-content\/uploads\/2026\/01\/2400EJOMN00217-STONE-X_082-4-USD-400x250.png",400,250,true],"woocommerce_single":["https:\/\/turkishtrade.co\/wp-content\/uploads\/2026\/01\/2400EJOMN00217-STONE-X_082-4-USD.png",453,250,false],"woocommerce_gallery_thumbnail":["https:\/\/turkishtrade.co\/wp-content\/uploads\/2026\/01\/2400EJOMN00217-STONE-X_082-4-USD-100x100.png",100,100,true]},"uagb_author_info":{"display_name":"yaser olabi","author_link":"https:\/\/turkishtrade.co\/es\/author\/"},"uagb_comment_info":0,"uagb_excerpt":"Premium Calfskin Suede Exterior Soft Goatskin Interior Lining for breathability Lightweight &amp; Flexible EVA Sole (1-3 cm heel height) Available in sizes 39-45 Versatile Moc-Toe Derby Style Wholesale Minimum Order: 8 Pairs Production &amp; Delivery: 12 days + shipping","_links":{"self":[{"href":"https:\/\/turkishtrade.co\/es\/wp-json\/wp\/v2\/product\/6046","targetHints":{"allow":["GET"]}}],"collection":[{"href":"https:\/\/turkishtrade.co\/es\/wp-json\/wp\/v2\/product"}],"about":[{"href":"https:\/\/turkishtrade.co\/es\/wp-json\/wp\/v2\/types\/product"}],"wp:featuredmedia":[{"embeddable":true,"href":"https:\/\/turkishtrade.co\/es\/wp-json\/wp\/v2\/media\/4036"}],"wp:attachment":[{"href":"https:\/\/turkishtrade.co\/es\/wp-json\/wp\/v2\/media?parent=6046"}],"wp:term":[{"taxonomy":"product_brand","embeddable":true,"href":"https:\/\/turkishtrade.co\/es\/wp-json\/wp\/v2\/product_brand?post=6046"},{"taxonomy":"product_cat","embeddable":true,"href":"https:\/\/turkishtrade.co\/es\/wp-json\/wp\/v2\/product_cat?post=6046"},{"taxonomy":"product_tag","embeddable":true,"href":"https:\/\/turkishtrade.co\/es\/wp-json\/wp\/v2\/product_tag?post=6046"}],"curies":[{"name":"wp","href":"https:\/\/api.w.org\/{rel}","templated":true}]}}