{"id":6038,"date":"2026-01-14T14:01:20","date_gmt":"2026-01-14T14:01:20","guid":{"rendered":"https:\/\/turkishtrade.co\/product\/men-s-suede-casual-loafers-3\/"},"modified":"2026-04-09T19:15:51","modified_gmt":"2026-04-09T19:15:51","slug":"mens-suede-casual-loafers-5","status":"publish","type":"product","link":"https:\/\/turkishtrade.co\/es\/shop\/mens-suede-casual-loafers-5\/","title":{"rendered":"Mocasines casuales de ante de primera calidad para hombre"},"content":{"rendered":"<p><strong>Mocasines casuales de ante para hombre<\/strong><\/p>\n<p>Disfrute de una comodidad inigualable y un estilo atemporal con nuestra colecci\u00f3n de <strong>Mocasines casuales de ante para hombre<\/strong>. Dise\u00f1ados para el individuo exigente que valora tanto la elegancia como el uso diario, estos mocasines son un testimonio de artesan\u00eda superior y materiales de alta calidad. Perfectos para complementar una amplia gama de atuendos, desde elegantes atuendos informales a relajados atuendos de negocios, estos mocasines son una adici\u00f3n esencial a cualquier armario moderno.<\/p>\n<h3>Calidad y artesan\u00eda inigualables<\/h3>\n<p>Cada par de nuestros <strong>Mocasines casuales de ante para hombre<\/strong> est\u00e1 meticulosamente elaborado con materiales de primera calidad. La superficie exterior es de exquisito ante de ternero, conocido por su textura suave, su tacto lujoso y su aspecto sofisticado. Esta piel duradera y flexible garantiza la longevidad y una rica est\u00e9tica que mejora con el paso del tiempo.<\/p>\n<p>En el interior, sus pies estar\u00e1n acunados por un forro de piel de cabra suave y transpirable, que proporciona un confort excepcional y ayuda a regular la temperatura, haciendo que estos zapatos sean ideales para todas las estaciones. La combinaci\u00f3n de ante de ternero y piel de cabra garantiza una experiencia superior desde el primer momento.<\/p>\n<h3>Dise\u00f1ado para la comodidad y el estilo modernos<\/h3>\n<p>Nuestros mocasines informales incorporan una suela de EVA ligera y flexible, dise\u00f1ada para proporcionar una excelente amortiguaci\u00f3n y sujeci\u00f3n sin renunciar al estilo. El tac\u00f3n cl\u00e1sico de 1 a 3 cm de altura mantiene la silueta tradicional del mocas\u00edn, ofreciendo una sutil elevaci\u00f3n y garantizando la comodidad para un uso prolongado. El dise\u00f1o slip-on proporciona comodidad y facilidad, mientras que las costuras refinadas y las l\u00edneas limpias hablan por s\u00ed solas de la calidad y la atenci\u00f3n al detalle.<\/p>\n<p>Disponibles en una amplia gama de tallas, de la UE 39 a la 45, estos mocasines est\u00e1n dise\u00f1ados para ofrecer un ajuste perfecto a una amplia clientela, lo que los convierte en una opci\u00f3n vers\u00e1til para cualquier minorista que busque almacenar calzado de gran demanda.<\/p>\n<h3>Ventaja Mayorista: Eleve su inventario<\/h3>\n<p>Para los minoristas y las empresas que buscan ofrecer un calzado excepcional, nuestro <strong>Mocasines casuales de ante para hombre<\/strong> representan una excelente oportunidad para la venta al por mayor. Con un pedido m\u00ednimo de s\u00f3lo 8 pares, es f\u00e1cil abastecerse de estos codiciados estilos. Nos enorgullecemos de una producci\u00f3n y entrega eficientes, con un plazo de entrega de aproximadamente 12 d\u00edas m\u00e1s gastos de env\u00edo.<\/p>\n<p>Esto garantiza que pueda reponer r\u00e1pidamente su inventario y satisfacer la demanda de los clientes. Ofrezca a sus clientes una combinaci\u00f3n de dise\u00f1o cl\u00e1sico, materiales lujosos y comodidad cotidiana que distinga su colecci\u00f3n. As\u00f3ciese con nosotros para obtener precios competitivos y un producto que supere siempre las expectativas.<\/p>","protected":false},"excerpt":{"rendered":"<ul>\n<li style=\"list-style-type: none;\">\n<ul>\n<li>Upper Material: Luxurious Calf Suede for a sophisticated look.<\/li>\n<li>Inner Lining: Soft and breathable Goat Leather for superior comfort.<\/li>\n<li>Sole: Lightweight and flexible EVA sole for all-day wear.<\/li>\n<li>Heel Height: Classic 1-3 cm for a traditional loafer profile.<\/li>\n<li>Available Sizes:EU 39, 40, 41, 42, 43, 44, 45.<\/li>\n<li>Bulk Availability: Minimum order of 8 pairs.<\/li>\n<li>Delivery: Lead time of 12 days + shipping for wholesale orders.<\/li>\n<\/ul>\n<\/li>\n<\/ul>","protected":false},"featured_media":4032,"template":"","meta":{"_acf_changed":false,"_uag_custom_page_level_css":"","site-sidebar-layout":"default","site-content-layout":"","ast-site-content-layout":"default","site-content-style":"default","site-sidebar-style":"default","ast-global-header-display":"","ast-banner-title-visibility":"","ast-main-header-display":"","ast-hfb-above-header-display":"","ast-hfb-below-header-display":"","ast-hfb-mobile-header-display":"","site-post-title":"","ast-breadcrumbs-content":"","ast-featured-img":"","footer-sml-layout":"","ast-disable-related-posts":"","theme-transparent-header-meta":"default","adv-header-id-meta":"","stick-header-meta":"","header-above-stick-meta":"","header-main-stick-meta":"","header-below-stick-meta":"","astra-migrate-meta-layouts":"set","ast-page-background-enabled":"default","ast-page-background-meta":{"desktop":{"background-color":"var(--ast-global-color-4)","background-image":"","background-repeat":"repeat","background-position":"center center","background-size":"auto","background-attachment":"scroll","background-type":"","background-media":"","overlay-type":"","overlay-color":"","overlay-opacity":"","overlay-gradient":""},"tablet":{"background-color":"","background-image":"","background-repeat":"repeat","background-position":"center center","background-size":"auto","background-attachment":"scroll","background-type":"","background-media":"","overlay-type":"","overlay-color":"","overlay-opacity":"","overlay-gradient":""},"mobile":{"background-color":"","background-image":"","background-repeat":"repeat","background-position":"center center","background-size":"auto","background-attachment":"scroll","background-type":"","background-media":"","overlay-type":"","overlay-color":"","overlay-opacity":"","overlay-gradient":""}},"ast-content-background-meta":{"desktop":{"background-color":"var(--ast-global-color-5)","background-image":"","background-repeat":"repeat","background-position":"center center","background-size":"auto","background-attachment":"scroll","background-type":"","background-media":"","overlay-type":"","overlay-color":"","overlay-opacity":"","overlay-gradient":""},"tablet":{"background-color":"var(--ast-global-color-5)","background-image":"","background-repeat":"repeat","background-position":"center center","background-size":"auto","background-attachment":"scroll","background-type":"","background-media":"","overlay-type":"","overlay-color":"","overlay-opacity":"","overlay-gradient":""},"mobile":{"background-color":"var(--ast-global-color-5)","background-image":"","background-repeat":"repeat","background-position":"center center","background-size":"auto","background-attachment":"scroll","background-type":"","background-media":"","overlay-type":"","overlay-color":"","overlay-opacity":"","overlay-gradient":""}}},"product_brand":[],"product_cat":[48,49,430,40],"product_tag":[1028,449,438,922,437,215,186,184,149,254],"class_list":{"0":"post-6038","1":"product","2":"type-product","3":"status-publish","4":"has-post-thumbnail","6":"product_cat-casual","7":"product_cat-loafer","8":"product_cat-men","9":"product_cat-mens-shoes","10":"product_tag-calf-suede","11":"product_tag-casual-shoes","12":"product_tag-eva-sole","13":"product_tag-fashion-loafers","14":"product_tag-goat-leather","15":"product_tag-leather-loafers","16":"product_tag-mens-loafers","17":"product_tag-slip-on-shoes","18":"product_tag-suede-loafers","19":"product_tag-wholesale-footwear","20":"desktop-align-center","21":"tablet-align-center","22":"mobile-align-center","24":"first","25":"instock","26":"shipping-taxable","27":"purchasable","28":"product-type-variable","29":"has-default-attributes"},"acf":[],"uagb_featured_image_src":{"full":["https:\/\/turkishtrade.co\/wp-content\/uploads\/2026\/01\/2400EJOMN00214-LIGHT-BROWN-X_7804-1-usd-1.png",453,250,false],"thumbnail":["https:\/\/turkishtrade.co\/wp-content\/uploads\/2026\/01\/2400EJOMN00214-LIGHT-BROWN-X_7804-1-usd-1-150x150.png",150,150,true],"medium":["https:\/\/turkishtrade.co\/wp-content\/uploads\/2026\/01\/2400EJOMN00214-LIGHT-BROWN-X_7804-1-usd-1-300x166.png",300,166,true],"medium_large":["https:\/\/turkishtrade.co\/wp-content\/uploads\/2026\/01\/2400EJOMN00214-LIGHT-BROWN-X_7804-1-usd-1.png",453,250,false],"large":["https:\/\/turkishtrade.co\/wp-content\/uploads\/2026\/01\/2400EJOMN00214-LIGHT-BROWN-X_7804-1-usd-1.png",453,250,false],"1536x1536":["https:\/\/turkishtrade.co\/wp-content\/uploads\/2026\/01\/2400EJOMN00214-LIGHT-BROWN-X_7804-1-usd-1.png",453,250,false],"2048x2048":["https:\/\/turkishtrade.co\/wp-content\/uploads\/2026\/01\/2400EJOMN00214-LIGHT-BROWN-X_7804-1-usd-1.png",453,250,false],"trp-custom-language-flag":["https:\/\/turkishtrade.co\/wp-content\/uploads\/2026\/01\/2400EJOMN00214-LIGHT-BROWN-X_7804-1-usd-1-18x10.png",18,10,true],"woocommerce_thumbnail":["https:\/\/turkishtrade.co\/wp-content\/uploads\/2026\/01\/2400EJOMN00214-LIGHT-BROWN-X_7804-1-usd-1-400x250.png",400,250,true],"woocommerce_single":["https:\/\/turkishtrade.co\/wp-content\/uploads\/2026\/01\/2400EJOMN00214-LIGHT-BROWN-X_7804-1-usd-1.png",453,250,false],"woocommerce_gallery_thumbnail":["https:\/\/turkishtrade.co\/wp-content\/uploads\/2026\/01\/2400EJOMN00214-LIGHT-BROWN-X_7804-1-usd-1-100x100.png",100,100,true]},"uagb_author_info":{"display_name":"yaser olabi","author_link":"https:\/\/turkishtrade.co\/es\/author\/"},"uagb_comment_info":0,"uagb_excerpt":"Upper Material: Luxurious Calf Suede for a sophisticated look. Inner Lining: Soft and breathable Goat Leather for superior comfort. Sole: Lightweight and flexible EVA sole for all-day wear. Heel Height: Classic 1-3 cm for a traditional loafer profile. Available Sizes:EU 39, 40, 41, 42, 43, 44, 45. Bulk Availability: Minimum order of 8 pairs. Delivery:&hellip;","_links":{"self":[{"href":"https:\/\/turkishtrade.co\/es\/wp-json\/wp\/v2\/product\/6038","targetHints":{"allow":["GET"]}}],"collection":[{"href":"https:\/\/turkishtrade.co\/es\/wp-json\/wp\/v2\/product"}],"about":[{"href":"https:\/\/turkishtrade.co\/es\/wp-json\/wp\/v2\/types\/product"}],"wp:featuredmedia":[{"embeddable":true,"href":"https:\/\/turkishtrade.co\/es\/wp-json\/wp\/v2\/media\/4032"}],"wp:attachment":[{"href":"https:\/\/turkishtrade.co\/es\/wp-json\/wp\/v2\/media?parent=6038"}],"wp:term":[{"taxonomy":"product_brand","embeddable":true,"href":"https:\/\/turkishtrade.co\/es\/wp-json\/wp\/v2\/product_brand?post=6038"},{"taxonomy":"product_cat","embeddable":true,"href":"https:\/\/turkishtrade.co\/es\/wp-json\/wp\/v2\/product_cat?post=6038"},{"taxonomy":"product_tag","embeddable":true,"href":"https:\/\/turkishtrade.co\/es\/wp-json\/wp\/v2\/product_tag?post=6038"}],"curies":[{"name":"wp","href":"https:\/\/api.w.org\/{rel}","templated":true}]}}