{"id":6034,"date":"2026-01-14T14:00:55","date_gmt":"2026-01-14T14:00:55","guid":{"rendered":"https:\/\/turkishtrade.co\/product\/men-s-casual-loafers\/"},"modified":"2026-04-09T19:16:02","modified_gmt":"2026-04-09T19:16:02","slug":"mens-casual-loafers","status":"publish","type":"product","link":"https:\/\/turkishtrade.co\/es\/shop\/mens-casual-loafers\/","title":{"rendered":"Mocasines casuales de ante de becerro de primera calidad para hombre"},"content":{"rendered":"<p><strong>Mocasines informales para hombre<\/strong><\/p>\n<p>Sum\u00e9rjase en un sofisticado confort con nuestra exquisita colecci\u00f3n de <strong>Mocasines casuales de ante de becerro de primera calidad para hombre<\/strong>. Dise\u00f1ados para el hombre moderno que valora tanto el estilo como la comodidad, estos mocasines son la personificaci\u00f3n del calzado vers\u00e1til. Tanto si vas a un brunch informal como si vas a conducir o a disfrutar de una velada relajada, estos mocasines son tu mejor aliado. <strong>mocasines informales para hombre<\/strong> ofrecen una mezcla inigualable de elegancia y encanto relajado.<\/p>\n<p>Confeccionados con una meticulosa atenci\u00f3n al detalle, cada par promete elevar tu look diario con su refinada silueta y sus materiales de calidad superior.<\/p>\n<p><h3>Artesan\u00eda sin igual y materiales de primera calidad<\/h3>\n<\/p>\n<p>Nuestra <strong>mocasines informales para hombre<\/strong> est\u00e1n fabricados con la mejor piel de ante de ternero para la superficie exterior, lo que proporciona un tacto lujoso y un aspecto distinguido que s\u00f3lo mejora con el paso del tiempo. El ante de ternero, suave y flexible, garantiza la transpirabilidad y un ajuste c\u00f3modo desde el primer uso. En el interior, sus pies estar\u00e1n acunados por un lujoso forro de piel de cabra, conocida por su excepcional suavidad y sus propiedades de evacuaci\u00f3n de la humedad, que garantizan la comodidad durante todo el d\u00eda.<\/p>\n<p>La suela de EVA, ligera y flexible, ofrece una excelente amortiguaci\u00f3n y durabilidad, por lo que estas <strong>mocasines de ante<\/strong> ideales para un uso prolongado. Con una altura de tac\u00f3n cl\u00e1sica de 1 a 3 cm, estos mocasines proporcionan la altura justa sin comprometer la comodidad.<\/p>\n<p><h3>Dise\u00f1ado para ofrecer comodidad y un estilo vers\u00e1til<\/h3>\n<\/p>\n<p>Experimente el verdadero placer de caminar con estos mocasines excepcionalmente c\u00f3modos. El dise\u00f1o ergon\u00f3mico y los materiales de alta calidad hacen que estos <strong>mocasines informales para hombre<\/strong> no se limitan a la apariencia, sino que est\u00e1n pensadas para la comodidad del mundo real. El estilo slip-on garantiza la comodidad, mientras que la construcci\u00f3n robusta garantiza la longevidad.<\/p>\n<p>Disponibles en una gama de colores atemporales, como el marr\u00f3n intenso y el elegante beige claro, estas <strong>mocasines de cuero<\/strong> complementan sin esfuerzo una gran variedad de conjuntos, desde chinos y pantalones cortos hasta pantalones informales m\u00e1s arreglados.<\/p>\n<p>Son la elecci\u00f3n perfecta para cualquiera que busque un calzado elegante a la par que pr\u00e1ctico.<\/p>\n<p><h3>Su elecci\u00f3n para cualquier ocasi\u00f3n<\/h3>\n<\/p>\n<p>Estos <strong>mocasines informales para hombre<\/strong> son m\u00e1s que unos zapatos: son una inversi\u00f3n en estilo vers\u00e1til. Su dise\u00f1o atemporal garantiza que seguir\u00e1n siendo un b\u00e1sico en tu armario durante muchas temporadas. Eleva tu colecci\u00f3n de calzado con estos excepcionales <strong>mocasines de ante<\/strong>, perfecto para los hombres que aprecian la calidad y la comodidad.<\/p>\n<p>Para nuestros socios mayoristas, ofrecemos opciones de pedido flexibles con una cantidad m\u00ednima de 8 pares. Nuestro eficiente proceso de producci\u00f3n garantiza que su pedido de estos <strong>mocasines informales para hombre<\/strong> estar\u00e1 listo para su env\u00edo en aproximadamente 12 d\u00edas, m\u00e1s el tiempo de tr\u00e1nsito. A\u00f1ada estos imprescindibles <strong>mocasines informales para hombre<\/strong> a su inventario y ofrezca a sus clientes lo \u00faltimo en confort sofisticado.<\/p>","protected":false},"excerpt":{"rendered":"<ul>\n<li><b>Material exterior:<\/b> Piel de becerro de primera calidad<\/li>\n<li><b>Material interior:<\/b> Forro de suave piel de cabra<\/li>\n<li><b>Suela:<\/b> EVA ligera y flexible<\/li>\n<li><b>Altura del tac\u00f3n:<\/b> Cl\u00e1sico 1-3 cm<\/li>\n<li><b>Tallas disponibles:<\/b> UE 39-45<\/li>\n<li><b>Cantidad m\u00ednima de pedido:<\/b> 8 Pares<\/li>\n<li><b>Producci\u00f3n y entrega:<\/b> Aproximadamente 12 d\u00edas + gastos de env\u00edo<\/li>\n<\/ul>","protected":false},"featured_media":4028,"template":"","meta":{"_acf_changed":false,"_uag_custom_page_level_css":"","site-sidebar-layout":"default","site-content-layout":"","ast-site-content-layout":"default","site-content-style":"default","site-sidebar-style":"default","ast-global-header-display":"","ast-banner-title-visibility":"","ast-main-header-display":"","ast-hfb-above-header-display":"","ast-hfb-below-header-display":"","ast-hfb-mobile-header-display":"","site-post-title":"","ast-breadcrumbs-content":"","ast-featured-img":"","footer-sml-layout":"","ast-disable-related-posts":"","theme-transparent-header-meta":"","adv-header-id-meta":"","stick-header-meta":"","header-above-stick-meta":"","header-main-stick-meta":"","header-below-stick-meta":"","astra-migrate-meta-layouts":"default","ast-page-background-enabled":"default","ast-page-background-meta":{"desktop":{"background-color":"var(--ast-global-color-4)","background-image":"","background-repeat":"repeat","background-position":"center center","background-size":"auto","background-attachment":"scroll","background-type":"","background-media":"","overlay-type":"","overlay-color":"","overlay-opacity":"","overlay-gradient":""},"tablet":{"background-color":"","background-image":"","background-repeat":"repeat","background-position":"center center","background-size":"auto","background-attachment":"scroll","background-type":"","background-media":"","overlay-type":"","overlay-color":"","overlay-opacity":"","overlay-gradient":""},"mobile":{"background-color":"","background-image":"","background-repeat":"repeat","background-position":"center center","background-size":"auto","background-attachment":"scroll","background-type":"","background-media":"","overlay-type":"","overlay-color":"","overlay-opacity":"","overlay-gradient":""}},"ast-content-background-meta":{"desktop":{"background-color":"var(--ast-global-color-5)","background-image":"","background-repeat":"repeat","background-position":"center center","background-size":"auto","background-attachment":"scroll","background-type":"","background-media":"","overlay-type":"","overlay-color":"","overlay-opacity":"","overlay-gradient":""},"tablet":{"background-color":"var(--ast-global-color-5)","background-image":"","background-repeat":"repeat","background-position":"center center","background-size":"auto","background-attachment":"scroll","background-type":"","background-media":"","overlay-type":"","overlay-color":"","overlay-opacity":"","overlay-gradient":""},"mobile":{"background-color":"var(--ast-global-color-5)","background-image":"","background-repeat":"repeat","background-position":"center center","background-size":"auto","background-attachment":"scroll","background-type":"","background-media":"","overlay-type":"","overlay-color":"","overlay-opacity":"","overlay-gradient":""}}},"product_brand":[],"product_cat":[48,49,430,40],"product_tag":[1028,449,222,278,438,189,215,148,374,184,670,149],"class_list":{"0":"post-6034","1":"product","2":"type-product","3":"status-publish","4":"has-post-thumbnail","6":"product_cat-casual","7":"product_cat-loafer","8":"product_cat-men","9":"product_cat-mens-shoes","10":"product_tag-calf-suede","11":"product_tag-casual-shoes","12":"product_tag-comfortable-shoes","13":"product_tag-driving-shoes","14":"product_tag-eva-sole","15":"product_tag-goat-leather-lining","16":"product_tag-leather-loafers","17":"product_tag-loafers","18":"product_tag-premium-loafers","19":"product_tag-slip-on-shoes","20":"product_tag-stylish-loafers","21":"product_tag-suede-loafers","22":"desktop-align-center","23":"tablet-align-center","24":"mobile-align-center","26":"first","27":"instock","28":"shipping-taxable","29":"purchasable","30":"product-type-variable","31":"has-default-attributes"},"acf":[],"uagb_featured_image_src":{"full":["https:\/\/turkishtrade.co\/wp-content\/uploads\/2026\/01\/2400EJOMN00213-STONE-X_1341-Fusped-1-usd.png",453,250,false],"thumbnail":["https:\/\/turkishtrade.co\/wp-content\/uploads\/2026\/01\/2400EJOMN00213-STONE-X_1341-Fusped-1-usd-150x150.png",150,150,true],"medium":["https:\/\/turkishtrade.co\/wp-content\/uploads\/2026\/01\/2400EJOMN00213-STONE-X_1341-Fusped-1-usd-300x166.png",300,166,true],"medium_large":["https:\/\/turkishtrade.co\/wp-content\/uploads\/2026\/01\/2400EJOMN00213-STONE-X_1341-Fusped-1-usd.png",453,250,false],"large":["https:\/\/turkishtrade.co\/wp-content\/uploads\/2026\/01\/2400EJOMN00213-STONE-X_1341-Fusped-1-usd.png",453,250,false],"1536x1536":["https:\/\/turkishtrade.co\/wp-content\/uploads\/2026\/01\/2400EJOMN00213-STONE-X_1341-Fusped-1-usd.png",453,250,false],"2048x2048":["https:\/\/turkishtrade.co\/wp-content\/uploads\/2026\/01\/2400EJOMN00213-STONE-X_1341-Fusped-1-usd.png",453,250,false],"trp-custom-language-flag":["https:\/\/turkishtrade.co\/wp-content\/uploads\/2026\/01\/2400EJOMN00213-STONE-X_1341-Fusped-1-usd-18x10.png",18,10,true],"woocommerce_thumbnail":["https:\/\/turkishtrade.co\/wp-content\/uploads\/2026\/01\/2400EJOMN00213-STONE-X_1341-Fusped-1-usd-400x250.png",400,250,true],"woocommerce_single":["https:\/\/turkishtrade.co\/wp-content\/uploads\/2026\/01\/2400EJOMN00213-STONE-X_1341-Fusped-1-usd.png",453,250,false],"woocommerce_gallery_thumbnail":["https:\/\/turkishtrade.co\/wp-content\/uploads\/2026\/01\/2400EJOMN00213-STONE-X_1341-Fusped-1-usd-100x100.png",100,100,true]},"uagb_author_info":{"display_name":"yaser olabi","author_link":"https:\/\/turkishtrade.co\/es\/author\/"},"uagb_comment_info":0,"uagb_excerpt":"Outer Material: Premium Calf Suede Leather Inner Material: Soft Goat Leather Lining Sole: Lightweight &amp; Flexible EVA Heel Height: Classic 1-3 cm Available Sizes: EU 39-45 Minimum Order Quantity: 8 Pairs Production &amp; Delivery: Approximately 12 Days + Shipping","_links":{"self":[{"href":"https:\/\/turkishtrade.co\/es\/wp-json\/wp\/v2\/product\/6034","targetHints":{"allow":["GET"]}}],"collection":[{"href":"https:\/\/turkishtrade.co\/es\/wp-json\/wp\/v2\/product"}],"about":[{"href":"https:\/\/turkishtrade.co\/es\/wp-json\/wp\/v2\/types\/product"}],"wp:featuredmedia":[{"embeddable":true,"href":"https:\/\/turkishtrade.co\/es\/wp-json\/wp\/v2\/media\/4028"}],"wp:attachment":[{"href":"https:\/\/turkishtrade.co\/es\/wp-json\/wp\/v2\/media?parent=6034"}],"wp:term":[{"taxonomy":"product_brand","embeddable":true,"href":"https:\/\/turkishtrade.co\/es\/wp-json\/wp\/v2\/product_brand?post=6034"},{"taxonomy":"product_cat","embeddable":true,"href":"https:\/\/turkishtrade.co\/es\/wp-json\/wp\/v2\/product_cat?post=6034"},{"taxonomy":"product_tag","embeddable":true,"href":"https:\/\/turkishtrade.co\/es\/wp-json\/wp\/v2\/product_tag?post=6034"}],"curies":[{"name":"wp","href":"https:\/\/api.w.org\/{rel}","templated":true}]}}